{"id":7234,"date":"2024-03-23T01:39:56","date_gmt":"2024-03-23T01:39:56","guid":{"rendered":"https:\/\/imia.com.cn\/?post_type=product&#038;p=7234"},"modified":"2025-07-21T08:57:02","modified_gmt":"2025-07-21T08:57:02","slug":"usb-c-charger-65w","status":"publish","type":"product","link":"https:\/\/imiapower.com\/fr\/products\/wall-charger\/usb-c-charger-65w\/","title":{"rendered":"chargeur usb c 65w \u00e0 prix pas cher"},"content":{"rendered":"<ul>\n<li><strong>Chargeur USB C 65w<\/strong><\/li>\n<li><strong>Saisir :<\/strong> 110-240 V CA 50-60 Hz<\/li>\n<li><strong>Tapez C1\/C2\u00a0:<\/strong> 5V3A\/9V3A\/12V3A\/15V3A\/20V3.25A<\/li>\n<li><strong>USB:<\/strong> 4,5V5A\/3V4A\/9V3A\/12V2,5A\/20V1,5A<\/li>\n<li><strong>C1+C2\u00a0:<\/strong> 45W+20W<\/li>\n<li><strong>C1+USB\u00a0:<\/strong> 45W+18W<\/li>\n<li><strong>C2+USB\u00a0:<\/strong> 5V3A(15W)<\/li>\n<li><strong>C1+C2\/USB\u00a0:<\/strong> 45W+15W<\/li>\n<li><strong>Certificat :<\/strong> CE, KC<\/li>\n<li><strong>D\u00e9lais de production:<\/strong> 25-30 jours<\/li>\n<\/ul>","protected":false},"excerpt":{"rendered":"<p>https:\/\/youtu.be\/N_ZkLYpTEQM<\/p>\n<p>Ce chargeur de 65 W peut charger 3 appareils en m\u00eame temps avec une vitesse de charge \u00e9lev\u00e9e<\/p>\n<p>Le chargeur USB C 65 W devient d\u00e9sormais plus populaire qu&#039;auparavant, ce chargeur peut \u00e9conomiser du temps de chargement pour les t\u00e9l\u00e9phones mobiles, les tablettes, les ordinateurs portables, etc.<\/p>\n<p>Ce <mark>chargeur 65w<\/mark> est le chargeur 65 W le moins cher, nous proposons un prix de $4.8, et la conception personnalis\u00e9e est \u00e9galement acceptable, nous pouvons \u00e9galement fournir SKD (semi-renvers\u00e9) \u00e0 un prix inf\u00e9rieur pour certains clients afin de r\u00e9pondre \u00e0 leur demande<\/p>\n<p>Ce mod\u00e8le adopte une tension unique (haute tension) qui peut \u00eatre utilis\u00e9e dans la plupart des pays<\/p>\n<p>Une certification peut \u00eatre fournie<\/p>\n<p>Nous fournissons toujours des \u00e9chantillons gratuits \u00e0 nos pr\u00e9cieux clients pour les tests et l&#039;audit en usine avant de passer une commande.<\/p>\n<p>Diff\u00e9rentes couleurs peuvent \u00eatre choisies, blanc, noir, rose, vert, jaune<\/p>\n<p><img fetchpriority=\"high\" decoding=\"async\" class=\"alignnone wp-image-9485 size-large\" src=\"https:\/\/imiapower.com\/wp-content\/uploads\/converted-8-1-1024x683.webp\" alt=\"Chargeur PD 65 W\" width=\"1024\" height=\"683\" srcset=\"https:\/\/imiapower.com\/wp-content\/uploads\/converted-8-1-1024x683.webp 1024w, https:\/\/imiapower.com\/wp-content\/uploads\/converted-8-1-300x200.webp 300w, https:\/\/imiapower.com\/wp-content\/uploads\/converted-8-1-768x512.webp 768w, https:\/\/imiapower.com\/wp-content\/uploads\/converted-8-1-18x12.webp 18w, https:\/\/imiapower.com\/wp-content\/uploads\/converted-8-1-600x400.webp 600w, https:\/\/imiapower.com\/wp-content\/uploads\/converted-8-1-64x43.webp 64w, https:\/\/imiapower.com\/wp-content\/uploads\/converted-8-1.webp 1536w\" sizes=\"(max-width: 1024px) 100vw, 1024px\" \/><\/p>\n<p>&nbsp;<\/p>","protected":false},"featured_media":9481,"comment_status":"open","ping_status":"closed","template":"","meta":{"rank_math_lock_modified_date":false,"site-sidebar-layout":"default","site-content-layout":"","ast-site-content-layout":"default","site-content-style":"default","site-sidebar-style":"default","ast-global-header-display":"","ast-banner-title-visibility":"","ast-main-header-display":"","ast-hfb-above-header-display":"","ast-hfb-below-header-display":"","ast-hfb-mobile-header-display":"","site-post-title":"","ast-breadcrumbs-content":"","ast-featured-img":"","footer-sml-layout":"","ast-disable-related-posts":"","theme-transparent-header-meta":"default","adv-header-id-meta":"","stick-header-meta":"","header-above-stick-meta":"","header-main-stick-meta":"","header-below-stick-meta":"","astra-migrate-meta-layouts":"set","ast-page-background-enabled":"default","ast-page-background-meta":{"desktop":{"background-color":"","background-image":"","background-repeat":"repeat","background-position":"center center","background-size":"auto","background-attachment":"scroll","background-type":"","background-media":"","overlay-type":"","overlay-color":"","overlay-opacity":"","overlay-gradient":""},"tablet":{"background-color":"","background-image":"","background-repeat":"repeat","background-position":"center center","background-size":"auto","background-attachment":"scroll","background-type":"","background-media":"","overlay-type":"","overlay-color":"","overlay-opacity":"","overlay-gradient":""},"mobile":{"background-color":"","background-image":"","background-repeat":"repeat","background-position":"center center","background-size":"auto","background-attachment":"scroll","background-type":"","background-media":"","overlay-type":"","overlay-color":"","overlay-opacity":"","overlay-gradient":""}},"ast-content-background-meta":{"desktop":{"background-color":"var(--ast-global-color-5)","background-image":"","background-repeat":"repeat","background-position":"center center","background-size":"auto","background-attachment":"scroll","background-type":"","background-media":"","overlay-type":"","overlay-color":"","overlay-opacity":"","overlay-gradient":""},"tablet":{"background-color":"var(--ast-global-color-5)","background-image":"","background-repeat":"repeat","background-position":"center center","background-size":"auto","background-attachment":"scroll","background-type":"","background-media":"","overlay-type":"","overlay-color":"","overlay-opacity":"","overlay-gradient":""},"mobile":{"background-color":"var(--ast-global-color-5)","background-image":"","background-repeat":"repeat","background-position":"center center","background-size":"auto","background-attachment":"scroll","background-type":"","background-media":"","overlay-type":"","overlay-color":"","overlay-opacity":"","overlay-gradient":""}}},"product_cat":[43],"product_tag":[],"class_list":{"0":"post-7234","1":"product","2":"type-product","3":"status-publish","4":"has-post-thumbnail","6":"product_cat-wall-charger","7":"desktop-align-center","8":"tablet-align-center","9":"mobile-align-center","11":"first","12":"instock","13":"featured","14":"shipping-taxable","15":"product-type-simple"},"_links":{"self":[{"href":"https:\/\/imiapower.com\/fr\/wp-json\/wp\/v2\/product\/7234","targetHints":{"allow":["GET"]}}],"collection":[{"href":"https:\/\/imiapower.com\/fr\/wp-json\/wp\/v2\/product"}],"about":[{"href":"https:\/\/imiapower.com\/fr\/wp-json\/wp\/v2\/types\/product"}],"replies":[{"embeddable":true,"href":"https:\/\/imiapower.com\/fr\/wp-json\/wp\/v2\/comments?post=7234"}],"version-history":[{"count":9,"href":"https:\/\/imiapower.com\/fr\/wp-json\/wp\/v2\/product\/7234\/revisions"}],"predecessor-version":[{"id":9522,"href":"https:\/\/imiapower.com\/fr\/wp-json\/wp\/v2\/product\/7234\/revisions\/9522"}],"wp:featuredmedia":[{"embeddable":true,"href":"https:\/\/imiapower.com\/fr\/wp-json\/wp\/v2\/media\/9481"}],"wp:attachment":[{"href":"https:\/\/imiapower.com\/fr\/wp-json\/wp\/v2\/media?parent=7234"}],"wp:term":[{"taxonomy":"product_cat","embeddable":true,"href":"https:\/\/imiapower.com\/fr\/wp-json\/wp\/v2\/product_cat?post=7234"},{"taxonomy":"product_tag","embeddable":true,"href":"https:\/\/imiapower.com\/fr\/wp-json\/wp\/v2\/product_tag?post=7234"}],"curies":[{"name":"wp","href":"https:\/\/api.w.org\/{rel}","templated":true}]}}