{"id":7242,"date":"2024-03-23T03:14:21","date_gmt":"2024-03-23T03:14:21","guid":{"rendered":"https:\/\/imia.com.cn\/?post_type=product&#038;p=7242"},"modified":"2026-01-05T08:19:03","modified_gmt":"2026-01-05T08:19:03","slug":"100w-usb-c-charger","status":"publish","type":"product","link":"https:\/\/imiapower.com\/fr\/products\/wall-charger\/100w-usb-c-charger\/","title":{"rendered":"Chargeur USB C absolument 100 W pour ordinateur portable avec c\u00e2ble de 1,5 m"},"content":{"rendered":"<ul>\n<li><strong>Chargeur USB-C 100 W<\/strong><\/li>\n<li><strong>Saisir :<\/strong> 100-240 VCA 50\/60 Hz<\/li>\n<li><strong>Sortir<\/strong> 5,1 V 5 A 9 V 3 A 12 V 3 A 15 V 3 A 20 V 5 A<\/li>\n<li><strong>Dimension: <\/strong>65*65*29MM<\/li>\n<li><strong>Conception:<\/strong> plier\/d\u00e9plier la prise USA<\/li>\n<li><strong>Couleur:<\/strong> Noir<\/li>\n<li><strong>Certificat :<\/strong> UL FCC CE CB UKCA<\/li>\n<li><strong>C\u00e2ble:<\/strong> C\u00e2ble de type C de 1,5\u00a0M<\/li>\n<li><strong>D\u00e9lais de production:<\/strong> 30 jours<\/li>\n<li><strong>Garantie:<\/strong> 2 ans<\/li>\n<\/ul>","protected":false},"excerpt":{"rendered":"<p>Le chargeur USB C 100 W fournit jusqu&#039;\u00e0 100 W de puissance pour charger votre ordinateur portable. Cette puissance est suffisante pour de nombreux ordinateurs portables modernes, y compris les ordinateurs portables de jeu et ceux dot\u00e9s de processeurs et de cartes graphiques gourmands en \u00e9nergie.<\/p>\n<p>Ce chargeur d&#039;ordinateur portable est certifi\u00e9 dans le monde entier<\/p>\n<p>La prise am\u00e9ricaine peut \u00eatre con\u00e7ue comme pliable ou d\u00e9pliable<\/p>\n<p>Ce chargeur pour ordinateur portable fournit des prises interchangeables aux \u00c9tats-Unis, dans l&#039;UE, au Royaume-Uni et en Australie, et peut \u00eatre emport\u00e9 lors de voyages d&#039;affaires dans diff\u00e9rents pays, sans avoir \u00e0 vous soucier des probl\u00e8mes de prise secteur des diff\u00e9rents pays.<\/p>","protected":false},"featured_media":7319,"comment_status":"open","ping_status":"closed","template":"","meta":{"rank_math_lock_modified_date":false,"site-sidebar-layout":"default","site-content-layout":"","ast-site-content-layout":"default","site-content-style":"default","site-sidebar-style":"default","ast-global-header-display":"","ast-banner-title-visibility":"","ast-main-header-display":"","ast-hfb-above-header-display":"","ast-hfb-below-header-display":"","ast-hfb-mobile-header-display":"","site-post-title":"","ast-breadcrumbs-content":"","ast-featured-img":"","footer-sml-layout":"","ast-disable-related-posts":"","theme-transparent-header-meta":"default","adv-header-id-meta":"","stick-header-meta":"","header-above-stick-meta":"","header-main-stick-meta":"","header-below-stick-meta":"","astra-migrate-meta-layouts":"set","ast-page-background-enabled":"default","ast-page-background-meta":{"desktop":{"background-color":"","background-image":"","background-repeat":"repeat","background-position":"center center","background-size":"auto","background-attachment":"scroll","background-type":"","background-media":"","overlay-type":"","overlay-color":"","overlay-opacity":"","overlay-gradient":""},"tablet":{"background-color":"","background-image":"","background-repeat":"repeat","background-position":"center center","background-size":"auto","background-attachment":"scroll","background-type":"","background-media":"","overlay-type":"","overlay-color":"","overlay-opacity":"","overlay-gradient":""},"mobile":{"background-color":"","background-image":"","background-repeat":"repeat","background-position":"center center","background-size":"auto","background-attachment":"scroll","background-type":"","background-media":"","overlay-type":"","overlay-color":"","overlay-opacity":"","overlay-gradient":""}},"ast-content-background-meta":{"desktop":{"background-color":"var(--ast-global-color-5)","background-image":"","background-repeat":"repeat","background-position":"center center","background-size":"auto","background-attachment":"scroll","background-type":"","background-media":"","overlay-type":"","overlay-color":"","overlay-opacity":"","overlay-gradient":""},"tablet":{"background-color":"var(--ast-global-color-5)","background-image":"","background-repeat":"repeat","background-position":"center center","background-size":"auto","background-attachment":"scroll","background-type":"","background-media":"","overlay-type":"","overlay-color":"","overlay-opacity":"","overlay-gradient":""},"mobile":{"background-color":"var(--ast-global-color-5)","background-image":"","background-repeat":"repeat","background-position":"center center","background-size":"auto","background-attachment":"scroll","background-type":"","background-media":"","overlay-type":"","overlay-color":"","overlay-opacity":"","overlay-gradient":""}}},"product_cat":[43],"product_tag":[],"class_list":{"0":"post-7242","1":"product","2":"type-product","3":"status-publish","4":"has-post-thumbnail","6":"product_cat-wall-charger","7":"desktop-align-center","8":"tablet-align-center","9":"mobile-align-center","11":"first","12":"instock","13":"shipping-taxable","14":"product-type-simple"},"_links":{"self":[{"href":"https:\/\/imiapower.com\/fr\/wp-json\/wp\/v2\/product\/7242","targetHints":{"allow":["GET"]}}],"collection":[{"href":"https:\/\/imiapower.com\/fr\/wp-json\/wp\/v2\/product"}],"about":[{"href":"https:\/\/imiapower.com\/fr\/wp-json\/wp\/v2\/types\/product"}],"replies":[{"embeddable":true,"href":"https:\/\/imiapower.com\/fr\/wp-json\/wp\/v2\/comments?post=7242"}],"version-history":[{"count":4,"href":"https:\/\/imiapower.com\/fr\/wp-json\/wp\/v2\/product\/7242\/revisions"}],"predecessor-version":[{"id":8277,"href":"https:\/\/imiapower.com\/fr\/wp-json\/wp\/v2\/product\/7242\/revisions\/8277"}],"wp:featuredmedia":[{"embeddable":true,"href":"https:\/\/imiapower.com\/fr\/wp-json\/wp\/v2\/media\/7319"}],"wp:attachment":[{"href":"https:\/\/imiapower.com\/fr\/wp-json\/wp\/v2\/media?parent=7242"}],"wp:term":[{"taxonomy":"product_cat","embeddable":true,"href":"https:\/\/imiapower.com\/fr\/wp-json\/wp\/v2\/product_cat?post=7242"},{"taxonomy":"product_tag","embeddable":true,"href":"https:\/\/imiapower.com\/fr\/wp-json\/wp\/v2\/product_tag?post=7242"}],"curies":[{"name":"wp","href":"https:\/\/api.w.org\/{rel}","templated":true}]}}