{"id":7294,"date":"2024-03-27T01:11:20","date_gmt":"2024-03-27T01:11:20","guid":{"rendered":"https:\/\/imia.com.cn\/?post_type=product&#038;p=7294"},"modified":"2026-01-05T08:21:21","modified_gmt":"2026-01-05T08:21:21","slug":"usb-mains-charger","status":"publish","type":"product","link":"https:\/\/imiapower.com\/fr\/products\/power-adapter\/usb-mains-charger\/","title":{"rendered":"Chargeur secteur USB direct avec c\u00e2ble type C"},"content":{"rendered":"<ul>\n<li><strong>Chargeur secteur USB<\/strong><\/li>\n<li><strong>Saisir :<\/strong>100 ~ 250 V\/CA 50-60 Hz<\/li>\n<li><strong>Sortir<\/strong> 5V2.4A<\/li>\n<li><strong>C\u00e2ble:<\/strong> C\u00e2ble de 1 m de type C<\/li>\n<li><strong>Mat\u00e9riel:<\/strong> abdos<\/li>\n<\/ul>","protected":false},"excerpt":{"rendered":"<p>Ce chargeur avec un c\u00e2ble de type C de 1 m, il est pratique pour charger des appareils \u00e9lectroniques sans apporter de c\u00e2ble s\u00e9par\u00e9ment, \u00e0 l&#039;exception du chargement du t\u00e9l\u00e9phone, il peut \u00e9galement charger des petits appareils m\u00e9nagers, comme un ventilateur, un humidificateur, etc.<\/p>","protected":false},"featured_media":7307,"comment_status":"open","ping_status":"closed","template":"","meta":{"rank_math_lock_modified_date":false,"site-sidebar-layout":"default","site-content-layout":"","ast-site-content-layout":"default","site-content-style":"default","site-sidebar-style":"default","ast-global-header-display":"","ast-banner-title-visibility":"","ast-main-header-display":"","ast-hfb-above-header-display":"","ast-hfb-below-header-display":"","ast-hfb-mobile-header-display":"","site-post-title":"","ast-breadcrumbs-content":"","ast-featured-img":"","footer-sml-layout":"","ast-disable-related-posts":"","theme-transparent-header-meta":"default","adv-header-id-meta":"","stick-header-meta":"","header-above-stick-meta":"","header-main-stick-meta":"","header-below-stick-meta":"","astra-migrate-meta-layouts":"set","ast-page-background-enabled":"default","ast-page-background-meta":{"desktop":{"background-color":"","background-image":"","background-repeat":"repeat","background-position":"center center","background-size":"auto","background-attachment":"scroll","background-type":"","background-media":"","overlay-type":"","overlay-color":"","overlay-opacity":"","overlay-gradient":""},"tablet":{"background-color":"","background-image":"","background-repeat":"repeat","background-position":"center center","background-size":"auto","background-attachment":"scroll","background-type":"","background-media":"","overlay-type":"","overlay-color":"","overlay-opacity":"","overlay-gradient":""},"mobile":{"background-color":"","background-image":"","background-repeat":"repeat","background-position":"center center","background-size":"auto","background-attachment":"scroll","background-type":"","background-media":"","overlay-type":"","overlay-color":"","overlay-opacity":"","overlay-gradient":""}},"ast-content-background-meta":{"desktop":{"background-color":"var(--ast-global-color-5)","background-image":"","background-repeat":"repeat","background-position":"center center","background-size":"auto","background-attachment":"scroll","background-type":"","background-media":"","overlay-type":"","overlay-color":"","overlay-opacity":"","overlay-gradient":""},"tablet":{"background-color":"var(--ast-global-color-5)","background-image":"","background-repeat":"repeat","background-position":"center center","background-size":"auto","background-attachment":"scroll","background-type":"","background-media":"","overlay-type":"","overlay-color":"","overlay-opacity":"","overlay-gradient":""},"mobile":{"background-color":"var(--ast-global-color-5)","background-image":"","background-repeat":"repeat","background-position":"center center","background-size":"auto","background-attachment":"scroll","background-type":"","background-media":"","overlay-type":"","overlay-color":"","overlay-opacity":"","overlay-gradient":""}}},"product_cat":[58],"product_tag":[],"class_list":{"0":"post-7294","1":"product","2":"type-product","3":"status-publish","4":"has-post-thumbnail","6":"product_cat-power-adapter","7":"desktop-align-center","8":"tablet-align-center","9":"mobile-align-center","11":"first","12":"instock","13":"shipping-taxable","14":"product-type-simple"},"_links":{"self":[{"href":"https:\/\/imiapower.com\/fr\/wp-json\/wp\/v2\/product\/7294","targetHints":{"allow":["GET"]}}],"collection":[{"href":"https:\/\/imiapower.com\/fr\/wp-json\/wp\/v2\/product"}],"about":[{"href":"https:\/\/imiapower.com\/fr\/wp-json\/wp\/v2\/types\/product"}],"replies":[{"embeddable":true,"href":"https:\/\/imiapower.com\/fr\/wp-json\/wp\/v2\/comments?post=7294"}],"version-history":[{"count":1,"href":"https:\/\/imiapower.com\/fr\/wp-json\/wp\/v2\/product\/7294\/revisions"}],"predecessor-version":[{"id":8268,"href":"https:\/\/imiapower.com\/fr\/wp-json\/wp\/v2\/product\/7294\/revisions\/8268"}],"wp:featuredmedia":[{"embeddable":true,"href":"https:\/\/imiapower.com\/fr\/wp-json\/wp\/v2\/media\/7307"}],"wp:attachment":[{"href":"https:\/\/imiapower.com\/fr\/wp-json\/wp\/v2\/media?parent=7294"}],"wp:term":[{"taxonomy":"product_cat","embeddable":true,"href":"https:\/\/imiapower.com\/fr\/wp-json\/wp\/v2\/product_cat?post=7294"},{"taxonomy":"product_tag","embeddable":true,"href":"https:\/\/imiapower.com\/fr\/wp-json\/wp\/v2\/product_tag?post=7294"}],"curies":[{"name":"wp","href":"https:\/\/api.w.org\/{rel}","templated":true}]}}