{"id":7654,"date":"2024-05-14T07:26:31","date_gmt":"2024-05-14T07:26:31","guid":{"rendered":"https:\/\/imiapower.com\/?post_type=product&#038;p=7654"},"modified":"2026-01-15T03:25:55","modified_gmt":"2026-01-15T03:25:55","slug":"eu-travel-adapter","status":"publish","type":"product","link":"https:\/\/imiapower.com\/fr\/products\/travel-adapter\/eu-travel-adapter\/","title":{"rendered":"Adaptateur de voyage europ\u00e9en 35 W abordable"},"content":{"rendered":"<ul>\n<li><strong>Adaptateur de voyage pour l&#039;UE<\/strong><\/li>\n<li style=\"text-align: left;\"><strong>Saisir :<\/strong> CA 100 ~ 250 V maximum 50 ~ 60 Hz, 0,8 A \/ 2 500 W maximum<\/li>\n<li style=\"text-align: left;\"><strong>Sortie C1 :<\/strong> 5 V 3,0 A, 9 V 3,0 A, 12 V 2,9 A, 15 V 2,33 A, 20 V 1,75 A 35 W maximum<\/li>\n<li style=\"text-align: left;\"><strong>PP\u00a0:<\/strong> 3,3 V ~ 11 V 3 A, 3,3 V ~ 16 V 2,18 A PPS 35 W max.<\/li>\n<li style=\"text-align: left;\"><strong>Sortie C2\/C3 :<\/strong> 5V 3A 15W maximum<\/li>\n<li style=\"text-align: left;\"><strong>Sortie C1+C2+C3 :<\/strong> PD20W +C2+C3 : 15 W max.<\/li>\n<li style=\"text-align: left;\"><strong>Sortie USB-A1\/A2 :<\/strong> 5V 2,4A 12W maximum<\/li>\n<li style=\"text-align: left;\"><strong>Sortie C1+USB-A1\/A2 :<\/strong> PD20W + 12W maximum<\/li>\n<li style=\"text-align: left;\"><strong>Sortie C1+C2+C3+USB-A1+A2 :<\/strong> C1\u00a0: PD20W + autres ports 15 W maximum<\/li>\n<li style=\"text-align: left;\"><strong>Production totale\u00a0:<\/strong> 35 W maximum<\/li>\n<li style=\"text-align: left;\"><strong>Calibre du fusible\u00a0:<\/strong> 10A<\/li>\n<li><strong>Mat\u00e9riel:<\/strong> PC vir\u00e9<\/li>\n<li><strong>Taille: <\/strong>72x52x57mm<\/li>\n<li><strong>Remarque:<\/strong> EU\/AU\/UK\/US tout-en-un peut \u00eatre utilis\u00e9 dans plus de 170 pays<\/li>\n<\/ul>","protected":false},"excerpt":{"rendered":"<p><img fetchpriority=\"high\" decoding=\"async\" class=\"alignnone wp-image-8688 size-full\" src=\"https:\/\/imiapower.com\/wp-content\/uploads\/Power-Adapter-1.jpg\" alt=\"adaptateur de voyage europ\u00e9en\" width=\"800\" height=\"800\" srcset=\"https:\/\/imiapower.com\/wp-content\/uploads\/Power-Adapter-1.jpg 800w, https:\/\/imiapower.com\/wp-content\/uploads\/Power-Adapter-1-300x300.jpg 300w, https:\/\/imiapower.com\/wp-content\/uploads\/Power-Adapter-1-100x100.jpg 100w, https:\/\/imiapower.com\/wp-content\/uploads\/Power-Adapter-1-600x600.jpg 600w, https:\/\/imiapower.com\/wp-content\/uploads\/Power-Adapter-1-64x64.jpg 64w, https:\/\/imiapower.com\/wp-content\/uploads\/Power-Adapter-1-150x150.jpg 150w, https:\/\/imiapower.com\/wp-content\/uploads\/Power-Adapter-1-768x768.jpg 768w, https:\/\/imiapower.com\/wp-content\/uploads\/Power-Adapter-1-12x12.jpg 12w\" sizes=\"(max-width: 800px) 100vw, 800px\" \/> <img decoding=\"async\" class=\"alignnone wp-image-8689 size-full\" src=\"https:\/\/imiapower.com\/wp-content\/uploads\/Power-Adapter-2.jpg\" alt=\"adaptateur de voyage europ\u00e9en\" width=\"800\" height=\"800\" srcset=\"https:\/\/imiapower.com\/wp-content\/uploads\/Power-Adapter-2.jpg 800w, https:\/\/imiapower.com\/wp-content\/uploads\/Power-Adapter-2-300x300.jpg 300w, https:\/\/imiapower.com\/wp-content\/uploads\/Power-Adapter-2-100x100.jpg 100w, https:\/\/imiapower.com\/wp-content\/uploads\/Power-Adapter-2-600x600.jpg 600w, https:\/\/imiapower.com\/wp-content\/uploads\/Power-Adapter-2-64x64.jpg 64w, https:\/\/imiapower.com\/wp-content\/uploads\/Power-Adapter-2-150x150.jpg 150w, https:\/\/imiapower.com\/wp-content\/uploads\/Power-Adapter-2-768x768.jpg 768w, https:\/\/imiapower.com\/wp-content\/uploads\/Power-Adapter-2-12x12.jpg 12w\" sizes=\"(max-width: 800px) 100vw, 800px\" \/><\/p>\n<p>Il s&#039;agit d&#039;un produit n\u00e9cessaire pour voyager dans diff\u00e9rents pays, car diff\u00e9rents pays, la prise de charge est diff\u00e9rente, cet adaptateur de voyage tout-en-un comprenant les prises UE, \u00c9tats-Unis, AUS et Royaume-Uni peut r\u00e9pondre aux demandes de prise de la plupart des pays.<\/p>\n<p>Pour cet adaptateur de voyage universel, nous avons appliqu\u00e9 des certifications populaires telles que CE, UKCA, FCC, LVD, ERP, REACH, ROHS.<\/p>\n<p>Cet adaptateur de voyage europ\u00e9en adopte des solutions de distribution d&#039;\u00e9nergie. Il s&#039;agit de la solution la plus populaire du march\u00e9 pour les appareils de charge multiports, il garantit des situations de charge sans d\u00e9connexion.<\/p>\n<p>Les clients peuvent choisir s&#039;ils ont besoin de concevoir un logo personnalis\u00e9 avec une lumi\u00e8re LED.<\/p>\n<p>L&#039;adaptateur de voyage avec deux fusibles 10A prot\u00e8ge efficacement vos appareils et prot\u00e8ge vos appareils \u00e9lectriques lors de leur utilisation<\/p>\n<p>Prise en charge de tensions sauvages de 100 V \u00e0 250 V\/10 A (1 000 W \u00e0 2 500 W)<\/p>\n<p>Avec sa petite taille et son poids l\u00e9ger, il est tr\u00e8s facile \u00e0 transporter lorsque nous sortons<\/p>\n<p>Manuel d&#039;utilisation<\/p>\n<p><img decoding=\"async\" class=\"alignnone wp-image-9877 size-large\" style=\"font-style: inherit; font-weight: inherit;\" src=\"https:\/\/imiapower.com\/wp-content\/uploads\/\u5fae\u4fe1\u56fe\u7247_20260115111346_139_100-1024x620.png\" alt=\"adaptateur de voyage europ\u00e9en\" width=\"1024\" height=\"620\" srcset=\"https:\/\/imiapower.com\/wp-content\/uploads\/\u5fae\u4fe1\u56fe\u7247_20260115111346_139_100-1024x620.png 1024w, https:\/\/imiapower.com\/wp-content\/uploads\/\u5fae\u4fe1\u56fe\u7247_20260115111346_139_100-300x182.png 300w, https:\/\/imiapower.com\/wp-content\/uploads\/\u5fae\u4fe1\u56fe\u7247_20260115111346_139_100-768x465.png 768w, https:\/\/imiapower.com\/wp-content\/uploads\/\u5fae\u4fe1\u56fe\u7247_20260115111346_139_100-18x12.png 18w, https:\/\/imiapower.com\/wp-content\/uploads\/\u5fae\u4fe1\u56fe\u7247_20260115111346_139_100-600x363.png 600w, https:\/\/imiapower.com\/wp-content\/uploads\/\u5fae\u4fe1\u56fe\u7247_20260115111346_139_100-64x39.png 64w, https:\/\/imiapower.com\/wp-content\/uploads\/\u5fae\u4fe1\u56fe\u7247_20260115111346_139_100.png 1133w\" sizes=\"(max-width: 1024px) 100vw, 1024px\" \/><\/p>\n<p>forfait disponible<\/p>\n<p><img loading=\"lazy\" decoding=\"async\" class=\"alignnone size-full wp-image-9878\" src=\"https:\/\/imiapower.com\/wp-content\/uploads\/converted-2-17.webp\" alt=\"Adaptateur de voyage UE\" width=\"1024\" height=\"335\" srcset=\"https:\/\/imiapower.com\/wp-content\/uploads\/converted-2-17.webp 1024w, https:\/\/imiapower.com\/wp-content\/uploads\/converted-2-17-300x98.webp 300w, https:\/\/imiapower.com\/wp-content\/uploads\/converted-2-17-768x251.webp 768w, https:\/\/imiapower.com\/wp-content\/uploads\/converted-2-17-18x6.webp 18w, https:\/\/imiapower.com\/wp-content\/uploads\/converted-2-17-600x196.webp 600w, https:\/\/imiapower.com\/wp-content\/uploads\/converted-2-17-64x21.webp 64w\" sizes=\"(max-width: 1024px) 100vw, 1024px\" \/><\/p>\n<p>&nbsp;<\/p>\n<p>&nbsp;<\/p>","protected":false},"featured_media":7732,"comment_status":"open","ping_status":"closed","template":"","meta":{"rank_math_lock_modified_date":false,"site-sidebar-layout":"default","site-content-layout":"","ast-site-content-layout":"default","site-content-style":"default","site-sidebar-style":"default","ast-global-header-display":"","ast-banner-title-visibility":"","ast-main-header-display":"","ast-hfb-above-header-display":"","ast-hfb-below-header-display":"","ast-hfb-mobile-header-display":"","site-post-title":"","ast-breadcrumbs-content":"","ast-featured-img":"","footer-sml-layout":"","ast-disable-related-posts":"","theme-transparent-header-meta":"default","adv-header-id-meta":"","stick-header-meta":"","header-above-stick-meta":"","header-main-stick-meta":"","header-below-stick-meta":"","astra-migrate-meta-layouts":"set","ast-page-background-enabled":"default","ast-page-background-meta":{"desktop":{"background-color":"","background-image":"","background-repeat":"repeat","background-position":"center center","background-size":"auto","background-attachment":"scroll","background-type":"","background-media":"","overlay-type":"","overlay-color":"","overlay-opacity":"","overlay-gradient":""},"tablet":{"background-color":"","background-image":"","background-repeat":"repeat","background-position":"center center","background-size":"auto","background-attachment":"scroll","background-type":"","background-media":"","overlay-type":"","overlay-color":"","overlay-opacity":"","overlay-gradient":""},"mobile":{"background-color":"","background-image":"","background-repeat":"repeat","background-position":"center center","background-size":"auto","background-attachment":"scroll","background-type":"","background-media":"","overlay-type":"","overlay-color":"","overlay-opacity":"","overlay-gradient":""}},"ast-content-background-meta":{"desktop":{"background-color":"var(--ast-global-color-5)","background-image":"","background-repeat":"repeat","background-position":"center center","background-size":"auto","background-attachment":"scroll","background-type":"","background-media":"","overlay-type":"","overlay-color":"","overlay-opacity":"","overlay-gradient":""},"tablet":{"background-color":"var(--ast-global-color-5)","background-image":"","background-repeat":"repeat","background-position":"center center","background-size":"auto","background-attachment":"scroll","background-type":"","background-media":"","overlay-type":"","overlay-color":"","overlay-opacity":"","overlay-gradient":""},"mobile":{"background-color":"var(--ast-global-color-5)","background-image":"","background-repeat":"repeat","background-position":"center center","background-size":"auto","background-attachment":"scroll","background-type":"","background-media":"","overlay-type":"","overlay-color":"","overlay-opacity":"","overlay-gradient":""}}},"product_cat":[64],"product_tag":[],"class_list":{"0":"post-7654","1":"product","2":"type-product","3":"status-publish","4":"has-post-thumbnail","6":"product_cat-travel-adapter","7":"desktop-align-center","8":"tablet-align-center","9":"mobile-align-center","11":"first","12":"instock","13":"featured","14":"shipping-taxable","15":"product-type-simple"},"_links":{"self":[{"href":"https:\/\/imiapower.com\/fr\/wp-json\/wp\/v2\/product\/7654","targetHints":{"allow":["GET"]}}],"collection":[{"href":"https:\/\/imiapower.com\/fr\/wp-json\/wp\/v2\/product"}],"about":[{"href":"https:\/\/imiapower.com\/fr\/wp-json\/wp\/v2\/types\/product"}],"replies":[{"embeddable":true,"href":"https:\/\/imiapower.com\/fr\/wp-json\/wp\/v2\/comments?post=7654"}],"version-history":[{"count":14,"href":"https:\/\/imiapower.com\/fr\/wp-json\/wp\/v2\/product\/7654\/revisions"}],"predecessor-version":[{"id":8687,"href":"https:\/\/imiapower.com\/fr\/wp-json\/wp\/v2\/product\/7654\/revisions\/8687"}],"wp:featuredmedia":[{"embeddable":true,"href":"https:\/\/imiapower.com\/fr\/wp-json\/wp\/v2\/media\/7732"}],"wp:attachment":[{"href":"https:\/\/imiapower.com\/fr\/wp-json\/wp\/v2\/media?parent=7654"}],"wp:term":[{"taxonomy":"product_cat","embeddable":true,"href":"https:\/\/imiapower.com\/fr\/wp-json\/wp\/v2\/product_cat?post=7654"},{"taxonomy":"product_tag","embeddable":true,"href":"https:\/\/imiapower.com\/fr\/wp-json\/wp\/v2\/product_tag?post=7654"}],"curies":[{"name":"wp","href":"https:\/\/api.w.org\/{rel}","templated":true}]}}