{"id":7695,"date":"2024-05-22T08:49:10","date_gmt":"2024-05-22T08:49:10","guid":{"rendered":"https:\/\/imiapower.com\/?post_type=product&#038;p=7695"},"modified":"2024-06-07T03:54:10","modified_gmt":"2024-06-07T03:54:10","slug":"world-travel-adapter","status":"publish","type":"product","link":"https:\/\/imiapower.com\/fr\/products\/travel-adapter\/world-travel-adapter\/","title":{"rendered":"Nouvel adaptateur de voyage mondial 45 W"},"content":{"rendered":"<ul>\n<li><strong>adaptateur de voyage mondial<\/strong><\/li>\n<li><strong>Saisir :<\/strong> Entr\u00e9e CA : 100 ~ 250 V\/AC 50-60 Hz 0,8 A.<\/li>\n<li><strong>Type de sortie unique-C1\u00a0:<\/strong>5V3A \/ 9V3A \/ 12V3A \/ 15V3A \/ 20V2.25A 45W maximum<\/li>\n<li><strong>PP\u00a0:<\/strong>3,3 V-16 V 3,0 A 3,3 V-21 V 2,25 A 45 W.<\/li>\n<li><strong>Type-C2\/Type-C3\/Type-C4\/USB-A1\u00a0:<\/strong>5V3A 15W maximum<\/li>\n<li><strong>Type-C1 \u00e0 sorties multiples + Type-C2\u00a0:<\/strong>30W+15W<\/li>\n<li><strong>Type-C1\u00a0:<\/strong>5V3A\/9V3A\/12V1,5A\/15V2A\/20V1,5A 30W<\/li>\n<li><strong>PP\u00a0:<\/strong>3.3-16V2A<\/li>\n<li><strong>Type-C2\u00a0:<\/strong> 5V3A 15W<\/li>\n<li><strong>Type-C1+Type-C2\/Type-C3\/Type-C4\/USB-A1\u00a0:<\/strong>PD30W+15W<\/li>\n<li><strong>Type-C1\u00a0:<\/strong>5V3A\/9V3A\/12V1,5A\/15V2A\/20V1,5A 30W<\/li>\n<li><strong>PP\u00a0:<\/strong> 3.3-16V2A<\/li>\n<li><strong>Type-C2\/Type-C3\/Type-C4\/USB-A1\u00a0:<\/strong>5V3A 15W maximum<\/li>\n<li><strong>Mat\u00e9riel:<\/strong> PC cuit + m\u00e9tal Cooper<\/li>\n<li><strong>Taille:<\/strong> 76*50.5*57mm<\/li>\n<li><strong>Usage:<\/strong> EU\/AU\/UK\/US tout-en-un peut \u00eatre utilis\u00e9 dans plus de 170 pays<\/li>\n<li><strong>Certificat :<\/strong> CE, Rohs, FCC, UKCA, Reach, ERP<\/li>\n<\/ul>","protected":false},"excerpt":{"rendered":"<p>Cet adaptateur de voyage mondial adopte des solutions de distribution d&#039;\u00e9nergie. Il s&#039;agit de la solution la plus populaire du march\u00e9 pour les appareils de charge multiports, il garantit des situations de charge sans d\u00e9connexion.<\/p>\n<p>Pour cet adaptateur, nous concevons 4 ports de type C pour r\u00e9pondre principalement au march\u00e9 des appareils de chargement.<\/p>\n<p>Le bouton poussoir peut faire une couleur personnalis\u00e9e<\/p>\n<p>L&#039;adaptateur de voyage avec deux fusibles 10A prot\u00e8ge efficacement vos appareils et prot\u00e8ge vos appareils \u00e9lectriques lors de leur utilisation<\/p>\n<p>Prise en charge de tensions sauvages de 100 V \u00e0 250 V\/10 A (1 000 W \u00e0 2 500 W)<\/p>\n<p>Cette conception de bo\u00eetier a une option de 20 W, 35 W, 45 W, 65 W pour le client.<\/p>\n<p>Nous fournissons un emballage personnalis\u00e9 avec une bo\u00eete de couleur ou un blister<\/p>","protected":false},"featured_media":7704,"comment_status":"open","ping_status":"closed","template":"","meta":{"rank_math_lock_modified_date":false,"site-sidebar-layout":"default","site-content-layout":"","ast-site-content-layout":"default","site-content-style":"default","site-sidebar-style":"default","ast-global-header-display":"","ast-banner-title-visibility":"","ast-main-header-display":"","ast-hfb-above-header-display":"","ast-hfb-below-header-display":"","ast-hfb-mobile-header-display":"","site-post-title":"","ast-breadcrumbs-content":"","ast-featured-img":"","footer-sml-layout":"","ast-disable-related-posts":"","theme-transparent-header-meta":"default","adv-header-id-meta":"","stick-header-meta":"","header-above-stick-meta":"","header-main-stick-meta":"","header-below-stick-meta":"","astra-migrate-meta-layouts":"set","ast-page-background-enabled":"default","ast-page-background-meta":{"desktop":{"background-color":"","background-image":"","background-repeat":"repeat","background-position":"center center","background-size":"auto","background-attachment":"scroll","background-type":"","background-media":"","overlay-type":"","overlay-color":"","overlay-opacity":"","overlay-gradient":""},"tablet":{"background-color":"","background-image":"","background-repeat":"repeat","background-position":"center center","background-size":"auto","background-attachment":"scroll","background-type":"","background-media":"","overlay-type":"","overlay-color":"","overlay-opacity":"","overlay-gradient":""},"mobile":{"background-color":"","background-image":"","background-repeat":"repeat","background-position":"center center","background-size":"auto","background-attachment":"scroll","background-type":"","background-media":"","overlay-type":"","overlay-color":"","overlay-opacity":"","overlay-gradient":""}},"ast-content-background-meta":{"desktop":{"background-color":"var(--ast-global-color-5)","background-image":"","background-repeat":"repeat","background-position":"center center","background-size":"auto","background-attachment":"scroll","background-type":"","background-media":"","overlay-type":"","overlay-color":"","overlay-opacity":"","overlay-gradient":""},"tablet":{"background-color":"var(--ast-global-color-5)","background-image":"","background-repeat":"repeat","background-position":"center center","background-size":"auto","background-attachment":"scroll","background-type":"","background-media":"","overlay-type":"","overlay-color":"","overlay-opacity":"","overlay-gradient":""},"mobile":{"background-color":"var(--ast-global-color-5)","background-image":"","background-repeat":"repeat","background-position":"center center","background-size":"auto","background-attachment":"scroll","background-type":"","background-media":"","overlay-type":"","overlay-color":"","overlay-opacity":"","overlay-gradient":""}}},"product_cat":[64],"product_tag":[],"class_list":{"0":"post-7695","1":"product","2":"type-product","3":"status-publish","4":"has-post-thumbnail","6":"product_cat-travel-adapter","7":"desktop-align-center","8":"tablet-align-center","9":"mobile-align-center","11":"first","12":"instock","13":"shipping-taxable","14":"product-type-simple"},"_links":{"self":[{"href":"https:\/\/imiapower.com\/fr\/wp-json\/wp\/v2\/product\/7695","targetHints":{"allow":["GET"]}}],"collection":[{"href":"https:\/\/imiapower.com\/fr\/wp-json\/wp\/v2\/product"}],"about":[{"href":"https:\/\/imiapower.com\/fr\/wp-json\/wp\/v2\/types\/product"}],"replies":[{"embeddable":true,"href":"https:\/\/imiapower.com\/fr\/wp-json\/wp\/v2\/comments?post=7695"}],"version-history":[{"count":5,"href":"https:\/\/imiapower.com\/fr\/wp-json\/wp\/v2\/product\/7695\/revisions"}],"predecessor-version":[{"id":7706,"href":"https:\/\/imiapower.com\/fr\/wp-json\/wp\/v2\/product\/7695\/revisions\/7706"}],"wp:featuredmedia":[{"embeddable":true,"href":"https:\/\/imiapower.com\/fr\/wp-json\/wp\/v2\/media\/7704"}],"wp:attachment":[{"href":"https:\/\/imiapower.com\/fr\/wp-json\/wp\/v2\/media?parent=7695"}],"wp:term":[{"taxonomy":"product_cat","embeddable":true,"href":"https:\/\/imiapower.com\/fr\/wp-json\/wp\/v2\/product_cat?post=7695"},{"taxonomy":"product_tag","embeddable":true,"href":"https:\/\/imiapower.com\/fr\/wp-json\/wp\/v2\/product_tag?post=7695"}],"curies":[{"name":"wp","href":"https:\/\/api.w.org\/{rel}","templated":true}]}}