{"id":7707,"date":"2024-05-23T08:29:22","date_gmt":"2024-05-23T08:29:22","guid":{"rendered":"https:\/\/imiapower.com\/?post_type=product&#038;p=7707"},"modified":"2024-06-18T01:24:11","modified_gmt":"2024-06-18T01:24:11","slug":"international-adapter","status":"publish","type":"product","link":"https:\/\/imiapower.com\/fr\/products\/travel-adapter\/international-adapter\/","title":{"rendered":"Adaptateur international puissant de 65 W"},"content":{"rendered":"<ul>\n<li><strong>\u00a0Adaptateur international<\/strong><\/li>\n<li><strong>Entr\u00e9e CA\u00a0: <\/strong>100 ~ 250 V\/CA 50-60 Hz 0,8 A<\/li>\n<li><strong>Sortie CA\u00a0:<\/strong>10A maximum (1000W\/100V ou 2400W\/240V)<\/li>\n<li><strong>Sortie USB :<\/strong>5V \/2,4A (MAX 12W)<\/li>\n<li><strong>Sortie de type C2\/C3\/C4\u00a0:<\/strong> 5V \/2,4A (MAX 12W)<\/li>\n<li><strong>Sortie de type C1\u00a0:<\/strong> 5V3A 9V3A 12V3A 15V3A 20V3.25A (MAX65W)<\/li>\n<li><strong>Taille: <\/strong>76*50.5*57mm<\/li>\n<li><strong>Poids: <\/strong>180g<\/li>\n<li><strong>Mat\u00e9riel:<\/strong> PC cuit + m\u00e9tal cuivr\u00e9<\/li>\n<\/ul>","protected":false},"excerpt":{"rendered":"<p>Cette conception d&#039;adaptateur international adopte la mise \u00e0 la terre britannique. La mise \u00e0 la terre britannique aide \u00e0 prot\u00e9ger contre les chocs \u00e9lectriques et r\u00e9duit le risque de courts-circuits ou d&#039;incendies.<\/p>\n<p>Les fiches britanniques comportent g\u00e9n\u00e9ralement une troisi\u00e8me broche pour la mise \u00e0 la terre, ce qui est important pour garantir la s\u00e9curit\u00e9 des appareils \u00e9lectriques, en particulier lorsque vous voyagez dans des r\u00e9gions o\u00f9 les normes \u00e9lectriques varient. De nombreux appareils sont con\u00e7us pour fonctionner avec des fiches mises \u00e0 la terre, et l&#039;utilisation d&#039;un adaptateur de mise \u00e0 la terre \u00e0 broche britannique garantit la compatibilit\u00e9 avec de tels appareils. C&#039;est particuli\u00e8rement important pour les appareils \u00e9lectroniques ou les appareils sensibles qui n\u00e9cessitent une connexion \u00e9lectrique stable.<\/p>\n<p>L&#039;adaptateur de voyage avec deux fusibles 10A prot\u00e8ge efficacement vos appareils et prot\u00e8ge vos appareils \u00e9lectriques lors de leur utilisation<\/p>\n<p>Prise en charge de tensions sauvages de 100 V \u00e0 250 V\/10 A (1 000 W \u00e0 2 500 W)<\/p>","protected":false},"featured_media":7717,"comment_status":"open","ping_status":"closed","template":"","meta":{"rank_math_lock_modified_date":false,"site-sidebar-layout":"default","site-content-layout":"","ast-site-content-layout":"default","site-content-style":"default","site-sidebar-style":"default","ast-global-header-display":"","ast-banner-title-visibility":"","ast-main-header-display":"","ast-hfb-above-header-display":"","ast-hfb-below-header-display":"","ast-hfb-mobile-header-display":"","site-post-title":"","ast-breadcrumbs-content":"","ast-featured-img":"","footer-sml-layout":"","ast-disable-related-posts":"","theme-transparent-header-meta":"default","adv-header-id-meta":"","stick-header-meta":"","header-above-stick-meta":"","header-main-stick-meta":"","header-below-stick-meta":"","astra-migrate-meta-layouts":"set","ast-page-background-enabled":"default","ast-page-background-meta":{"desktop":{"background-color":"","background-image":"","background-repeat":"repeat","background-position":"center center","background-size":"auto","background-attachment":"scroll","background-type":"","background-media":"","overlay-type":"","overlay-color":"","overlay-opacity":"","overlay-gradient":""},"tablet":{"background-color":"","background-image":"","background-repeat":"repeat","background-position":"center center","background-size":"auto","background-attachment":"scroll","background-type":"","background-media":"","overlay-type":"","overlay-color":"","overlay-opacity":"","overlay-gradient":""},"mobile":{"background-color":"","background-image":"","background-repeat":"repeat","background-position":"center center","background-size":"auto","background-attachment":"scroll","background-type":"","background-media":"","overlay-type":"","overlay-color":"","overlay-opacity":"","overlay-gradient":""}},"ast-content-background-meta":{"desktop":{"background-color":"var(--ast-global-color-5)","background-image":"","background-repeat":"repeat","background-position":"center center","background-size":"auto","background-attachment":"scroll","background-type":"","background-media":"","overlay-type":"","overlay-color":"","overlay-opacity":"","overlay-gradient":""},"tablet":{"background-color":"var(--ast-global-color-5)","background-image":"","background-repeat":"repeat","background-position":"center center","background-size":"auto","background-attachment":"scroll","background-type":"","background-media":"","overlay-type":"","overlay-color":"","overlay-opacity":"","overlay-gradient":""},"mobile":{"background-color":"var(--ast-global-color-5)","background-image":"","background-repeat":"repeat","background-position":"center center","background-size":"auto","background-attachment":"scroll","background-type":"","background-media":"","overlay-type":"","overlay-color":"","overlay-opacity":"","overlay-gradient":""}}},"product_cat":[64],"product_tag":[],"class_list":{"0":"post-7707","1":"product","2":"type-product","3":"status-publish","4":"has-post-thumbnail","6":"product_cat-travel-adapter","7":"desktop-align-center","8":"tablet-align-center","9":"mobile-align-center","11":"first","12":"instock","13":"shipping-taxable","14":"product-type-simple"},"_links":{"self":[{"href":"https:\/\/imiapower.com\/fr\/wp-json\/wp\/v2\/product\/7707","targetHints":{"allow":["GET"]}}],"collection":[{"href":"https:\/\/imiapower.com\/fr\/wp-json\/wp\/v2\/product"}],"about":[{"href":"https:\/\/imiapower.com\/fr\/wp-json\/wp\/v2\/types\/product"}],"replies":[{"embeddable":true,"href":"https:\/\/imiapower.com\/fr\/wp-json\/wp\/v2\/comments?post=7707"}],"version-history":[{"count":7,"href":"https:\/\/imiapower.com\/fr\/wp-json\/wp\/v2\/product\/7707\/revisions"}],"predecessor-version":[{"id":7721,"href":"https:\/\/imiapower.com\/fr\/wp-json\/wp\/v2\/product\/7707\/revisions\/7721"}],"wp:featuredmedia":[{"embeddable":true,"href":"https:\/\/imiapower.com\/fr\/wp-json\/wp\/v2\/media\/7717"}],"wp:attachment":[{"href":"https:\/\/imiapower.com\/fr\/wp-json\/wp\/v2\/media?parent=7707"}],"wp:term":[{"taxonomy":"product_cat","embeddable":true,"href":"https:\/\/imiapower.com\/fr\/wp-json\/wp\/v2\/product_cat?post=7707"},{"taxonomy":"product_tag","embeddable":true,"href":"https:\/\/imiapower.com\/fr\/wp-json\/wp\/v2\/product_tag?post=7707"}],"curies":[{"name":"wp","href":"https:\/\/api.w.org\/{rel}","templated":true}]}}