{"id":7722,"date":"2024-05-25T02:05:55","date_gmt":"2024-05-25T02:05:55","guid":{"rendered":"https:\/\/imiapower.com\/?post_type=product&#038;p=7722"},"modified":"2024-08-16T10:08:45","modified_gmt":"2024-08-16T10:08:45","slug":"international-power-adapters","status":"publish","type":"product","link":"https:\/\/imiapower.com\/fr\/products\/travel-adapter\/international-power-adapters\/","title":{"rendered":"Adaptateurs secteur internationaux 30 W bon march\u00e9"},"content":{"rendered":"<ul>\n<li><strong>adaptateurs secteur internationaux<\/strong><\/li>\n<li>\u00a0<strong>Tension d&#039;entr\u00e9e:<\/strong> 100 ~ 250 V, 50\/60 Hz<\/li>\n<li><strong>Sortie CA\u00a0:<\/strong> 6 A maximum (660 W\/100 V, 1 330 W\/250 V)<\/li>\n<li><strong>Sortie de type C1\u00a0:<\/strong> 5V3A (maximum 15W)<\/li>\n<li><strong>Sortie de type C2\u00a0:<\/strong> 5V3A\/9V3A\/12V2,5A\/15V2A\/20V1,5A (maximum 30W)<\/li>\n<li><strong>Sortie USB unique :<\/strong> 5V3A 9V2A (Max 18W)<\/li>\n<li><strong>Taille du produit:<\/strong> 70 mm x 50 mm x 55 mm<\/li>\n<li><strong>Mat\u00e9riaux:<\/strong> ABS + PC<\/li>\n<li><strong>Certificat :<\/strong> CE\/FCC\/RoHS<\/li>\n<\/ul>","protected":false},"excerpt":{"rendered":"<p>Avec une usine d&#039;adaptateurs de voyage direct, nous pouvons accepter un MOQ inf\u00e9rieur et garantir que les clients croient en la qualit\u00e9 de nos produits.<\/p>\n<p>Ces adaptateurs d&#039;alimentation internationaux sont des moules priv\u00e9s en raison d&#039;un probl\u00e8me de brevet<\/p>\n<p>Cet adaptateur secteur international comprend des prises d&#039;alimentation US\/EU\/UK\/AU pour couvrir plus de 150 pays. Et il peut \u00eatre branch\u00e9 sur l&#039;Afrique du Sud, l&#039;Inde, les \u00c9tats-Unis, l&#039;UE, le Royaume-Uni et l&#039;UA.<\/p>\n<p>Caract\u00e9ristiques de s\u00e9curit\u00e9 : les adaptateurs de haute qualit\u00e9 sont dot\u00e9s de fonctionnalit\u00e9s de s\u00e9curit\u00e9 int\u00e9gr\u00e9es telles qu&#039;une protection contre les surcharges et une protection contre les courts-circuits pour prot\u00e9ger vos appareils contre les fluctuations \u00e9lectriques et les dommages potentiels.<\/p>\n<p>&nbsp;<\/p>","protected":false},"featured_media":7726,"comment_status":"open","ping_status":"closed","template":"","meta":{"rank_math_lock_modified_date":false,"site-sidebar-layout":"default","site-content-layout":"","ast-site-content-layout":"default","site-content-style":"default","site-sidebar-style":"default","ast-global-header-display":"","ast-banner-title-visibility":"","ast-main-header-display":"","ast-hfb-above-header-display":"","ast-hfb-below-header-display":"","ast-hfb-mobile-header-display":"","site-post-title":"","ast-breadcrumbs-content":"","ast-featured-img":"","footer-sml-layout":"","ast-disable-related-posts":"","theme-transparent-header-meta":"default","adv-header-id-meta":"","stick-header-meta":"","header-above-stick-meta":"","header-main-stick-meta":"","header-below-stick-meta":"","astra-migrate-meta-layouts":"set","ast-page-background-enabled":"default","ast-page-background-meta":{"desktop":{"background-color":"","background-image":"","background-repeat":"repeat","background-position":"center center","background-size":"auto","background-attachment":"scroll","background-type":"","background-media":"","overlay-type":"","overlay-color":"","overlay-opacity":"","overlay-gradient":""},"tablet":{"background-color":"","background-image":"","background-repeat":"repeat","background-position":"center center","background-size":"auto","background-attachment":"scroll","background-type":"","background-media":"","overlay-type":"","overlay-color":"","overlay-opacity":"","overlay-gradient":""},"mobile":{"background-color":"","background-image":"","background-repeat":"repeat","background-position":"center center","background-size":"auto","background-attachment":"scroll","background-type":"","background-media":"","overlay-type":"","overlay-color":"","overlay-opacity":"","overlay-gradient":""}},"ast-content-background-meta":{"desktop":{"background-color":"var(--ast-global-color-5)","background-image":"","background-repeat":"repeat","background-position":"center center","background-size":"auto","background-attachment":"scroll","background-type":"","background-media":"","overlay-type":"","overlay-color":"","overlay-opacity":"","overlay-gradient":""},"tablet":{"background-color":"var(--ast-global-color-5)","background-image":"","background-repeat":"repeat","background-position":"center center","background-size":"auto","background-attachment":"scroll","background-type":"","background-media":"","overlay-type":"","overlay-color":"","overlay-opacity":"","overlay-gradient":""},"mobile":{"background-color":"var(--ast-global-color-5)","background-image":"","background-repeat":"repeat","background-position":"center center","background-size":"auto","background-attachment":"scroll","background-type":"","background-media":"","overlay-type":"","overlay-color":"","overlay-opacity":"","overlay-gradient":""}}},"product_cat":[64],"product_tag":[],"class_list":{"0":"post-7722","1":"product","2":"type-product","3":"status-publish","4":"has-post-thumbnail","6":"product_cat-travel-adapter","7":"desktop-align-center","8":"tablet-align-center","9":"mobile-align-center","11":"first","12":"instock","13":"shipping-taxable","14":"product-type-simple"},"_links":{"self":[{"href":"https:\/\/imiapower.com\/fr\/wp-json\/wp\/v2\/product\/7722","targetHints":{"allow":["GET"]}}],"collection":[{"href":"https:\/\/imiapower.com\/fr\/wp-json\/wp\/v2\/product"}],"about":[{"href":"https:\/\/imiapower.com\/fr\/wp-json\/wp\/v2\/types\/product"}],"replies":[{"embeddable":true,"href":"https:\/\/imiapower.com\/fr\/wp-json\/wp\/v2\/comments?post=7722"}],"version-history":[{"count":3,"href":"https:\/\/imiapower.com\/fr\/wp-json\/wp\/v2\/product\/7722\/revisions"}],"predecessor-version":[{"id":7730,"href":"https:\/\/imiapower.com\/fr\/wp-json\/wp\/v2\/product\/7722\/revisions\/7730"}],"wp:featuredmedia":[{"embeddable":true,"href":"https:\/\/imiapower.com\/fr\/wp-json\/wp\/v2\/media\/7726"}],"wp:attachment":[{"href":"https:\/\/imiapower.com\/fr\/wp-json\/wp\/v2\/media?parent=7722"}],"wp:term":[{"taxonomy":"product_cat","embeddable":true,"href":"https:\/\/imiapower.com\/fr\/wp-json\/wp\/v2\/product_cat?post=7722"},{"taxonomy":"product_tag","embeddable":true,"href":"https:\/\/imiapower.com\/fr\/wp-json\/wp\/v2\/product_tag?post=7722"}],"curies":[{"name":"wp","href":"https:\/\/api.w.org\/{rel}","templated":true}]}}