{"id":7768,"date":"2024-05-12T07:28:02","date_gmt":"2024-05-12T07:28:02","guid":{"rendered":"https:\/\/imiapower.com\/?post_type=product&#038;p=7768"},"modified":"2025-05-26T09:15:58","modified_gmt":"2025-05-26T09:15:58","slug":"international-plugs-adapters","status":"publish","type":"product","link":"https:\/\/imiapower.com\/fr\/products\/travel-adapter\/international-plugs-adapters\/","title":{"rendered":"Adaptateurs de prises internationales efficaces de 20 W"},"content":{"rendered":"<ul>\n<li><strong>adaptateurs de prises internationaux<\/strong><\/li>\n<li><strong>Entr\u00e9e CA\u00a0:<\/strong>100 ~ 250 V\/CA 50-60 Hz<\/li>\n<li><strong>Sortie CA\u00a0:<\/strong>6A maximum (660W\/100V ou 1330W\/250V)<\/li>\n<li><strong>Sortie USB1+USB2 :<\/strong>5V \/2400mA<\/li>\n<li><strong>USB3\u00a0:<\/strong> 5 V 3 A \/ 9 V 2 A \/ 12 V 1,5 A (Qc 3.0 18 W)<\/li>\n<li><strong>Sortie PD de type C\u00a0:<\/strong> 5V3A \/9V2.22A\/12V1.67A (20W maximum)<\/li>\n<li><strong>Taille:<\/strong>50x70x55mm<\/li>\n<li><strong>Mat\u00e9riel:<\/strong> PC cuit + m\u00e9tal de cuivre<\/li>\n<li><strong>Remarque :<\/strong> Le tout-en-un UE\/UA\/UK\/US peut \u00eatre utilis\u00e9 dans plus de 170 pays<\/li>\n<li><strong>Certificat :<\/strong> CE, RoHS<\/li>\n<\/ul>","protected":false},"excerpt":{"rendered":"<p>Les fabricants directs fournissent des adaptateurs de voyage personnalis\u00e9s bas\u00e9s sur l&#039;id\u00e9e du client. En fait, le d\u00e9veloppement de prises de voyage est un long processus et nous avons de nombreuses ann\u00e9es d&#039;exp\u00e9rience sur ce type de produit.<\/p>\n<p>Les adaptateurs de prises internationales sont des produits n\u00e9cessaires pour voyager dans diff\u00e9rents pays, car diff\u00e9rents pays, mais la prise de charge est diff\u00e9rente, cet adaptateur comprend des prises UE, \u00c9tats-Unis, AUS et Royaume-Uni et peut r\u00e9pondre aux demandes de prise de la plupart des pays, ce mod\u00e8le comprend 3 versions<\/p>\n<p>3USB+1Type-C 20W<\/p>\n<p>1USB+1Type-C 30W<\/p>\n<p>2USB+2Type-C 30W<\/p>\n<p>&nbsp;<\/p>","protected":false},"featured_media":7773,"comment_status":"open","ping_status":"closed","template":"","meta":{"rank_math_lock_modified_date":false,"site-sidebar-layout":"default","site-content-layout":"","ast-site-content-layout":"default","site-content-style":"default","site-sidebar-style":"default","ast-global-header-display":"","ast-banner-title-visibility":"","ast-main-header-display":"","ast-hfb-above-header-display":"","ast-hfb-below-header-display":"","ast-hfb-mobile-header-display":"","site-post-title":"","ast-breadcrumbs-content":"","ast-featured-img":"","footer-sml-layout":"","ast-disable-related-posts":"","theme-transparent-header-meta":"default","adv-header-id-meta":"","stick-header-meta":"","header-above-stick-meta":"","header-main-stick-meta":"","header-below-stick-meta":"","astra-migrate-meta-layouts":"set","ast-page-background-enabled":"default","ast-page-background-meta":{"desktop":{"background-color":"","background-image":"","background-repeat":"repeat","background-position":"center center","background-size":"auto","background-attachment":"scroll","background-type":"","background-media":"","overlay-type":"","overlay-color":"","overlay-opacity":"","overlay-gradient":""},"tablet":{"background-color":"","background-image":"","background-repeat":"repeat","background-position":"center center","background-size":"auto","background-attachment":"scroll","background-type":"","background-media":"","overlay-type":"","overlay-color":"","overlay-opacity":"","overlay-gradient":""},"mobile":{"background-color":"","background-image":"","background-repeat":"repeat","background-position":"center center","background-size":"auto","background-attachment":"scroll","background-type":"","background-media":"","overlay-type":"","overlay-color":"","overlay-opacity":"","overlay-gradient":""}},"ast-content-background-meta":{"desktop":{"background-color":"var(--ast-global-color-5)","background-image":"","background-repeat":"repeat","background-position":"center center","background-size":"auto","background-attachment":"scroll","background-type":"","background-media":"","overlay-type":"","overlay-color":"","overlay-opacity":"","overlay-gradient":""},"tablet":{"background-color":"var(--ast-global-color-5)","background-image":"","background-repeat":"repeat","background-position":"center center","background-size":"auto","background-attachment":"scroll","background-type":"","background-media":"","overlay-type":"","overlay-color":"","overlay-opacity":"","overlay-gradient":""},"mobile":{"background-color":"var(--ast-global-color-5)","background-image":"","background-repeat":"repeat","background-position":"center center","background-size":"auto","background-attachment":"scroll","background-type":"","background-media":"","overlay-type":"","overlay-color":"","overlay-opacity":"","overlay-gradient":""}}},"product_cat":[64],"product_tag":[],"class_list":{"0":"post-7768","1":"product","2":"type-product","3":"status-publish","4":"has-post-thumbnail","6":"product_cat-travel-adapter","7":"desktop-align-center","8":"tablet-align-center","9":"mobile-align-center","11":"first","12":"instock","13":"shipping-taxable","14":"product-type-simple"},"_links":{"self":[{"href":"https:\/\/imiapower.com\/fr\/wp-json\/wp\/v2\/product\/7768","targetHints":{"allow":["GET"]}}],"collection":[{"href":"https:\/\/imiapower.com\/fr\/wp-json\/wp\/v2\/product"}],"about":[{"href":"https:\/\/imiapower.com\/fr\/wp-json\/wp\/v2\/types\/product"}],"replies":[{"embeddable":true,"href":"https:\/\/imiapower.com\/fr\/wp-json\/wp\/v2\/comments?post=7768"}],"version-history":[{"count":6,"href":"https:\/\/imiapower.com\/fr\/wp-json\/wp\/v2\/product\/7768\/revisions"}],"predecessor-version":[{"id":9199,"href":"https:\/\/imiapower.com\/fr\/wp-json\/wp\/v2\/product\/7768\/revisions\/9199"}],"wp:featuredmedia":[{"embeddable":true,"href":"https:\/\/imiapower.com\/fr\/wp-json\/wp\/v2\/media\/7773"}],"wp:attachment":[{"href":"https:\/\/imiapower.com\/fr\/wp-json\/wp\/v2\/media?parent=7768"}],"wp:term":[{"taxonomy":"product_cat","embeddable":true,"href":"https:\/\/imiapower.com\/fr\/wp-json\/wp\/v2\/product_cat?post=7768"},{"taxonomy":"product_tag","embeddable":true,"href":"https:\/\/imiapower.com\/fr\/wp-json\/wp\/v2\/product_tag?post=7768"}],"curies":[{"name":"wp","href":"https:\/\/api.w.org\/{rel}","templated":true}]}}