{"id":7846,"date":"2024-06-04T03:17:08","date_gmt":"2024-06-04T03:17:08","guid":{"rendered":"https:\/\/imiapower.com\/?post_type=product&#038;p=7846"},"modified":"2024-12-09T08:09:28","modified_gmt":"2024-12-09T08:09:28","slug":"travel-adaptor-manufacturer","status":"publish","type":"product","link":"https:\/\/imiapower.com\/fr\/products\/travel-adapter\/travel-adaptor-manufacturer\/","title":{"rendered":"Meilleur fabricant d&#039;adaptateurs de voyage"},"content":{"rendered":"<ul>\n<li><strong>fabricant d&#039;adaptateurs de voyage<\/strong><\/li>\n<li><strong>Saisir :<\/strong> 100 ~ 250 V\/CA 50-60 Hz 0,8 A<\/li>\n<li><strong>Sortir :<\/strong> 10A maximum (1000W\/100V ou 2400W\/240V)<\/li>\n<li><strong>Sortie USB :<\/strong> 5V \/2,4A (MAX 12W)<\/li>\n<li><strong>Sortie de type C2\/C3\/C4\u00a0:<\/strong> 5V \/2,4A (MAX 12W)<\/li>\n<li><strong>Sortie de type C1\u00a0:<\/strong> 5 V, 3 A 9 V, 3 A 12 V, 2,91 A 15 V, 2,33 A 20 V, 1,75 A (MAX 35 W)<\/li>\n<li><strong>Taille:<\/strong> 76*50.5*57mm<\/li>\n<li><strong>Poids: <\/strong>170g<\/li>\n<li><strong>Mat\u00e9riel:<\/strong> PC cuit + m\u00e9tal cuivr\u00e9<\/li>\n<li><strong>Emballer:<\/strong> Bo\u00eete de couleur\/blister bas\u00e9 sur la r\u00e9f\u00e9rence du client<\/li>\n<\/ul>","protected":false},"excerpt":{"rendered":"<p>Nous sommes un fabricant d&#039;adaptateurs de voyage universels situ\u00e9 dans la ville de Dongguan, province du Guangdong, ce type de produit a un processus de d\u00e9veloppement de longue dur\u00e9e, donc la plupart des produits sont des moules priv\u00e9s, ce type de construction de produit est tr\u00e8s complexe par rapport au chargeur USB normal, client si pr\u00e9vu pour vendre ce type d&#039;adaptateur de voyage avec leur marque, n&#039;h\u00e9sitez pas \u00e0 nous contacter pour plus de d\u00e9tails<\/p>\n<p>Les principaux fabricants produisent des adaptateurs de voyage compatibles avec plusieurs types de prises (par exemple, types A, B, C, D, E, F, G, I, etc.), couvrant les normes de prises \u00e9lectriques utilis\u00e9es dans le monde entier<\/p>\n<p>En tant que fabricant direct d&#039;adaptateurs de voyage, nous utilisons toujours des mati\u00e8res premi\u00e8res de bonne qualit\u00e9 pour garantir le fonctionnement et la dur\u00e9e de vie de l&#039;adaptateur<\/p>\n<p><img fetchpriority=\"high\" decoding=\"async\" class=\"alignnone wp-image-8794 size-large\" src=\"https:\/\/imiapower.com\/wp-content\/uploads\/Universal-travel-adapter-3-1024x1024.jpg\" alt=\"fabricant d&#039;adaptateurs de voyage\" width=\"1024\" height=\"1024\" srcset=\"https:\/\/imiapower.com\/wp-content\/uploads\/Universal-travel-adapter-3-1024x1024.jpg 1024w, https:\/\/imiapower.com\/wp-content\/uploads\/Universal-travel-adapter-3-300x300.jpg 300w, https:\/\/imiapower.com\/wp-content\/uploads\/Universal-travel-adapter-3-100x100.jpg 100w, https:\/\/imiapower.com\/wp-content\/uploads\/Universal-travel-adapter-3-600x600.jpg 600w, https:\/\/imiapower.com\/wp-content\/uploads\/Universal-travel-adapter-3-64x64.jpg 64w, https:\/\/imiapower.com\/wp-content\/uploads\/Universal-travel-adapter-3-150x150.jpg 150w, https:\/\/imiapower.com\/wp-content\/uploads\/Universal-travel-adapter-3-768x768.jpg 768w, https:\/\/imiapower.com\/wp-content\/uploads\/Universal-travel-adapter-3-12x12.jpg 12w, https:\/\/imiapower.com\/wp-content\/uploads\/Universal-travel-adapter-3.jpg 1500w\" sizes=\"(max-width: 1024px) 100vw, 1024px\" \/><\/p>\n<p>Nous offrons toujours une garantie d&#039;un an pour tous nos produits et le d\u00e9lai de production est toujours de 25 \u00e0 30 jours.<\/p>\n<p>Nous fournissons un service ODM \u00e0 de nombreuses soci\u00e9t\u00e9s d&#039;\u00e9lectronique de marque<\/p>\n<p>Ce moule avec option 35w, 45w, 65w pour r\u00e9f\u00e9rence client<\/p>\n<p>Le bouton poussoir a plusieurs couleurs au choix<\/p>","protected":false},"featured_media":7847,"comment_status":"open","ping_status":"closed","template":"","meta":{"rank_math_lock_modified_date":false,"site-sidebar-layout":"default","site-content-layout":"","ast-site-content-layout":"default","site-content-style":"default","site-sidebar-style":"default","ast-global-header-display":"","ast-banner-title-visibility":"","ast-main-header-display":"","ast-hfb-above-header-display":"","ast-hfb-below-header-display":"","ast-hfb-mobile-header-display":"","site-post-title":"","ast-breadcrumbs-content":"","ast-featured-img":"","footer-sml-layout":"","ast-disable-related-posts":"","theme-transparent-header-meta":"default","adv-header-id-meta":"","stick-header-meta":"","header-above-stick-meta":"","header-main-stick-meta":"","header-below-stick-meta":"","astra-migrate-meta-layouts":"set","ast-page-background-enabled":"default","ast-page-background-meta":{"desktop":{"background-color":"","background-image":"","background-repeat":"repeat","background-position":"center center","background-size":"auto","background-attachment":"scroll","background-type":"","background-media":"","overlay-type":"","overlay-color":"","overlay-opacity":"","overlay-gradient":""},"tablet":{"background-color":"","background-image":"","background-repeat":"repeat","background-position":"center center","background-size":"auto","background-attachment":"scroll","background-type":"","background-media":"","overlay-type":"","overlay-color":"","overlay-opacity":"","overlay-gradient":""},"mobile":{"background-color":"","background-image":"","background-repeat":"repeat","background-position":"center center","background-size":"auto","background-attachment":"scroll","background-type":"","background-media":"","overlay-type":"","overlay-color":"","overlay-opacity":"","overlay-gradient":""}},"ast-content-background-meta":{"desktop":{"background-color":"var(--ast-global-color-5)","background-image":"","background-repeat":"repeat","background-position":"center center","background-size":"auto","background-attachment":"scroll","background-type":"","background-media":"","overlay-type":"","overlay-color":"","overlay-opacity":"","overlay-gradient":""},"tablet":{"background-color":"var(--ast-global-color-5)","background-image":"","background-repeat":"repeat","background-position":"center center","background-size":"auto","background-attachment":"scroll","background-type":"","background-media":"","overlay-type":"","overlay-color":"","overlay-opacity":"","overlay-gradient":""},"mobile":{"background-color":"var(--ast-global-color-5)","background-image":"","background-repeat":"repeat","background-position":"center center","background-size":"auto","background-attachment":"scroll","background-type":"","background-media":"","overlay-type":"","overlay-color":"","overlay-opacity":"","overlay-gradient":""}}},"product_cat":[64],"product_tag":[],"class_list":{"0":"post-7846","1":"product","2":"type-product","3":"status-publish","4":"has-post-thumbnail","6":"product_cat-travel-adapter","7":"desktop-align-center","8":"tablet-align-center","9":"mobile-align-center","11":"first","12":"instock","13":"shipping-taxable","14":"product-type-simple"},"_links":{"self":[{"href":"https:\/\/imiapower.com\/fr\/wp-json\/wp\/v2\/product\/7846","targetHints":{"allow":["GET"]}}],"collection":[{"href":"https:\/\/imiapower.com\/fr\/wp-json\/wp\/v2\/product"}],"about":[{"href":"https:\/\/imiapower.com\/fr\/wp-json\/wp\/v2\/types\/product"}],"replies":[{"embeddable":true,"href":"https:\/\/imiapower.com\/fr\/wp-json\/wp\/v2\/comments?post=7846"}],"version-history":[{"count":10,"href":"https:\/\/imiapower.com\/fr\/wp-json\/wp\/v2\/product\/7846\/revisions"}],"predecessor-version":[{"id":8795,"href":"https:\/\/imiapower.com\/fr\/wp-json\/wp\/v2\/product\/7846\/revisions\/8795"}],"wp:featuredmedia":[{"embeddable":true,"href":"https:\/\/imiapower.com\/fr\/wp-json\/wp\/v2\/media\/7847"}],"wp:attachment":[{"href":"https:\/\/imiapower.com\/fr\/wp-json\/wp\/v2\/media?parent=7846"}],"wp:term":[{"taxonomy":"product_cat","embeddable":true,"href":"https:\/\/imiapower.com\/fr\/wp-json\/wp\/v2\/product_cat?post=7846"},{"taxonomy":"product_tag","embeddable":true,"href":"https:\/\/imiapower.com\/fr\/wp-json\/wp\/v2\/product_tag?post=7846"}],"curies":[{"name":"wp","href":"https:\/\/api.w.org\/{rel}","templated":true}]}}