{"id":7919,"date":"2024-06-11T03:14:55","date_gmt":"2024-06-11T03:14:55","guid":{"rendered":"https:\/\/imiapower.com\/?post_type=product&#038;p=7919"},"modified":"2024-11-07T12:55:24","modified_gmt":"2024-11-07T12:55:24","slug":"65w-charger-laptop","status":"publish","type":"product","link":"https:\/\/imiapower.com\/fr\/products\/wall-charger\/65w-charger-laptop\/","title":{"rendered":"Fabricant d&#039;ordinateurs portables avec chargeur 65 W cibl\u00e9 en Chine"},"content":{"rendered":"<ul>\n<li><strong>chargeur 65w pour ordinateur portable<\/strong><\/li>\n<li><strong>Dimension:<\/strong>65*65*29MM<\/li>\n<li><strong>Caract\u00e9ristique: <\/strong>Prise am\u00e9ricaine pliable<\/li>\n<li><strong>Sortir<\/strong>5 V\/3 A, 9 V\/3 A, 12 V\/3 A, 15 V\/3 A, 20 V\/3,25 A (65 W max.)<\/li>\n<li><strong>Couleur: <\/strong>Noir blanc<\/li>\n<li><strong>Saisir :<\/strong>100-240 VCA 50\/60 Hz<\/li>\n<li><strong>Certificat : <\/strong>UL\/FCC\/CE\/CB\/UKCA\/PSE<\/li>\n<li><strong>Couverture: <\/strong>Mat\u00e9riau r\u00e9sistant au feu<\/li>\n<li><strong>D\u00e9lais de production:<\/strong> 25-30 jours<\/li>\n<\/ul>","protected":false},"excerpt":{"rendered":"<p>Ce chargeur d&#039;ordinateur portable de 65 W est certifi\u00e9 dans le monde entier. Les clients qui l&#039;ach\u00e8tent chez nous peuvent le vendre dans n&#039;importe quel pays et c&#039;est une bonne option pour charger un ordinateur portable \u00e0 une vitesse rapide.<\/p>\n<p>Compatible avec les derniers ordinateurs portables\/ordinateurs portables\/smartphones<\/p>\n<p>Des \u00e9chantillons gratuits peuvent \u00eatre fournis<\/p>\n<p>Par rapport \u00e0 d&#039;autres, ce chargeur pour ordinateur portable offre une garantie de 3 ans<\/p>\n<p>Pour chaque exp\u00e9dition d&#039;\u00e9chantillon au client pr\u00e9cieux, nous fournirons un rapport de contr\u00f4le d&#039;assurance qualit\u00e9 pour garantir que la fonction de l&#039;\u00e9chantillon convient \u00e0 notre client. Nous avons un processus de d\u00e9veloppement et de v\u00e9rification standard pour r\u00e9pondre \u00e0 la demande du client.<\/p>\n<p>&nbsp;<\/p>\n<p>&nbsp;<\/p>\n<p>&nbsp;<\/p>","protected":false},"featured_media":7920,"comment_status":"open","ping_status":"closed","template":"","meta":{"rank_math_lock_modified_date":false,"site-sidebar-layout":"default","site-content-layout":"","ast-site-content-layout":"default","site-content-style":"default","site-sidebar-style":"default","ast-global-header-display":"","ast-banner-title-visibility":"","ast-main-header-display":"","ast-hfb-above-header-display":"","ast-hfb-below-header-display":"","ast-hfb-mobile-header-display":"","site-post-title":"","ast-breadcrumbs-content":"","ast-featured-img":"","footer-sml-layout":"","ast-disable-related-posts":"","theme-transparent-header-meta":"default","adv-header-id-meta":"","stick-header-meta":"","header-above-stick-meta":"","header-main-stick-meta":"","header-below-stick-meta":"","astra-migrate-meta-layouts":"set","ast-page-background-enabled":"default","ast-page-background-meta":{"desktop":{"background-color":"","background-image":"","background-repeat":"repeat","background-position":"center center","background-size":"auto","background-attachment":"scroll","background-type":"","background-media":"","overlay-type":"","overlay-color":"","overlay-opacity":"","overlay-gradient":""},"tablet":{"background-color":"","background-image":"","background-repeat":"repeat","background-position":"center center","background-size":"auto","background-attachment":"scroll","background-type":"","background-media":"","overlay-type":"","overlay-color":"","overlay-opacity":"","overlay-gradient":""},"mobile":{"background-color":"","background-image":"","background-repeat":"repeat","background-position":"center center","background-size":"auto","background-attachment":"scroll","background-type":"","background-media":"","overlay-type":"","overlay-color":"","overlay-opacity":"","overlay-gradient":""}},"ast-content-background-meta":{"desktop":{"background-color":"var(--ast-global-color-5)","background-image":"","background-repeat":"repeat","background-position":"center center","background-size":"auto","background-attachment":"scroll","background-type":"","background-media":"","overlay-type":"","overlay-color":"","overlay-opacity":"","overlay-gradient":""},"tablet":{"background-color":"var(--ast-global-color-5)","background-image":"","background-repeat":"repeat","background-position":"center center","background-size":"auto","background-attachment":"scroll","background-type":"","background-media":"","overlay-type":"","overlay-color":"","overlay-opacity":"","overlay-gradient":""},"mobile":{"background-color":"var(--ast-global-color-5)","background-image":"","background-repeat":"repeat","background-position":"center center","background-size":"auto","background-attachment":"scroll","background-type":"","background-media":"","overlay-type":"","overlay-color":"","overlay-opacity":"","overlay-gradient":""}}},"product_cat":[43],"product_tag":[],"class_list":{"0":"post-7919","1":"product","2":"type-product","3":"status-publish","4":"has-post-thumbnail","6":"product_cat-wall-charger","7":"desktop-align-center","8":"tablet-align-center","9":"mobile-align-center","11":"first","12":"instock","13":"shipping-taxable","14":"product-type-simple"},"_links":{"self":[{"href":"https:\/\/imiapower.com\/fr\/wp-json\/wp\/v2\/product\/7919","targetHints":{"allow":["GET"]}}],"collection":[{"href":"https:\/\/imiapower.com\/fr\/wp-json\/wp\/v2\/product"}],"about":[{"href":"https:\/\/imiapower.com\/fr\/wp-json\/wp\/v2\/types\/product"}],"replies":[{"embeddable":true,"href":"https:\/\/imiapower.com\/fr\/wp-json\/wp\/v2\/comments?post=7919"}],"version-history":[{"count":3,"href":"https:\/\/imiapower.com\/fr\/wp-json\/wp\/v2\/product\/7919\/revisions"}],"predecessor-version":[{"id":7926,"href":"https:\/\/imiapower.com\/fr\/wp-json\/wp\/v2\/product\/7919\/revisions\/7926"}],"wp:featuredmedia":[{"embeddable":true,"href":"https:\/\/imiapower.com\/fr\/wp-json\/wp\/v2\/media\/7920"}],"wp:attachment":[{"href":"https:\/\/imiapower.com\/fr\/wp-json\/wp\/v2\/media?parent=7919"}],"wp:term":[{"taxonomy":"product_cat","embeddable":true,"href":"https:\/\/imiapower.com\/fr\/wp-json\/wp\/v2\/product_cat?post=7919"},{"taxonomy":"product_tag","embeddable":true,"href":"https:\/\/imiapower.com\/fr\/wp-json\/wp\/v2\/product_tag?post=7919"}],"curies":[{"name":"wp","href":"https:\/\/api.w.org\/{rel}","templated":true}]}}