{"id":7960,"date":"2024-06-17T07:24:25","date_gmt":"2024-06-17T07:24:25","guid":{"rendered":"https:\/\/imiapower.com\/?post_type=product&#038;p=7960"},"modified":"2024-11-12T08:13:44","modified_gmt":"2024-11-12T08:13:44","slug":"universal-power-adapter","status":"publish","type":"product","link":"https:\/\/imiapower.com\/fr\/products\/travel-adapter\/universal-power-adapter\/","title":{"rendered":"Adaptateur secteur universel constructif du fabricant chinois"},"content":{"rendered":"<ul>\n<li><strong>Adaptateur secteur universel<\/strong><\/li>\n<li><strong>Entr\u00e9e CA\u00a0:<\/strong>100 ~ 250 V\/CA 50-60 Hz 0,8 A<\/li>\n<li><strong>Sortie CA\u00a0:<\/strong>10A maximum (1000W\/100V ou 2400W\/240V)<\/li>\n<li><strong>Sortie USB :<\/strong>5V \/2,4A (MAX 12W)<\/li>\n<li><strong>Sortie de type C2\/C3\/C4\u00a0:<\/strong> 5V \/2,4A (MAX 12W)<\/li>\n<li><strong>Sortie de type C1\u00a0:<\/strong> 5V3A 9V3A 12V3A 15V3A 20V3.25A (MAX65W)<\/li>\n<li><strong>Taille:<\/strong> 76*50.5*57mm<\/li>\n<li><strong>Poids:<\/strong> 180g<\/li>\n<li><strong>Mat\u00e9riel:<\/strong> PC cuit + m\u00e9tal cuivr\u00e9<\/li>\n<\/ul>","protected":false},"excerpt":{"rendered":"<p>La mise \u00e0 la terre au Royaume-Uni aide \u00e0 prot\u00e9ger contre les chocs \u00e9lectriques et r\u00e9duit le risque de courts-circuits ou d&#039;incendies.<\/p>\n<p>Les prises britanniques comportent g\u00e9n\u00e9ralement une troisi\u00e8me broche pour la mise \u00e0 la terre, ce qui est important pour garantir la s\u00e9curit\u00e9 des appareils \u00e9lectriques, en particulier lorsque vous voyagez dans des r\u00e9gions aux normes \u00e9lectriques diff\u00e9rentes.<\/p>\n<p>De nombreux appareils sont con\u00e7us pour fonctionner avec des prises de terre, et l&#039;utilisation d&#039;un adaptateur de mise \u00e0 la terre \u00e0 broches britanniques garantit la compatibilit\u00e9 avec ces appareils<\/p>\n<p>C&#039;est particuli\u00e8rement important pour les appareils \u00e9lectroniques ou \u00e9lectrom\u00e9nagers sensibles qui n\u00e9cessitent une connexion \u00e9lectrique stable<\/p>\n<p>Les adaptateurs de voyage modernes doivent \u00eatre con\u00e7us pour \u00eatre l\u00e9gers, compacts et faciles \u00e0 utiliser. Les anciens adaptateurs de voyage doivent \u00eatre compatibles avec les broches de prise de diff\u00e9rents pays. Adaptateur secteur universel tout-en-un con\u00e7u avec diff\u00e9rentes broches de prise sur un seul produit.<\/p>\n<p>conversion de tension universelle, permettant aux utilisateurs de charger plusieurs appareils simultan\u00e9ment<\/p>\n<p>Ce type d&#039;adaptateur secteur universel est un article tr\u00e8s vendu, notamment dans les domaines de l&#039;\u00e9lectronique grand public, des voyages et du tourisme et des s\u00e9ries d&#039;articles cadeaux.<\/p>\n<p>La demande d&#039;adaptateurs de voyage efficaces, s\u00fbrs et multifonctionnels continue de cro\u00eetre, poussant les fabricants \u00e0 innover et \u00e0 exceller pour r\u00e9pondre aux besoins mondiaux<\/p>","protected":false},"featured_media":7961,"comment_status":"open","ping_status":"closed","template":"","meta":{"rank_math_lock_modified_date":false,"site-sidebar-layout":"default","site-content-layout":"","ast-site-content-layout":"default","site-content-style":"default","site-sidebar-style":"default","ast-global-header-display":"","ast-banner-title-visibility":"","ast-main-header-display":"","ast-hfb-above-header-display":"","ast-hfb-below-header-display":"","ast-hfb-mobile-header-display":"","site-post-title":"","ast-breadcrumbs-content":"","ast-featured-img":"","footer-sml-layout":"","ast-disable-related-posts":"","theme-transparent-header-meta":"default","adv-header-id-meta":"","stick-header-meta":"","header-above-stick-meta":"","header-main-stick-meta":"","header-below-stick-meta":"","astra-migrate-meta-layouts":"set","ast-page-background-enabled":"default","ast-page-background-meta":{"desktop":{"background-color":"","background-image":"","background-repeat":"repeat","background-position":"center center","background-size":"auto","background-attachment":"scroll","background-type":"","background-media":"","overlay-type":"","overlay-color":"","overlay-opacity":"","overlay-gradient":""},"tablet":{"background-color":"","background-image":"","background-repeat":"repeat","background-position":"center center","background-size":"auto","background-attachment":"scroll","background-type":"","background-media":"","overlay-type":"","overlay-color":"","overlay-opacity":"","overlay-gradient":""},"mobile":{"background-color":"","background-image":"","background-repeat":"repeat","background-position":"center center","background-size":"auto","background-attachment":"scroll","background-type":"","background-media":"","overlay-type":"","overlay-color":"","overlay-opacity":"","overlay-gradient":""}},"ast-content-background-meta":{"desktop":{"background-color":"var(--ast-global-color-5)","background-image":"","background-repeat":"repeat","background-position":"center center","background-size":"auto","background-attachment":"scroll","background-type":"","background-media":"","overlay-type":"","overlay-color":"","overlay-opacity":"","overlay-gradient":""},"tablet":{"background-color":"var(--ast-global-color-5)","background-image":"","background-repeat":"repeat","background-position":"center center","background-size":"auto","background-attachment":"scroll","background-type":"","background-media":"","overlay-type":"","overlay-color":"","overlay-opacity":"","overlay-gradient":""},"mobile":{"background-color":"var(--ast-global-color-5)","background-image":"","background-repeat":"repeat","background-position":"center center","background-size":"auto","background-attachment":"scroll","background-type":"","background-media":"","overlay-type":"","overlay-color":"","overlay-opacity":"","overlay-gradient":""}}},"product_cat":[64],"product_tag":[],"class_list":{"0":"post-7960","1":"product","2":"type-product","3":"status-publish","4":"has-post-thumbnail","6":"product_cat-travel-adapter","7":"desktop-align-center","8":"tablet-align-center","9":"mobile-align-center","11":"first","12":"instock","13":"shipping-taxable","14":"product-type-simple"},"_links":{"self":[{"href":"https:\/\/imiapower.com\/fr\/wp-json\/wp\/v2\/product\/7960","targetHints":{"allow":["GET"]}}],"collection":[{"href":"https:\/\/imiapower.com\/fr\/wp-json\/wp\/v2\/product"}],"about":[{"href":"https:\/\/imiapower.com\/fr\/wp-json\/wp\/v2\/types\/product"}],"replies":[{"embeddable":true,"href":"https:\/\/imiapower.com\/fr\/wp-json\/wp\/v2\/comments?post=7960"}],"version-history":[{"count":6,"href":"https:\/\/imiapower.com\/fr\/wp-json\/wp\/v2\/product\/7960\/revisions"}],"predecessor-version":[{"id":8672,"href":"https:\/\/imiapower.com\/fr\/wp-json\/wp\/v2\/product\/7960\/revisions\/8672"}],"wp:featuredmedia":[{"embeddable":true,"href":"https:\/\/imiapower.com\/fr\/wp-json\/wp\/v2\/media\/7961"}],"wp:attachment":[{"href":"https:\/\/imiapower.com\/fr\/wp-json\/wp\/v2\/media?parent=7960"}],"wp:term":[{"taxonomy":"product_cat","embeddable":true,"href":"https:\/\/imiapower.com\/fr\/wp-json\/wp\/v2\/product_cat?post=7960"},{"taxonomy":"product_tag","embeddable":true,"href":"https:\/\/imiapower.com\/fr\/wp-json\/wp\/v2\/product_tag?post=7960"}],"curies":[{"name":"wp","href":"https:\/\/api.w.org\/{rel}","templated":true}]}}