{"id":7970,"date":"2024-06-18T01:04:57","date_gmt":"2024-06-18T01:04:57","guid":{"rendered":"https:\/\/imiapower.com\/?post_type=product&#038;p=7970"},"modified":"2024-11-12T10:06:20","modified_gmt":"2024-11-12T10:06:20","slug":"power-plug-travel-adapter","status":"publish","type":"product","link":"https:\/\/imiapower.com\/fr\/products\/travel-adapter\/power-plug-travel-adapter\/","title":{"rendered":"Adaptateur de voyage avec prise d&#039;alimentation bon march\u00e9, fabrication chinoise"},"content":{"rendered":"<ul>\n<li><strong>adaptateur de voyage pour prise d&#039;alimentation<\/strong><\/li>\n<li><strong>Entr\u00e9e climatisation\u00a0:<\/strong> 100 V \u2013 250 V 50\/60 Hz<\/li>\n<li><strong>Sortie A\/C\u00a0:<\/strong> 1000W-110V\/2500W-250V \/ Fusible 10A max<\/li>\n<li><strong>Taille du produit:<\/strong> 75*50*45mm<\/li>\n<li><strong>Mat\u00e9riaux:<\/strong> PC ignifuge + cuivre pur<\/li>\n<li><strong>Type de connecteur:<\/strong> EU UK US AUS se branche tout en un<\/li>\n<li><strong>Usage:<\/strong> Changer de prise de voyage<\/li>\n<li><strong>Couleur:<\/strong> Blanc, noir, personnaliser les couleurs<\/li>\n<li><strong>Attestation\u00a0:<\/strong> Approuv\u00e9 CE FCC ROHS<\/li>\n<\/ul>","protected":false},"excerpt":{"rendered":"<p>L&#039;adaptateur de voyage avec prise d&#039;alimentation fonctionne dans plus de 150 pays, dont le Royaume-Uni, l&#039;Allemagne, l&#039;Italie, l&#039;Europe, le Moyen\/Extr\u00eame-Orient, la Tha\u00eflande, l&#039;Indon\u00e9sie, l&#039;Australie, la Nouvelle-Z\u00e9lande, les \u00c9tats-Unis, le Canada, le Mexique et l&#039;Am\u00e9rique du Sud.<\/p>\n<p>Les appareils \u00e0 haute puissance tels que les s\u00e8che-cheveux, les lisseurs, les fers \u00e0 repasser et les bouilloires peuvent \u00eatre utilis\u00e9s jusqu&#039;\u00e0 10 A\/2 000 W. Ils doivent prendre en charge la double tension 110 V\/250 V. L&#039;adaptateur NE convertit PAS la tension<\/p>\n<p>\u00c9vitez d&#039;endommager les appareils dot\u00e9s de circuits de protection thermique et contre les surcharges.<\/p>\n<p>Emballage manuel dans un sac en poly\u00e9thyl\u00e8ne, puis dans une bo\u00eete en papier kraft, toutes les 100 bo\u00eetes emball\u00e9es dans un carton d&#039;exportation principal<\/p>","protected":false},"featured_media":7975,"comment_status":"open","ping_status":"closed","template":"","meta":{"rank_math_lock_modified_date":false,"site-sidebar-layout":"default","site-content-layout":"","ast-site-content-layout":"default","site-content-style":"default","site-sidebar-style":"default","ast-global-header-display":"","ast-banner-title-visibility":"","ast-main-header-display":"","ast-hfb-above-header-display":"","ast-hfb-below-header-display":"","ast-hfb-mobile-header-display":"","site-post-title":"","ast-breadcrumbs-content":"","ast-featured-img":"","footer-sml-layout":"","ast-disable-related-posts":"","theme-transparent-header-meta":"default","adv-header-id-meta":"","stick-header-meta":"","header-above-stick-meta":"","header-main-stick-meta":"","header-below-stick-meta":"","astra-migrate-meta-layouts":"set","ast-page-background-enabled":"default","ast-page-background-meta":{"desktop":{"background-color":"","background-image":"","background-repeat":"repeat","background-position":"center center","background-size":"auto","background-attachment":"scroll","background-type":"","background-media":"","overlay-type":"","overlay-color":"","overlay-opacity":"","overlay-gradient":""},"tablet":{"background-color":"","background-image":"","background-repeat":"repeat","background-position":"center center","background-size":"auto","background-attachment":"scroll","background-type":"","background-media":"","overlay-type":"","overlay-color":"","overlay-opacity":"","overlay-gradient":""},"mobile":{"background-color":"","background-image":"","background-repeat":"repeat","background-position":"center center","background-size":"auto","background-attachment":"scroll","background-type":"","background-media":"","overlay-type":"","overlay-color":"","overlay-opacity":"","overlay-gradient":""}},"ast-content-background-meta":{"desktop":{"background-color":"var(--ast-global-color-5)","background-image":"","background-repeat":"repeat","background-position":"center center","background-size":"auto","background-attachment":"scroll","background-type":"","background-media":"","overlay-type":"","overlay-color":"","overlay-opacity":"","overlay-gradient":""},"tablet":{"background-color":"var(--ast-global-color-5)","background-image":"","background-repeat":"repeat","background-position":"center center","background-size":"auto","background-attachment":"scroll","background-type":"","background-media":"","overlay-type":"","overlay-color":"","overlay-opacity":"","overlay-gradient":""},"mobile":{"background-color":"var(--ast-global-color-5)","background-image":"","background-repeat":"repeat","background-position":"center center","background-size":"auto","background-attachment":"scroll","background-type":"","background-media":"","overlay-type":"","overlay-color":"","overlay-opacity":"","overlay-gradient":""}}},"product_cat":[64],"product_tag":[],"class_list":{"0":"post-7970","1":"product","2":"type-product","3":"status-publish","4":"has-post-thumbnail","6":"product_cat-travel-adapter","7":"desktop-align-center","8":"tablet-align-center","9":"mobile-align-center","11":"first","12":"instock","13":"shipping-taxable","14":"product-type-simple"},"_links":{"self":[{"href":"https:\/\/imiapower.com\/fr\/wp-json\/wp\/v2\/product\/7970","targetHints":{"allow":["GET"]}}],"collection":[{"href":"https:\/\/imiapower.com\/fr\/wp-json\/wp\/v2\/product"}],"about":[{"href":"https:\/\/imiapower.com\/fr\/wp-json\/wp\/v2\/types\/product"}],"replies":[{"embeddable":true,"href":"https:\/\/imiapower.com\/fr\/wp-json\/wp\/v2\/comments?post=7970"}],"version-history":[{"count":4,"href":"https:\/\/imiapower.com\/fr\/wp-json\/wp\/v2\/product\/7970\/revisions"}],"predecessor-version":[{"id":7978,"href":"https:\/\/imiapower.com\/fr\/wp-json\/wp\/v2\/product\/7970\/revisions\/7978"}],"wp:featuredmedia":[{"embeddable":true,"href":"https:\/\/imiapower.com\/fr\/wp-json\/wp\/v2\/media\/7975"}],"wp:attachment":[{"href":"https:\/\/imiapower.com\/fr\/wp-json\/wp\/v2\/media?parent=7970"}],"wp:term":[{"taxonomy":"product_cat","embeddable":true,"href":"https:\/\/imiapower.com\/fr\/wp-json\/wp\/v2\/product_cat?post=7970"},{"taxonomy":"product_tag","embeddable":true,"href":"https:\/\/imiapower.com\/fr\/wp-json\/wp\/v2\/product_tag?post=7970"}],"curies":[{"name":"wp","href":"https:\/\/api.w.org\/{rel}","templated":true}]}}