{"id":8008,"date":"2024-06-19T00:51:20","date_gmt":"2024-06-19T00:51:20","guid":{"rendered":"https:\/\/imiapower.com\/?post_type=product&#038;p=8008"},"modified":"2024-06-19T01:06:42","modified_gmt":"2024-06-19T01:06:42","slug":"adaptors-for-international-travel","status":"publish","type":"product","link":"https:\/\/imiapower.com\/fr\/products\/travel-adapter\/adaptors-for-international-travel\/","title":{"rendered":"Adaptateurs cr\u00e9atifs pour les voyages internationaux 45w"},"content":{"rendered":"<ul>\n<li><strong>adaptateurs pour voyages internationaux<\/strong><\/li>\n<li><strong>Entr\u00e9e CA\u00a0:<\/strong>100 ~ 250 V\/CA 50-60 Hz 0,8 A<\/li>\n<li><strong>Sortie CA\u00a0:<\/strong>10A maximum (1000W\/100V ou 2400W\/240V)<\/li>\n<li><strong>Sortie USB :<\/strong> 5 V 2,4 A (maximum 12 W)<\/li>\n<li><strong>Sortie de type C1\/C2\/C3\u00a0:<\/strong> 5 V 2,4 A (maximum 12 W)<\/li>\n<li><strong>Sortie type C4 :<\/strong> 5 V, 3 A 9 V, 3 A 12 V, 3 A 15 V, 3 A 20 V, 2,25 A (MAX 45 W)<\/li>\n<li><strong>Taille:<\/strong>76*50.5*57mm<\/li>\n<li><strong>Couleur: <\/strong>noir\/blanc\/jaune\/vert ou couleur personnalis\u00e9e<\/li>\n<li><strong>Poids:<\/strong>180g<\/li>\n<li><strong>Mat\u00e9riel:<\/strong> PC cuit + m\u00e9tal cuivr\u00e9<\/li>\n<li><strong>Certificat :<\/strong> UKCA, CE, FCC, RoHS, REACH<\/li>\n<\/ul>","protected":false},"excerpt":{"rendered":"<p>Ces adaptateurs de conception pour les voyages internationaux bas\u00e9s sur une id\u00e9e de conteneur d&#039;exp\u00e9dition avec diff\u00e9rentes couleurs peuvent \u00eatre choisis<\/p>\n<p>Conception de tension sauvage de 100 V \u00e0 250 V qui peut \u00eatre utilis\u00e9e dans le monde entier<\/p>\n<p>Ce mod\u00e8le peut \u00eatre fabriqu\u00e9 en option 20w\/35w\/45w\/65w<\/p>\n<p>Avec 4 ports de chargement de type C, \u00e9tant donn\u00e9 que les c\u00e2bles de type C jouent un r\u00f4le important sur le march\u00e9 \u00e9lectronique, notre conception suit la tendance du march\u00e9 et r\u00e9pond en m\u00eame temps au chargement des appareils \u00e9lectroniques.<\/p>\n<p>Prise universelle, adapt\u00e9e aux broches UE\/Royaume-Uni\/\u00c9tats-Unis\/\u00c9tats-Unis\/Afrique du Sud\/Inde tandis que certains mod\u00e8les concurrents ne conviennent pas aux broches Afrique du Sud.<\/p>\n<p><img fetchpriority=\"high\" decoding=\"async\" class=\"alignnone\" src=\"https:\/\/p.globalsources.com\/IMAGES\/PDT\/B6020382707\/international-Travel-Adapter.jpg\" alt=\"adaptateurs pour voyages internationaux\" width=\"448\" height=\"448\" \/><\/p>\n<p>Nous avons fourni 1 an de garantie pour ce type de produit<\/p>\n<p>Des \u00e9chantillons gratuits peuvent \u00eatre fournis et le d\u00e9lai de production en vrac est d&#039;environ 25 \u00e0 30 jours<\/p>\n<p>&nbsp;<\/p>\n<p>&nbsp;<\/p>\n<p>&nbsp;<\/p>","protected":false},"featured_media":8010,"comment_status":"open","ping_status":"closed","template":"","meta":{"rank_math_lock_modified_date":false,"site-sidebar-layout":"default","site-content-layout":"","ast-site-content-layout":"default","site-content-style":"default","site-sidebar-style":"default","ast-global-header-display":"","ast-banner-title-visibility":"","ast-main-header-display":"","ast-hfb-above-header-display":"","ast-hfb-below-header-display":"","ast-hfb-mobile-header-display":"","site-post-title":"","ast-breadcrumbs-content":"","ast-featured-img":"","footer-sml-layout":"","ast-disable-related-posts":"","theme-transparent-header-meta":"default","adv-header-id-meta":"","stick-header-meta":"","header-above-stick-meta":"","header-main-stick-meta":"","header-below-stick-meta":"","astra-migrate-meta-layouts":"set","ast-page-background-enabled":"default","ast-page-background-meta":{"desktop":{"background-color":"","background-image":"","background-repeat":"repeat","background-position":"center center","background-size":"auto","background-attachment":"scroll","background-type":"","background-media":"","overlay-type":"","overlay-color":"","overlay-opacity":"","overlay-gradient":""},"tablet":{"background-color":"","background-image":"","background-repeat":"repeat","background-position":"center center","background-size":"auto","background-attachment":"scroll","background-type":"","background-media":"","overlay-type":"","overlay-color":"","overlay-opacity":"","overlay-gradient":""},"mobile":{"background-color":"","background-image":"","background-repeat":"repeat","background-position":"center center","background-size":"auto","background-attachment":"scroll","background-type":"","background-media":"","overlay-type":"","overlay-color":"","overlay-opacity":"","overlay-gradient":""}},"ast-content-background-meta":{"desktop":{"background-color":"var(--ast-global-color-5)","background-image":"","background-repeat":"repeat","background-position":"center center","background-size":"auto","background-attachment":"scroll","background-type":"","background-media":"","overlay-type":"","overlay-color":"","overlay-opacity":"","overlay-gradient":""},"tablet":{"background-color":"var(--ast-global-color-5)","background-image":"","background-repeat":"repeat","background-position":"center center","background-size":"auto","background-attachment":"scroll","background-type":"","background-media":"","overlay-type":"","overlay-color":"","overlay-opacity":"","overlay-gradient":""},"mobile":{"background-color":"var(--ast-global-color-5)","background-image":"","background-repeat":"repeat","background-position":"center center","background-size":"auto","background-attachment":"scroll","background-type":"","background-media":"","overlay-type":"","overlay-color":"","overlay-opacity":"","overlay-gradient":""}}},"product_cat":[64],"product_tag":[],"class_list":{"0":"post-8008","1":"product","2":"type-product","3":"status-publish","4":"has-post-thumbnail","6":"product_cat-travel-adapter","7":"desktop-align-center","8":"tablet-align-center","9":"mobile-align-center","11":"first","12":"instock","13":"shipping-taxable","14":"product-type-simple"},"_links":{"self":[{"href":"https:\/\/imiapower.com\/fr\/wp-json\/wp\/v2\/product\/8008","targetHints":{"allow":["GET"]}}],"collection":[{"href":"https:\/\/imiapower.com\/fr\/wp-json\/wp\/v2\/product"}],"about":[{"href":"https:\/\/imiapower.com\/fr\/wp-json\/wp\/v2\/types\/product"}],"replies":[{"embeddable":true,"href":"https:\/\/imiapower.com\/fr\/wp-json\/wp\/v2\/comments?post=8008"}],"version-history":[{"count":3,"href":"https:\/\/imiapower.com\/fr\/wp-json\/wp\/v2\/product\/8008\/revisions"}],"predecessor-version":[{"id":8016,"href":"https:\/\/imiapower.com\/fr\/wp-json\/wp\/v2\/product\/8008\/revisions\/8016"}],"wp:featuredmedia":[{"embeddable":true,"href":"https:\/\/imiapower.com\/fr\/wp-json\/wp\/v2\/media\/8010"}],"wp:attachment":[{"href":"https:\/\/imiapower.com\/fr\/wp-json\/wp\/v2\/media?parent=8008"}],"wp:term":[{"taxonomy":"product_cat","embeddable":true,"href":"https:\/\/imiapower.com\/fr\/wp-json\/wp\/v2\/product_cat?post=8008"},{"taxonomy":"product_tag","embeddable":true,"href":"https:\/\/imiapower.com\/fr\/wp-json\/wp\/v2\/product_tag?post=8008"}],"curies":[{"name":"wp","href":"https:\/\/api.w.org\/{rel}","templated":true}]}}