{"id":8069,"date":"2024-07-01T02:22:09","date_gmt":"2024-07-01T02:22:09","guid":{"rendered":"https:\/\/imiapower.com\/?post_type=product&#038;p=8069"},"modified":"2024-07-01T02:25:09","modified_gmt":"2024-07-01T02:25:09","slug":"universal-adapter","status":"publish","type":"product","link":"https:\/\/imiapower.com\/fr\/products\/travel-adapter\/universal-adapter\/","title":{"rendered":"Adaptateur universel innovant 30w"},"content":{"rendered":"<ul>\n<li><strong>Adaptateur universel<\/strong><\/li>\n<li><strong>Entr\u00e9e CA\u00a0:<\/strong> 100 ~ 250 V\/CA 50-60 Hz<\/li>\n<li><strong>Sortie CA\u00a0: <\/strong>6A maximum (660W\/100V ou 1330W\/250V)<\/li>\n<li><strong>Sortie PD\u00a0:<\/strong> 5V3A\/9V3A\/12V2,5A\/15V2A\/20V1,5A (maximum 30W)<\/li>\n<li><strong>Sortie QC3.0\u00a0:<\/strong> 5V3A\/9V2A\/12V1,5A (maximum 18W)<\/li>\n<li><strong>Sortie PD+QC\u00a0:<\/strong> 5 V 4 A (maximum 20 W)<\/li>\n<li><strong>\u00a0Taille:<\/strong> 50x70x55mm<\/li>\n<li><strong>Mat\u00e9riel:<\/strong> PC cuit + m\u00e9tal de cuivre + huile de caoutchouc<\/li>\n<li><strong>Marque:<\/strong> EU\/AU\/UK\/US tout-en-un peut \u00eatre utilis\u00e9 dans plus de 170 pays<\/li>\n<li><strong>Certificat :<\/strong> CE, RoHS<\/li>\n<\/ul>","protected":false},"excerpt":{"rendered":"<p>Cet adaptateur universel est un adaptateur de voyage au design de football \u00e0 la mode avec un chargeur rapide USB Type-C PD 30 W, un adaptateur de prise de voyage universel pour le chargement d&#039;\u00e9nergie en voyage international. Conception la plus s\u00fbre Fusible \u00e0 r\u00e9armement automatique 8A int\u00e9gr\u00e9<\/p>\n<p>La conception tout-en-un fonctionne dans plus de 170 pays, dont le Royaume-Uni, l&#039;Allemagne, l&#039;Italie, l&#039;Europe, le Moyen\/Extr\u00eame-Orient, la Tha\u00eflande, l&#039;Indon\u00e9sie, l&#039;Australie, la Nouvelle-Z\u00e9lande, les \u00c9tats-Unis, le Canada, le Mexique et l&#039;Am\u00e9rique du Sud.<\/p>\n<p>Les appareils \u00e0 haute puissance tels que les s\u00e8che-cheveux, les lisseurs, les fers \u00e0 repasser et les bouilloires peuvent \u00eatre utilis\u00e9s jusqu&#039;\u00e0 10 A\/2 000 W. Ils doivent prendre en charge la double tension 110 V\/250 V. L&#039;adaptateur NE convertit PAS la tension<\/p>\n<p>\u00c9vitez d&#039;endommager les appareils dot\u00e9s de circuits de protection thermique et contre les surcharges. Fusible de r\u00e9initialisation automatique 8A int\u00e9gr\u00e9. Plus s\u00fbr que le fusible commun et sans remplacement de fusible. Volets de s\u00e9curit\u00e9 int\u00e9gr\u00e9s et conception de verrouillage \u00e0 prise. Certifi\u00e9 CE FCC ROHS<\/p>\n<p>&nbsp;<\/p>","protected":false},"featured_media":8071,"comment_status":"open","ping_status":"closed","template":"","meta":{"rank_math_lock_modified_date":false,"site-sidebar-layout":"default","site-content-layout":"","ast-site-content-layout":"default","site-content-style":"default","site-sidebar-style":"default","ast-global-header-display":"","ast-banner-title-visibility":"","ast-main-header-display":"","ast-hfb-above-header-display":"","ast-hfb-below-header-display":"","ast-hfb-mobile-header-display":"","site-post-title":"","ast-breadcrumbs-content":"","ast-featured-img":"","footer-sml-layout":"","ast-disable-related-posts":"","theme-transparent-header-meta":"default","adv-header-id-meta":"","stick-header-meta":"","header-above-stick-meta":"","header-main-stick-meta":"","header-below-stick-meta":"","astra-migrate-meta-layouts":"set","ast-page-background-enabled":"default","ast-page-background-meta":{"desktop":{"background-color":"","background-image":"","background-repeat":"repeat","background-position":"center center","background-size":"auto","background-attachment":"scroll","background-type":"","background-media":"","overlay-type":"","overlay-color":"","overlay-opacity":"","overlay-gradient":""},"tablet":{"background-color":"","background-image":"","background-repeat":"repeat","background-position":"center center","background-size":"auto","background-attachment":"scroll","background-type":"","background-media":"","overlay-type":"","overlay-color":"","overlay-opacity":"","overlay-gradient":""},"mobile":{"background-color":"","background-image":"","background-repeat":"repeat","background-position":"center center","background-size":"auto","background-attachment":"scroll","background-type":"","background-media":"","overlay-type":"","overlay-color":"","overlay-opacity":"","overlay-gradient":""}},"ast-content-background-meta":{"desktop":{"background-color":"var(--ast-global-color-5)","background-image":"","background-repeat":"repeat","background-position":"center center","background-size":"auto","background-attachment":"scroll","background-type":"","background-media":"","overlay-type":"","overlay-color":"","overlay-opacity":"","overlay-gradient":""},"tablet":{"background-color":"var(--ast-global-color-5)","background-image":"","background-repeat":"repeat","background-position":"center center","background-size":"auto","background-attachment":"scroll","background-type":"","background-media":"","overlay-type":"","overlay-color":"","overlay-opacity":"","overlay-gradient":""},"mobile":{"background-color":"var(--ast-global-color-5)","background-image":"","background-repeat":"repeat","background-position":"center center","background-size":"auto","background-attachment":"scroll","background-type":"","background-media":"","overlay-type":"","overlay-color":"","overlay-opacity":"","overlay-gradient":""}}},"product_cat":[64],"product_tag":[],"class_list":{"0":"post-8069","1":"product","2":"type-product","3":"status-publish","4":"has-post-thumbnail","6":"product_cat-travel-adapter","7":"desktop-align-center","8":"tablet-align-center","9":"mobile-align-center","11":"first","12":"instock","13":"shipping-taxable","14":"product-type-simple"},"_links":{"self":[{"href":"https:\/\/imiapower.com\/fr\/wp-json\/wp\/v2\/product\/8069","targetHints":{"allow":["GET"]}}],"collection":[{"href":"https:\/\/imiapower.com\/fr\/wp-json\/wp\/v2\/product"}],"about":[{"href":"https:\/\/imiapower.com\/fr\/wp-json\/wp\/v2\/types\/product"}],"replies":[{"embeddable":true,"href":"https:\/\/imiapower.com\/fr\/wp-json\/wp\/v2\/comments?post=8069"}],"version-history":[{"count":3,"href":"https:\/\/imiapower.com\/fr\/wp-json\/wp\/v2\/product\/8069\/revisions"}],"predecessor-version":[{"id":8076,"href":"https:\/\/imiapower.com\/fr\/wp-json\/wp\/v2\/product\/8069\/revisions\/8076"}],"wp:featuredmedia":[{"embeddable":true,"href":"https:\/\/imiapower.com\/fr\/wp-json\/wp\/v2\/media\/8071"}],"wp:attachment":[{"href":"https:\/\/imiapower.com\/fr\/wp-json\/wp\/v2\/media?parent=8069"}],"wp:term":[{"taxonomy":"product_cat","embeddable":true,"href":"https:\/\/imiapower.com\/fr\/wp-json\/wp\/v2\/product_cat?post=8069"},{"taxonomy":"product_tag","embeddable":true,"href":"https:\/\/imiapower.com\/fr\/wp-json\/wp\/v2\/product_tag?post=8069"}],"curies":[{"name":"wp","href":"https:\/\/api.w.org\/{rel}","templated":true}]}}