{"id":8077,"date":"2024-07-01T03:32:03","date_gmt":"2024-07-01T03:32:03","guid":{"rendered":"https:\/\/imiapower.com\/?post_type=product&#038;p=8077"},"modified":"2024-11-15T09:28:01","modified_gmt":"2024-11-15T09:28:01","slug":"universal-plug","status":"publish","type":"product","link":"https:\/\/imiapower.com\/fr\/products\/travel-adapter\/universal-plug\/","title":{"rendered":"Prise universelle bon march\u00e9 12w usine en Chine"},"content":{"rendered":"<ul>\n<li><strong>Prise universelle<\/strong><\/li>\n<li><strong>Entr\u00e9e CA\u00a0:<\/strong>110 ~ 240 V\/CA 50-60 Hz<\/li>\n<li>\u00a0<strong>Sortie CA\u00a0:<\/strong>6A maximum (660W\/110V ou 1440W\/240V)<\/li>\n<li><strong>Sortie USB :<\/strong>5V 2400mA (total)<\/li>\n<li><strong>Taille:<\/strong>64,5x53x61,5mm<\/li>\n<li><strong>Mat\u00e9riel :<\/strong> ABS + cuivre m\u00e9tal<\/li>\n<li><strong>Marque:<\/strong> EU\/AU\/UK\/US tout-en-un peut \u00eatre utilis\u00e9 dans plus de 170 pays<\/li>\n<li><strong>Certificat :<\/strong> CE, RoHS<\/li>\n<li><strong>Service: <\/strong>Garantie 1 an<\/li>\n<li><strong>Emballer:<\/strong> bo\u00eete de couleur personnalis\u00e9e ou bo\u00eete blister<\/li>\n<\/ul>","protected":false},"excerpt":{"rendered":"<p>La prise universelle est un dispositif de chargement qui comprend quatre prises diff\u00e9rentes (USA\/AUS\/EU\/UK) qui r\u00e9pondent aux normes de prise de la plupart des pays.<\/p>\n<p>Ce mod\u00e8le avec sa petite taille et sa facilit\u00e9 \u00e0 r\u00e9aliser lorsque nous voyageons dans diff\u00e9rents pays, \u00e9galement avec son prix bon march\u00e9, nous pouvons le voir dans de nombreux magasins de voyage et cha\u00eenes de supermarch\u00e9s<\/p>\n<p>Avec l&#039;am\u00e9lioration du niveau \u00e9conomique, de plus en plus de personnes voyagent dans diff\u00e9rents pays, et cela deviendra un \u00e9l\u00e9ment incontournable de nos voyages.<\/p>\n<p>&nbsp;<\/p>","protected":false},"featured_media":8084,"comment_status":"open","ping_status":"closed","template":"","meta":{"rank_math_lock_modified_date":false,"site-sidebar-layout":"default","site-content-layout":"","ast-site-content-layout":"default","site-content-style":"default","site-sidebar-style":"default","ast-global-header-display":"","ast-banner-title-visibility":"","ast-main-header-display":"","ast-hfb-above-header-display":"","ast-hfb-below-header-display":"","ast-hfb-mobile-header-display":"","site-post-title":"","ast-breadcrumbs-content":"","ast-featured-img":"","footer-sml-layout":"","ast-disable-related-posts":"","theme-transparent-header-meta":"default","adv-header-id-meta":"","stick-header-meta":"","header-above-stick-meta":"","header-main-stick-meta":"","header-below-stick-meta":"","astra-migrate-meta-layouts":"set","ast-page-background-enabled":"default","ast-page-background-meta":{"desktop":{"background-color":"","background-image":"","background-repeat":"repeat","background-position":"center center","background-size":"auto","background-attachment":"scroll","background-type":"","background-media":"","overlay-type":"","overlay-color":"","overlay-opacity":"","overlay-gradient":""},"tablet":{"background-color":"","background-image":"","background-repeat":"repeat","background-position":"center center","background-size":"auto","background-attachment":"scroll","background-type":"","background-media":"","overlay-type":"","overlay-color":"","overlay-opacity":"","overlay-gradient":""},"mobile":{"background-color":"","background-image":"","background-repeat":"repeat","background-position":"center center","background-size":"auto","background-attachment":"scroll","background-type":"","background-media":"","overlay-type":"","overlay-color":"","overlay-opacity":"","overlay-gradient":""}},"ast-content-background-meta":{"desktop":{"background-color":"var(--ast-global-color-5)","background-image":"","background-repeat":"repeat","background-position":"center center","background-size":"auto","background-attachment":"scroll","background-type":"","background-media":"","overlay-type":"","overlay-color":"","overlay-opacity":"","overlay-gradient":""},"tablet":{"background-color":"var(--ast-global-color-5)","background-image":"","background-repeat":"repeat","background-position":"center center","background-size":"auto","background-attachment":"scroll","background-type":"","background-media":"","overlay-type":"","overlay-color":"","overlay-opacity":"","overlay-gradient":""},"mobile":{"background-color":"var(--ast-global-color-5)","background-image":"","background-repeat":"repeat","background-position":"center center","background-size":"auto","background-attachment":"scroll","background-type":"","background-media":"","overlay-type":"","overlay-color":"","overlay-opacity":"","overlay-gradient":""}}},"product_cat":[64],"product_tag":[],"class_list":{"0":"post-8077","1":"product","2":"type-product","3":"status-publish","4":"has-post-thumbnail","6":"product_cat-travel-adapter","7":"desktop-align-center","8":"tablet-align-center","9":"mobile-align-center","11":"first","12":"instock","13":"shipping-taxable","14":"product-type-simple"},"_links":{"self":[{"href":"https:\/\/imiapower.com\/fr\/wp-json\/wp\/v2\/product\/8077","targetHints":{"allow":["GET"]}}],"collection":[{"href":"https:\/\/imiapower.com\/fr\/wp-json\/wp\/v2\/product"}],"about":[{"href":"https:\/\/imiapower.com\/fr\/wp-json\/wp\/v2\/types\/product"}],"replies":[{"embeddable":true,"href":"https:\/\/imiapower.com\/fr\/wp-json\/wp\/v2\/comments?post=8077"}],"version-history":[{"count":4,"href":"https:\/\/imiapower.com\/fr\/wp-json\/wp\/v2\/product\/8077\/revisions"}],"predecessor-version":[{"id":8089,"href":"https:\/\/imiapower.com\/fr\/wp-json\/wp\/v2\/product\/8077\/revisions\/8089"}],"wp:featuredmedia":[{"embeddable":true,"href":"https:\/\/imiapower.com\/fr\/wp-json\/wp\/v2\/media\/8084"}],"wp:attachment":[{"href":"https:\/\/imiapower.com\/fr\/wp-json\/wp\/v2\/media?parent=8077"}],"wp:term":[{"taxonomy":"product_cat","embeddable":true,"href":"https:\/\/imiapower.com\/fr\/wp-json\/wp\/v2\/product_cat?post=8077"},{"taxonomy":"product_tag","embeddable":true,"href":"https:\/\/imiapower.com\/fr\/wp-json\/wp\/v2\/product_tag?post=8077"}],"curies":[{"name":"wp","href":"https:\/\/api.w.org\/{rel}","templated":true}]}}