{"id":8119,"date":"2024-07-12T02:36:37","date_gmt":"2024-07-12T02:36:37","guid":{"rendered":"https:\/\/imiapower.com\/?post_type=product&#038;p=8119"},"modified":"2024-07-24T00:39:12","modified_gmt":"2024-07-24T00:39:12","slug":"travel-smart-adapter","status":"publish","type":"product","link":"https:\/\/imiapower.com\/fr\/products\/travel-adapter\/travel-smart-adapter\/","title":{"rendered":"Adaptateur intelligent de voyage bon march\u00e9 20w en provenance de Chine"},"content":{"rendered":"<ul>\n<li><strong>adaptateur intelligent de voyage<\/strong><\/li>\n<li><strong>Ports USB de type C\u00a0:\u00a0<\/strong> 5 V\/3 A, 9 V\/2,23 A, 12 V\/1,67 A, 20 V\/1 A, (20 W maximum)<\/li>\n<li><strong>Ports USB-A\u00a0:<\/strong> intelligent 5 V\/2,4 A maximum,<\/li>\n<li><strong>Entr\u00e9e climatisation\u00a0:<\/strong>100 V \u2013 250 V 50\/60 Hz<\/li>\n<li><strong>Sortie A\/C\u00a0:<\/strong> 880W-110V\/2000W-250V \/ Fusible 8A max<\/li>\n<li><strong>Taille du produit:<\/strong> 70*50*55mm<\/li>\n<li><strong>Mat\u00e9riaux:\u00a0<\/strong> PC ignifuge + cuivre pur<\/li>\n<li><strong>Type de connecteur:<\/strong>\u00a0 EU UK US AUS se branche tout en un<\/li>\n<li><strong>Prise femelle\u00a0:\u00a0<\/strong> Universel dans le monde entier<\/li>\n<li><strong>Zone appropri\u00e9e\u00a0:<\/strong>\u00a0 Universel pour plus de 170 pays Le meilleur compagnon pour les voyages internationaux<\/li>\n<li><strong>Mise \u00e0 la terre\u00a0:<\/strong> Aucune mise \u00e0 la terre<\/li>\n<li><strong>Couleur:\u00a0<\/strong> Blanc, noir, personnaliser les couleurs<\/li>\n<li><strong>Qualit\u00e9 standard:<\/strong>\u00a0 Approuv\u00e9 CE FCC ROHS<\/li>\n<li><strong>Exemple de d\u00e9lai de livraison\u00a0:\u00a0<\/strong> Logo personnalis\u00e9 3 jours, emballage personnalis\u00e9 5 jours, \u00e9chantillon de couleur de produit personnalis\u00e9 10 jours.<\/li>\n<li><strong>Garantie:\u00a0<\/strong> Nous \u00e9changeons gratuitement le produit d\u00e9fectueux contre un neuf pendant une p\u00e9riode de garantie de 12 mois.<\/li>\n<li><strong>Service personnalis\u00e9:<\/strong>\u00a0 Nous fournissons une conception gratuite pour votre package OEM et une impression gratuite du logo OEM sur les produits.<\/li>\n<\/ul>","protected":false},"excerpt":{"rendered":"<p>L&#039;adaptateur intelligent de voyage est un adaptateur mondial que nous pouvons emporter lors de nos voyages d&#039;affaires dans diff\u00e9rents pays.<\/p>","protected":false},"featured_media":8117,"comment_status":"open","ping_status":"closed","template":"","meta":{"rank_math_lock_modified_date":false,"site-sidebar-layout":"default","site-content-layout":"","ast-site-content-layout":"default","site-content-style":"default","site-sidebar-style":"default","ast-global-header-display":"","ast-banner-title-visibility":"","ast-main-header-display":"","ast-hfb-above-header-display":"","ast-hfb-below-header-display":"","ast-hfb-mobile-header-display":"","site-post-title":"","ast-breadcrumbs-content":"","ast-featured-img":"","footer-sml-layout":"","ast-disable-related-posts":"","theme-transparent-header-meta":"default","adv-header-id-meta":"","stick-header-meta":"","header-above-stick-meta":"","header-main-stick-meta":"","header-below-stick-meta":"","astra-migrate-meta-layouts":"set","ast-page-background-enabled":"default","ast-page-background-meta":{"desktop":{"background-color":"","background-image":"","background-repeat":"repeat","background-position":"center center","background-size":"auto","background-attachment":"scroll","background-type":"","background-media":"","overlay-type":"","overlay-color":"","overlay-opacity":"","overlay-gradient":""},"tablet":{"background-color":"","background-image":"","background-repeat":"repeat","background-position":"center center","background-size":"auto","background-attachment":"scroll","background-type":"","background-media":"","overlay-type":"","overlay-color":"","overlay-opacity":"","overlay-gradient":""},"mobile":{"background-color":"","background-image":"","background-repeat":"repeat","background-position":"center center","background-size":"auto","background-attachment":"scroll","background-type":"","background-media":"","overlay-type":"","overlay-color":"","overlay-opacity":"","overlay-gradient":""}},"ast-content-background-meta":{"desktop":{"background-color":"var(--ast-global-color-5)","background-image":"","background-repeat":"repeat","background-position":"center center","background-size":"auto","background-attachment":"scroll","background-type":"","background-media":"","overlay-type":"","overlay-color":"","overlay-opacity":"","overlay-gradient":""},"tablet":{"background-color":"var(--ast-global-color-5)","background-image":"","background-repeat":"repeat","background-position":"center center","background-size":"auto","background-attachment":"scroll","background-type":"","background-media":"","overlay-type":"","overlay-color":"","overlay-opacity":"","overlay-gradient":""},"mobile":{"background-color":"var(--ast-global-color-5)","background-image":"","background-repeat":"repeat","background-position":"center center","background-size":"auto","background-attachment":"scroll","background-type":"","background-media":"","overlay-type":"","overlay-color":"","overlay-opacity":"","overlay-gradient":""}}},"product_cat":[64],"product_tag":[],"class_list":{"0":"post-8119","1":"product","2":"type-product","3":"status-publish","4":"has-post-thumbnail","6":"product_cat-travel-adapter","7":"desktop-align-center","8":"tablet-align-center","9":"mobile-align-center","11":"first","12":"instock","13":"shipping-taxable","14":"product-type-simple"},"_links":{"self":[{"href":"https:\/\/imiapower.com\/fr\/wp-json\/wp\/v2\/product\/8119","targetHints":{"allow":["GET"]}}],"collection":[{"href":"https:\/\/imiapower.com\/fr\/wp-json\/wp\/v2\/product"}],"about":[{"href":"https:\/\/imiapower.com\/fr\/wp-json\/wp\/v2\/types\/product"}],"replies":[{"embeddable":true,"href":"https:\/\/imiapower.com\/fr\/wp-json\/wp\/v2\/comments?post=8119"}],"version-history":[{"count":5,"href":"https:\/\/imiapower.com\/fr\/wp-json\/wp\/v2\/product\/8119\/revisions"}],"predecessor-version":[{"id":8125,"href":"https:\/\/imiapower.com\/fr\/wp-json\/wp\/v2\/product\/8119\/revisions\/8125"}],"wp:featuredmedia":[{"embeddable":true,"href":"https:\/\/imiapower.com\/fr\/wp-json\/wp\/v2\/media\/8117"}],"wp:attachment":[{"href":"https:\/\/imiapower.com\/fr\/wp-json\/wp\/v2\/media?parent=8119"}],"wp:term":[{"taxonomy":"product_cat","embeddable":true,"href":"https:\/\/imiapower.com\/fr\/wp-json\/wp\/v2\/product_cat?post=8119"},{"taxonomy":"product_tag","embeddable":true,"href":"https:\/\/imiapower.com\/fr\/wp-json\/wp\/v2\/product_tag?post=8119"}],"curies":[{"name":"wp","href":"https:\/\/api.w.org\/{rel}","templated":true}]}}