{"id":8212,"date":"2024-08-01T03:32:18","date_gmt":"2024-08-01T03:32:18","guid":{"rendered":"https:\/\/imiapower.com\/?post_type=product&#038;p=8212"},"modified":"2024-08-16T10:07:26","modified_gmt":"2024-08-16T10:07:26","slug":"travel-plug-adapters","status":"publish","type":"product","link":"https:\/\/imiapower.com\/fr\/products\/travel-adapter\/travel-plug-adapters\/","title":{"rendered":"Adaptateurs de prise de voyage puissants, fournisseur 30w en Chine"},"content":{"rendered":"<ul>\n<li><strong>adaptateurs de prise de voyage<\/strong><\/li>\n<li><strong>Entr\u00e9e CA\u00a0:<\/strong>100 ~ 250 V\/CA 50-60 Hz<\/li>\n<li><strong>Sortie CA\u00a0:<\/strong>6A maximum (660W\/100V ou 1330W\/250V)<\/li>\n<li><strong>Sortie PD\u00a0:<\/strong> 5V3A\/9V3A\/12V2,5A\/15V2A\/20V1,5A (maximum 30W)<\/li>\n<li><strong>Sortie QC3.0\u00a0:<\/strong> 5V3A\/9V2A\/12V1,5A (maximum 18W)<\/li>\n<li><strong>PD+QC :<\/strong> 5 V 4 A (maximum 20 W)<\/li>\n<li><strong>Taille:<\/strong>50x70x55mm<\/li>\n<li><strong>Mat\u00e9riel:<\/strong> PC cuit + m\u00e9tal de cuivre + huile de caoutchouc<\/li>\n<li><strong>Remarque:<\/strong> EU\/AU\/UK\/US tout-en-un peut \u00eatre utilis\u00e9 dans plus de 170 pays<\/li>\n<li><strong>Certificat :<\/strong> CE, RoHS<\/li>\n<\/ul>","protected":false},"excerpt":{"rendered":"<p>Cet adaptateur de voyage 30 W est disponible en deux versions, une version avec 1 port USB-A et Type-C, car certains clients pr\u00e9f\u00e8rent 1 adaptateur de voyage universel USB-A et 1 USB-C \u00e0 un prix moins cher, et une autre version avec un double port USB-A et double Type-C qui peut charger plusieurs appareils en m\u00eame temps, nous concevons toujours des produits en fonction des tendances du march\u00e9 et des habitudes des consommateurs.<\/p>\n<p>&nbsp;<\/p>","protected":false},"featured_media":8215,"comment_status":"open","ping_status":"closed","template":"","meta":{"rank_math_lock_modified_date":false,"site-sidebar-layout":"default","site-content-layout":"","ast-site-content-layout":"default","site-content-style":"default","site-sidebar-style":"default","ast-global-header-display":"","ast-banner-title-visibility":"","ast-main-header-display":"","ast-hfb-above-header-display":"","ast-hfb-below-header-display":"","ast-hfb-mobile-header-display":"","site-post-title":"","ast-breadcrumbs-content":"","ast-featured-img":"","footer-sml-layout":"","ast-disable-related-posts":"","theme-transparent-header-meta":"default","adv-header-id-meta":"","stick-header-meta":"","header-above-stick-meta":"","header-main-stick-meta":"","header-below-stick-meta":"","astra-migrate-meta-layouts":"set","ast-page-background-enabled":"default","ast-page-background-meta":{"desktop":{"background-color":"","background-image":"","background-repeat":"repeat","background-position":"center center","background-size":"auto","background-attachment":"scroll","background-type":"","background-media":"","overlay-type":"","overlay-color":"","overlay-opacity":"","overlay-gradient":""},"tablet":{"background-color":"","background-image":"","background-repeat":"repeat","background-position":"center center","background-size":"auto","background-attachment":"scroll","background-type":"","background-media":"","overlay-type":"","overlay-color":"","overlay-opacity":"","overlay-gradient":""},"mobile":{"background-color":"","background-image":"","background-repeat":"repeat","background-position":"center center","background-size":"auto","background-attachment":"scroll","background-type":"","background-media":"","overlay-type":"","overlay-color":"","overlay-opacity":"","overlay-gradient":""}},"ast-content-background-meta":{"desktop":{"background-color":"var(--ast-global-color-5)","background-image":"","background-repeat":"repeat","background-position":"center center","background-size":"auto","background-attachment":"scroll","background-type":"","background-media":"","overlay-type":"","overlay-color":"","overlay-opacity":"","overlay-gradient":""},"tablet":{"background-color":"var(--ast-global-color-5)","background-image":"","background-repeat":"repeat","background-position":"center center","background-size":"auto","background-attachment":"scroll","background-type":"","background-media":"","overlay-type":"","overlay-color":"","overlay-opacity":"","overlay-gradient":""},"mobile":{"background-color":"var(--ast-global-color-5)","background-image":"","background-repeat":"repeat","background-position":"center center","background-size":"auto","background-attachment":"scroll","background-type":"","background-media":"","overlay-type":"","overlay-color":"","overlay-opacity":"","overlay-gradient":""}}},"product_cat":[64],"product_tag":[],"class_list":{"0":"post-8212","1":"product","2":"type-product","3":"status-publish","4":"has-post-thumbnail","6":"product_cat-travel-adapter","7":"desktop-align-center","8":"tablet-align-center","9":"mobile-align-center","11":"first","12":"instock","13":"shipping-taxable","14":"product-type-simple"},"_links":{"self":[{"href":"https:\/\/imiapower.com\/fr\/wp-json\/wp\/v2\/product\/8212","targetHints":{"allow":["GET"]}}],"collection":[{"href":"https:\/\/imiapower.com\/fr\/wp-json\/wp\/v2\/product"}],"about":[{"href":"https:\/\/imiapower.com\/fr\/wp-json\/wp\/v2\/types\/product"}],"replies":[{"embeddable":true,"href":"https:\/\/imiapower.com\/fr\/wp-json\/wp\/v2\/comments?post=8212"}],"version-history":[{"count":3,"href":"https:\/\/imiapower.com\/fr\/wp-json\/wp\/v2\/product\/8212\/revisions"}],"predecessor-version":[{"id":8284,"href":"https:\/\/imiapower.com\/fr\/wp-json\/wp\/v2\/product\/8212\/revisions\/8284"}],"wp:featuredmedia":[{"embeddable":true,"href":"https:\/\/imiapower.com\/fr\/wp-json\/wp\/v2\/media\/8215"}],"wp:attachment":[{"href":"https:\/\/imiapower.com\/fr\/wp-json\/wp\/v2\/media?parent=8212"}],"wp:term":[{"taxonomy":"product_cat","embeddable":true,"href":"https:\/\/imiapower.com\/fr\/wp-json\/wp\/v2\/product_cat?post=8212"},{"taxonomy":"product_tag","embeddable":true,"href":"https:\/\/imiapower.com\/fr\/wp-json\/wp\/v2\/product_tag?post=8212"}],"curies":[{"name":"wp","href":"https:\/\/api.w.org\/{rel}","templated":true}]}}