{"id":8219,"date":"2024-08-01T07:40:56","date_gmt":"2024-08-01T07:40:56","guid":{"rendered":"https:\/\/imiapower.com\/?post_type=product&#038;p=8219"},"modified":"2024-11-12T10:05:11","modified_gmt":"2024-11-12T10:05:11","slug":"travel-adapters","status":"publish","type":"product","link":"https:\/\/imiapower.com\/fr\/products\/travel-adapter\/travel-adapters\/","title":{"rendered":"Remise adaptateurs de voyage 12w en gros"},"content":{"rendered":"<ul>\n<li><strong>adaptateurs de voyage<\/strong><\/li>\n<li><strong>Entr\u00e9e CA\u00a0:<\/strong>100 ~ 250 V\/CA 50-60 Hz<\/li>\n<li><strong>Sortie CA\u00a0:<\/strong>6A maximum (660W\/100V ou 1330W\/250V)<\/li>\n<li><strong>Sortie USB1+USB2+USB3 +Type C\u00a0:<\/strong>5V \/2400mA<\/li>\n<li><strong>Taille:<\/strong>50x70x55mm<\/li>\n<li><strong>\u00a0Mat\u00e9riel:<\/strong> PC cuit + m\u00e9tal Cooper<\/li>\n<li><strong>Remarque:<\/strong> EU\/AU\/UK\/US tout-en-un peut \u00eatre utilis\u00e9 dans plus de 170 pays<\/li>\n<li><strong>\u00a0Certificat :<\/strong> CE, RoHS<\/li>\n<\/ul>","protected":false},"excerpt":{"rendered":"<p>Cet adaptateur de voyage est la premi\u00e8re version, avec la m\u00eame couverture, nous avons d\u00e9j\u00e0 d\u00e9velopp\u00e9 20w et 30w, pour les voyages d&#039;affaires, les gens pr\u00e9f\u00e8rent toujours apporter des adaptateurs de petite taille pour s&#039;adapter \u00e0 leur sac \u00e0 dos.<\/p>\n<p>La prise de voyage universelle 12 W n&#039;est plus populaire car elle n&#039;a pas de fonction de chargeur rapide PD, mais en raison de son prix bon march\u00e9, certains consommateurs ont \u00e9galement choisi ce produit.<\/p>\n<p>&nbsp;<\/p>\n<p>&nbsp;<\/p>\n<p>&nbsp;<\/p>","protected":false},"featured_media":8232,"comment_status":"open","ping_status":"closed","template":"","meta":{"rank_math_lock_modified_date":false,"site-sidebar-layout":"default","site-content-layout":"","ast-site-content-layout":"default","site-content-style":"default","site-sidebar-style":"default","ast-global-header-display":"","ast-banner-title-visibility":"","ast-main-header-display":"","ast-hfb-above-header-display":"","ast-hfb-below-header-display":"","ast-hfb-mobile-header-display":"","site-post-title":"","ast-breadcrumbs-content":"","ast-featured-img":"","footer-sml-layout":"","ast-disable-related-posts":"","theme-transparent-header-meta":"default","adv-header-id-meta":"","stick-header-meta":"","header-above-stick-meta":"","header-main-stick-meta":"","header-below-stick-meta":"","astra-migrate-meta-layouts":"set","ast-page-background-enabled":"default","ast-page-background-meta":{"desktop":{"background-color":"","background-image":"","background-repeat":"repeat","background-position":"center center","background-size":"auto","background-attachment":"scroll","background-type":"","background-media":"","overlay-type":"","overlay-color":"","overlay-opacity":"","overlay-gradient":""},"tablet":{"background-color":"","background-image":"","background-repeat":"repeat","background-position":"center center","background-size":"auto","background-attachment":"scroll","background-type":"","background-media":"","overlay-type":"","overlay-color":"","overlay-opacity":"","overlay-gradient":""},"mobile":{"background-color":"","background-image":"","background-repeat":"repeat","background-position":"center center","background-size":"auto","background-attachment":"scroll","background-type":"","background-media":"","overlay-type":"","overlay-color":"","overlay-opacity":"","overlay-gradient":""}},"ast-content-background-meta":{"desktop":{"background-color":"var(--ast-global-color-5)","background-image":"","background-repeat":"repeat","background-position":"center center","background-size":"auto","background-attachment":"scroll","background-type":"","background-media":"","overlay-type":"","overlay-color":"","overlay-opacity":"","overlay-gradient":""},"tablet":{"background-color":"var(--ast-global-color-5)","background-image":"","background-repeat":"repeat","background-position":"center center","background-size":"auto","background-attachment":"scroll","background-type":"","background-media":"","overlay-type":"","overlay-color":"","overlay-opacity":"","overlay-gradient":""},"mobile":{"background-color":"var(--ast-global-color-5)","background-image":"","background-repeat":"repeat","background-position":"center center","background-size":"auto","background-attachment":"scroll","background-type":"","background-media":"","overlay-type":"","overlay-color":"","overlay-opacity":"","overlay-gradient":""}}},"product_cat":[64],"product_tag":[],"class_list":{"0":"post-8219","1":"product","2":"type-product","3":"status-publish","4":"has-post-thumbnail","6":"product_cat-travel-adapter","7":"desktop-align-center","8":"tablet-align-center","9":"mobile-align-center","11":"first","12":"instock","13":"shipping-taxable","14":"product-type-simple"},"_links":{"self":[{"href":"https:\/\/imiapower.com\/fr\/wp-json\/wp\/v2\/product\/8219","targetHints":{"allow":["GET"]}}],"collection":[{"href":"https:\/\/imiapower.com\/fr\/wp-json\/wp\/v2\/product"}],"about":[{"href":"https:\/\/imiapower.com\/fr\/wp-json\/wp\/v2\/types\/product"}],"replies":[{"embeddable":true,"href":"https:\/\/imiapower.com\/fr\/wp-json\/wp\/v2\/comments?post=8219"}],"version-history":[{"count":4,"href":"https:\/\/imiapower.com\/fr\/wp-json\/wp\/v2\/product\/8219\/revisions"}],"predecessor-version":[{"id":8282,"href":"https:\/\/imiapower.com\/fr\/wp-json\/wp\/v2\/product\/8219\/revisions\/8282"}],"wp:featuredmedia":[{"embeddable":true,"href":"https:\/\/imiapower.com\/fr\/wp-json\/wp\/v2\/media\/8232"}],"wp:attachment":[{"href":"https:\/\/imiapower.com\/fr\/wp-json\/wp\/v2\/media?parent=8219"}],"wp:term":[{"taxonomy":"product_cat","embeddable":true,"href":"https:\/\/imiapower.com\/fr\/wp-json\/wp\/v2\/product_cat?post=8219"},{"taxonomy":"product_tag","embeddable":true,"href":"https:\/\/imiapower.com\/fr\/wp-json\/wp\/v2\/product_tag?post=8219"}],"curies":[{"name":"wp","href":"https:\/\/api.w.org\/{rel}","templated":true}]}}