{"id":8303,"date":"2025-02-23T01:12:15","date_gmt":"2025-02-23T01:12:15","guid":{"rendered":"https:\/\/imiapower.com\/?post_type=product&#038;p=8303"},"modified":"2025-03-27T07:40:48","modified_gmt":"2025-03-27T07:40:48","slug":"140w-travel-adapter","status":"publish","type":"product","link":"https:\/\/imiapower.com\/fr\/products\/travel-adapter\/140w-travel-adapter\/","title":{"rendered":"Adaptateur de voyage puissant de 140 W de conception chinoise"},"content":{"rendered":"<ul>\n<li><strong>\u00a0Adaptateur de voyage 140 W<\/strong><\/li>\n<li><strong>Entr\u00e9e CA\u00a0:<\/strong>100 ~ 250 V\/CA 50-60 Hz 0,8 A<\/li>\n<li><strong>Puissance nominale :<\/strong>10 A max. (1\u00a0100 W\/110 V ou 2\u00a0500 W\/250 V)<\/li>\n<li><strong>Sortie USB :<\/strong> 5V3A\/9V2A\/12V 1,5A (maximum 18W)<\/li>\n<li><strong>Sortie intelligente de type C3\/C4\u00a0:<\/strong> 5V3.4A<\/li>\n<li><strong>Sortie type C1 :<\/strong> \u00a05V3A \/ 9V3A \/ 12V3A \/ 15V3A \/ 20V5A \/ 28V5A 140W PPS\u00a0: 5-21V 5A<\/li>\n<li><strong>Type C2 :<\/strong>5V3A \/ 9V3A \/ 12V3A \/ 15V3A \/ 20V5A 100W PPS\u00a0: 5-21V 5A<\/li>\n<li><strong>C1+C2\u00a0: <\/strong>100 W + 35 W<\/li>\n<li><strong>Taille: <\/strong>90*50,5*57 mm<\/li>\n<li><strong>Certificat :<\/strong> UKCA, CE<\/li>\n<\/ul>","protected":false},"excerpt":{"rendered":"<p><img fetchpriority=\"high\" decoding=\"async\" class=\"alignnone wp-image-8646 size-full\" src=\"https:\/\/imiapower.com\/wp-content\/uploads\/Universal-Travel-Adapter-1.jpg\" alt=\"Adaptateur de voyage 140 W\" width=\"800\" height=\"800\" srcset=\"https:\/\/imiapower.com\/wp-content\/uploads\/Universal-Travel-Adapter-1.jpg 800w, https:\/\/imiapower.com\/wp-content\/uploads\/Universal-Travel-Adapter-1-300x300.jpg 300w, https:\/\/imiapower.com\/wp-content\/uploads\/Universal-Travel-Adapter-1-100x100.jpg 100w, https:\/\/imiapower.com\/wp-content\/uploads\/Universal-Travel-Adapter-1-600x600.jpg 600w, https:\/\/imiapower.com\/wp-content\/uploads\/Universal-Travel-Adapter-1-64x64.jpg 64w, https:\/\/imiapower.com\/wp-content\/uploads\/Universal-Travel-Adapter-1-150x150.jpg 150w, https:\/\/imiapower.com\/wp-content\/uploads\/Universal-Travel-Adapter-1-768x768.jpg 768w, https:\/\/imiapower.com\/wp-content\/uploads\/Universal-Travel-Adapter-1-12x12.jpg 12w\" sizes=\"(max-width: 800px) 100vw, 800px\" \/><\/p>\n<p><img decoding=\"async\" class=\"alignnone wp-image-8647 size-full\" src=\"https:\/\/imiapower.com\/wp-content\/uploads\/Universal-Travel-Adapter.jpg\" alt=\"Adaptateur de voyage 140 W\" width=\"800\" height=\"800\" srcset=\"https:\/\/imiapower.com\/wp-content\/uploads\/Universal-Travel-Adapter.jpg 800w, https:\/\/imiapower.com\/wp-content\/uploads\/Universal-Travel-Adapter-300x300.jpg 300w, https:\/\/imiapower.com\/wp-content\/uploads\/Universal-Travel-Adapter-100x100.jpg 100w, https:\/\/imiapower.com\/wp-content\/uploads\/Universal-Travel-Adapter-600x600.jpg 600w, https:\/\/imiapower.com\/wp-content\/uploads\/Universal-Travel-Adapter-64x64.jpg 64w, https:\/\/imiapower.com\/wp-content\/uploads\/Universal-Travel-Adapter-150x150.jpg 150w, https:\/\/imiapower.com\/wp-content\/uploads\/Universal-Travel-Adapter-768x768.jpg 768w, https:\/\/imiapower.com\/wp-content\/uploads\/Universal-Travel-Adapter-12x12.jpg 12w\" sizes=\"(max-width: 800px) 100vw, 800px\" \/><\/p>\n<p>Les adaptateurs de voyage de 140 W augmentent la demande en raison des mod\u00e8les hautes performances de marques telles qu&#039;Apple, Dell et HP, qui n\u00e9cessitent de plus en plus 100 W ou plus pour une charge rapide. Les adaptateurs \u00e0 puissance plus \u00e9lev\u00e9e prennent en charge ces appareils plus efficacement. Pour les hommes d&#039;affaires qui voyagent dans diff\u00e9rents pays, le temps, c&#039;est de l&#039;argent, ils ont besoin d&#039;appareils tels que des ordinateurs portables, des smartphones et des notebooks qui se chargent efficacement pour faire leur travail.<\/p>\n<p>L&#039;Union europ\u00e9enne rendant obligatoire l&#039;USB-C comme port de charge standard pour les appareils \u00e9lectroniques, l&#039;adoption devrait augmenter \u00e0 l&#039;\u00e9chelle mondiale, cet adaptateur avec 4 ports de charge USB-C peut r\u00e9pondre aux exigences de charge des consommateurs<\/p>\n<p>Les consommateurs recherchent des solutions minimalistes qui leur permettent de transporter un seul adaptateur pour tous leurs appareils, notamment en voyage. Un adaptateur de 140 W peut remplacer plusieurs adaptateurs, ce qui le rend attrayant pour les voyageurs fr\u00e9quents, y compris les voyageurs d&#039;affaires et les touristes<\/p>\n<p>La technologie GaN fait de cette conception des adaptateurs de voyage de 140 W sans une taille tr\u00e8s grande, il est portable et \u00e9conome en \u00e9nergie, c&#039;est un appareil de charge pr\u00e9cieux lorsque le consommateur voyage dans diff\u00e9rents pays<\/p>\n<p>&nbsp;<\/p>","protected":false},"featured_media":8309,"comment_status":"open","ping_status":"closed","template":"","meta":{"rank_math_lock_modified_date":false,"site-sidebar-layout":"default","site-content-layout":"","ast-site-content-layout":"default","site-content-style":"default","site-sidebar-style":"default","ast-global-header-display":"","ast-banner-title-visibility":"","ast-main-header-display":"","ast-hfb-above-header-display":"","ast-hfb-below-header-display":"","ast-hfb-mobile-header-display":"","site-post-title":"","ast-breadcrumbs-content":"","ast-featured-img":"","footer-sml-layout":"","ast-disable-related-posts":"","theme-transparent-header-meta":"default","adv-header-id-meta":"","stick-header-meta":"","header-above-stick-meta":"","header-main-stick-meta":"","header-below-stick-meta":"","astra-migrate-meta-layouts":"set","ast-page-background-enabled":"default","ast-page-background-meta":{"desktop":{"background-color":"","background-image":"","background-repeat":"repeat","background-position":"center center","background-size":"auto","background-attachment":"scroll","background-type":"","background-media":"","overlay-type":"","overlay-color":"","overlay-opacity":"","overlay-gradient":""},"tablet":{"background-color":"","background-image":"","background-repeat":"repeat","background-position":"center center","background-size":"auto","background-attachment":"scroll","background-type":"","background-media":"","overlay-type":"","overlay-color":"","overlay-opacity":"","overlay-gradient":""},"mobile":{"background-color":"","background-image":"","background-repeat":"repeat","background-position":"center center","background-size":"auto","background-attachment":"scroll","background-type":"","background-media":"","overlay-type":"","overlay-color":"","overlay-opacity":"","overlay-gradient":""}},"ast-content-background-meta":{"desktop":{"background-color":"var(--ast-global-color-5)","background-image":"","background-repeat":"repeat","background-position":"center center","background-size":"auto","background-attachment":"scroll","background-type":"","background-media":"","overlay-type":"","overlay-color":"","overlay-opacity":"","overlay-gradient":""},"tablet":{"background-color":"var(--ast-global-color-5)","background-image":"","background-repeat":"repeat","background-position":"center center","background-size":"auto","background-attachment":"scroll","background-type":"","background-media":"","overlay-type":"","overlay-color":"","overlay-opacity":"","overlay-gradient":""},"mobile":{"background-color":"var(--ast-global-color-5)","background-image":"","background-repeat":"repeat","background-position":"center center","background-size":"auto","background-attachment":"scroll","background-type":"","background-media":"","overlay-type":"","overlay-color":"","overlay-opacity":"","overlay-gradient":""}}},"product_cat":[64],"product_tag":[],"class_list":{"0":"post-8303","1":"product","2":"type-product","3":"status-publish","4":"has-post-thumbnail","6":"product_cat-travel-adapter","7":"desktop-align-center","8":"tablet-align-center","9":"mobile-align-center","11":"first","12":"instock","13":"featured","14":"shipping-taxable","15":"product-type-simple"},"_links":{"self":[{"href":"https:\/\/imiapower.com\/fr\/wp-json\/wp\/v2\/product\/8303","targetHints":{"allow":["GET"]}}],"collection":[{"href":"https:\/\/imiapower.com\/fr\/wp-json\/wp\/v2\/product"}],"about":[{"href":"https:\/\/imiapower.com\/fr\/wp-json\/wp\/v2\/types\/product"}],"replies":[{"embeddable":true,"href":"https:\/\/imiapower.com\/fr\/wp-json\/wp\/v2\/comments?post=8303"}],"version-history":[{"count":8,"href":"https:\/\/imiapower.com\/fr\/wp-json\/wp\/v2\/product\/8303\/revisions"}],"predecessor-version":[{"id":8312,"href":"https:\/\/imiapower.com\/fr\/wp-json\/wp\/v2\/product\/8303\/revisions\/8312"}],"wp:featuredmedia":[{"embeddable":true,"href":"https:\/\/imiapower.com\/fr\/wp-json\/wp\/v2\/media\/8309"}],"wp:attachment":[{"href":"https:\/\/imiapower.com\/fr\/wp-json\/wp\/v2\/media?parent=8303"}],"wp:term":[{"taxonomy":"product_cat","embeddable":true,"href":"https:\/\/imiapower.com\/fr\/wp-json\/wp\/v2\/product_cat?post=8303"},{"taxonomy":"product_tag","embeddable":true,"href":"https:\/\/imiapower.com\/fr\/wp-json\/wp\/v2\/product_tag?post=8303"}],"curies":[{"name":"wp","href":"https:\/\/api.w.org\/{rel}","templated":true}]}}