{"id":8335,"date":"2024-10-15T07:46:38","date_gmt":"2024-10-15T07:46:38","guid":{"rendered":"https:\/\/imiapower.com\/?post_type=product&#038;p=8335"},"modified":"2025-06-24T03:20:04","modified_gmt":"2025-06-24T03:20:04","slug":"best-international-charger","status":"publish","type":"product","link":"https:\/\/imiapower.com\/fr\/products\/travel-adapter\/best-international-charger\/","title":{"rendered":"Meilleur chargeur international pour les voyages"},"content":{"rendered":"<ul>\n<li><strong>Meilleur chargeur international<\/strong><\/li>\n<li><strong>Entr\u00e9e CA\u00a0:<\/strong>110~250V\/CA 50-60Hz<\/li>\n<li><strong>Puissance nominale :<\/strong> 10 A max. (1\u00a0100 W\/110 V ou 2\u00a0500 W\/250 V)<\/li>\n<li><strong>Sortie USB :<\/strong> 5V3A\/9V2A\/12V1.5A (Max. 18W)<\/li>\n<li><strong>Sortie de type C1\/C2\/C3\u00a0:<\/strong> 5V3A (Max. 15W)<\/li>\n<li><strong>Sortie type C4 :<\/strong> 5V3A, 9V3A, 12V3A, 15V3A, 20V3.25A (Max : 65w)<\/li>\n<li><strong>C\u00e2ble de suspension :<\/strong> C\u00e2ble c \u00e0 c de 20 mm de longueur pour cintre<\/li>\n<li><strong>Taille:<\/strong> 73*50*57mm<\/li>\n<li><strong>Poids:<\/strong> 215g<\/li>\n<li><strong>Mat\u00e9riel:<\/strong> m\u00e9tal pc + cuivre cuit<\/li>\n<li><strong>Attestation\u00a0:<\/strong> Certifications UKCA, CE, FCC, RoHS<\/li>\n<\/ul>","protected":false},"excerpt":{"rendered":"<p><img fetchpriority=\"high\" decoding=\"async\" class=\"alignnone size-medium wp-image-8623\" src=\"https:\/\/imiapower.com\/wp-content\/uploads\/Travel-Adapter-1-300x300.jpg\" alt=\"meilleur chargeur international\" width=\"300\" height=\"300\" srcset=\"https:\/\/imiapower.com\/wp-content\/uploads\/Travel-Adapter-1-300x300.jpg 300w, https:\/\/imiapower.com\/wp-content\/uploads\/Travel-Adapter-1-100x100.jpg 100w, https:\/\/imiapower.com\/wp-content\/uploads\/Travel-Adapter-1-600x600.jpg 600w, https:\/\/imiapower.com\/wp-content\/uploads\/Travel-Adapter-1-64x64.jpg 64w, https:\/\/imiapower.com\/wp-content\/uploads\/Travel-Adapter-1-150x150.jpg 150w, https:\/\/imiapower.com\/wp-content\/uploads\/Travel-Adapter-1-768x768.jpg 768w, https:\/\/imiapower.com\/wp-content\/uploads\/Travel-Adapter-1-12x12.jpg 12w, https:\/\/imiapower.com\/wp-content\/uploads\/Travel-Adapter-1.jpg 800w\" sizes=\"(max-width: 300px) 100vw, 300px\" \/>\u00a0<img decoding=\"async\" class=\"alignnone size-medium wp-image-8624\" style=\"font-weight: inherit;\" src=\"https:\/\/imiapower.com\/wp-content\/uploads\/\u5fae\u4fe1\u56fe\u7247_20241101111602-300x300.jpg\" alt=\"meilleur chargeur international\" width=\"300\" height=\"300\" srcset=\"https:\/\/imiapower.com\/wp-content\/uploads\/\u5fae\u4fe1\u56fe\u7247_20241101111602-300x300.jpg 300w, https:\/\/imiapower.com\/wp-content\/uploads\/\u5fae\u4fe1\u56fe\u7247_20241101111602-100x100.jpg 100w, https:\/\/imiapower.com\/wp-content\/uploads\/\u5fae\u4fe1\u56fe\u7247_20241101111602-600x600.jpg 600w, https:\/\/imiapower.com\/wp-content\/uploads\/\u5fae\u4fe1\u56fe\u7247_20241101111602-64x64.jpg 64w, https:\/\/imiapower.com\/wp-content\/uploads\/\u5fae\u4fe1\u56fe\u7247_20241101111602-1024x1024.jpg 1024w, https:\/\/imiapower.com\/wp-content\/uploads\/\u5fae\u4fe1\u56fe\u7247_20241101111602-150x150.jpg 150w, https:\/\/imiapower.com\/wp-content\/uploads\/\u5fae\u4fe1\u56fe\u7247_20241101111602-768x768.jpg 768w, https:\/\/imiapower.com\/wp-content\/uploads\/\u5fae\u4fe1\u56fe\u7247_20241101111602-12x12.jpg 12w, https:\/\/imiapower.com\/wp-content\/uploads\/\u5fae\u4fe1\u56fe\u7247_20241101111602.jpg 1500w\" sizes=\"(max-width: 300px) 100vw, 300px\" \/><img decoding=\"async\" class=\"alignnone size-medium wp-image-8625\" style=\"font-style: inherit; font-weight: inherit;\" src=\"https:\/\/imiapower.com\/wp-content\/uploads\/\u5fae\u4fe1\u56fe\u7247_20241101111608-2-300x300.jpg\" alt=\"meilleur chargeur international\" width=\"300\" height=\"300\" srcset=\"https:\/\/imiapower.com\/wp-content\/uploads\/\u5fae\u4fe1\u56fe\u7247_20241101111608-2-300x300.jpg 300w, https:\/\/imiapower.com\/wp-content\/uploads\/\u5fae\u4fe1\u56fe\u7247_20241101111608-2-100x100.jpg 100w, https:\/\/imiapower.com\/wp-content\/uploads\/\u5fae\u4fe1\u56fe\u7247_20241101111608-2-600x600.jpg 600w, https:\/\/imiapower.com\/wp-content\/uploads\/\u5fae\u4fe1\u56fe\u7247_20241101111608-2-64x64.jpg 64w, https:\/\/imiapower.com\/wp-content\/uploads\/\u5fae\u4fe1\u56fe\u7247_20241101111608-2-1024x1024.jpg 1024w, https:\/\/imiapower.com\/wp-content\/uploads\/\u5fae\u4fe1\u56fe\u7247_20241101111608-2-150x150.jpg 150w, https:\/\/imiapower.com\/wp-content\/uploads\/\u5fae\u4fe1\u56fe\u7247_20241101111608-2-768x768.jpg 768w, https:\/\/imiapower.com\/wp-content\/uploads\/\u5fae\u4fe1\u56fe\u7247_20241101111608-2-12x12.jpg 12w, https:\/\/imiapower.com\/wp-content\/uploads\/\u5fae\u4fe1\u56fe\u7247_20241101111608-2.jpg 1500w\" sizes=\"(max-width: 300px) 100vw, 300px\" \/><span style=\"font-size: 16px;\">\u00a0<\/span><\/p>\n<p>Le meilleur chargeur international offre une compatibilit\u00e9 dans plus de 170 pays, avec des prises JP\/US, AUS, EU et UK pour r\u00e9pondre \u00e0 divers besoins de voyage. Fabriqu\u00e9 \u00e0 partir de mat\u00e9riaux PC cuits de haute qualit\u00e9, le meilleur chargeur international est construit avec la technologie GaN avanc\u00e9e et int\u00e8gre une protection \u00e0 double fusible pour une s\u00e9curit\u00e9 et une durabilit\u00e9 accrues. Con\u00e7u comme un adaptateur de voyage universel, il offre une connectivit\u00e9 mondiale et une large compatibilit\u00e9, ce qui en fait un excellent choix pour les voyageurs d&#039;affaires.<\/p>\n<p>Avec une puissance de sortie de 65 W, ce meilleur chargeur international peut alimenter rapidement les smartphones, tablettes et m\u00eame certains ordinateurs portables modernes. Il comprend un c\u00e2ble, garantissant une utilisation imm\u00e9diate sans avoir besoin d&#039;achats suppl\u00e9mentaires. L&#039;inclusion d&#039;un c\u00e2ble r\u00e9duit \u00e9galement le nombre d&#039;articles dont vous devez vous souvenir et emporter lorsque vous voyagez. \u00c9quip\u00e9 de plusieurs adaptateurs de prise, ce chargeur vous permet de l&#039;utiliser de mani\u00e8re transparente dans diff\u00e9rents pays, \u00e9liminant ainsi le besoin d&#039;un adaptateur de voyage s\u00e9par\u00e9. Prenant en charge les protocoles de charge rapide tels que PD et QC, il assure une charge efficace et rapide des appareils compatibles, ce qui en fait un choix de premier ordre pour les voyageurs.<\/p>\n<p>Large compatibilit\u00e9 : fonctionne dans plus de 170 pays avec les prises JP\/US, AUS, EU et UK.<\/p>\n<p>Qualit\u00e9 de fabrication sup\u00e9rieure : fabriqu\u00e9 \u00e0 partir d&#039;un mat\u00e9riau PC cuit de haute qualit\u00e9 pour plus de durabilit\u00e9 et de s\u00e9curit\u00e9.<\/p>\n<p>Technologie avanc\u00e9e : int\u00e8gre la technologie GaN et une protection \u00e0 double fusible pour des performances efficaces et s\u00e9curis\u00e9es.<\/p>\n<p>Connectivit\u00e9 universelle : Con\u00e7u comme un adaptateur de voyage mondial, id\u00e9al pour les voyageurs d&#039;affaires fr\u00e9quents.<\/p>\n<p>Puissance de sortie \u00e9lev\u00e9e : capacit\u00e9 de 65 W pour charger rapidement les smartphones, les tablettes et certains ordinateurs portables.<\/p>\n<p>C\u00e2ble inclus : Pr\u00eat \u00e0 l&#039;emploi imm\u00e9diatement sans n\u00e9cessiter l&#039;achat de c\u00e2bles suppl\u00e9mentaires.<\/p>\n<p>Id\u00e9al pour les voyages : r\u00e9duit les tracas d&#039;emballage gr\u00e2ce \u00e0 un c\u00e2ble inclus, minimisant ainsi le nombre d&#039;articles \u00e0 transporter.<\/p>\n<p>Adaptateurs de prise polyvalents : livr\u00e9s avec plusieurs options de prise pour une utilisation transparente dans diff\u00e9rents pays.<\/p>\n<p>Prise en charge de la charge rapide : compatible avec des protocoles tels que PD et QC, garantissant une charge plus rapide pour les appareils pris en charge.<\/p>","protected":false},"featured_media":8621,"comment_status":"open","ping_status":"closed","template":"","meta":{"rank_math_lock_modified_date":false,"site-sidebar-layout":"default","site-content-layout":"","ast-site-content-layout":"default","site-content-style":"default","site-sidebar-style":"default","ast-global-header-display":"","ast-banner-title-visibility":"","ast-main-header-display":"","ast-hfb-above-header-display":"","ast-hfb-below-header-display":"","ast-hfb-mobile-header-display":"","site-post-title":"","ast-breadcrumbs-content":"","ast-featured-img":"","footer-sml-layout":"","ast-disable-related-posts":"","theme-transparent-header-meta":"default","adv-header-id-meta":"","stick-header-meta":"","header-above-stick-meta":"","header-main-stick-meta":"","header-below-stick-meta":"","astra-migrate-meta-layouts":"set","ast-page-background-enabled":"default","ast-page-background-meta":{"desktop":{"background-color":"","background-image":"","background-repeat":"repeat","background-position":"center center","background-size":"auto","background-attachment":"scroll","background-type":"","background-media":"","overlay-type":"","overlay-color":"","overlay-opacity":"","overlay-gradient":""},"tablet":{"background-color":"","background-image":"","background-repeat":"repeat","background-position":"center center","background-size":"auto","background-attachment":"scroll","background-type":"","background-media":"","overlay-type":"","overlay-color":"","overlay-opacity":"","overlay-gradient":""},"mobile":{"background-color":"","background-image":"","background-repeat":"repeat","background-position":"center center","background-size":"auto","background-attachment":"scroll","background-type":"","background-media":"","overlay-type":"","overlay-color":"","overlay-opacity":"","overlay-gradient":""}},"ast-content-background-meta":{"desktop":{"background-color":"var(--ast-global-color-5)","background-image":"","background-repeat":"repeat","background-position":"center center","background-size":"auto","background-attachment":"scroll","background-type":"","background-media":"","overlay-type":"","overlay-color":"","overlay-opacity":"","overlay-gradient":""},"tablet":{"background-color":"var(--ast-global-color-5)","background-image":"","background-repeat":"repeat","background-position":"center center","background-size":"auto","background-attachment":"scroll","background-type":"","background-media":"","overlay-type":"","overlay-color":"","overlay-opacity":"","overlay-gradient":""},"mobile":{"background-color":"var(--ast-global-color-5)","background-image":"","background-repeat":"repeat","background-position":"center center","background-size":"auto","background-attachment":"scroll","background-type":"","background-media":"","overlay-type":"","overlay-color":"","overlay-opacity":"","overlay-gradient":""}}},"product_cat":[64],"product_tag":[],"class_list":{"0":"post-8335","1":"product","2":"type-product","3":"status-publish","4":"has-post-thumbnail","6":"product_cat-travel-adapter","7":"desktop-align-center","8":"tablet-align-center","9":"mobile-align-center","11":"first","12":"instock","13":"shipping-taxable","14":"product-type-simple"},"_links":{"self":[{"href":"https:\/\/imiapower.com\/fr\/wp-json\/wp\/v2\/product\/8335","targetHints":{"allow":["GET"]}}],"collection":[{"href":"https:\/\/imiapower.com\/fr\/wp-json\/wp\/v2\/product"}],"about":[{"href":"https:\/\/imiapower.com\/fr\/wp-json\/wp\/v2\/types\/product"}],"replies":[{"embeddable":true,"href":"https:\/\/imiapower.com\/fr\/wp-json\/wp\/v2\/comments?post=8335"}],"version-history":[{"count":8,"href":"https:\/\/imiapower.com\/fr\/wp-json\/wp\/v2\/product\/8335\/revisions"}],"predecessor-version":[{"id":8701,"href":"https:\/\/imiapower.com\/fr\/wp-json\/wp\/v2\/product\/8335\/revisions\/8701"}],"wp:featuredmedia":[{"embeddable":true,"href":"https:\/\/imiapower.com\/fr\/wp-json\/wp\/v2\/media\/8621"}],"wp:attachment":[{"href":"https:\/\/imiapower.com\/fr\/wp-json\/wp\/v2\/media?parent=8335"}],"wp:term":[{"taxonomy":"product_cat","embeddable":true,"href":"https:\/\/imiapower.com\/fr\/wp-json\/wp\/v2\/product_cat?post=8335"},{"taxonomy":"product_tag","embeddable":true,"href":"https:\/\/imiapower.com\/fr\/wp-json\/wp\/v2\/product_tag?post=8335"}],"curies":[{"name":"wp","href":"https:\/\/api.w.org\/{rel}","templated":true}]}}