{"id":8345,"date":"2024-10-15T07:59:42","date_gmt":"2024-10-15T07:59:42","guid":{"rendered":"https:\/\/imiapower.com\/?post_type=product&#038;p=8345"},"modified":"2024-12-02T00:20:33","modified_gmt":"2024-12-02T00:20:33","slug":"universal-charger-adapter","status":"publish","type":"product","link":"https:\/\/imiapower.com\/fr\/products\/travel-adapter\/universal-charger-adapter\/","title":{"rendered":"Adaptateur de chargeur universel priv\u00e9 du fabricant chinois"},"content":{"rendered":"<ul>\n<li><strong>adaptateur de chargeur universel<\/strong><\/li>\n<li><strong>Entr\u00e9e CA\u00a0:<\/strong>110~250V\/CA 50-60Hz<\/li>\n<li><strong>Puissance nominale :<\/strong> 10 A max. (1\u00a0100 W\/110 V ou 2\u00a0500 W\/250 V)<\/li>\n<li><strong>Sortie USB :<\/strong> 5V3A\/9V2A\/12V1.5A (Max. 18W)<\/li>\n<li><strong>Sortie de type C1\/C2\/C3\u00a0:<\/strong> 5V3A (Max. 15W)<\/li>\n<li><strong>Sortie type C4 :<\/strong> 5V3A, 9V3A, 12V2,91A, 15V2,33A, 20V1,75A (Max35w)<\/li>\n<li><strong>C\u00e2ble de suspension :<\/strong> C\u00e2ble c \u00e0 c de 20 mm de longueur pour cintre<\/li>\n<li><strong>Taille:<\/strong> 73*50*57mm<\/li>\n<li><strong>Poids:<\/strong> 160g<\/li>\n<li><strong>Mat\u00e9riel:<\/strong> m\u00e9tal pc + cuivre cuit<\/li>\n<li><strong>Attestation\u00a0:<\/strong> Certifications UKCA, CE, FCC, RoHS<\/li>\n<\/ul>","protected":false},"excerpt":{"rendered":"<p>La compatibilit\u00e9 de l&#039;adaptateur de chargeur universel est toujours utilis\u00e9e dans plus de 170 pays, avec ses prises JP\/US, AUS, EU et UK<\/p>\n<p>Notre usine utilise toujours du PC cuit pour la production d&#039;adaptateurs de voyage haut de gamme, la conception de la technologie GaN et la protection \u00e0 double fusible<\/p>\n<p>Un adaptateur de voyage universel est un appareil de charge \u00e0 connectivit\u00e9 mondiale et \u00e0 large compatibilit\u00e9, c&#039;est un bon choix pour les hommes d&#039;affaires voyageant \u00e0 l&#039;\u00e9tranger.<\/p>\n<p>Pour le m\u00eame bo\u00eetier de conception de l&#039;adaptateur, nous proposons diff\u00e9rentes puissances de sortie, le client peut choisir 35 W, 45 W et 65 W, ou peut \u00e9galement les vendre en s\u00e9rie<\/p>\n<p>Cet adaptateur de chargeur universel de conception, nous proposons diff\u00e9rentes options de couleur, notamment le blanc, le noir, le rouge, le jaune, le vert, etc., acceptons \u00e9galement une conception de couleur personnalis\u00e9e<\/p>\n<p>Nous avons \u00e9galement une autre option pour la conception, nous pouvons remplacer le port de charge Type-c du milieu par un port de charge Lightning, car certains consommateurs utilisent encore des ports de charge Lightning pour charger leurs iPhones, nous concevons toujours des adaptateurs de voyage tout-en-un selon la demande des consommateurs<\/p>\n<p>&nbsp;<\/p>","protected":false},"featured_media":8349,"comment_status":"open","ping_status":"closed","template":"","meta":{"rank_math_lock_modified_date":false,"site-sidebar-layout":"default","site-content-layout":"","ast-site-content-layout":"default","site-content-style":"default","site-sidebar-style":"default","ast-global-header-display":"","ast-banner-title-visibility":"","ast-main-header-display":"","ast-hfb-above-header-display":"","ast-hfb-below-header-display":"","ast-hfb-mobile-header-display":"","site-post-title":"","ast-breadcrumbs-content":"","ast-featured-img":"","footer-sml-layout":"","ast-disable-related-posts":"","theme-transparent-header-meta":"default","adv-header-id-meta":"","stick-header-meta":"","header-above-stick-meta":"","header-main-stick-meta":"","header-below-stick-meta":"","astra-migrate-meta-layouts":"set","ast-page-background-enabled":"default","ast-page-background-meta":{"desktop":{"background-color":"","background-image":"","background-repeat":"repeat","background-position":"center center","background-size":"auto","background-attachment":"scroll","background-type":"","background-media":"","overlay-type":"","overlay-color":"","overlay-opacity":"","overlay-gradient":""},"tablet":{"background-color":"","background-image":"","background-repeat":"repeat","background-position":"center center","background-size":"auto","background-attachment":"scroll","background-type":"","background-media":"","overlay-type":"","overlay-color":"","overlay-opacity":"","overlay-gradient":""},"mobile":{"background-color":"","background-image":"","background-repeat":"repeat","background-position":"center center","background-size":"auto","background-attachment":"scroll","background-type":"","background-media":"","overlay-type":"","overlay-color":"","overlay-opacity":"","overlay-gradient":""}},"ast-content-background-meta":{"desktop":{"background-color":"var(--ast-global-color-5)","background-image":"","background-repeat":"repeat","background-position":"center center","background-size":"auto","background-attachment":"scroll","background-type":"","background-media":"","overlay-type":"","overlay-color":"","overlay-opacity":"","overlay-gradient":""},"tablet":{"background-color":"var(--ast-global-color-5)","background-image":"","background-repeat":"repeat","background-position":"center center","background-size":"auto","background-attachment":"scroll","background-type":"","background-media":"","overlay-type":"","overlay-color":"","overlay-opacity":"","overlay-gradient":""},"mobile":{"background-color":"var(--ast-global-color-5)","background-image":"","background-repeat":"repeat","background-position":"center center","background-size":"auto","background-attachment":"scroll","background-type":"","background-media":"","overlay-type":"","overlay-color":"","overlay-opacity":"","overlay-gradient":""}}},"product_cat":[64],"product_tag":[],"class_list":{"0":"post-8345","1":"product","2":"type-product","3":"status-publish","4":"has-post-thumbnail","6":"product_cat-travel-adapter","7":"desktop-align-center","8":"tablet-align-center","9":"mobile-align-center","11":"first","12":"instock","13":"shipping-taxable","14":"product-type-simple"},"_links":{"self":[{"href":"https:\/\/imiapower.com\/fr\/wp-json\/wp\/v2\/product\/8345","targetHints":{"allow":["GET"]}}],"collection":[{"href":"https:\/\/imiapower.com\/fr\/wp-json\/wp\/v2\/product"}],"about":[{"href":"https:\/\/imiapower.com\/fr\/wp-json\/wp\/v2\/types\/product"}],"replies":[{"embeddable":true,"href":"https:\/\/imiapower.com\/fr\/wp-json\/wp\/v2\/comments?post=8345"}],"version-history":[{"count":4,"href":"https:\/\/imiapower.com\/fr\/wp-json\/wp\/v2\/product\/8345\/revisions"}],"predecessor-version":[{"id":8644,"href":"https:\/\/imiapower.com\/fr\/wp-json\/wp\/v2\/product\/8345\/revisions\/8644"}],"wp:featuredmedia":[{"embeddable":true,"href":"https:\/\/imiapower.com\/fr\/wp-json\/wp\/v2\/media\/8349"}],"wp:attachment":[{"href":"https:\/\/imiapower.com\/fr\/wp-json\/wp\/v2\/media?parent=8345"}],"wp:term":[{"taxonomy":"product_cat","embeddable":true,"href":"https:\/\/imiapower.com\/fr\/wp-json\/wp\/v2\/product_cat?post=8345"},{"taxonomy":"product_tag","embeddable":true,"href":"https:\/\/imiapower.com\/fr\/wp-json\/wp\/v2\/product_tag?post=8345"}],"curies":[{"name":"wp","href":"https:\/\/api.w.org\/{rel}","templated":true}]}}