{"id":8353,"date":"2024-10-15T08:08:55","date_gmt":"2024-10-15T08:08:55","guid":{"rendered":"https:\/\/imiapower.com\/?post_type=product&#038;p=8353"},"modified":"2024-11-07T14:22:56","modified_gmt":"2024-11-07T14:22:56","slug":"universal-outlet-adapter","status":"publish","type":"product","link":"https:\/\/imiapower.com\/fr\/products\/travel-adapter\/universal-outlet-adapter\/","title":{"rendered":"Adaptateur de prise universel de qualit\u00e9"},"content":{"rendered":"<ul>\n<li><strong>Adaptateur de prise universel<\/strong><\/li>\n<li><strong>Entr\u00e9e CA\u00a0:<\/strong>110~250V\/CA 50-60Hz<\/li>\n<li><strong>Puissance nominale :<\/strong> 10 A max. (1\u00a0100 W\/110 V ou 2\u00a0500 W\/250 V)<\/li>\n<li><strong>Sortie USB :<\/strong> 5V3A\/9V2A\/12V1.5A (Max. 18W)<\/li>\n<li><strong>Sortie de type C1\/C2\/C3\u00a0:<\/strong> 5V3A (Max. 15W)<\/li>\n<li><strong>Sortie type C4 :<\/strong> 5V3A, 9V3A, 12V3A, 15V3A, 20V2,25A (Max45w)<\/li>\n<li><strong>C\u00e2ble de suspension :<\/strong> C\u00e2ble c \u00e0 c de 20 mm de longueur pour cintre<\/li>\n<li><strong>Taille:<\/strong> 73*50*57mm<\/li>\n<li><strong>Poids:<\/strong> 215g<\/li>\n<li><strong>Mat\u00e9riel:<\/strong> m\u00e9tal pc + cuivre cuit<\/li>\n<li><strong>Attestation\u00a0:<\/strong> Certifications UKCA, CE, FCC, RoHS<\/li>\n<\/ul>","protected":false},"excerpt":{"rendered":"<p>Pour ce mod\u00e8le d&#039;adaptateur de prise universel, nous avons con\u00e7u 3 caract\u00e8res de puissance diff\u00e9rents, 35 W, 45 W et 65 W en fonction de la demande marketing.<\/p>\n<p>Pour l&#039;instant, les adaptateurs\/chargeurs mobiles avec un c\u00e2ble sont devenus une tendance de la mode, car les gens apportent toujours diff\u00e9rents appareils \u00e9lectroniques lorsqu&#039;ils vont n&#039;importe o\u00f9, comme les smartphones, les \u00e9couteurs sans fil et les montres intelligentes, parfois avec les iPad, un adaptateur avec un c\u00e2ble ensemble peut charger nos appareils \u00e9lectroniques facilement sans se soucier des c\u00e2bles manquants.<\/p>\n<p>Notre c\u00e2ble est con\u00e7u comme un cintre dans le coin sup\u00e9rieur de l&#039;adaptateur de voyage universel, il est donc tr\u00e8s pratique \u00e0 transporter.<\/p>\n<p>La compatibilit\u00e9 de l&#039;adaptateur de prise universel est toujours utilis\u00e9e dans plus de 170 pays, avec ses prises JP\/US, AUS, EU et UK<\/p>\n<p>Notre usine utilise toujours du PC cuit pour la production d&#039;adaptateurs de voyage haut de gamme, la conception de la technologie GaN et la protection \u00e0 double fusible<\/p>\n<p>Un adaptateur de voyage universel est un appareil de charge \u00e0 connectivit\u00e9 mondiale et \u00e0 large compatibilit\u00e9, c&#039;est un bon choix pour les hommes d&#039;affaires voyageant \u00e0 l&#039;\u00e9tranger.<\/p>","protected":false},"featured_media":8357,"comment_status":"open","ping_status":"closed","template":"","meta":{"rank_math_lock_modified_date":false,"site-sidebar-layout":"default","site-content-layout":"","ast-site-content-layout":"default","site-content-style":"default","site-sidebar-style":"default","ast-global-header-display":"","ast-banner-title-visibility":"","ast-main-header-display":"","ast-hfb-above-header-display":"","ast-hfb-below-header-display":"","ast-hfb-mobile-header-display":"","site-post-title":"","ast-breadcrumbs-content":"","ast-featured-img":"","footer-sml-layout":"","ast-disable-related-posts":"","theme-transparent-header-meta":"default","adv-header-id-meta":"","stick-header-meta":"","header-above-stick-meta":"","header-main-stick-meta":"","header-below-stick-meta":"","astra-migrate-meta-layouts":"set","ast-page-background-enabled":"default","ast-page-background-meta":{"desktop":{"background-color":"","background-image":"","background-repeat":"repeat","background-position":"center center","background-size":"auto","background-attachment":"scroll","background-type":"","background-media":"","overlay-type":"","overlay-color":"","overlay-opacity":"","overlay-gradient":""},"tablet":{"background-color":"","background-image":"","background-repeat":"repeat","background-position":"center center","background-size":"auto","background-attachment":"scroll","background-type":"","background-media":"","overlay-type":"","overlay-color":"","overlay-opacity":"","overlay-gradient":""},"mobile":{"background-color":"","background-image":"","background-repeat":"repeat","background-position":"center center","background-size":"auto","background-attachment":"scroll","background-type":"","background-media":"","overlay-type":"","overlay-color":"","overlay-opacity":"","overlay-gradient":""}},"ast-content-background-meta":{"desktop":{"background-color":"var(--ast-global-color-5)","background-image":"","background-repeat":"repeat","background-position":"center center","background-size":"auto","background-attachment":"scroll","background-type":"","background-media":"","overlay-type":"","overlay-color":"","overlay-opacity":"","overlay-gradient":""},"tablet":{"background-color":"var(--ast-global-color-5)","background-image":"","background-repeat":"repeat","background-position":"center center","background-size":"auto","background-attachment":"scroll","background-type":"","background-media":"","overlay-type":"","overlay-color":"","overlay-opacity":"","overlay-gradient":""},"mobile":{"background-color":"var(--ast-global-color-5)","background-image":"","background-repeat":"repeat","background-position":"center center","background-size":"auto","background-attachment":"scroll","background-type":"","background-media":"","overlay-type":"","overlay-color":"","overlay-opacity":"","overlay-gradient":""}}},"product_cat":[64],"product_tag":[],"class_list":{"0":"post-8353","1":"product","2":"type-product","3":"status-publish","4":"has-post-thumbnail","6":"product_cat-travel-adapter","7":"desktop-align-center","8":"tablet-align-center","9":"mobile-align-center","11":"first","12":"instock","13":"shipping-taxable","14":"product-type-simple"},"_links":{"self":[{"href":"https:\/\/imiapower.com\/fr\/wp-json\/wp\/v2\/product\/8353","targetHints":{"allow":["GET"]}}],"collection":[{"href":"https:\/\/imiapower.com\/fr\/wp-json\/wp\/v2\/product"}],"about":[{"href":"https:\/\/imiapower.com\/fr\/wp-json\/wp\/v2\/types\/product"}],"replies":[{"embeddable":true,"href":"https:\/\/imiapower.com\/fr\/wp-json\/wp\/v2\/comments?post=8353"}],"version-history":[{"count":4,"href":"https:\/\/imiapower.com\/fr\/wp-json\/wp\/v2\/product\/8353\/revisions"}],"predecessor-version":[{"id":8631,"href":"https:\/\/imiapower.com\/fr\/wp-json\/wp\/v2\/product\/8353\/revisions\/8631"}],"wp:featuredmedia":[{"embeddable":true,"href":"https:\/\/imiapower.com\/fr\/wp-json\/wp\/v2\/media\/8357"}],"wp:attachment":[{"href":"https:\/\/imiapower.com\/fr\/wp-json\/wp\/v2\/media?parent=8353"}],"wp:term":[{"taxonomy":"product_cat","embeddable":true,"href":"https:\/\/imiapower.com\/fr\/wp-json\/wp\/v2\/product_cat?post=8353"},{"taxonomy":"product_tag","embeddable":true,"href":"https:\/\/imiapower.com\/fr\/wp-json\/wp\/v2\/product_tag?post=8353"}],"curies":[{"name":"wp","href":"https:\/\/api.w.org\/{rel}","templated":true}]}}