{"id":9370,"date":"2025-06-24T03:17:54","date_gmt":"2025-06-24T03:17:54","guid":{"rendered":"https:\/\/imiapower.com\/?post_type=product&#038;p=9370"},"modified":"2025-06-24T03:19:33","modified_gmt":"2025-06-24T03:19:33","slug":"usb-power-delivery-charger","status":"publish","type":"product","link":"https:\/\/imiapower.com\/fr\/products\/wall-charger\/usb-power-delivery-charger\/","title":{"rendered":"Chargeur USB 47 W avec Power Delivery \u2013 Solution de charge rapide et compacte"},"content":{"rendered":"<ul>\n<li><strong>Distribution d&#039;\u00e9nergie<\/strong><\/li>\n<li><strong>Saisir :<\/strong> 100-240 V 1 A max.<\/li>\n<li><strong>Sortie unique :<\/strong> USB-C PD3.0 45W\u00a0: 20V2,25A\/15V3A\/12V3A\/9V3A\/5V3A<\/li>\n<li><strong>USB QC3.0 27 W :<\/strong> 12V2,25A \/ 9V3A \/ 5V4,5A \/ 4,5V5A<\/li>\n<li><strong>Double sortie 47 W Max :<\/strong> C 20 W : 12 V 1,67 A \/ 9 V 2,22 A \/ 5 V 3 A \/ A 27 W : 12 V 2,25 A \/ 9 V 3 A \/ 5 V 3 A<\/li>\n<li><strong>Protection:<\/strong> OVP\/OCP\/OTP\/OLP\/SCP<\/li>\n<li><strong>Prise en charge \u00e9tendue du protocole de charge rapide\u00a0:<\/strong>PD3.0, QC3.0, QC2.0, SCP, FCP, AFC, APPLE2.4A, BC1.2<\/li>\n<\/ul>","protected":false},"excerpt":{"rendered":"<p><img fetchpriority=\"high\" decoding=\"async\" class=\"alignnone wp-image-9371 size-full\" src=\"https:\/\/imiapower.com\/wp-content\/uploads\/converted-1-3.webp\" alt=\"distribution d&#039;\u00e9nergie\" width=\"730\" height=\"730\" srcset=\"https:\/\/imiapower.com\/wp-content\/uploads\/converted-1-3.webp 730w, https:\/\/imiapower.com\/wp-content\/uploads\/converted-1-3-300x300.webp 300w, https:\/\/imiapower.com\/wp-content\/uploads\/converted-1-3-150x150.webp 150w, https:\/\/imiapower.com\/wp-content\/uploads\/converted-1-3-12x12.webp 12w, https:\/\/imiapower.com\/wp-content\/uploads\/converted-1-3-600x600.webp 600w, https:\/\/imiapower.com\/wp-content\/uploads\/converted-1-3-100x100.webp 100w, https:\/\/imiapower.com\/wp-content\/uploads\/converted-1-3-64x64.webp 64w\" sizes=\"(max-width: 730px) 100vw, 730px\" \/><\/p>\n<p>Rechargez vos appareils rapidement et en toute s\u00e9curit\u00e9 avec notre chargeur USB 47 W dot\u00e9 de la technologie Power Delivery avanc\u00e9e.<\/p>\n<p>Con\u00e7u pour charger rapidement les smartphones, les tablettes et m\u00eame les ordinateurs portables l\u00e9gers, ce chargeur compact se glisse facilement dans votre sac ou votre poche, parfait pour une utilisation \u00e0 la maison, au bureau ou en voyage<\/p>","protected":false},"featured_media":9373,"comment_status":"open","ping_status":"closed","template":"","meta":{"rank_math_lock_modified_date":false,"site-sidebar-layout":"default","site-content-layout":"","ast-site-content-layout":"default","site-content-style":"default","site-sidebar-style":"default","ast-global-header-display":"","ast-banner-title-visibility":"","ast-main-header-display":"","ast-hfb-above-header-display":"","ast-hfb-below-header-display":"","ast-hfb-mobile-header-display":"","site-post-title":"","ast-breadcrumbs-content":"","ast-featured-img":"","footer-sml-layout":"","ast-disable-related-posts":"","theme-transparent-header-meta":"default","adv-header-id-meta":"","stick-header-meta":"","header-above-stick-meta":"","header-main-stick-meta":"","header-below-stick-meta":"","astra-migrate-meta-layouts":"set","ast-page-background-enabled":"default","ast-page-background-meta":{"desktop":{"background-color":"","background-image":"","background-repeat":"repeat","background-position":"center center","background-size":"auto","background-attachment":"scroll","background-type":"","background-media":"","overlay-type":"","overlay-color":"","overlay-opacity":"","overlay-gradient":""},"tablet":{"background-color":"","background-image":"","background-repeat":"repeat","background-position":"center center","background-size":"auto","background-attachment":"scroll","background-type":"","background-media":"","overlay-type":"","overlay-color":"","overlay-opacity":"","overlay-gradient":""},"mobile":{"background-color":"","background-image":"","background-repeat":"repeat","background-position":"center center","background-size":"auto","background-attachment":"scroll","background-type":"","background-media":"","overlay-type":"","overlay-color":"","overlay-opacity":"","overlay-gradient":""}},"ast-content-background-meta":{"desktop":{"background-color":"var(--ast-global-color-5)","background-image":"","background-repeat":"repeat","background-position":"center center","background-size":"auto","background-attachment":"scroll","background-type":"","background-media":"","overlay-type":"","overlay-color":"","overlay-opacity":"","overlay-gradient":""},"tablet":{"background-color":"var(--ast-global-color-5)","background-image":"","background-repeat":"repeat","background-position":"center center","background-size":"auto","background-attachment":"scroll","background-type":"","background-media":"","overlay-type":"","overlay-color":"","overlay-opacity":"","overlay-gradient":""},"mobile":{"background-color":"var(--ast-global-color-5)","background-image":"","background-repeat":"repeat","background-position":"center center","background-size":"auto","background-attachment":"scroll","background-type":"","background-media":"","overlay-type":"","overlay-color":"","overlay-opacity":"","overlay-gradient":""}}},"product_cat":[43],"product_tag":[],"class_list":{"0":"post-9370","1":"product","2":"type-product","3":"status-publish","4":"has-post-thumbnail","6":"product_cat-wall-charger","7":"desktop-align-center","8":"tablet-align-center","9":"mobile-align-center","11":"first","12":"instock","13":"featured","14":"shipping-taxable","15":"product-type-simple"},"_links":{"self":[{"href":"https:\/\/imiapower.com\/fr\/wp-json\/wp\/v2\/product\/9370","targetHints":{"allow":["GET"]}}],"collection":[{"href":"https:\/\/imiapower.com\/fr\/wp-json\/wp\/v2\/product"}],"about":[{"href":"https:\/\/imiapower.com\/fr\/wp-json\/wp\/v2\/types\/product"}],"replies":[{"embeddable":true,"href":"https:\/\/imiapower.com\/fr\/wp-json\/wp\/v2\/comments?post=9370"}],"version-history":[{"count":3,"href":"https:\/\/imiapower.com\/fr\/wp-json\/wp\/v2\/product\/9370\/revisions"}],"predecessor-version":[{"id":9376,"href":"https:\/\/imiapower.com\/fr\/wp-json\/wp\/v2\/product\/9370\/revisions\/9376"}],"wp:featuredmedia":[{"embeddable":true,"href":"https:\/\/imiapower.com\/fr\/wp-json\/wp\/v2\/media\/9373"}],"wp:attachment":[{"href":"https:\/\/imiapower.com\/fr\/wp-json\/wp\/v2\/media?parent=9370"}],"wp:term":[{"taxonomy":"product_cat","embeddable":true,"href":"https:\/\/imiapower.com\/fr\/wp-json\/wp\/v2\/product_cat?post=9370"},{"taxonomy":"product_tag","embeddable":true,"href":"https:\/\/imiapower.com\/fr\/wp-json\/wp\/v2\/product_tag?post=9370"}],"curies":[{"name":"wp","href":"https:\/\/api.w.org\/{rel}","templated":true}]}}