{"id":9468,"date":"2025-07-15T03:45:45","date_gmt":"2025-07-15T03:45:45","guid":{"rendered":"https:\/\/imiapower.com\/?post_type=product&#038;p=9468"},"modified":"2025-07-15T03:45:47","modified_gmt":"2025-07-15T03:45:47","slug":"45w-travel-adapter-usb-c","status":"publish","type":"product","link":"https:\/\/imiapower.com\/fr\/products\/travel-adapter\/45w-travel-adapter-usb-c\/","title":{"rendered":"Adaptateur de voyage universel 45 W avec charge rapide USB-C PD et prise secteur"},"content":{"rendered":"<ul>\n<li><strong>Adaptateur de voyage 45 W<\/strong><\/li>\n<li><strong>Tension d&#039;entr\u00e9e:<\/strong>110~250V\/CA 50-60Hz<\/li>\n<li><strong>Sortie CA\u00a0:<\/strong>10A maximum (1000W\/100V ou 2400W\/240V)<\/li>\n<li><strong>Sortie USB unique :<\/strong> 5 V 3 A \/ 9 V 2 A \/ 12 V 1,5 A (maximum 18 W)<\/li>\n<li><strong>Sortie unique de type C :<\/strong>5 V, 3 A, 9 V, 3 A, 12 V, 3 A, 15 V, 3 A, 20 V, 2,25 A (maximum 45 W)<\/li>\n<li><strong>Sortie USB+Type C :<\/strong> 5V3A (Max 15W)<\/li>\n<li><strong>Taille :<\/strong>74*50,5*53,9 mm<\/li>\n<li><strong>Mat\u00e9riel :<\/strong> PC cuit + m\u00e9tal cuivr\u00e9<\/li>\n<li><strong>Certificat :<\/strong> FCC, CE<\/li>\n<\/ul>","protected":false},"excerpt":{"rendered":"<p><strong data-start=\"797\" data-end=\"865\">Adaptateur de voyage 45 W avec charge rapide USB-C PD pour une utilisation dans le monde entier<\/strong><br data-start=\"865\" data-end=\"868\" \/>Cet adaptateur universel compact prend en charge une entr\u00e9e de 110 \u00e0 250 V et fournit jusqu&#039;\u00e0 45 W via USB-C pour charger rapidement votre ordinateur portable, tablette ou smartphone.<\/p>\n<p>\u00c9quip\u00e9 d&#039;une prise secteur (jusqu&#039;\u00e0 2400 W), d&#039;un port USB-A (18 W max) et d&#039;une sortie combin\u00e9e USB+Type-C (15 W max), il est parfait pour les voyages internationaux.<\/p>\n<p>Fabriqu\u00e9 avec des mat\u00e9riaux PC et cuivre ignifuges, et certifi\u00e9 par FCC et CE pour une utilisation s\u00fbre et mondiale.<\/p>","protected":false},"featured_media":9469,"comment_status":"open","ping_status":"closed","template":"","meta":{"rank_math_lock_modified_date":false,"site-sidebar-layout":"default","site-content-layout":"","ast-site-content-layout":"default","site-content-style":"default","site-sidebar-style":"default","ast-global-header-display":"","ast-banner-title-visibility":"","ast-main-header-display":"","ast-hfb-above-header-display":"","ast-hfb-below-header-display":"","ast-hfb-mobile-header-display":"","site-post-title":"","ast-breadcrumbs-content":"","ast-featured-img":"","footer-sml-layout":"","ast-disable-related-posts":"","theme-transparent-header-meta":"default","adv-header-id-meta":"","stick-header-meta":"","header-above-stick-meta":"","header-main-stick-meta":"","header-below-stick-meta":"","astra-migrate-meta-layouts":"set","ast-page-background-enabled":"default","ast-page-background-meta":{"desktop":{"background-color":"","background-image":"","background-repeat":"repeat","background-position":"center center","background-size":"auto","background-attachment":"scroll","background-type":"","background-media":"","overlay-type":"","overlay-color":"","overlay-opacity":"","overlay-gradient":""},"tablet":{"background-color":"","background-image":"","background-repeat":"repeat","background-position":"center center","background-size":"auto","background-attachment":"scroll","background-type":"","background-media":"","overlay-type":"","overlay-color":"","overlay-opacity":"","overlay-gradient":""},"mobile":{"background-color":"","background-image":"","background-repeat":"repeat","background-position":"center center","background-size":"auto","background-attachment":"scroll","background-type":"","background-media":"","overlay-type":"","overlay-color":"","overlay-opacity":"","overlay-gradient":""}},"ast-content-background-meta":{"desktop":{"background-color":"var(--ast-global-color-5)","background-image":"","background-repeat":"repeat","background-position":"center center","background-size":"auto","background-attachment":"scroll","background-type":"","background-media":"","overlay-type":"","overlay-color":"","overlay-opacity":"","overlay-gradient":""},"tablet":{"background-color":"var(--ast-global-color-5)","background-image":"","background-repeat":"repeat","background-position":"center center","background-size":"auto","background-attachment":"scroll","background-type":"","background-media":"","overlay-type":"","overlay-color":"","overlay-opacity":"","overlay-gradient":""},"mobile":{"background-color":"var(--ast-global-color-5)","background-image":"","background-repeat":"repeat","background-position":"center center","background-size":"auto","background-attachment":"scroll","background-type":"","background-media":"","overlay-type":"","overlay-color":"","overlay-opacity":"","overlay-gradient":""}}},"product_cat":[64],"product_tag":[],"class_list":{"0":"post-9468","1":"product","2":"type-product","3":"status-publish","4":"has-post-thumbnail","6":"product_cat-travel-adapter","7":"desktop-align-center","8":"tablet-align-center","9":"mobile-align-center","11":"first","12":"instock","13":"shipping-taxable","14":"product-type-simple"},"_links":{"self":[{"href":"https:\/\/imiapower.com\/fr\/wp-json\/wp\/v2\/product\/9468","targetHints":{"allow":["GET"]}}],"collection":[{"href":"https:\/\/imiapower.com\/fr\/wp-json\/wp\/v2\/product"}],"about":[{"href":"https:\/\/imiapower.com\/fr\/wp-json\/wp\/v2\/types\/product"}],"replies":[{"embeddable":true,"href":"https:\/\/imiapower.com\/fr\/wp-json\/wp\/v2\/comments?post=9468"}],"version-history":[{"count":2,"href":"https:\/\/imiapower.com\/fr\/wp-json\/wp\/v2\/product\/9468\/revisions"}],"predecessor-version":[{"id":9472,"href":"https:\/\/imiapower.com\/fr\/wp-json\/wp\/v2\/product\/9468\/revisions\/9472"}],"wp:featuredmedia":[{"embeddable":true,"href":"https:\/\/imiapower.com\/fr\/wp-json\/wp\/v2\/media\/9469"}],"wp:attachment":[{"href":"https:\/\/imiapower.com\/fr\/wp-json\/wp\/v2\/media?parent=9468"}],"wp:term":[{"taxonomy":"product_cat","embeddable":true,"href":"https:\/\/imiapower.com\/fr\/wp-json\/wp\/v2\/product_cat?post=9468"},{"taxonomy":"product_tag","embeddable":true,"href":"https:\/\/imiapower.com\/fr\/wp-json\/wp\/v2\/product_tag?post=9468"}],"curies":[{"name":"wp","href":"https:\/\/api.w.org\/{rel}","templated":true}]}}