{"id":9584,"date":"2025-07-26T02:15:58","date_gmt":"2025-07-26T02:15:58","guid":{"rendered":"https:\/\/imiapower.com\/?post_type=product&#038;p=9584"},"modified":"2025-08-02T00:17:55","modified_gmt":"2025-08-02T00:17:55","slug":"electrical-adapter","status":"publish","type":"product","link":"https:\/\/imiapower.com\/fr\/products\/travel-adapter\/electrical-adapter\/","title":{"rendered":"Adaptateur \u00e9lectrique \u2013 Convertisseur de prise Europe vers Suisse"},"content":{"rendered":"<ul>\n<li><strong>Adaptateur \u00e9lectrique<\/strong><\/li>\n<li><strong>Saisir :<\/strong> 250V 10A 2500W Max.<\/li>\n<li><strong>Mat\u00e9riau du bo\u00eetier :<\/strong> PC<\/li>\n<li><strong>Standard:<\/strong> Conforme \u00e0 la norme IEC60884-2-5<\/li>\n<li><strong>Couleur:<\/strong>\u00a0Blanc\/noir<\/li>\n<li><strong>Remarque:<\/strong> Adaptateur de prise Europe vers Suisse<\/li>\n<\/ul>","protected":false},"excerpt":{"rendered":"<p data-start=\"817\" data-end=\"1130\">Cette haute performance <strong data-start=\"839\" data-end=\"861\">adaptateur \u00e9lectrique<\/strong> est la solution id\u00e9ale pour alimenter vos appareils europ\u00e9ens en <strong data-start=\"924\" data-end=\"939\">Suisse<\/strong>Con\u00e7u pour convertir la norme <strong data-start=\"970\" data-end=\"982\">prises UE<\/strong> \u00e0 <strong data-start=\"986\" data-end=\"1003\">Prises suisses<\/strong>, il prend en charge jusqu&#039;\u00e0 <strong data-start=\"1023\" data-end=\"1035\">250 V 10 A<\/strong>, avec un <strong data-start=\"1044\" data-end=\"1069\">charge maximale de 2500W<\/strong>\u2014id\u00e9al pour la plupart des appareils de voyage, chargeurs et appareils \u00e9lectroniques.<\/p>\n<p data-start=\"1132\" data-end=\"1551\">Construit avec des mat\u00e9riaux durables et ignifuges <strong data-start=\"1171\" data-end=\"1185\">bo\u00eetier PC<\/strong>, il offre \u00e0 la fois s\u00e9curit\u00e9 et long\u00e9vit\u00e9. Le produit est conforme aux <strong data-start=\"1250\" data-end=\"1266\">IEC60884-2-5<\/strong>, conforme aux normes internationales de s\u00e9curit\u00e9 pour les adaptateurs de prise. Que vous soyez en voyage, en d\u00e9m\u00e9nagement ou que vous ayez simplement besoin d&#039;un convertisseur UE vers CH \u00e0 la maison ou au bureau, cet adaptateur compact est un choix fiable. Disponible en <strong data-start=\"1482\" data-end=\"1500\">blanc ou noir<\/strong>, il allie fonctionnalit\u00e9 et design \u00e9pur\u00e9 et moderne.<\/p>\n<p data-start=\"1132\" data-end=\"1551\"><img fetchpriority=\"high\" decoding=\"async\" class=\"alignnone wp-image-9586 size-full\" src=\"https:\/\/imiapower.com\/wp-content\/uploads\/20250409024035250.jpg\" alt=\"adaptateur \u00e9lectrique\" width=\"960\" height=\"674\" srcset=\"https:\/\/imiapower.com\/wp-content\/uploads\/20250409024035250.jpg 960w, https:\/\/imiapower.com\/wp-content\/uploads\/20250409024035250-300x211.jpg 300w, https:\/\/imiapower.com\/wp-content\/uploads\/20250409024035250-768x539.jpg 768w, https:\/\/imiapower.com\/wp-content\/uploads\/20250409024035250-18x12.jpg 18w, https:\/\/imiapower.com\/wp-content\/uploads\/20250409024035250-600x421.jpg 600w, https:\/\/imiapower.com\/wp-content\/uploads\/20250409024035250-64x45.jpg 64w\" sizes=\"(max-width: 960px) 100vw, 960px\" \/><\/p>\n<p data-start=\"751\" data-end=\"1342\">","protected":false},"featured_media":9585,"comment_status":"open","ping_status":"closed","template":"","meta":{"rank_math_lock_modified_date":false,"site-sidebar-layout":"default","site-content-layout":"","ast-site-content-layout":"default","site-content-style":"default","site-sidebar-style":"default","ast-global-header-display":"","ast-banner-title-visibility":"","ast-main-header-display":"","ast-hfb-above-header-display":"","ast-hfb-below-header-display":"","ast-hfb-mobile-header-display":"","site-post-title":"","ast-breadcrumbs-content":"","ast-featured-img":"","footer-sml-layout":"","ast-disable-related-posts":"","theme-transparent-header-meta":"default","adv-header-id-meta":"","stick-header-meta":"","header-above-stick-meta":"","header-main-stick-meta":"","header-below-stick-meta":"","astra-migrate-meta-layouts":"set","ast-page-background-enabled":"default","ast-page-background-meta":{"desktop":{"background-color":"","background-image":"","background-repeat":"repeat","background-position":"center center","background-size":"auto","background-attachment":"scroll","background-type":"","background-media":"","overlay-type":"","overlay-color":"","overlay-opacity":"","overlay-gradient":""},"tablet":{"background-color":"","background-image":"","background-repeat":"repeat","background-position":"center center","background-size":"auto","background-attachment":"scroll","background-type":"","background-media":"","overlay-type":"","overlay-color":"","overlay-opacity":"","overlay-gradient":""},"mobile":{"background-color":"","background-image":"","background-repeat":"repeat","background-position":"center center","background-size":"auto","background-attachment":"scroll","background-type":"","background-media":"","overlay-type":"","overlay-color":"","overlay-opacity":"","overlay-gradient":""}},"ast-content-background-meta":{"desktop":{"background-color":"var(--ast-global-color-5)","background-image":"","background-repeat":"repeat","background-position":"center center","background-size":"auto","background-attachment":"scroll","background-type":"","background-media":"","overlay-type":"","overlay-color":"","overlay-opacity":"","overlay-gradient":""},"tablet":{"background-color":"var(--ast-global-color-5)","background-image":"","background-repeat":"repeat","background-position":"center center","background-size":"auto","background-attachment":"scroll","background-type":"","background-media":"","overlay-type":"","overlay-color":"","overlay-opacity":"","overlay-gradient":""},"mobile":{"background-color":"var(--ast-global-color-5)","background-image":"","background-repeat":"repeat","background-position":"center center","background-size":"auto","background-attachment":"scroll","background-type":"","background-media":"","overlay-type":"","overlay-color":"","overlay-opacity":"","overlay-gradient":""}}},"product_cat":[64],"product_tag":[],"class_list":{"0":"post-9584","1":"product","2":"type-product","3":"status-publish","4":"has-post-thumbnail","6":"product_cat-travel-adapter","7":"desktop-align-center","8":"tablet-align-center","9":"mobile-align-center","11":"first","12":"instock","13":"shipping-taxable","14":"product-type-simple"},"_links":{"self":[{"href":"https:\/\/imiapower.com\/fr\/wp-json\/wp\/v2\/product\/9584","targetHints":{"allow":["GET"]}}],"collection":[{"href":"https:\/\/imiapower.com\/fr\/wp-json\/wp\/v2\/product"}],"about":[{"href":"https:\/\/imiapower.com\/fr\/wp-json\/wp\/v2\/types\/product"}],"replies":[{"embeddable":true,"href":"https:\/\/imiapower.com\/fr\/wp-json\/wp\/v2\/comments?post=9584"}],"version-history":[{"count":1,"href":"https:\/\/imiapower.com\/fr\/wp-json\/wp\/v2\/product\/9584\/revisions"}],"predecessor-version":[{"id":9587,"href":"https:\/\/imiapower.com\/fr\/wp-json\/wp\/v2\/product\/9584\/revisions\/9587"}],"wp:featuredmedia":[{"embeddable":true,"href":"https:\/\/imiapower.com\/fr\/wp-json\/wp\/v2\/media\/9585"}],"wp:attachment":[{"href":"https:\/\/imiapower.com\/fr\/wp-json\/wp\/v2\/media?parent=9584"}],"wp:term":[{"taxonomy":"product_cat","embeddable":true,"href":"https:\/\/imiapower.com\/fr\/wp-json\/wp\/v2\/product_cat?post=9584"},{"taxonomy":"product_tag","embeddable":true,"href":"https:\/\/imiapower.com\/fr\/wp-json\/wp\/v2\/product_tag?post=9584"}],"curies":[{"name":"wp","href":"https:\/\/api.w.org\/{rel}","templated":true}]}}