{"id":9588,"date":"2025-07-26T02:38:35","date_gmt":"2025-07-26T02:38:35","guid":{"rendered":"https:\/\/imiapower.com\/?post_type=product&#038;p=9588"},"modified":"2025-08-02T00:18:08","modified_gmt":"2025-08-02T00:18:08","slug":"power-adapter-travel","status":"publish","type":"product","link":"https:\/\/imiapower.com\/fr\/products\/travel-adapter\/power-adapter-travel\/","title":{"rendered":"Adaptateur secteur de voyage \u2013 Convertisseur de prise Europe vers Afrique du Sud"},"content":{"rendered":"<ul>\n<li><strong>Adaptateur secteur de voyage<\/strong><\/li>\n<li><strong>Saisir :<\/strong> 250V 10A 2500W Max.<\/li>\n<li><strong>Mat\u00e9riau du bo\u00eetier :<\/strong> PC<\/li>\n<li><strong>Standard:<\/strong> Conforme \u00e0 la norme IEC60884-2-5<\/li>\n<li><strong>Couleur:<\/strong>\u00a0Blanc\/noir<\/li>\n<li><strong>Remarque:<\/strong> Adaptateur de prise Europe vers Afrique du Sud<\/li>\n<\/ul>","protected":false},"excerpt":{"rendered":"<p data-start=\"744\" data-end=\"1042\">Voyagez en toute confiance gr\u00e2ce \u00e0 ce produit de haute qualit\u00e9 <strong data-start=\"791\" data-end=\"815\">adaptateur secteur de voyage<\/strong> solution con\u00e7ue pour convertir <strong data-start=\"845\" data-end=\"863\">prises europ\u00e9ennes<\/strong> \u00e0 <strong data-start=\"867\" data-end=\"892\">Prises sud-africaines<\/strong>Que vous soyez en visite, que vous d\u00e9m\u00e9nagiez ou que vous envoyiez des appareils \u00e9lectroniques \u00e0 l&#039;\u00e9tranger, cet adaptateur compact garantit une alimentation \u00e9lectrique s\u00fbre et efficace pour vos appareils.<\/p>\n<p data-start=\"1044\" data-end=\"1385\">Avec une puissance nominale de <strong data-start=\"1067\" data-end=\"1090\">250 V 10 A, 2\u00a0500 W max.<\/strong>, il prend en charge une large gamme d&#039;appareils \u00e9lectroniques, notamment les ordinateurs portables, les chargeurs, les s\u00e8che-cheveux, etc. <strong data-start=\"1201\" data-end=\"1240\">bo\u00eetier PC durable et ignifuge<\/strong>, il offre une s\u00e9curit\u00e9 et une durabilit\u00e9 accrues. Cet adaptateur est <strong data-start=\"1300\" data-end=\"1331\">conforme \u00e0 la norme IEC60884-2-5<\/strong>, r\u00e9pondant aux normes internationales pour les adaptateurs de voyage.<\/p>\n<p data-start=\"1387\" data-end=\"1565\">Disponible en <strong data-start=\"1400\" data-end=\"1418\">blanc ou noir<\/strong>, il combine un design moderne avec des performances fiables \u2014 un accessoire indispensable pour les voyageurs internationaux ayant besoin d&#039;un <strong data-start=\"1527\" data-end=\"1553\">De l&#039;Europe \u00e0 l&#039;Afrique du Sud<\/strong> connexion.<\/p>\n<p data-start=\"1387\" data-end=\"1565\"><img fetchpriority=\"high\" decoding=\"async\" class=\"alignnone wp-image-9590 size-full\" src=\"https:\/\/imiapower.com\/wp-content\/uploads\/converted-21.webp\" alt=\"adaptateur secteur de voyage\" width=\"960\" height=\"822\" srcset=\"https:\/\/imiapower.com\/wp-content\/uploads\/converted-21.webp 960w, https:\/\/imiapower.com\/wp-content\/uploads\/converted-21-300x257.webp 300w, https:\/\/imiapower.com\/wp-content\/uploads\/converted-21-768x658.webp 768w, https:\/\/imiapower.com\/wp-content\/uploads\/converted-21-14x12.webp 14w, https:\/\/imiapower.com\/wp-content\/uploads\/converted-21-600x514.webp 600w, https:\/\/imiapower.com\/wp-content\/uploads\/converted-21-64x55.webp 64w\" sizes=\"(max-width: 960px) 100vw, 960px\" \/><\/p>","protected":false},"featured_media":9589,"comment_status":"open","ping_status":"closed","template":"","meta":{"rank_math_lock_modified_date":false,"site-sidebar-layout":"default","site-content-layout":"","ast-site-content-layout":"default","site-content-style":"default","site-sidebar-style":"default","ast-global-header-display":"","ast-banner-title-visibility":"","ast-main-header-display":"","ast-hfb-above-header-display":"","ast-hfb-below-header-display":"","ast-hfb-mobile-header-display":"","site-post-title":"","ast-breadcrumbs-content":"","ast-featured-img":"","footer-sml-layout":"","ast-disable-related-posts":"","theme-transparent-header-meta":"default","adv-header-id-meta":"","stick-header-meta":"","header-above-stick-meta":"","header-main-stick-meta":"","header-below-stick-meta":"","astra-migrate-meta-layouts":"set","ast-page-background-enabled":"default","ast-page-background-meta":{"desktop":{"background-color":"","background-image":"","background-repeat":"repeat","background-position":"center center","background-size":"auto","background-attachment":"scroll","background-type":"","background-media":"","overlay-type":"","overlay-color":"","overlay-opacity":"","overlay-gradient":""},"tablet":{"background-color":"","background-image":"","background-repeat":"repeat","background-position":"center center","background-size":"auto","background-attachment":"scroll","background-type":"","background-media":"","overlay-type":"","overlay-color":"","overlay-opacity":"","overlay-gradient":""},"mobile":{"background-color":"","background-image":"","background-repeat":"repeat","background-position":"center center","background-size":"auto","background-attachment":"scroll","background-type":"","background-media":"","overlay-type":"","overlay-color":"","overlay-opacity":"","overlay-gradient":""}},"ast-content-background-meta":{"desktop":{"background-color":"var(--ast-global-color-5)","background-image":"","background-repeat":"repeat","background-position":"center center","background-size":"auto","background-attachment":"scroll","background-type":"","background-media":"","overlay-type":"","overlay-color":"","overlay-opacity":"","overlay-gradient":""},"tablet":{"background-color":"var(--ast-global-color-5)","background-image":"","background-repeat":"repeat","background-position":"center center","background-size":"auto","background-attachment":"scroll","background-type":"","background-media":"","overlay-type":"","overlay-color":"","overlay-opacity":"","overlay-gradient":""},"mobile":{"background-color":"var(--ast-global-color-5)","background-image":"","background-repeat":"repeat","background-position":"center center","background-size":"auto","background-attachment":"scroll","background-type":"","background-media":"","overlay-type":"","overlay-color":"","overlay-opacity":"","overlay-gradient":""}}},"product_cat":[64],"product_tag":[],"class_list":{"0":"post-9588","1":"product","2":"type-product","3":"status-publish","4":"has-post-thumbnail","6":"product_cat-travel-adapter","7":"desktop-align-center","8":"tablet-align-center","9":"mobile-align-center","11":"first","12":"instock","13":"shipping-taxable","14":"product-type-simple"},"_links":{"self":[{"href":"https:\/\/imiapower.com\/fr\/wp-json\/wp\/v2\/product\/9588","targetHints":{"allow":["GET"]}}],"collection":[{"href":"https:\/\/imiapower.com\/fr\/wp-json\/wp\/v2\/product"}],"about":[{"href":"https:\/\/imiapower.com\/fr\/wp-json\/wp\/v2\/types\/product"}],"replies":[{"embeddable":true,"href":"https:\/\/imiapower.com\/fr\/wp-json\/wp\/v2\/comments?post=9588"}],"version-history":[{"count":1,"href":"https:\/\/imiapower.com\/fr\/wp-json\/wp\/v2\/product\/9588\/revisions"}],"predecessor-version":[{"id":9591,"href":"https:\/\/imiapower.com\/fr\/wp-json\/wp\/v2\/product\/9588\/revisions\/9591"}],"wp:featuredmedia":[{"embeddable":true,"href":"https:\/\/imiapower.com\/fr\/wp-json\/wp\/v2\/media\/9589"}],"wp:attachment":[{"href":"https:\/\/imiapower.com\/fr\/wp-json\/wp\/v2\/media?parent=9588"}],"wp:term":[{"taxonomy":"product_cat","embeddable":true,"href":"https:\/\/imiapower.com\/fr\/wp-json\/wp\/v2\/product_cat?post=9588"},{"taxonomy":"product_tag","embeddable":true,"href":"https:\/\/imiapower.com\/fr\/wp-json\/wp\/v2\/product_tag?post=9588"}],"curies":[{"name":"wp","href":"https:\/\/api.w.org\/{rel}","templated":true}]}}