{"id":9592,"date":"2025-07-26T03:04:52","date_gmt":"2025-07-26T03:04:52","guid":{"rendered":"https:\/\/imiapower.com\/?post_type=product&#038;p=9592"},"modified":"2025-08-21T01:07:23","modified_gmt":"2025-08-21T01:07:23","slug":"european-power-adapter","status":"publish","type":"product","link":"https:\/\/imiapower.com\/fr\/products\/travel-adapter\/european-power-adapter\/","title":{"rendered":"Adaptateur secteur europ\u00e9en \u2013 Convertisseur de prise Europe vers Inde"},"content":{"rendered":"<ul>\n<li><strong>Adaptateur secteur europ\u00e9en<\/strong><\/li>\n<li><strong>Saisir :<\/strong> 250V 10A 2500W Max.<\/li>\n<li><strong>Mat\u00e9riau du bo\u00eetier :<\/strong> PC<\/li>\n<li><strong>Standard:<\/strong> Conforme \u00e0 la norme IEC60884-2-5<\/li>\n<li><strong>Couleur:<\/strong>\u00a0Blanc\/noir<\/li>\n<li><strong>Remarque:<\/strong> Adaptateur de prise Europe vers Inde<\/li>\n<\/ul>","protected":false},"excerpt":{"rendered":"<p data-start=\"766\" data-end=\"1123\">Ce <strong data-start=\"771\" data-end=\"797\">Adaptateur secteur europ\u00e9en<\/strong> est un accessoire de voyage indispensable pour la conversion <strong data-start=\"845\" data-end=\"876\">Prises europ\u00e9ennes (type C\/E\/F)<\/strong> pour s&#039;adapter <strong data-start=\"884\" data-end=\"911\">Prises indiennes (type D)<\/strong>Id\u00e9al pour les voyageurs, les expatri\u00e9s ou les professionnels internationaux, il offre des performances fiables avec un <strong data-start=\"1013\" data-end=\"1032\">250 V 10 A<\/strong>, supportant jusqu&#039;\u00e0 <strong data-start=\"1051\" data-end=\"1060\">2500W<\/strong> de puissance - adapt\u00e9 aux ordinateurs portables, aux chargeurs, aux outils pour cheveux et plus encore.<\/p>\n<p data-start=\"1125\" data-end=\"1417\">Fabriqu\u00e9 \u00e0 partir de <strong data-start=\"1138\" data-end=\"1169\">mat\u00e9riau PC ignifuge<\/strong>, il garantit une durabilit\u00e9 et une utilisation s\u00fbres. Compact et l\u00e9ger, il est id\u00e9al pour \u00eatre transport\u00e9 dans votre sac de voyage. <strong data-start=\"1318\" data-end=\"1349\">conforme \u00e0 la norme IEC60884-2-5<\/strong>, cet adaptateur r\u00e9pond aux normes internationales de s\u00e9curit\u00e9 et de performance.<\/p>\n<p data-start=\"1419\" data-end=\"1560\">Disponible en <strong data-start=\"1432\" data-end=\"1450\">blanc ou noir<\/strong>, il allie praticit\u00e9 et design \u00e9l\u00e9gant pour tous ceux qui ont besoin d&#039;un <strong data-start=\"1515\" data-end=\"1534\">De l&#039;Europe \u00e0 l&#039;Inde<\/strong> solution de conversion de prise.<\/p>\n<p data-start=\"1419\" data-end=\"1560\"><img fetchpriority=\"high\" decoding=\"async\" class=\"alignnone wp-image-9593 size-full\" src=\"https:\/\/imiapower.com\/wp-content\/uploads\/converted-1-14.webp\" alt=\"adaptateur secteur europ\u00e9en\" width=\"960\" height=\"691\" srcset=\"https:\/\/imiapower.com\/wp-content\/uploads\/converted-1-14.webp 960w, https:\/\/imiapower.com\/wp-content\/uploads\/converted-1-14-300x216.webp 300w, https:\/\/imiapower.com\/wp-content\/uploads\/converted-1-14-768x553.webp 768w, https:\/\/imiapower.com\/wp-content\/uploads\/converted-1-14-18x12.webp 18w, https:\/\/imiapower.com\/wp-content\/uploads\/converted-1-14-600x432.webp 600w, https:\/\/imiapower.com\/wp-content\/uploads\/converted-1-14-64x46.webp 64w\" sizes=\"(max-width: 960px) 100vw, 960px\" \/><\/p>","protected":false},"featured_media":9594,"comment_status":"open","ping_status":"closed","template":"","meta":{"rank_math_lock_modified_date":false,"site-sidebar-layout":"default","site-content-layout":"","ast-site-content-layout":"default","site-content-style":"default","site-sidebar-style":"default","ast-global-header-display":"","ast-banner-title-visibility":"","ast-main-header-display":"","ast-hfb-above-header-display":"","ast-hfb-below-header-display":"","ast-hfb-mobile-header-display":"","site-post-title":"","ast-breadcrumbs-content":"","ast-featured-img":"","footer-sml-layout":"","ast-disable-related-posts":"","theme-transparent-header-meta":"default","adv-header-id-meta":"","stick-header-meta":"","header-above-stick-meta":"","header-main-stick-meta":"","header-below-stick-meta":"","astra-migrate-meta-layouts":"set","ast-page-background-enabled":"default","ast-page-background-meta":{"desktop":{"background-color":"","background-image":"","background-repeat":"repeat","background-position":"center center","background-size":"auto","background-attachment":"scroll","background-type":"","background-media":"","overlay-type":"","overlay-color":"","overlay-opacity":"","overlay-gradient":""},"tablet":{"background-color":"","background-image":"","background-repeat":"repeat","background-position":"center center","background-size":"auto","background-attachment":"scroll","background-type":"","background-media":"","overlay-type":"","overlay-color":"","overlay-opacity":"","overlay-gradient":""},"mobile":{"background-color":"","background-image":"","background-repeat":"repeat","background-position":"center center","background-size":"auto","background-attachment":"scroll","background-type":"","background-media":"","overlay-type":"","overlay-color":"","overlay-opacity":"","overlay-gradient":""}},"ast-content-background-meta":{"desktop":{"background-color":"var(--ast-global-color-5)","background-image":"","background-repeat":"repeat","background-position":"center center","background-size":"auto","background-attachment":"scroll","background-type":"","background-media":"","overlay-type":"","overlay-color":"","overlay-opacity":"","overlay-gradient":""},"tablet":{"background-color":"var(--ast-global-color-5)","background-image":"","background-repeat":"repeat","background-position":"center center","background-size":"auto","background-attachment":"scroll","background-type":"","background-media":"","overlay-type":"","overlay-color":"","overlay-opacity":"","overlay-gradient":""},"mobile":{"background-color":"var(--ast-global-color-5)","background-image":"","background-repeat":"repeat","background-position":"center center","background-size":"auto","background-attachment":"scroll","background-type":"","background-media":"","overlay-type":"","overlay-color":"","overlay-opacity":"","overlay-gradient":""}}},"product_cat":[64],"product_tag":[],"class_list":{"0":"post-9592","1":"product","2":"type-product","3":"status-publish","4":"has-post-thumbnail","6":"product_cat-travel-adapter","7":"desktop-align-center","8":"tablet-align-center","9":"mobile-align-center","11":"first","12":"instock","13":"shipping-taxable","14":"product-type-simple"},"_links":{"self":[{"href":"https:\/\/imiapower.com\/fr\/wp-json\/wp\/v2\/product\/9592","targetHints":{"allow":["GET"]}}],"collection":[{"href":"https:\/\/imiapower.com\/fr\/wp-json\/wp\/v2\/product"}],"about":[{"href":"https:\/\/imiapower.com\/fr\/wp-json\/wp\/v2\/types\/product"}],"replies":[{"embeddable":true,"href":"https:\/\/imiapower.com\/fr\/wp-json\/wp\/v2\/comments?post=9592"}],"version-history":[{"count":1,"href":"https:\/\/imiapower.com\/fr\/wp-json\/wp\/v2\/product\/9592\/revisions"}],"predecessor-version":[{"id":9595,"href":"https:\/\/imiapower.com\/fr\/wp-json\/wp\/v2\/product\/9592\/revisions\/9595"}],"wp:featuredmedia":[{"embeddable":true,"href":"https:\/\/imiapower.com\/fr\/wp-json\/wp\/v2\/media\/9594"}],"wp:attachment":[{"href":"https:\/\/imiapower.com\/fr\/wp-json\/wp\/v2\/media?parent=9592"}],"wp:term":[{"taxonomy":"product_cat","embeddable":true,"href":"https:\/\/imiapower.com\/fr\/wp-json\/wp\/v2\/product_cat?post=9592"},{"taxonomy":"product_tag","embeddable":true,"href":"https:\/\/imiapower.com\/fr\/wp-json\/wp\/v2\/product_tag?post=9592"}],"curies":[{"name":"wp","href":"https:\/\/api.w.org\/{rel}","templated":true}]}}