{"id":9596,"date":"2025-07-26T07:35:09","date_gmt":"2025-07-26T07:35:09","guid":{"rendered":"https:\/\/imiapower.com\/?post_type=product&#038;p=9596"},"modified":"2025-08-02T00:18:30","modified_gmt":"2025-08-02T00:18:30","slug":"best-power-adapters-for-travel","status":"publish","type":"product","link":"https:\/\/imiapower.com\/fr\/products\/travel-adapter\/best-power-adapters-for-travel\/","title":{"rendered":"Meilleurs adaptateurs secteur pour les voyages\u00a0: adaptateurs de prise Europe vers Royaume-Uni"},"content":{"rendered":"<ul>\n<li><strong>Meilleurs adaptateurs secteur pour les voyages<\/strong><\/li>\n<li><strong>Saisir :<\/strong> 250V 10A 2500W Max.<\/li>\n<li><strong>Mat\u00e9riau du bo\u00eetier :<\/strong> PC<\/li>\n<li><strong>Standard:<\/strong> Conforme \u00e0 la norme IEC60884-2-5<\/li>\n<li><strong>Couleur:<\/strong>\u00a0Blanc\/noir<\/li>\n<li><strong>Remarque:<\/strong> Adaptateur de prise Europe vers Royaume-Uni<\/li>\n<\/ul>","protected":false},"excerpt":{"rendered":"<p data-start=\"947\" data-end=\"1381\">\u00c0 la recherche du <strong data-start=\"963\" data-end=\"997\">meilleurs adaptateurs secteur pour les voyages<\/strong>Cet adaptateur de prise Europe vers Royaume-Uni est la solution id\u00e9ale pour les voyageurs \u00e0 la recherche d&#039;une conversion fiable et performante. Avec une capacit\u00e9 maximale de 250 V, 10 A et 2\u00a0500 W, il prend en charge sans effort les appareils hautes performances. Fabriqu\u00e9 dans un bo\u00eetier PC haut de gamme pour une r\u00e9sistance \u00e0 la chaleur et une durabilit\u00e9 sup\u00e9rieures, cet adaptateur est enti\u00e8rement conforme \u00e0 la norme de s\u00e9curit\u00e9 internationale IEC60884-2-5.<\/p>\n<p data-start=\"1383\" data-end=\"1632\">Compact, l\u00e9ger et disponible en noir ou blanc \u00e9l\u00e9gant, c&#039;est le compagnon indispensable de vos d\u00e9placements en Europe et au Royaume-Uni. Que ce soit pour vos d\u00e9placements professionnels ou vos vacances, assurez-vous que vos appareils \u00e9lectroniques restent aliment\u00e9s efficacement et en toute s\u00e9curit\u00e9.<\/p>\n<p data-start=\"1383\" data-end=\"1632\"><img fetchpriority=\"high\" decoding=\"async\" class=\"alignnone wp-image-9597 size-full\" src=\"https:\/\/imiapower.com\/wp-content\/uploads\/converted-1-15.webp\" alt=\"meilleurs adaptateurs secteur pour les voyages\" width=\"960\" height=\"770\" srcset=\"https:\/\/imiapower.com\/wp-content\/uploads\/converted-1-15.webp 960w, https:\/\/imiapower.com\/wp-content\/uploads\/converted-1-15-300x241.webp 300w, https:\/\/imiapower.com\/wp-content\/uploads\/converted-1-15-768x616.webp 768w, https:\/\/imiapower.com\/wp-content\/uploads\/converted-1-15-15x12.webp 15w, https:\/\/imiapower.com\/wp-content\/uploads\/converted-1-15-600x481.webp 600w, https:\/\/imiapower.com\/wp-content\/uploads\/converted-1-15-64x51.webp 64w\" sizes=\"(max-width: 960px) 100vw, 960px\" \/><\/p>","protected":false},"featured_media":9598,"comment_status":"open","ping_status":"closed","template":"","meta":{"rank_math_lock_modified_date":false,"site-sidebar-layout":"default","site-content-layout":"","ast-site-content-layout":"default","site-content-style":"default","site-sidebar-style":"default","ast-global-header-display":"","ast-banner-title-visibility":"","ast-main-header-display":"","ast-hfb-above-header-display":"","ast-hfb-below-header-display":"","ast-hfb-mobile-header-display":"","site-post-title":"","ast-breadcrumbs-content":"","ast-featured-img":"","footer-sml-layout":"","ast-disable-related-posts":"","theme-transparent-header-meta":"default","adv-header-id-meta":"","stick-header-meta":"","header-above-stick-meta":"","header-main-stick-meta":"","header-below-stick-meta":"","astra-migrate-meta-layouts":"set","ast-page-background-enabled":"default","ast-page-background-meta":{"desktop":{"background-color":"","background-image":"","background-repeat":"repeat","background-position":"center center","background-size":"auto","background-attachment":"scroll","background-type":"","background-media":"","overlay-type":"","overlay-color":"","overlay-opacity":"","overlay-gradient":""},"tablet":{"background-color":"","background-image":"","background-repeat":"repeat","background-position":"center center","background-size":"auto","background-attachment":"scroll","background-type":"","background-media":"","overlay-type":"","overlay-color":"","overlay-opacity":"","overlay-gradient":""},"mobile":{"background-color":"","background-image":"","background-repeat":"repeat","background-position":"center center","background-size":"auto","background-attachment":"scroll","background-type":"","background-media":"","overlay-type":"","overlay-color":"","overlay-opacity":"","overlay-gradient":""}},"ast-content-background-meta":{"desktop":{"background-color":"var(--ast-global-color-5)","background-image":"","background-repeat":"repeat","background-position":"center center","background-size":"auto","background-attachment":"scroll","background-type":"","background-media":"","overlay-type":"","overlay-color":"","overlay-opacity":"","overlay-gradient":""},"tablet":{"background-color":"var(--ast-global-color-5)","background-image":"","background-repeat":"repeat","background-position":"center center","background-size":"auto","background-attachment":"scroll","background-type":"","background-media":"","overlay-type":"","overlay-color":"","overlay-opacity":"","overlay-gradient":""},"mobile":{"background-color":"var(--ast-global-color-5)","background-image":"","background-repeat":"repeat","background-position":"center center","background-size":"auto","background-attachment":"scroll","background-type":"","background-media":"","overlay-type":"","overlay-color":"","overlay-opacity":"","overlay-gradient":""}}},"product_cat":[64],"product_tag":[],"class_list":{"0":"post-9596","1":"product","2":"type-product","3":"status-publish","4":"has-post-thumbnail","6":"product_cat-travel-adapter","7":"desktop-align-center","8":"tablet-align-center","9":"mobile-align-center","11":"first","12":"instock","13":"shipping-taxable","14":"product-type-simple"},"_links":{"self":[{"href":"https:\/\/imiapower.com\/fr\/wp-json\/wp\/v2\/product\/9596","targetHints":{"allow":["GET"]}}],"collection":[{"href":"https:\/\/imiapower.com\/fr\/wp-json\/wp\/v2\/product"}],"about":[{"href":"https:\/\/imiapower.com\/fr\/wp-json\/wp\/v2\/types\/product"}],"replies":[{"embeddable":true,"href":"https:\/\/imiapower.com\/fr\/wp-json\/wp\/v2\/comments?post=9596"}],"version-history":[{"count":1,"href":"https:\/\/imiapower.com\/fr\/wp-json\/wp\/v2\/product\/9596\/revisions"}],"predecessor-version":[{"id":9599,"href":"https:\/\/imiapower.com\/fr\/wp-json\/wp\/v2\/product\/9596\/revisions\/9599"}],"wp:featuredmedia":[{"embeddable":true,"href":"https:\/\/imiapower.com\/fr\/wp-json\/wp\/v2\/media\/9598"}],"wp:attachment":[{"href":"https:\/\/imiapower.com\/fr\/wp-json\/wp\/v2\/media?parent=9596"}],"wp:term":[{"taxonomy":"product_cat","embeddable":true,"href":"https:\/\/imiapower.com\/fr\/wp-json\/wp\/v2\/product_cat?post=9596"},{"taxonomy":"product_tag","embeddable":true,"href":"https:\/\/imiapower.com\/fr\/wp-json\/wp\/v2\/product_tag?post=9596"}],"curies":[{"name":"wp","href":"https:\/\/api.w.org\/{rel}","templated":true}]}}