{"id":9604,"date":"2025-08-08T02:21:14","date_gmt":"2025-08-08T02:21:14","guid":{"rendered":"https:\/\/imiapower.com\/?post_type=product&#038;p=9604"},"modified":"2025-08-08T02:21:56","modified_gmt":"2025-08-08T02:21:56","slug":"travel-plugs-universal","status":"publish","type":"product","link":"https:\/\/imiapower.com\/fr\/products\/travel-adapter\/travel-plugs-universal\/","title":{"rendered":"Adaptateur de voyage \u2013 Convertisseur universel monde vers Royaume-Uni, 250 V 10 A, certifi\u00e9 BS8546"},"content":{"rendered":"<ul>\n<li><strong>Prises de voyage<\/strong><\/li>\n<li><strong>Saisir :<\/strong>250V 10A 2500W Max.<\/li>\n<li><strong>Mat\u00e9riau du bo\u00eetier :<\/strong>PC<\/li>\n<li><strong>Standard: <\/strong>BS8546, IEC60884-2-5<\/li>\n<li><strong>Couleur:<\/strong>\u00a0Blanc\/noir<\/li>\n<li><strong>Remarque:<\/strong>Adaptateur de prise du monde vers le Royaume-Uni<\/li>\n<\/ul>","protected":false},"excerpt":{"rendered":"<p><img fetchpriority=\"high\" decoding=\"async\" class=\"alignnone wp-image-9606 size-full\" src=\"https:\/\/imiapower.com\/wp-content\/uploads\/converted-25.webp\" alt=\"prises de voyage\" width=\"960\" height=\"960\" srcset=\"https:\/\/imiapower.com\/wp-content\/uploads\/converted-25.webp 960w, https:\/\/imiapower.com\/wp-content\/uploads\/converted-25-300x300.webp 300w, https:\/\/imiapower.com\/wp-content\/uploads\/converted-25-150x150.webp 150w, https:\/\/imiapower.com\/wp-content\/uploads\/converted-25-768x768.webp 768w, https:\/\/imiapower.com\/wp-content\/uploads\/converted-25-12x12.webp 12w, https:\/\/imiapower.com\/wp-content\/uploads\/converted-25-600x600.webp 600w, https:\/\/imiapower.com\/wp-content\/uploads\/converted-25-100x100.webp 100w, https:\/\/imiapower.com\/wp-content\/uploads\/converted-25-64x64.webp 64w\" sizes=\"(max-width: 960px) 100vw, 960px\" \/><\/p>\n<p data-start=\"1078\" data-end=\"1415\">Les prises de voyage ultimes pour les voyages au Royaume-Uni.<br data-start=\"1120\" data-end=\"1123\" \/>Cet adaptateur de voyage universel vous permet de connecter n&#039;importe quelle prise internationale (UE, \u00c9tats-Unis, Australie, etc.) \u00e0 une prise standard britannique \u00e0 3 broches (type G). Con\u00e7u pour supporter jusqu&#039;\u00e0 250 V \/ 10 A \/ 2\u00a0500 W, il est conforme aux normes de s\u00e9curit\u00e9 internationales BS8546 et IEC60884-2-5 pour une utilisation en toute s\u00e9curit\u00e9.<\/p>\n<p data-start=\"1417\" data-end=\"1611\">Le bo\u00eetier PC robuste r\u00e9siste \u00e0 la chaleur et est id\u00e9al pour les voyages. Son design compact est id\u00e9al pour les valises, les sacs \u00e0 dos et les kits informatiques, vous permettant de rester connect\u00e9 o\u00f9 que vous soyez.<\/p>","protected":false},"featured_media":9605,"comment_status":"open","ping_status":"closed","template":"","meta":{"rank_math_lock_modified_date":false,"site-sidebar-layout":"default","site-content-layout":"","ast-site-content-layout":"default","site-content-style":"default","site-sidebar-style":"default","ast-global-header-display":"","ast-banner-title-visibility":"","ast-main-header-display":"","ast-hfb-above-header-display":"","ast-hfb-below-header-display":"","ast-hfb-mobile-header-display":"","site-post-title":"","ast-breadcrumbs-content":"","ast-featured-img":"","footer-sml-layout":"","ast-disable-related-posts":"","theme-transparent-header-meta":"default","adv-header-id-meta":"","stick-header-meta":"","header-above-stick-meta":"","header-main-stick-meta":"","header-below-stick-meta":"","astra-migrate-meta-layouts":"set","ast-page-background-enabled":"default","ast-page-background-meta":{"desktop":{"background-color":"","background-image":"","background-repeat":"repeat","background-position":"center center","background-size":"auto","background-attachment":"scroll","background-type":"","background-media":"","overlay-type":"","overlay-color":"","overlay-opacity":"","overlay-gradient":""},"tablet":{"background-color":"","background-image":"","background-repeat":"repeat","background-position":"center center","background-size":"auto","background-attachment":"scroll","background-type":"","background-media":"","overlay-type":"","overlay-color":"","overlay-opacity":"","overlay-gradient":""},"mobile":{"background-color":"","background-image":"","background-repeat":"repeat","background-position":"center center","background-size":"auto","background-attachment":"scroll","background-type":"","background-media":"","overlay-type":"","overlay-color":"","overlay-opacity":"","overlay-gradient":""}},"ast-content-background-meta":{"desktop":{"background-color":"var(--ast-global-color-5)","background-image":"","background-repeat":"repeat","background-position":"center center","background-size":"auto","background-attachment":"scroll","background-type":"","background-media":"","overlay-type":"","overlay-color":"","overlay-opacity":"","overlay-gradient":""},"tablet":{"background-color":"var(--ast-global-color-5)","background-image":"","background-repeat":"repeat","background-position":"center center","background-size":"auto","background-attachment":"scroll","background-type":"","background-media":"","overlay-type":"","overlay-color":"","overlay-opacity":"","overlay-gradient":""},"mobile":{"background-color":"var(--ast-global-color-5)","background-image":"","background-repeat":"repeat","background-position":"center center","background-size":"auto","background-attachment":"scroll","background-type":"","background-media":"","overlay-type":"","overlay-color":"","overlay-opacity":"","overlay-gradient":""}}},"product_cat":[64],"product_tag":[],"class_list":{"0":"post-9604","1":"product","2":"type-product","3":"status-publish","4":"has-post-thumbnail","6":"product_cat-travel-adapter","7":"desktop-align-center","8":"tablet-align-center","9":"mobile-align-center","11":"first","12":"instock","13":"shipping-taxable","14":"product-type-simple"},"_links":{"self":[{"href":"https:\/\/imiapower.com\/fr\/wp-json\/wp\/v2\/product\/9604","targetHints":{"allow":["GET"]}}],"collection":[{"href":"https:\/\/imiapower.com\/fr\/wp-json\/wp\/v2\/product"}],"about":[{"href":"https:\/\/imiapower.com\/fr\/wp-json\/wp\/v2\/types\/product"}],"replies":[{"embeddable":true,"href":"https:\/\/imiapower.com\/fr\/wp-json\/wp\/v2\/comments?post=9604"}],"version-history":[{"count":2,"href":"https:\/\/imiapower.com\/fr\/wp-json\/wp\/v2\/product\/9604\/revisions"}],"predecessor-version":[{"id":9608,"href":"https:\/\/imiapower.com\/fr\/wp-json\/wp\/v2\/product\/9604\/revisions\/9608"}],"wp:featuredmedia":[{"embeddable":true,"href":"https:\/\/imiapower.com\/fr\/wp-json\/wp\/v2\/media\/9605"}],"wp:attachment":[{"href":"https:\/\/imiapower.com\/fr\/wp-json\/wp\/v2\/media?parent=9604"}],"wp:term":[{"taxonomy":"product_cat","embeddable":true,"href":"https:\/\/imiapower.com\/fr\/wp-json\/wp\/v2\/product_cat?post=9604"},{"taxonomy":"product_tag","embeddable":true,"href":"https:\/\/imiapower.com\/fr\/wp-json\/wp\/v2\/product_tag?post=9604"}],"curies":[{"name":"wp","href":"https:\/\/api.w.org\/{rel}","templated":true}]}}