{"id":9614,"date":"2025-08-08T02:44:59","date_gmt":"2025-08-08T02:44:59","guid":{"rendered":"https:\/\/imiapower.com\/?post_type=product&#038;p=9614"},"modified":"2025-08-08T02:57:03","modified_gmt":"2025-08-08T02:57:03","slug":"germany-adapter-plug-type","status":"publish","type":"product","link":"https:\/\/imiapower.com\/fr\/products\/travel-adapter\/germany-adapter-plug-type\/","title":{"rendered":"Adaptateur de prise allemande \u2013 Universel vers prise allemande"},"content":{"rendered":"<ul>\n<li><strong>Adaptateur de type prise Allemagne<\/strong><\/li>\n<li><strong>Saisir :<\/strong>250V 10A 2500W Max.<\/li>\n<li><strong>Mat\u00e9riau du bo\u00eetier :<\/strong>PC<\/li>\n<li><strong>Standard: <\/strong>BS8546, IEC60884-2-5<\/li>\n<li><strong>Couleur:<\/strong>\u00a0Blanc\/noir<\/li>\n<li><strong>Remarque:<\/strong>Adaptateur de prise universelle vers allemande<\/li>\n<\/ul>","protected":false},"excerpt":{"rendered":"<p data-start=\"894\" data-end=\"1206\">Cet adaptateur de type allemand est con\u00e7u pour les voyageurs internationaux qui ont besoin de connecter des appareils \u00e0 des prises de courant allemandes (type E\/F).<br data-start=\"1032\" data-end=\"1035\" \/>Compatible avec les prises de plus de 170 pays, cet adaptateur universel permet aux utilisateurs de connecter en toute s\u00e9curit\u00e9 des prises am\u00e9ricaines, britanniques, australiennes et autres \u00e0 la prise Schuko standard allemande.<\/p>\n<p data-start=\"1208\" data-end=\"1422\">Fabriqu\u00e9 avec un mat\u00e9riau PC ignifuge et \u00e9valu\u00e9 \u00e0 250 V 10 A (2 500 W max), l&#039;adaptateur est conforme aux normes de s\u00e9curit\u00e9 BS8546 et IEC60884-2-5, ce qui en fait un choix fiable pour les voyages, les affaires et l&#039;h\u00f4tellerie.<\/p>\n<p data-start=\"1208\" data-end=\"1422\"><img fetchpriority=\"high\" decoding=\"async\" class=\"alignnone wp-image-9623 size-full\" src=\"https:\/\/imiapower.com\/wp-content\/uploads\/converted-2-12.webp\" alt=\"adaptateur de type prise allemande\" width=\"960\" height=\"960\" srcset=\"https:\/\/imiapower.com\/wp-content\/uploads\/converted-2-12.webp 960w, https:\/\/imiapower.com\/wp-content\/uploads\/converted-2-12-300x300.webp 300w, https:\/\/imiapower.com\/wp-content\/uploads\/converted-2-12-150x150.webp 150w, https:\/\/imiapower.com\/wp-content\/uploads\/converted-2-12-768x768.webp 768w, https:\/\/imiapower.com\/wp-content\/uploads\/converted-2-12-12x12.webp 12w, https:\/\/imiapower.com\/wp-content\/uploads\/converted-2-12-600x600.webp 600w, https:\/\/imiapower.com\/wp-content\/uploads\/converted-2-12-100x100.webp 100w, https:\/\/imiapower.com\/wp-content\/uploads\/converted-2-12-64x64.webp 64w\" sizes=\"(max-width: 960px) 100vw, 960px\" \/><\/p>","protected":false},"featured_media":9625,"comment_status":"open","ping_status":"closed","template":"","meta":{"rank_math_lock_modified_date":false,"site-sidebar-layout":"default","site-content-layout":"","ast-site-content-layout":"default","site-content-style":"default","site-sidebar-style":"default","ast-global-header-display":"","ast-banner-title-visibility":"","ast-main-header-display":"","ast-hfb-above-header-display":"","ast-hfb-below-header-display":"","ast-hfb-mobile-header-display":"","site-post-title":"","ast-breadcrumbs-content":"","ast-featured-img":"","footer-sml-layout":"","ast-disable-related-posts":"","theme-transparent-header-meta":"default","adv-header-id-meta":"","stick-header-meta":"","header-above-stick-meta":"","header-main-stick-meta":"","header-below-stick-meta":"","astra-migrate-meta-layouts":"set","ast-page-background-enabled":"default","ast-page-background-meta":{"desktop":{"background-color":"","background-image":"","background-repeat":"repeat","background-position":"center center","background-size":"auto","background-attachment":"scroll","background-type":"","background-media":"","overlay-type":"","overlay-color":"","overlay-opacity":"","overlay-gradient":""},"tablet":{"background-color":"","background-image":"","background-repeat":"repeat","background-position":"center center","background-size":"auto","background-attachment":"scroll","background-type":"","background-media":"","overlay-type":"","overlay-color":"","overlay-opacity":"","overlay-gradient":""},"mobile":{"background-color":"","background-image":"","background-repeat":"repeat","background-position":"center center","background-size":"auto","background-attachment":"scroll","background-type":"","background-media":"","overlay-type":"","overlay-color":"","overlay-opacity":"","overlay-gradient":""}},"ast-content-background-meta":{"desktop":{"background-color":"var(--ast-global-color-5)","background-image":"","background-repeat":"repeat","background-position":"center center","background-size":"auto","background-attachment":"scroll","background-type":"","background-media":"","overlay-type":"","overlay-color":"","overlay-opacity":"","overlay-gradient":""},"tablet":{"background-color":"var(--ast-global-color-5)","background-image":"","background-repeat":"repeat","background-position":"center center","background-size":"auto","background-attachment":"scroll","background-type":"","background-media":"","overlay-type":"","overlay-color":"","overlay-opacity":"","overlay-gradient":""},"mobile":{"background-color":"var(--ast-global-color-5)","background-image":"","background-repeat":"repeat","background-position":"center center","background-size":"auto","background-attachment":"scroll","background-type":"","background-media":"","overlay-type":"","overlay-color":"","overlay-opacity":"","overlay-gradient":""}}},"product_cat":[64],"product_tag":[],"class_list":{"0":"post-9614","1":"product","2":"type-product","3":"status-publish","4":"has-post-thumbnail","6":"product_cat-travel-adapter","7":"desktop-align-center","8":"tablet-align-center","9":"mobile-align-center","11":"first","12":"instock","13":"shipping-taxable","14":"product-type-simple"},"_links":{"self":[{"href":"https:\/\/imiapower.com\/fr\/wp-json\/wp\/v2\/product\/9614","targetHints":{"allow":["GET"]}}],"collection":[{"href":"https:\/\/imiapower.com\/fr\/wp-json\/wp\/v2\/product"}],"about":[{"href":"https:\/\/imiapower.com\/fr\/wp-json\/wp\/v2\/types\/product"}],"replies":[{"embeddable":true,"href":"https:\/\/imiapower.com\/fr\/wp-json\/wp\/v2\/comments?post=9614"}],"version-history":[{"count":1,"href":"https:\/\/imiapower.com\/fr\/wp-json\/wp\/v2\/product\/9614\/revisions"}],"predecessor-version":[{"id":9626,"href":"https:\/\/imiapower.com\/fr\/wp-json\/wp\/v2\/product\/9614\/revisions\/9626"}],"wp:featuredmedia":[{"embeddable":true,"href":"https:\/\/imiapower.com\/fr\/wp-json\/wp\/v2\/media\/9625"}],"wp:attachment":[{"href":"https:\/\/imiapower.com\/fr\/wp-json\/wp\/v2\/media?parent=9614"}],"wp:term":[{"taxonomy":"product_cat","embeddable":true,"href":"https:\/\/imiapower.com\/fr\/wp-json\/wp\/v2\/product_cat?post=9614"},{"taxonomy":"product_tag","embeddable":true,"href":"https:\/\/imiapower.com\/fr\/wp-json\/wp\/v2\/product_tag?post=9614"}],"curies":[{"name":"wp","href":"https:\/\/api.w.org\/{rel}","templated":true}]}}