{"id":9636,"date":"2025-08-12T01:07:52","date_gmt":"2025-08-12T01:07:52","guid":{"rendered":"https:\/\/imiapower.com\/?post_type=product&#038;p=9636"},"modified":"2025-08-21T00:54:48","modified_gmt":"2025-08-21T00:54:48","slug":"electronic-travel-gadgets","status":"publish","type":"product","link":"https:\/\/imiapower.com\/fr\/products\/travel-adapter\/electronic-travel-gadgets\/","title":{"rendered":"Gadgets \u00e9lectroniques de voyage \u2013 Adaptateur secteur Monde vers Suisse 250 V 10 A"},"content":{"rendered":"<ul>\n<li><strong>Gadgets \u00e9lectroniques de voyage<\/strong><\/li>\n<li><strong>Saisir :<\/strong>250V 10A 2500W Max.<\/li>\n<li><strong>Mat\u00e9riau du bo\u00eetier :<\/strong>PC<\/li>\n<li><strong>Standard: <\/strong>BS8546, IEC60884-2-5<\/li>\n<li><strong>Couleur:<\/strong>\u00a0Blanc\/noir<\/li>\n<li><strong>Remarque:<\/strong>Adaptateur de prise du monde vers la Suisse<\/li>\n<\/ul>","protected":false},"excerpt":{"rendered":"<p><img fetchpriority=\"high\" decoding=\"async\" class=\"alignnone wp-image-9638 size-full\" src=\"https:\/\/imiapower.com\/wp-content\/uploads\/converted-28.webp\" alt=\"gadgets \u00e9lectroniques de voyage\" width=\"960\" height=\"960\" srcset=\"https:\/\/imiapower.com\/wp-content\/uploads\/converted-28.webp 960w, https:\/\/imiapower.com\/wp-content\/uploads\/converted-28-300x300.webp 300w, https:\/\/imiapower.com\/wp-content\/uploads\/converted-28-150x150.webp 150w, https:\/\/imiapower.com\/wp-content\/uploads\/converted-28-768x768.webp 768w, https:\/\/imiapower.com\/wp-content\/uploads\/converted-28-12x12.webp 12w, https:\/\/imiapower.com\/wp-content\/uploads\/converted-28-600x600.webp 600w, https:\/\/imiapower.com\/wp-content\/uploads\/converted-28-100x100.webp 100w, https:\/\/imiapower.com\/wp-content\/uploads\/converted-28-64x64.webp 64w\" sizes=\"(max-width: 960px) 100vw, 960px\" \/><\/p>\n<p>Vous voyagez en Suisse\u00a0? Assurez-vous que vos appareils \u00e9lectroniques de voyage ne tombent jamais en panne de batterie.<\/p>\n<p>Notre adaptateur de prise World to Switzerland prend en charge 250 V, 10 A et jusqu&#039;\u00e0 2 500 W max, ce qui le rend id\u00e9al pour charger des ordinateurs portables, des appareils photo, des smartphones et plus encore.<\/p>\n<p>Construit avec un bo\u00eetier PC durable et certifi\u00e9 selon les normes BS8546 et IEC60884-2-5, il garantit des performances s\u00fbres et fiables.<\/p>\n<p>Compact, l\u00e9ger et disponible en blanc ou en noir, cet essentiel de voyage rendra votre voyage joyeux et sans stress, sans vous soucier des prises incompatibles.<\/p>","protected":false},"featured_media":9637,"comment_status":"open","ping_status":"closed","template":"","meta":{"rank_math_lock_modified_date":false,"site-sidebar-layout":"default","site-content-layout":"","ast-site-content-layout":"default","site-content-style":"default","site-sidebar-style":"default","ast-global-header-display":"","ast-banner-title-visibility":"","ast-main-header-display":"","ast-hfb-above-header-display":"","ast-hfb-below-header-display":"","ast-hfb-mobile-header-display":"","site-post-title":"","ast-breadcrumbs-content":"","ast-featured-img":"","footer-sml-layout":"","ast-disable-related-posts":"","theme-transparent-header-meta":"default","adv-header-id-meta":"","stick-header-meta":"","header-above-stick-meta":"","header-main-stick-meta":"","header-below-stick-meta":"","astra-migrate-meta-layouts":"set","ast-page-background-enabled":"default","ast-page-background-meta":{"desktop":{"background-color":"","background-image":"","background-repeat":"repeat","background-position":"center center","background-size":"auto","background-attachment":"scroll","background-type":"","background-media":"","overlay-type":"","overlay-color":"","overlay-opacity":"","overlay-gradient":""},"tablet":{"background-color":"","background-image":"","background-repeat":"repeat","background-position":"center center","background-size":"auto","background-attachment":"scroll","background-type":"","background-media":"","overlay-type":"","overlay-color":"","overlay-opacity":"","overlay-gradient":""},"mobile":{"background-color":"","background-image":"","background-repeat":"repeat","background-position":"center center","background-size":"auto","background-attachment":"scroll","background-type":"","background-media":"","overlay-type":"","overlay-color":"","overlay-opacity":"","overlay-gradient":""}},"ast-content-background-meta":{"desktop":{"background-color":"var(--ast-global-color-5)","background-image":"","background-repeat":"repeat","background-position":"center center","background-size":"auto","background-attachment":"scroll","background-type":"","background-media":"","overlay-type":"","overlay-color":"","overlay-opacity":"","overlay-gradient":""},"tablet":{"background-color":"var(--ast-global-color-5)","background-image":"","background-repeat":"repeat","background-position":"center center","background-size":"auto","background-attachment":"scroll","background-type":"","background-media":"","overlay-type":"","overlay-color":"","overlay-opacity":"","overlay-gradient":""},"mobile":{"background-color":"var(--ast-global-color-5)","background-image":"","background-repeat":"repeat","background-position":"center center","background-size":"auto","background-attachment":"scroll","background-type":"","background-media":"","overlay-type":"","overlay-color":"","overlay-opacity":"","overlay-gradient":""}}},"product_cat":[64],"product_tag":[],"class_list":{"0":"post-9636","1":"product","2":"type-product","3":"status-publish","4":"has-post-thumbnail","6":"product_cat-travel-adapter","7":"desktop-align-center","8":"tablet-align-center","9":"mobile-align-center","11":"first","12":"instock","13":"shipping-taxable","14":"product-type-simple"},"_links":{"self":[{"href":"https:\/\/imiapower.com\/fr\/wp-json\/wp\/v2\/product\/9636","targetHints":{"allow":["GET"]}}],"collection":[{"href":"https:\/\/imiapower.com\/fr\/wp-json\/wp\/v2\/product"}],"about":[{"href":"https:\/\/imiapower.com\/fr\/wp-json\/wp\/v2\/types\/product"}],"replies":[{"embeddable":true,"href":"https:\/\/imiapower.com\/fr\/wp-json\/wp\/v2\/comments?post=9636"}],"version-history":[{"count":1,"href":"https:\/\/imiapower.com\/fr\/wp-json\/wp\/v2\/product\/9636\/revisions"}],"predecessor-version":[{"id":9639,"href":"https:\/\/imiapower.com\/fr\/wp-json\/wp\/v2\/product\/9636\/revisions\/9639"}],"wp:featuredmedia":[{"embeddable":true,"href":"https:\/\/imiapower.com\/fr\/wp-json\/wp\/v2\/media\/9637"}],"wp:attachment":[{"href":"https:\/\/imiapower.com\/fr\/wp-json\/wp\/v2\/media?parent=9636"}],"wp:term":[{"taxonomy":"product_cat","embeddable":true,"href":"https:\/\/imiapower.com\/fr\/wp-json\/wp\/v2\/product_cat?post=9636"},{"taxonomy":"product_tag","embeddable":true,"href":"https:\/\/imiapower.com\/fr\/wp-json\/wp\/v2\/product_tag?post=9636"}],"curies":[{"name":"wp","href":"https:\/\/api.w.org\/{rel}","templated":true}]}}