{"id":9640,"date":"2025-08-12T01:52:35","date_gmt":"2025-08-12T01:52:35","guid":{"rendered":"https:\/\/imiapower.com\/?post_type=product&#038;p=9640"},"modified":"2025-08-21T00:50:47","modified_gmt":"2025-08-21T00:50:47","slug":"travel-adapter-plug-china","status":"publish","type":"product","link":"https:\/\/imiapower.com\/fr\/products\/travel-adapter\/travel-adapter-plug-china\/","title":{"rendered":"Adaptateur de voyage Chine \u2013 Adaptateur de prise monde vers Chine\/Australie 250 V 10 A"},"content":{"rendered":"<ul>\n<li><strong>Adaptateur de voyage en Chine<\/strong><\/li>\n<li><strong>Saisir :<\/strong>250V 10A 2500W Max.<\/li>\n<li><strong>Mat\u00e9riau du bo\u00eetier :<\/strong>PC<\/li>\n<li><strong>Standard: <\/strong>BS8546, IEC60884-2-5<\/li>\n<li><strong>Couleur:<\/strong>\u00a0Blanc\/noir<\/li>\n<li><strong>Remarque:<\/strong>Adaptateur de prise du monde vers la Chine\/l&#039;Australie<\/li>\n<\/ul>","protected":false},"excerpt":{"rendered":"<p><img fetchpriority=\"high\" decoding=\"async\" class=\"alignnone wp-image-9641 size-full\" src=\"https:\/\/imiapower.com\/wp-content\/uploads\/converted-1-21.webp\" alt=\"adaptateur de voyage en Chine\" width=\"960\" height=\"960\" srcset=\"https:\/\/imiapower.com\/wp-content\/uploads\/converted-1-21.webp 960w, https:\/\/imiapower.com\/wp-content\/uploads\/converted-1-21-300x300.webp 300w, https:\/\/imiapower.com\/wp-content\/uploads\/converted-1-21-150x150.webp 150w, https:\/\/imiapower.com\/wp-content\/uploads\/converted-1-21-768x768.webp 768w, https:\/\/imiapower.com\/wp-content\/uploads\/converted-1-21-12x12.webp 12w, https:\/\/imiapower.com\/wp-content\/uploads\/converted-1-21-600x600.webp 600w, https:\/\/imiapower.com\/wp-content\/uploads\/converted-1-21-100x100.webp 100w, https:\/\/imiapower.com\/wp-content\/uploads\/converted-1-21-64x64.webp 64w\" sizes=\"(max-width: 960px) 100vw, 960px\" \/><\/p>\n<p>La croissance \u00e9conomique rapide de la Chine attire d\u2019innombrables voyageurs d\u2019affaires, repr\u00e9sentants de marques et distributeurs du monde entier.<\/p>\n<p>En fait, plus de 90% fabricants mondiaux d\u2019adaptateurs sont bas\u00e9s en Chine, ce qui rend les visites encore plus fr\u00e9quentes pour les professionnels du secteur.<\/p>\n<p>Que vous participiez \u00e0 des salons professionnels, visitiez des usines ou exploriez les villes chinoises, un <strong data-start=\"1136\" data-end=\"1165\">t<\/strong>L&#039;adaptateur secteur Ravel China est indispensable pour garder vos appareils aliment\u00e9s.<\/p>\n<p>Notre adaptateur de prise World vers Chine\/Australie prend en charge 250 V, 10 A et jusqu&#039;\u00e0 2 500 W max.<\/p>\n<p>Construit avec un bo\u00eetier PC durable et conforme aux normes de s\u00e9curit\u00e9 BS8546 et IEC60884-2-5, il est parfait pour charger les ordinateurs portables, les appareils photo et les smartphones.<\/p>\n<p>Compact, fiable et disponible en blanc ou en noir, il vous permet de rester connect\u00e9 et productif tout au long de votre voyage.<\/p>","protected":false},"featured_media":9642,"comment_status":"open","ping_status":"closed","template":"","meta":{"rank_math_lock_modified_date":false,"site-sidebar-layout":"default","site-content-layout":"","ast-site-content-layout":"default","site-content-style":"default","site-sidebar-style":"default","ast-global-header-display":"","ast-banner-title-visibility":"","ast-main-header-display":"","ast-hfb-above-header-display":"","ast-hfb-below-header-display":"","ast-hfb-mobile-header-display":"","site-post-title":"","ast-breadcrumbs-content":"","ast-featured-img":"","footer-sml-layout":"","ast-disable-related-posts":"","theme-transparent-header-meta":"default","adv-header-id-meta":"","stick-header-meta":"","header-above-stick-meta":"","header-main-stick-meta":"","header-below-stick-meta":"","astra-migrate-meta-layouts":"set","ast-page-background-enabled":"default","ast-page-background-meta":{"desktop":{"background-color":"","background-image":"","background-repeat":"repeat","background-position":"center center","background-size":"auto","background-attachment":"scroll","background-type":"","background-media":"","overlay-type":"","overlay-color":"","overlay-opacity":"","overlay-gradient":""},"tablet":{"background-color":"","background-image":"","background-repeat":"repeat","background-position":"center center","background-size":"auto","background-attachment":"scroll","background-type":"","background-media":"","overlay-type":"","overlay-color":"","overlay-opacity":"","overlay-gradient":""},"mobile":{"background-color":"","background-image":"","background-repeat":"repeat","background-position":"center center","background-size":"auto","background-attachment":"scroll","background-type":"","background-media":"","overlay-type":"","overlay-color":"","overlay-opacity":"","overlay-gradient":""}},"ast-content-background-meta":{"desktop":{"background-color":"var(--ast-global-color-5)","background-image":"","background-repeat":"repeat","background-position":"center center","background-size":"auto","background-attachment":"scroll","background-type":"","background-media":"","overlay-type":"","overlay-color":"","overlay-opacity":"","overlay-gradient":""},"tablet":{"background-color":"var(--ast-global-color-5)","background-image":"","background-repeat":"repeat","background-position":"center center","background-size":"auto","background-attachment":"scroll","background-type":"","background-media":"","overlay-type":"","overlay-color":"","overlay-opacity":"","overlay-gradient":""},"mobile":{"background-color":"var(--ast-global-color-5)","background-image":"","background-repeat":"repeat","background-position":"center center","background-size":"auto","background-attachment":"scroll","background-type":"","background-media":"","overlay-type":"","overlay-color":"","overlay-opacity":"","overlay-gradient":""}}},"product_cat":[64],"product_tag":[],"class_list":{"0":"post-9640","1":"product","2":"type-product","3":"status-publish","4":"has-post-thumbnail","6":"product_cat-travel-adapter","7":"desktop-align-center","8":"tablet-align-center","9":"mobile-align-center","11":"first","12":"instock","13":"shipping-taxable","14":"product-type-simple"},"_links":{"self":[{"href":"https:\/\/imiapower.com\/fr\/wp-json\/wp\/v2\/product\/9640","targetHints":{"allow":["GET"]}}],"collection":[{"href":"https:\/\/imiapower.com\/fr\/wp-json\/wp\/v2\/product"}],"about":[{"href":"https:\/\/imiapower.com\/fr\/wp-json\/wp\/v2\/types\/product"}],"replies":[{"embeddable":true,"href":"https:\/\/imiapower.com\/fr\/wp-json\/wp\/v2\/comments?post=9640"}],"version-history":[{"count":1,"href":"https:\/\/imiapower.com\/fr\/wp-json\/wp\/v2\/product\/9640\/revisions"}],"predecessor-version":[{"id":9643,"href":"https:\/\/imiapower.com\/fr\/wp-json\/wp\/v2\/product\/9640\/revisions\/9643"}],"wp:featuredmedia":[{"embeddable":true,"href":"https:\/\/imiapower.com\/fr\/wp-json\/wp\/v2\/media\/9642"}],"wp:attachment":[{"href":"https:\/\/imiapower.com\/fr\/wp-json\/wp\/v2\/media?parent=9640"}],"wp:term":[{"taxonomy":"product_cat","embeddable":true,"href":"https:\/\/imiapower.com\/fr\/wp-json\/wp\/v2\/product_cat?post=9640"},{"taxonomy":"product_tag","embeddable":true,"href":"https:\/\/imiapower.com\/fr\/wp-json\/wp\/v2\/product_tag?post=9640"}],"curies":[{"name":"wp","href":"https:\/\/api.w.org\/{rel}","templated":true}]}}