{"id":9674,"date":"2025-09-02T00:13:26","date_gmt":"2025-09-02T00:13:26","guid":{"rendered":"https:\/\/imiapower.com\/?post_type=product&#038;p=9674"},"modified":"2025-09-02T00:13:28","modified_gmt":"2025-09-02T00:13:28","slug":"south-africa-plug-adapter","status":"publish","type":"product","link":"https:\/\/imiapower.com\/fr\/products\/travel-adapter\/south-africa-plug-adapter\/","title":{"rendered":"Adaptateur de prise pour l&#039;Afrique du Sud | Adaptateur de prise Royaume-Uni vers Afrique du Sud"},"content":{"rendered":"<ul>\n<li><strong>Adaptateur de prise pour l&#039;Afrique du Sud<\/strong><\/li>\n<li><strong>Notes :<\/strong> 100-125 V 10 A, 1\u00a0250 W max.<\/li>\n<li><strong>Mat\u00e9riau du bo\u00eetier :<\/strong> PC<\/li>\n<li><strong>Couleur:<\/strong> Noir et blanc<\/li>\n<li><strong>Mat\u00e9riau conducteur :<\/strong> Cuivre<\/li>\n<li><strong>Classement au feu :<\/strong> 94V0<\/li>\n<li><strong>Remarque:<\/strong> Adaptateur de prise Royaume-Uni vers Afrique du Sud<\/li>\n<\/ul>","protected":false},"excerpt":{"rendered":"<p>Cet adaptateur de prise pour l&#039;Afrique du Sud est la solution parfaite pour les voyageurs britanniques se rendant en Afrique du Sud.<\/p>\n<p>Con\u00e7u pour r\u00e9soudre les probl\u00e8mes de compatibilit\u00e9 des prises, il garantit une conversion de puissance s\u00fbre et fiable.<\/p>\n<p>Avec une conception compacte et l\u00e9g\u00e8re, il est facile \u00e0 transporter, abordable et essentiel pour les voyages internationaux.<\/p>\n<p>Fabriqu\u00e9 en PC ignifuge avec conducteurs en cuivre, il est con\u00e7u pour une tension nominale de 100-125 V, 10 A et 1\u00a0250 W max. Disponible en noir et blanc. Id\u00e9al pour un usage personnel, la vente au d\u00e9tail ou l&#039;approvisionnement en gros en B2B.<\/p>\n<p><img fetchpriority=\"high\" decoding=\"async\" class=\"alignnone wp-image-9675 size-full\" src=\"https:\/\/imiapower.com\/wp-content\/uploads\/converted-1-24.webp\" alt=\"adaptateur de prise pour l&#039;Afrique du Sud\" width=\"960\" height=\"960\" srcset=\"https:\/\/imiapower.com\/wp-content\/uploads\/converted-1-24.webp 960w, https:\/\/imiapower.com\/wp-content\/uploads\/converted-1-24-300x300.webp 300w, https:\/\/imiapower.com\/wp-content\/uploads\/converted-1-24-150x150.webp 150w, https:\/\/imiapower.com\/wp-content\/uploads\/converted-1-24-768x768.webp 768w, https:\/\/imiapower.com\/wp-content\/uploads\/converted-1-24-12x12.webp 12w, https:\/\/imiapower.com\/wp-content\/uploads\/converted-1-24-600x600.webp 600w, https:\/\/imiapower.com\/wp-content\/uploads\/converted-1-24-100x100.webp 100w, https:\/\/imiapower.com\/wp-content\/uploads\/converted-1-24-64x64.webp 64w\" sizes=\"(max-width: 960px) 100vw, 960px\" \/><\/p>\n<p>&nbsp;<\/p>","protected":false},"featured_media":9676,"comment_status":"open","ping_status":"closed","template":"","meta":{"rank_math_lock_modified_date":false,"site-sidebar-layout":"default","site-content-layout":"","ast-site-content-layout":"default","site-content-style":"default","site-sidebar-style":"default","ast-global-header-display":"","ast-banner-title-visibility":"","ast-main-header-display":"","ast-hfb-above-header-display":"","ast-hfb-below-header-display":"","ast-hfb-mobile-header-display":"","site-post-title":"","ast-breadcrumbs-content":"","ast-featured-img":"","footer-sml-layout":"","ast-disable-related-posts":"","theme-transparent-header-meta":"default","adv-header-id-meta":"","stick-header-meta":"","header-above-stick-meta":"","header-main-stick-meta":"","header-below-stick-meta":"","astra-migrate-meta-layouts":"set","ast-page-background-enabled":"default","ast-page-background-meta":{"desktop":{"background-color":"","background-image":"","background-repeat":"repeat","background-position":"center center","background-size":"auto","background-attachment":"scroll","background-type":"","background-media":"","overlay-type":"","overlay-color":"","overlay-opacity":"","overlay-gradient":""},"tablet":{"background-color":"","background-image":"","background-repeat":"repeat","background-position":"center center","background-size":"auto","background-attachment":"scroll","background-type":"","background-media":"","overlay-type":"","overlay-color":"","overlay-opacity":"","overlay-gradient":""},"mobile":{"background-color":"","background-image":"","background-repeat":"repeat","background-position":"center center","background-size":"auto","background-attachment":"scroll","background-type":"","background-media":"","overlay-type":"","overlay-color":"","overlay-opacity":"","overlay-gradient":""}},"ast-content-background-meta":{"desktop":{"background-color":"var(--ast-global-color-5)","background-image":"","background-repeat":"repeat","background-position":"center center","background-size":"auto","background-attachment":"scroll","background-type":"","background-media":"","overlay-type":"","overlay-color":"","overlay-opacity":"","overlay-gradient":""},"tablet":{"background-color":"var(--ast-global-color-5)","background-image":"","background-repeat":"repeat","background-position":"center center","background-size":"auto","background-attachment":"scroll","background-type":"","background-media":"","overlay-type":"","overlay-color":"","overlay-opacity":"","overlay-gradient":""},"mobile":{"background-color":"var(--ast-global-color-5)","background-image":"","background-repeat":"repeat","background-position":"center center","background-size":"auto","background-attachment":"scroll","background-type":"","background-media":"","overlay-type":"","overlay-color":"","overlay-opacity":"","overlay-gradient":""}}},"product_cat":[64],"product_tag":[],"class_list":{"0":"post-9674","1":"product","2":"type-product","3":"status-publish","4":"has-post-thumbnail","6":"product_cat-travel-adapter","7":"desktop-align-center","8":"tablet-align-center","9":"mobile-align-center","11":"first","12":"instock","13":"shipping-taxable","14":"product-type-simple"},"_links":{"self":[{"href":"https:\/\/imiapower.com\/fr\/wp-json\/wp\/v2\/product\/9674","targetHints":{"allow":["GET"]}}],"collection":[{"href":"https:\/\/imiapower.com\/fr\/wp-json\/wp\/v2\/product"}],"about":[{"href":"https:\/\/imiapower.com\/fr\/wp-json\/wp\/v2\/types\/product"}],"replies":[{"embeddable":true,"href":"https:\/\/imiapower.com\/fr\/wp-json\/wp\/v2\/comments?post=9674"}],"version-history":[{"count":1,"href":"https:\/\/imiapower.com\/fr\/wp-json\/wp\/v2\/product\/9674\/revisions"}],"predecessor-version":[{"id":9677,"href":"https:\/\/imiapower.com\/fr\/wp-json\/wp\/v2\/product\/9674\/revisions\/9677"}],"wp:featuredmedia":[{"embeddable":true,"href":"https:\/\/imiapower.com\/fr\/wp-json\/wp\/v2\/media\/9676"}],"wp:attachment":[{"href":"https:\/\/imiapower.com\/fr\/wp-json\/wp\/v2\/media?parent=9674"}],"wp:term":[{"taxonomy":"product_cat","embeddable":true,"href":"https:\/\/imiapower.com\/fr\/wp-json\/wp\/v2\/product_cat?post=9674"},{"taxonomy":"product_tag","embeddable":true,"href":"https:\/\/imiapower.com\/fr\/wp-json\/wp\/v2\/product_tag?post=9674"}],"curies":[{"name":"wp","href":"https:\/\/api.w.org\/{rel}","templated":true}]}}