{"id":9717,"date":"2025-09-01T06:52:08","date_gmt":"2025-09-01T06:52:08","guid":{"rendered":"https:\/\/imiapower.com\/?post_type=product&#038;p=9717"},"modified":"2025-09-08T00:28:25","modified_gmt":"2025-09-08T00:28:25","slug":"odm-power-supply-german-plug","status":"publish","type":"product","link":"https:\/\/imiapower.com\/fr\/products\/travel-adapter\/odm-power-supply-german-plug\/","title":{"rendered":"Adaptateur secteur ODM Allemagne avec charge rapide PD 20 W | Ports USB-C et USB-A"},"content":{"rendered":"<ul>\n<li><strong>Alimentation ODM<\/strong><\/li>\n<li><strong>Saisir :<\/strong> 100-250V 10A Max. 2500W Max.<\/li>\n<li><strong>Sortir<\/strong> PD 20w<\/li>\n<li><strong>Port de charge :<\/strong> 2 ports USB C et 1 port USB A.<\/li>\n<li><strong>Couleur:<\/strong> Blanc et noir<\/li>\n<li><strong>Poids:<\/strong> 95 g<\/li>\n<li><strong>Remarque:<\/strong> Adaptateur de voyage du monde vers l&#039;Allemagne<\/li>\n<\/ul>","protected":false},"excerpt":{"rendered":"<p><img fetchpriority=\"high\" decoding=\"async\" class=\"alignnone wp-image-9718 size-full\" src=\"https:\/\/imiapower.com\/wp-content\/uploads\/converted-1-28.webp\" alt=\"alimentation ODM\" width=\"960\" height=\"960\" srcset=\"https:\/\/imiapower.com\/wp-content\/uploads\/converted-1-28.webp 960w, https:\/\/imiapower.com\/wp-content\/uploads\/converted-1-28-300x300.webp 300w, https:\/\/imiapower.com\/wp-content\/uploads\/converted-1-28-150x150.webp 150w, https:\/\/imiapower.com\/wp-content\/uploads\/converted-1-28-768x768.webp 768w, https:\/\/imiapower.com\/wp-content\/uploads\/converted-1-28-12x12.webp 12w, https:\/\/imiapower.com\/wp-content\/uploads\/converted-1-28-600x600.webp 600w, https:\/\/imiapower.com\/wp-content\/uploads\/converted-1-28-100x100.webp 100w, https:\/\/imiapower.com\/wp-content\/uploads\/converted-1-28-64x64.webp 64w\" sizes=\"(max-width: 960px) 100vw, 960px\" \/><\/p>\n<p data-start=\"808\" data-end=\"1148\">Adaptateur de prise d&#039;alimentation ODM Allemagne \u2013 con\u00e7u pour les marques, les distributeurs et les acheteurs en gros qui ont besoin d&#039;appareils d&#039;alimentation personnalisables de haute qualit\u00e9.<\/p>\n<p data-start=\"808\" data-end=\"1148\">\u00c9galement appel\u00e9es adaptateurs, ces solutions ODM sont largement utilis\u00e9es dans des secteurs tels que l&#039;\u00e9lectronique grand public, les accessoires de voyage, l&#039;h\u00f4tellerie et les projets d&#039;emballage de vente au d\u00e9tail.<\/p>\n<p data-start=\"1150\" data-end=\"1470\">Ce mod\u00e8le prend en charge une entr\u00e9e de 100 \u00e0 250 V, 10 A (jusqu&#039;\u00e0 2 500 W) et fournit une sortie de charge rapide PD 20 W avec 2 ports USB-C et 1 port USB-A, permettant \u00e0 plusieurs appareils de se charger simultan\u00e9ment.<\/p>\n<p data-start=\"1472\" data-end=\"1629\">Disponible en blanc et en noir, cet adaptateur ODM est un choix judicieux pour les partenaires \u00e0 la recherche d&#039;une image de marque personnalis\u00e9e, de commandes group\u00e9es ou de solutions de marque priv\u00e9e.<\/p>\n<p>&nbsp;<\/p>","protected":false},"featured_media":9719,"comment_status":"open","ping_status":"closed","template":"","meta":{"rank_math_lock_modified_date":false,"site-sidebar-layout":"default","site-content-layout":"","ast-site-content-layout":"default","site-content-style":"default","site-sidebar-style":"default","ast-global-header-display":"","ast-banner-title-visibility":"","ast-main-header-display":"","ast-hfb-above-header-display":"","ast-hfb-below-header-display":"","ast-hfb-mobile-header-display":"","site-post-title":"","ast-breadcrumbs-content":"","ast-featured-img":"","footer-sml-layout":"","ast-disable-related-posts":"","theme-transparent-header-meta":"default","adv-header-id-meta":"","stick-header-meta":"","header-above-stick-meta":"","header-main-stick-meta":"","header-below-stick-meta":"","astra-migrate-meta-layouts":"set","ast-page-background-enabled":"default","ast-page-background-meta":{"desktop":{"background-color":"","background-image":"","background-repeat":"repeat","background-position":"center center","background-size":"auto","background-attachment":"scroll","background-type":"","background-media":"","overlay-type":"","overlay-color":"","overlay-opacity":"","overlay-gradient":""},"tablet":{"background-color":"","background-image":"","background-repeat":"repeat","background-position":"center center","background-size":"auto","background-attachment":"scroll","background-type":"","background-media":"","overlay-type":"","overlay-color":"","overlay-opacity":"","overlay-gradient":""},"mobile":{"background-color":"","background-image":"","background-repeat":"repeat","background-position":"center center","background-size":"auto","background-attachment":"scroll","background-type":"","background-media":"","overlay-type":"","overlay-color":"","overlay-opacity":"","overlay-gradient":""}},"ast-content-background-meta":{"desktop":{"background-color":"var(--ast-global-color-5)","background-image":"","background-repeat":"repeat","background-position":"center center","background-size":"auto","background-attachment":"scroll","background-type":"","background-media":"","overlay-type":"","overlay-color":"","overlay-opacity":"","overlay-gradient":""},"tablet":{"background-color":"var(--ast-global-color-5)","background-image":"","background-repeat":"repeat","background-position":"center center","background-size":"auto","background-attachment":"scroll","background-type":"","background-media":"","overlay-type":"","overlay-color":"","overlay-opacity":"","overlay-gradient":""},"mobile":{"background-color":"var(--ast-global-color-5)","background-image":"","background-repeat":"repeat","background-position":"center center","background-size":"auto","background-attachment":"scroll","background-type":"","background-media":"","overlay-type":"","overlay-color":"","overlay-opacity":"","overlay-gradient":""}}},"product_cat":[64],"product_tag":[],"class_list":{"0":"post-9717","1":"product","2":"type-product","3":"status-publish","4":"has-post-thumbnail","6":"product_cat-travel-adapter","7":"desktop-align-center","8":"tablet-align-center","9":"mobile-align-center","11":"first","12":"instock","13":"shipping-taxable","14":"product-type-simple"},"_links":{"self":[{"href":"https:\/\/imiapower.com\/fr\/wp-json\/wp\/v2\/product\/9717","targetHints":{"allow":["GET"]}}],"collection":[{"href":"https:\/\/imiapower.com\/fr\/wp-json\/wp\/v2\/product"}],"about":[{"href":"https:\/\/imiapower.com\/fr\/wp-json\/wp\/v2\/types\/product"}],"replies":[{"embeddable":true,"href":"https:\/\/imiapower.com\/fr\/wp-json\/wp\/v2\/comments?post=9717"}],"version-history":[{"count":1,"href":"https:\/\/imiapower.com\/fr\/wp-json\/wp\/v2\/product\/9717\/revisions"}],"predecessor-version":[{"id":9720,"href":"https:\/\/imiapower.com\/fr\/wp-json\/wp\/v2\/product\/9717\/revisions\/9720"}],"wp:featuredmedia":[{"embeddable":true,"href":"https:\/\/imiapower.com\/fr\/wp-json\/wp\/v2\/media\/9719"}],"wp:attachment":[{"href":"https:\/\/imiapower.com\/fr\/wp-json\/wp\/v2\/media?parent=9717"}],"wp:term":[{"taxonomy":"product_cat","embeddable":true,"href":"https:\/\/imiapower.com\/fr\/wp-json\/wp\/v2\/product_cat?post=9717"},{"taxonomy":"product_tag","embeddable":true,"href":"https:\/\/imiapower.com\/fr\/wp-json\/wp\/v2\/product_tag?post=9717"}],"curies":[{"name":"wp","href":"https:\/\/api.w.org\/{rel}","templated":true}]}}