{"id":9721,"date":"2025-09-01T07:03:40","date_gmt":"2025-09-01T07:03:40","guid":{"rendered":"https:\/\/imiapower.com\/?post_type=product&#038;p=9721"},"modified":"2025-09-08T00:27:02","modified_gmt":"2025-09-08T00:27:02","slug":"electrical-plug-types","status":"publish","type":"product","link":"https:\/\/imiapower.com\/fr\/products\/travel-adapter\/electrical-plug-types\/","title":{"rendered":"Adaptateur de voyage USA avec charge rapide PD 20 W | USB-C et USB-A | Alimentation OEM\/ODM"},"content":{"rendered":"<ul>\n<li><strong>Types de prises \u00e9lectriques<\/strong><\/li>\n<li><strong>Saisir :<\/strong> 100-250V 10A Max. 2500W Max.<\/li>\n<li><strong>Sortir<\/strong> PD 20w<\/li>\n<li><strong>Port de charge :<\/strong> 2 ports USB C et 1 port USB A.<\/li>\n<li><strong>Couleur:<\/strong> Blanc et noir<\/li>\n<li><strong>Poids:<\/strong> 95 g<\/li>\n<li><strong>Remarque:<\/strong> Adaptateur de voyage du monde vers les \u00c9tats-Unis<\/li>\n<\/ul>","protected":false},"excerpt":{"rendered":"<p data-start=\"1472\" data-end=\"1629\"><img fetchpriority=\"high\" decoding=\"async\" class=\"alignnone wp-image-9723 size-full\" src=\"https:\/\/imiapower.com\/wp-content\/uploads\/converted-2-13.webp\" alt=\"types de prises \u00e9lectriques\" width=\"1200\" height=\"1200\" srcset=\"https:\/\/imiapower.com\/wp-content\/uploads\/converted-2-13.webp 1200w, https:\/\/imiapower.com\/wp-content\/uploads\/converted-2-13-300x300.webp 300w, https:\/\/imiapower.com\/wp-content\/uploads\/converted-2-13-1024x1024.webp 1024w, https:\/\/imiapower.com\/wp-content\/uploads\/converted-2-13-150x150.webp 150w, https:\/\/imiapower.com\/wp-content\/uploads\/converted-2-13-768x768.webp 768w, https:\/\/imiapower.com\/wp-content\/uploads\/converted-2-13-12x12.webp 12w, https:\/\/imiapower.com\/wp-content\/uploads\/converted-2-13-600x600.webp 600w, https:\/\/imiapower.com\/wp-content\/uploads\/converted-2-13-100x100.webp 100w, https:\/\/imiapower.com\/wp-content\/uploads\/converted-2-13-64x64.webp 64w\" sizes=\"(max-width: 1200px) 100vw, 1200px\" \/><\/p>\n<p data-start=\"863\" data-end=\"1160\">Types de prises \u00e9lectriques \u2013 Adaptateur de voyage international vers \u00c9tats-Unis, con\u00e7u pour les solutions d&#039;alimentation grand public et B2B. Cet adaptateur prend en charge une entr\u00e9e de 100-250 V, 10 A (jusqu&#039;\u00e0 2\u00a0500 W) et offre une charge rapide PD de 20 W, avec 2 ports USB-C et 1 port USB-A pour la recharge multi-appareils.<\/p>\n<p data-start=\"1162\" data-end=\"1457\">Avec son poids l\u00e9ger de 95 g et son design compact, cet adaptateur est id\u00e9al pour les voyageurs internationaux se rendant aux \u00c9tats-Unis ou dans les r\u00e9gions utilisant des prises de type A\/B. Disponible en blanc et en noir, il offre des performances fiables pour charger smartphones, tablettes, ordinateurs portables et autres appareils \u00e9lectroniques.<\/p>\n<p data-start=\"1459\" data-end=\"1583\">En tant que fournisseur d&#039;\u00e9nergie et fabricant ODM\/OEM, nous fournissons des solutions d&#039;adaptateurs de prise personnalis\u00e9es pour des secteurs tels que :<\/p>\n<ul data-start=\"1584\" data-end=\"1868\">\n<li data-start=\"1584\" data-end=\"1650\">\n<p data-start=\"1586\" data-end=\"1650\">Les marques d&#039;\u00e9lectronique grand public recherchent des produits de marque priv\u00e9e<\/p>\n<\/li>\n<li data-start=\"1651\" data-end=\"1724\">\n<p data-start=\"1653\" data-end=\"1724\">Entreprises d&#039;h\u00f4tellerie et de voyages proposant des solutions d&#039;alimentation pour les clients<\/p>\n<\/li>\n<li data-start=\"1725\" data-end=\"1792\">\n<p data-start=\"1727\" data-end=\"1792\">Distributeurs et grossistes \u00e0 la recherche d&#039;un approvisionnement en gros volume<\/p>\n<\/li>\n<li data-start=\"1793\" data-end=\"1868\">\n<p data-start=\"1795\" data-end=\"1868\">Projets industriels et commerciaux n\u00e9cessitant des dispositifs d&#039;alimentation sur mesure<\/p>\n<\/li>\n<\/ul>\n<p data-start=\"1870\" data-end=\"2009\">Cet adaptateur de prise de voyage pour les \u00c9tats-Unis n&#039;est pas seulement un accessoire pr\u00eat \u00e0 \u00eatre vendu au d\u00e9tail, mais \u00e9galement un dispositif d&#039;alimentation ODM \u00e9volutif pour les march\u00e9s mondiaux.<\/p>\n<p>&nbsp;<\/p>","protected":false},"featured_media":9722,"comment_status":"open","ping_status":"closed","template":"","meta":{"rank_math_lock_modified_date":false,"site-sidebar-layout":"default","site-content-layout":"","ast-site-content-layout":"default","site-content-style":"default","site-sidebar-style":"default","ast-global-header-display":"","ast-banner-title-visibility":"","ast-main-header-display":"","ast-hfb-above-header-display":"","ast-hfb-below-header-display":"","ast-hfb-mobile-header-display":"","site-post-title":"","ast-breadcrumbs-content":"","ast-featured-img":"","footer-sml-layout":"","ast-disable-related-posts":"","theme-transparent-header-meta":"default","adv-header-id-meta":"","stick-header-meta":"","header-above-stick-meta":"","header-main-stick-meta":"","header-below-stick-meta":"","astra-migrate-meta-layouts":"set","ast-page-background-enabled":"default","ast-page-background-meta":{"desktop":{"background-color":"","background-image":"","background-repeat":"repeat","background-position":"center center","background-size":"auto","background-attachment":"scroll","background-type":"","background-media":"","overlay-type":"","overlay-color":"","overlay-opacity":"","overlay-gradient":""},"tablet":{"background-color":"","background-image":"","background-repeat":"repeat","background-position":"center center","background-size":"auto","background-attachment":"scroll","background-type":"","background-media":"","overlay-type":"","overlay-color":"","overlay-opacity":"","overlay-gradient":""},"mobile":{"background-color":"","background-image":"","background-repeat":"repeat","background-position":"center center","background-size":"auto","background-attachment":"scroll","background-type":"","background-media":"","overlay-type":"","overlay-color":"","overlay-opacity":"","overlay-gradient":""}},"ast-content-background-meta":{"desktop":{"background-color":"var(--ast-global-color-5)","background-image":"","background-repeat":"repeat","background-position":"center center","background-size":"auto","background-attachment":"scroll","background-type":"","background-media":"","overlay-type":"","overlay-color":"","overlay-opacity":"","overlay-gradient":""},"tablet":{"background-color":"var(--ast-global-color-5)","background-image":"","background-repeat":"repeat","background-position":"center center","background-size":"auto","background-attachment":"scroll","background-type":"","background-media":"","overlay-type":"","overlay-color":"","overlay-opacity":"","overlay-gradient":""},"mobile":{"background-color":"var(--ast-global-color-5)","background-image":"","background-repeat":"repeat","background-position":"center center","background-size":"auto","background-attachment":"scroll","background-type":"","background-media":"","overlay-type":"","overlay-color":"","overlay-opacity":"","overlay-gradient":""}}},"product_cat":[64],"product_tag":[],"class_list":{"0":"post-9721","1":"product","2":"type-product","3":"status-publish","4":"has-post-thumbnail","6":"product_cat-travel-adapter","7":"desktop-align-center","8":"tablet-align-center","9":"mobile-align-center","11":"first","12":"instock","13":"shipping-taxable","14":"product-type-simple"},"_links":{"self":[{"href":"https:\/\/imiapower.com\/fr\/wp-json\/wp\/v2\/product\/9721","targetHints":{"allow":["GET"]}}],"collection":[{"href":"https:\/\/imiapower.com\/fr\/wp-json\/wp\/v2\/product"}],"about":[{"href":"https:\/\/imiapower.com\/fr\/wp-json\/wp\/v2\/types\/product"}],"replies":[{"embeddable":true,"href":"https:\/\/imiapower.com\/fr\/wp-json\/wp\/v2\/comments?post=9721"}],"version-history":[{"count":1,"href":"https:\/\/imiapower.com\/fr\/wp-json\/wp\/v2\/product\/9721\/revisions"}],"predecessor-version":[{"id":9724,"href":"https:\/\/imiapower.com\/fr\/wp-json\/wp\/v2\/product\/9721\/revisions\/9724"}],"wp:featuredmedia":[{"embeddable":true,"href":"https:\/\/imiapower.com\/fr\/wp-json\/wp\/v2\/media\/9722"}],"wp:attachment":[{"href":"https:\/\/imiapower.com\/fr\/wp-json\/wp\/v2\/media?parent=9721"}],"wp:term":[{"taxonomy":"product_cat","embeddable":true,"href":"https:\/\/imiapower.com\/fr\/wp-json\/wp\/v2\/product_cat?post=9721"},{"taxonomy":"product_tag","embeddable":true,"href":"https:\/\/imiapower.com\/fr\/wp-json\/wp\/v2\/product_tag?post=9721"}],"curies":[{"name":"wp","href":"https:\/\/api.w.org\/{rel}","templated":true}]}}