{"id":9725,"date":"2025-09-02T00:15:46","date_gmt":"2025-09-02T00:15:46","guid":{"rendered":"https:\/\/imiapower.com\/?post_type=product&#038;p=9725"},"modified":"2025-09-03T00:46:43","modified_gmt":"2025-09-03T00:46:43","slug":"travel-adapter-for-high-power-appliances","status":"publish","type":"product","link":"https:\/\/imiapower.com\/fr\/products\/travel-adapter\/travel-adapter-for-high-power-appliances\/","title":{"rendered":"Adaptateur de voyage pour appareils haute puissance | 2\u00a0500 W max. | 4 prises d\u00e9tachables (\u00c9tats-Unis, Royaume-Uni, Australie, UE) avec charge rapide PD 20 W"},"content":{"rendered":"<ul>\n<li><strong>Adaptateur de voyage pour appareils \u00e0 haute puissance<\/strong><\/li>\n<li><strong>Saisir :<\/strong> 100-250V 10A Max. 2500W Max.<\/li>\n<li><strong>Sortir<\/strong> PD 20 W, \u00c9tats-Unis 18 W<\/li>\n<li><strong>Port de charge :<\/strong> 2 ports USB C et 1 port USB A.<\/li>\n<li><strong>Couleur:<\/strong> Blanc et noir<\/li>\n<li><b>Prises : USA\/AUS\/UK\/EU<\/b><\/li>\n<\/ul>","protected":false},"excerpt":{"rendered":"<p><img fetchpriority=\"high\" decoding=\"async\" class=\"alignnone wp-image-9728 size-full\" src=\"https:\/\/imiapower.com\/wp-content\/uploads\/converted-2-14.webp\" alt=\"adaptateur de voyage pour appareils \u00e0 haute puissance\" width=\"960\" height=\"960\" srcset=\"https:\/\/imiapower.com\/wp-content\/uploads\/converted-2-14.webp 960w, https:\/\/imiapower.com\/wp-content\/uploads\/converted-2-14-300x300.webp 300w, https:\/\/imiapower.com\/wp-content\/uploads\/converted-2-14-150x150.webp 150w, https:\/\/imiapower.com\/wp-content\/uploads\/converted-2-14-768x768.webp 768w, https:\/\/imiapower.com\/wp-content\/uploads\/converted-2-14-12x12.webp 12w, https:\/\/imiapower.com\/wp-content\/uploads\/converted-2-14-600x600.webp 600w, https:\/\/imiapower.com\/wp-content\/uploads\/converted-2-14-100x100.webp 100w, https:\/\/imiapower.com\/wp-content\/uploads\/converted-2-14-64x64.webp 64w\" sizes=\"(max-width: 960px) 100vw, 960px\" \/> <img decoding=\"async\" class=\"alignnone wp-image-9729 size-full\" src=\"https:\/\/imiapower.com\/wp-content\/uploads\/converted-37.webp\" alt=\"adaptateur de voyage pour appareils \u00e0 haute puissance\" width=\"850\" height=\"1553\" srcset=\"https:\/\/imiapower.com\/wp-content\/uploads\/converted-37.webp 850w, https:\/\/imiapower.com\/wp-content\/uploads\/converted-37-164x300.webp 164w, https:\/\/imiapower.com\/wp-content\/uploads\/converted-37-560x1024.webp 560w, https:\/\/imiapower.com\/wp-content\/uploads\/converted-37-768x1403.webp 768w, https:\/\/imiapower.com\/wp-content\/uploads\/converted-37-841x1536.webp 841w, https:\/\/imiapower.com\/wp-content\/uploads\/converted-37-7x12.webp 7w, https:\/\/imiapower.com\/wp-content\/uploads\/converted-37-600x1096.webp 600w, https:\/\/imiapower.com\/wp-content\/uploads\/converted-37-64x117.webp 64w\" sizes=\"(max-width: 850px) 100vw, 850px\" \/><\/p>\n<p data-start=\"916\" data-end=\"1272\">Adaptateur de voyage pour appareils haute puissance \u2013 le choix id\u00e9al pour les voyageurs internationaux qui transportent des appareils tels que bouilloires, rasoirs, s\u00e8che-cheveux, lisseurs, appareils photo et autres appareils \u00e9lectroniques haute tension. Cet adaptateur universel prend en charge 100-250 V, 10 A, jusqu&#039;\u00e0 2\u00a0500 W, ce qui le rend s\u00fbr et fiable pour les appareils du quotidien comme pour les appareils exigeants.<\/p>\n<p data-start=\"1274\" data-end=\"1380\">Equip\u00e9 de 4 prises d\u00e9tachables (USA, UK, AUS, EU), il assure une compatibilit\u00e9 dans plus de 200 pays :<\/p>\n<ul data-start=\"1381\" data-end=\"2005\">\n<li data-start=\"1381\" data-end=\"1552\">\n<p data-start=\"1383\" data-end=\"1552\">Prise am\u00e9ricaine \u2013 largement utilis\u00e9e aux \u00c9tats-Unis, au Canada, au Japon, au Mexique, aux Philippines, au Panama, en Colombie, \u00e0 la Barbade, \u00e0 Guam, en Ha\u00efti, au Honduras, en Jama\u00efque, au Liban, etc.<\/p>\n<\/li>\n<li data-start=\"1553\" data-end=\"1681\">\n<p data-start=\"1555\" data-end=\"1681\">Prise AUS \u2013 courante en Australie, Nouvelle-Z\u00e9lande, Argentine, Fidji, \u00c9gypte, Kiribati, Nauru, Lettonie, Papouasie-Nouvelle-Guin\u00e9e, etc.<\/p>\n<\/li>\n<li data-start=\"1682\" data-end=\"1811\">\n<p data-start=\"1684\" data-end=\"1811\">Prise britannique \u2013 utilis\u00e9e au Royaume-Uni, aux \u00c9mirats arabes unis, au Pakistan, au Bhoutan, au Kenya, au Botswana, au Malawi, \u00e0 Chypre, aux Seychelles et ailleurs.<\/p>\n<\/li>\n<li data-start=\"1812\" data-end=\"2005\">\n<p data-start=\"1814\" data-end=\"2005\">Prise UE \u2013 standard en Allemagne, en Cor\u00e9e du Sud, au Vietnam, en Russie, au Br\u00e9sil, en Gr\u00e8ce, en France, en Indon\u00e9sie, en Finlande, en Norv\u00e8ge, en Pologne, au Portugal, en Autriche, en Espagne, en Su\u00e8de et dans la majeure partie de l\u2019Europe.<\/p>\n<\/li>\n<\/ul>\n<p data-start=\"2007\" data-end=\"2206\">En plus de sa prise secteur universelle, cet adaptateur int\u00e8gre une technologie de charge moderne avec sortie PD 20W et USB 18W, ainsi que 2 ports USB-C et 1 port USB-A pour une charge rapide de plusieurs appareils.<\/p>\n<p data-start=\"2208\" data-end=\"2403\">Disponible en blanc et en noir, cet adaptateur allie puissance, polyvalence et portabilit\u00e9, avec un poids de seulement 95 g. Un incontournable pour les voyageurs internationaux, les voyages d&#039;affaires et les acheteurs B2B.<\/p>\n<p data-start=\"2405\" data-end=\"2578\">En tant que fabricant d&#039;alimentations \u00e9lectriques, nous fournissons \u00e9galement une personnalisation OEM\/ODM, une fourniture en gros et une marque priv\u00e9e aux distributeurs et aux clients de l&#039;industrie du monde entier.<\/p>\n<p>&nbsp;<\/p>","protected":false},"featured_media":9727,"comment_status":"open","ping_status":"closed","template":"","meta":{"rank_math_lock_modified_date":false,"site-sidebar-layout":"default","site-content-layout":"","ast-site-content-layout":"default","site-content-style":"default","site-sidebar-style":"default","ast-global-header-display":"","ast-banner-title-visibility":"","ast-main-header-display":"","ast-hfb-above-header-display":"","ast-hfb-below-header-display":"","ast-hfb-mobile-header-display":"","site-post-title":"","ast-breadcrumbs-content":"","ast-featured-img":"","footer-sml-layout":"","ast-disable-related-posts":"","theme-transparent-header-meta":"default","adv-header-id-meta":"","stick-header-meta":"","header-above-stick-meta":"","header-main-stick-meta":"","header-below-stick-meta":"","astra-migrate-meta-layouts":"set","ast-page-background-enabled":"default","ast-page-background-meta":{"desktop":{"background-color":"","background-image":"","background-repeat":"repeat","background-position":"center center","background-size":"auto","background-attachment":"scroll","background-type":"","background-media":"","overlay-type":"","overlay-color":"","overlay-opacity":"","overlay-gradient":""},"tablet":{"background-color":"","background-image":"","background-repeat":"repeat","background-position":"center center","background-size":"auto","background-attachment":"scroll","background-type":"","background-media":"","overlay-type":"","overlay-color":"","overlay-opacity":"","overlay-gradient":""},"mobile":{"background-color":"","background-image":"","background-repeat":"repeat","background-position":"center center","background-size":"auto","background-attachment":"scroll","background-type":"","background-media":"","overlay-type":"","overlay-color":"","overlay-opacity":"","overlay-gradient":""}},"ast-content-background-meta":{"desktop":{"background-color":"var(--ast-global-color-5)","background-image":"","background-repeat":"repeat","background-position":"center center","background-size":"auto","background-attachment":"scroll","background-type":"","background-media":"","overlay-type":"","overlay-color":"","overlay-opacity":"","overlay-gradient":""},"tablet":{"background-color":"var(--ast-global-color-5)","background-image":"","background-repeat":"repeat","background-position":"center center","background-size":"auto","background-attachment":"scroll","background-type":"","background-media":"","overlay-type":"","overlay-color":"","overlay-opacity":"","overlay-gradient":""},"mobile":{"background-color":"var(--ast-global-color-5)","background-image":"","background-repeat":"repeat","background-position":"center center","background-size":"auto","background-attachment":"scroll","background-type":"","background-media":"","overlay-type":"","overlay-color":"","overlay-opacity":"","overlay-gradient":""}}},"product_cat":[64],"product_tag":[],"class_list":{"0":"post-9725","1":"product","2":"type-product","3":"status-publish","4":"has-post-thumbnail","6":"product_cat-travel-adapter","7":"desktop-align-center","8":"tablet-align-center","9":"mobile-align-center","11":"first","12":"instock","13":"shipping-taxable","14":"product-type-simple"},"_links":{"self":[{"href":"https:\/\/imiapower.com\/fr\/wp-json\/wp\/v2\/product\/9725","targetHints":{"allow":["GET"]}}],"collection":[{"href":"https:\/\/imiapower.com\/fr\/wp-json\/wp\/v2\/product"}],"about":[{"href":"https:\/\/imiapower.com\/fr\/wp-json\/wp\/v2\/types\/product"}],"replies":[{"embeddable":true,"href":"https:\/\/imiapower.com\/fr\/wp-json\/wp\/v2\/comments?post=9725"}],"version-history":[{"count":1,"href":"https:\/\/imiapower.com\/fr\/wp-json\/wp\/v2\/product\/9725\/revisions"}],"predecessor-version":[{"id":9730,"href":"https:\/\/imiapower.com\/fr\/wp-json\/wp\/v2\/product\/9725\/revisions\/9730"}],"wp:featuredmedia":[{"embeddable":true,"href":"https:\/\/imiapower.com\/fr\/wp-json\/wp\/v2\/media\/9727"}],"wp:attachment":[{"href":"https:\/\/imiapower.com\/fr\/wp-json\/wp\/v2\/media?parent=9725"}],"wp:term":[{"taxonomy":"product_cat","embeddable":true,"href":"https:\/\/imiapower.com\/fr\/wp-json\/wp\/v2\/product_cat?post=9725"},{"taxonomy":"product_tag","embeddable":true,"href":"https:\/\/imiapower.com\/fr\/wp-json\/wp\/v2\/product_tag?post=9725"}],"curies":[{"name":"wp","href":"https:\/\/api.w.org\/{rel}","templated":true}]}}