{"id":9744,"date":"2025-10-16T08:56:34","date_gmt":"2025-10-16T08:56:34","guid":{"rendered":"https:\/\/imiapower.com\/?post_type=product&#038;p=9744"},"modified":"2025-10-16T08:56:35","modified_gmt":"2025-10-16T08:56:35","slug":"promotional-universal-power-adapters","status":"publish","type":"product","link":"https:\/\/imiapower.com\/fr\/products\/travel-adapter\/promotional-universal-power-adapters\/","title":{"rendered":"Adaptateurs d&#039;alimentation universels promotionnels 35 W avec USB et Type-C"},"content":{"rendered":"<ul>\n<li><strong>Adaptateurs d&#039;alimentation universels promotionnels<\/strong><\/li>\n<li><strong>Tension d&#039;entr\u00e9e:<\/strong> 100 ~ 250 V, 50\/60 Hz<\/li>\n<li><strong> Sortie CA\u00a0:<\/strong> 6 A Max<\/li>\n<li><strong>Sortie de type C1\/C2 :<\/strong> 5 V, 3 A 9 V, 3 A 12 V, 2,91 A 15 V, 2,33 A 20 V, 1,75 A (MAX 35 W)<\/li>\n<li><strong>Sortie USB\u00a0:<\/strong> 5 V 3 A \/ 9 V 2 A \/ 12 V 1,5 A (maximum 18 W)<\/li>\n<li><strong>Sortie USB+Type-C :<\/strong> 5V3A (Max 15W)<\/li>\n<li><strong>Prise:<\/strong> \u00c9tats-Unis, UE, Royaume-Uni, Australie<\/li>\n<li><strong>Mat\u00e9riaux:<\/strong> PC + Cuivre M\u00e9tal<\/li>\n<li><strong>Couleur:<\/strong> Noir<\/li>\n<li><strong>Certificat :<\/strong> CE\/FCC\/RoHS<\/li>\n<\/ul>","protected":false},"excerpt":{"rendered":"<p><img fetchpriority=\"high\" decoding=\"async\" class=\"alignnone wp-image-9746 size-full\" src=\"https:\/\/imiapower.com\/wp-content\/uploads\/converted-38.webp\" alt=\"adaptateurs d&#039;alimentation universels promotionnels\" width=\"1024\" height=\"1280\" srcset=\"https:\/\/imiapower.com\/wp-content\/uploads\/converted-38.webp 1024w, https:\/\/imiapower.com\/wp-content\/uploads\/converted-38-240x300.webp 240w, https:\/\/imiapower.com\/wp-content\/uploads\/converted-38-819x1024.webp 819w, https:\/\/imiapower.com\/wp-content\/uploads\/converted-38-768x960.webp 768w, https:\/\/imiapower.com\/wp-content\/uploads\/converted-38-10x12.webp 10w, https:\/\/imiapower.com\/wp-content\/uploads\/converted-38-600x750.webp 600w, https:\/\/imiapower.com\/wp-content\/uploads\/converted-38-64x80.webp 64w\" sizes=\"(max-width: 1024px) 100vw, 1024px\" \/><\/p>\n<p>&nbsp;<\/p>\n<p data-start=\"852\" data-end=\"1196\">Ces adaptateurs d&#039;alimentation universels promotionnels sont un accessoire de voyage tr\u00e8s vendu, con\u00e7u pour une compatibilit\u00e9 mondiale dans plus de 200 pays.<\/p>\n<p data-start=\"852\" data-end=\"1196\">Dot\u00e9 de prises interchangeables am\u00e9ricaines, europ\u00e9ennes, britanniques et australiennes, cet adaptateur garantit une charge fiable o\u00f9 que vous alliez.<\/p>\n<p data-start=\"1198\" data-end=\"1549\">Fabriqu\u00e9 avec des mat\u00e9riaux m\u00e9talliques PC + cuivre, il allie durabilit\u00e9, s\u00e9curit\u00e9 et design \u00e9l\u00e9gant.<\/p>\n<p data-start=\"1198\" data-end=\"1549\">L&#039;adaptateur prend en charge la charge rapide via les sorties Type-C1\/C2 jusqu&#039;\u00e0 35 W et un port USB jusqu&#039;\u00e0 18 W, ce qui le rend id\u00e9al pour les smartphones, tablettes, ordinateurs portables et autres appareils \u00e9lectroniques.<\/p>\n<p data-start=\"1198\" data-end=\"1549\">Lorsque vous utilisez l&#039;USB et le Type-C ensemble, il d\u00e9livre un maximum de 15 W.<\/p>\n<p data-start=\"1198\" data-end=\"1549\">Parfaits pour les cadeaux d&#039;entreprise, les campagnes promotionnelles, la vente au d\u00e9tail en voyage et les cadeaux d&#039;affaires, ces adaptateurs d&#039;alimentation universels promotionnels sont pratiques, \u00e9l\u00e9gants et compatibles dans le monde entier.<\/p>","protected":false},"featured_media":9745,"comment_status":"open","ping_status":"closed","template":"","meta":{"rank_math_lock_modified_date":false,"site-sidebar-layout":"default","site-content-layout":"","ast-site-content-layout":"default","site-content-style":"default","site-sidebar-style":"default","ast-global-header-display":"","ast-banner-title-visibility":"","ast-main-header-display":"","ast-hfb-above-header-display":"","ast-hfb-below-header-display":"","ast-hfb-mobile-header-display":"","site-post-title":"","ast-breadcrumbs-content":"","ast-featured-img":"","footer-sml-layout":"","ast-disable-related-posts":"","theme-transparent-header-meta":"default","adv-header-id-meta":"","stick-header-meta":"","header-above-stick-meta":"","header-main-stick-meta":"","header-below-stick-meta":"","astra-migrate-meta-layouts":"set","ast-page-background-enabled":"default","ast-page-background-meta":{"desktop":{"background-color":"","background-image":"","background-repeat":"repeat","background-position":"center center","background-size":"auto","background-attachment":"scroll","background-type":"","background-media":"","overlay-type":"","overlay-color":"","overlay-opacity":"","overlay-gradient":""},"tablet":{"background-color":"","background-image":"","background-repeat":"repeat","background-position":"center center","background-size":"auto","background-attachment":"scroll","background-type":"","background-media":"","overlay-type":"","overlay-color":"","overlay-opacity":"","overlay-gradient":""},"mobile":{"background-color":"","background-image":"","background-repeat":"repeat","background-position":"center center","background-size":"auto","background-attachment":"scroll","background-type":"","background-media":"","overlay-type":"","overlay-color":"","overlay-opacity":"","overlay-gradient":""}},"ast-content-background-meta":{"desktop":{"background-color":"var(--ast-global-color-5)","background-image":"","background-repeat":"repeat","background-position":"center center","background-size":"auto","background-attachment":"scroll","background-type":"","background-media":"","overlay-type":"","overlay-color":"","overlay-opacity":"","overlay-gradient":""},"tablet":{"background-color":"var(--ast-global-color-5)","background-image":"","background-repeat":"repeat","background-position":"center center","background-size":"auto","background-attachment":"scroll","background-type":"","background-media":"","overlay-type":"","overlay-color":"","overlay-opacity":"","overlay-gradient":""},"mobile":{"background-color":"var(--ast-global-color-5)","background-image":"","background-repeat":"repeat","background-position":"center center","background-size":"auto","background-attachment":"scroll","background-type":"","background-media":"","overlay-type":"","overlay-color":"","overlay-opacity":"","overlay-gradient":""}}},"product_cat":[64],"product_tag":[],"class_list":{"0":"post-9744","1":"product","2":"type-product","3":"status-publish","4":"has-post-thumbnail","6":"product_cat-travel-adapter","7":"desktop-align-center","8":"tablet-align-center","9":"mobile-align-center","11":"first","12":"instock","13":"shipping-taxable","14":"product-type-simple"},"_links":{"self":[{"href":"https:\/\/imiapower.com\/fr\/wp-json\/wp\/v2\/product\/9744","targetHints":{"allow":["GET"]}}],"collection":[{"href":"https:\/\/imiapower.com\/fr\/wp-json\/wp\/v2\/product"}],"about":[{"href":"https:\/\/imiapower.com\/fr\/wp-json\/wp\/v2\/types\/product"}],"replies":[{"embeddable":true,"href":"https:\/\/imiapower.com\/fr\/wp-json\/wp\/v2\/comments?post=9744"}],"version-history":[{"count":3,"href":"https:\/\/imiapower.com\/fr\/wp-json\/wp\/v2\/product\/9744\/revisions"}],"predecessor-version":[{"id":9749,"href":"https:\/\/imiapower.com\/fr\/wp-json\/wp\/v2\/product\/9744\/revisions\/9749"}],"wp:featuredmedia":[{"embeddable":true,"href":"https:\/\/imiapower.com\/fr\/wp-json\/wp\/v2\/media\/9745"}],"wp:attachment":[{"href":"https:\/\/imiapower.com\/fr\/wp-json\/wp\/v2\/media?parent=9744"}],"wp:term":[{"taxonomy":"product_cat","embeddable":true,"href":"https:\/\/imiapower.com\/fr\/wp-json\/wp\/v2\/product_cat?post=9744"},{"taxonomy":"product_tag","embeddable":true,"href":"https:\/\/imiapower.com\/fr\/wp-json\/wp\/v2\/product_tag?post=9744"}],"curies":[{"name":"wp","href":"https:\/\/api.w.org\/{rel}","templated":true}]}}