{"id":9841,"date":"2026-01-05T08:57:43","date_gmt":"2026-01-05T08:57:43","guid":{"rendered":"https:\/\/imiapower.com\/?post_type=product&#038;p=9841"},"modified":"2026-01-05T08:58:24","modified_gmt":"2026-01-05T08:58:24","slug":"140w-macbook-charger-pd","status":"publish","type":"product","link":"https:\/\/imiapower.com\/fr\/products\/wall-charger\/140w-macbook-charger-pd\/","title":{"rendered":"Nouveau chargeur MacBook 140 W compatible avec MacBook Pro 16 pouces, iPad Pro et Samsung S23 (QC4.0+)."},"content":{"rendered":"<ul>\n<li><strong>Chargeur MacBook 140 W<\/strong><\/li>\n<li><strong>Saisir :<\/strong>100-240 VCA 50\/60 Hz<\/li>\n<li><strong>Sortir<\/strong>5,1 V 5 A 9 V 3 A 12 V 3 A 15 V 3 A 20 V 5 A 28 V 5 A<\/li>\n<li><strong>Dimension:<\/strong>75*75*29 mm<\/li>\n<li><strong>Conception:<\/strong>D\u00e9plier la prise am\u00e9ricaine et la prise europ\u00e9enne<\/li>\n<li><strong>Couleur:<\/strong>Noir<\/li>\n<li><strong>Certificat :<\/strong>UL FCC CE CB UKCA<\/li>\n<li><strong>D\u00e9lais de production:<\/strong>30 jours<\/li>\n<li><strong>Garantie:<\/strong>2 ans<\/li>\n<\/ul>","protected":false},"excerpt":{"rendered":"<p><span class=\"citation-43\">D\u00e9livre une puissance de sortie continue massive de 140 W<\/span>. <span class=\"citation-42\">Compatible avec le profil de tension 28 V\/5 A le plus r\u00e9cent, requis pour la charge rapide du MacBook Pro 16 pouces lorsqu&#039;il est associ\u00e9 \u00e0 un c\u00e2ble E-Marker de 140 W.<\/span>.<\/p>\n<p><span class=\"citation-41\">Recharge rapide universelle\u00a0:<\/span><span class=\"citation-41\"> Pas seulement un <\/span><span class=\"citation-41\">Chargeur MacBook 140 W<\/span><span class=\"citation-41\">; il offre une large compatibilit\u00e9 de protocoles, notamment PD3.1, PPS, QC4+, QC3.0, Samsung AFC, Huawei SCP\/FCP et MTK PE-2.0<\/span>.<\/p>\n<p>R\u00e9glage intelligent de la puissance\u00a0: le syst\u00e8me AVS int\u00e9gr\u00e9 (alimentation \u00e0 tension r\u00e9glable) reconna\u00eet automatiquement l\u2019appareil et ajuste la puissance de sortie. <span class=\"citation-40\">En mode PPS, il ajuste la tension par paliers de 20 mV (5,02 V \u00e0 21 V) pour une efficacit\u00e9 de charge optimale.<\/span>.<\/p>\n<p><span class=\"citation-39\">S\u00e9curit\u00e9 globale :<\/span><span class=\"citation-39\"> Con\u00e7u avec un bo\u00eetier en polycarbonate durable (homologu\u00e9 UL94 V-0)<\/span>. <span class=\"citation-38\">Il est dot\u00e9 de multiples syst\u00e8mes de protection, notamment une protection contre les surtensions (180 W max.) et une protection contre les courts-circuits avec r\u00e9cup\u00e9ration automatique.<\/span>.<\/p>\n<p><span class=\"citation-37\">Compatibilit\u00e9 globale\u00a0:<\/span><span class=\"citation-37\"> Prend en charge une entr\u00e9e CA 100-240 V 50\/60 Hz<\/span>ce qui en fait un compagnon de voyage id\u00e9al. <span class=\"citation-36\">Gr\u00e2ce \u00e0 sa conception compacte fix\u00e9e au mur, elle se glisse facilement dans un sac pour une utilisation nomade.<\/span>.<\/p>","protected":false},"featured_media":9844,"comment_status":"open","ping_status":"closed","template":"","meta":{"rank_math_lock_modified_date":false,"site-sidebar-layout":"default","site-content-layout":"","ast-site-content-layout":"default","site-content-style":"default","site-sidebar-style":"default","ast-global-header-display":"","ast-banner-title-visibility":"","ast-main-header-display":"","ast-hfb-above-header-display":"","ast-hfb-below-header-display":"","ast-hfb-mobile-header-display":"","site-post-title":"","ast-breadcrumbs-content":"","ast-featured-img":"","footer-sml-layout":"","ast-disable-related-posts":"","theme-transparent-header-meta":"default","adv-header-id-meta":"","stick-header-meta":"","header-above-stick-meta":"","header-main-stick-meta":"","header-below-stick-meta":"","astra-migrate-meta-layouts":"set","ast-page-background-enabled":"default","ast-page-background-meta":{"desktop":{"background-color":"","background-image":"","background-repeat":"repeat","background-position":"center center","background-size":"auto","background-attachment":"scroll","background-type":"","background-media":"","overlay-type":"","overlay-color":"","overlay-opacity":"","overlay-gradient":""},"tablet":{"background-color":"","background-image":"","background-repeat":"repeat","background-position":"center center","background-size":"auto","background-attachment":"scroll","background-type":"","background-media":"","overlay-type":"","overlay-color":"","overlay-opacity":"","overlay-gradient":""},"mobile":{"background-color":"","background-image":"","background-repeat":"repeat","background-position":"center center","background-size":"auto","background-attachment":"scroll","background-type":"","background-media":"","overlay-type":"","overlay-color":"","overlay-opacity":"","overlay-gradient":""}},"ast-content-background-meta":{"desktop":{"background-color":"var(--ast-global-color-5)","background-image":"","background-repeat":"repeat","background-position":"center center","background-size":"auto","background-attachment":"scroll","background-type":"","background-media":"","overlay-type":"","overlay-color":"","overlay-opacity":"","overlay-gradient":""},"tablet":{"background-color":"var(--ast-global-color-5)","background-image":"","background-repeat":"repeat","background-position":"center center","background-size":"auto","background-attachment":"scroll","background-type":"","background-media":"","overlay-type":"","overlay-color":"","overlay-opacity":"","overlay-gradient":""},"mobile":{"background-color":"var(--ast-global-color-5)","background-image":"","background-repeat":"repeat","background-position":"center center","background-size":"auto","background-attachment":"scroll","background-type":"","background-media":"","overlay-type":"","overlay-color":"","overlay-opacity":"","overlay-gradient":""}}},"product_cat":[43],"product_tag":[],"class_list":{"0":"post-9841","1":"product","2":"type-product","3":"status-publish","4":"has-post-thumbnail","6":"product_cat-wall-charger","7":"desktop-align-center","8":"tablet-align-center","9":"mobile-align-center","11":"first","12":"instock","13":"shipping-taxable","14":"product-type-simple"},"_links":{"self":[{"href":"https:\/\/imiapower.com\/fr\/wp-json\/wp\/v2\/product\/9841","targetHints":{"allow":["GET"]}}],"collection":[{"href":"https:\/\/imiapower.com\/fr\/wp-json\/wp\/v2\/product"}],"about":[{"href":"https:\/\/imiapower.com\/fr\/wp-json\/wp\/v2\/types\/product"}],"replies":[{"embeddable":true,"href":"https:\/\/imiapower.com\/fr\/wp-json\/wp\/v2\/comments?post=9841"}],"version-history":[{"count":1,"href":"https:\/\/imiapower.com\/fr\/wp-json\/wp\/v2\/product\/9841\/revisions"}],"predecessor-version":[{"id":9845,"href":"https:\/\/imiapower.com\/fr\/wp-json\/wp\/v2\/product\/9841\/revisions\/9845"}],"wp:featuredmedia":[{"embeddable":true,"href":"https:\/\/imiapower.com\/fr\/wp-json\/wp\/v2\/media\/9844"}],"wp:attachment":[{"href":"https:\/\/imiapower.com\/fr\/wp-json\/wp\/v2\/media?parent=9841"}],"wp:term":[{"taxonomy":"product_cat","embeddable":true,"href":"https:\/\/imiapower.com\/fr\/wp-json\/wp\/v2\/product_cat?post=9841"},{"taxonomy":"product_tag","embeddable":true,"href":"https:\/\/imiapower.com\/fr\/wp-json\/wp\/v2\/product_tag?post=9841"}],"curies":[{"name":"wp","href":"https:\/\/api.w.org\/{rel}","templated":true}]}}