{"id":9885,"date":"2026-01-23T02:04:30","date_gmt":"2026-01-23T02:04:30","guid":{"rendered":"https:\/\/imiapower.com\/?post_type=product&#038;p=9885"},"modified":"2026-01-23T02:04:30","modified_gmt":"2026-01-23T02:04:30","slug":"worldwide-travel-charger","status":"publish","type":"product","link":"https:\/\/imiapower.com\/fr\/products\/travel-adapter\/worldwide-travel-charger\/","title":{"rendered":"Adaptateur de chargeur de voyage universel | Prise internationale tout-en-un (\u00c9tats-Unis\/UE\/Royaume-Uni\/Australie)"},"content":{"rendered":"<ul>\n<li><strong>Chargeur de voyage universel<\/strong><\/li>\n<li><strong>Tension d&#039;entr\u00e9e:<\/strong> 100 ~ 250 V, 50\/60 Hz<\/li>\n<li><strong>Puissance nominale :<\/strong> 10 A max. (1000 W\/100 V, 2500 W\/250 V)<\/li>\n<li><strong>Poids brut :<\/strong> 150 g<\/li>\n<li><strong>Usage:<\/strong> Utilisation en int\u00e9rieur uniquement<\/li>\n<li><strong>Mise \u00e0 la terre\u00a0:<\/strong> Pas de mise \u00e0 la terre<\/li>\n<\/ul>\n<p>&nbsp;<\/p>","protected":false},"excerpt":{"rendered":"<p data-path-to-node=\"3\">Format mini, port\u00e9e mondiale\u00a0: le chargeur de voyage international par excellence. Voyagez plus l\u00e9ger et plus intelligemment. Cet adaptateur de voyage mini, compatible avec tous les continents, offre une connectivit\u00e9 mondiale dans un format ultra-compact, vous permettant de gagner un espace pr\u00e9cieux dans vos bagages sans compromettre la s\u00e9curit\u00e9.<\/p>\n<ul data-path-to-node=\"4\">\n<li>\n<p data-path-to-node=\"4,0,0\">\ud83d\udccf <strong>Design ultra-mini : <\/strong>Ne vous laissez pas encombrer par des adaptateurs volumineux. Notre format mini cube se glisse facilement dans votre poche ou votre sac \u00e0 main, ce qui en fait le compagnon de voyage minimaliste id\u00e9al.<\/p>\n<\/li>\n<li>\n<p data-path-to-node=\"4,1,0\">\u26a1 <strong>Solution de chargeur de voyage mondiale\u00a0:<\/strong> Malgr\u00e9 sa petite taille, il couvre plus de 150 pays gr\u00e2ce \u00e0 ses prises r\u00e9tractables pour les \u00c9tats-Unis, le Royaume-Uni, l&#039;UE et l&#039;Australie.<\/p>\n<\/li>\n<li>\n<p data-path-to-node=\"4,2,0\">\ud83d\udee1\ufe0f <strong>Certifi\u00e9 en mati\u00e8re de s\u00e9curit\u00e9 :<\/strong> Petit mais puissant. Il r\u00e9pond aux normes de s\u00e9curit\u00e9 les plus strictes (test\u00e9 selon la norme UL 62368-1:2025) et est \u00e9quip\u00e9 de volets int\u00e9gr\u00e9s pour votre s\u00e9curit\u00e9.<\/p>\n<\/li>\n<li>\n<p data-path-to-node=\"4,3,0\">\ud83d\udd0c <strong>Compatibilit\u00e9 universelle\u00a0:<\/strong> Le bo\u00eetier miniature est dot\u00e9 d&#039;une prise universelle qui accepte en toute s\u00e9curit\u00e9 les fiches provenant de presque partout dans le monde.<\/p>\n<\/li>\n<\/ul>","protected":false},"featured_media":9888,"comment_status":"open","ping_status":"closed","template":"","meta":{"rank_math_lock_modified_date":false,"site-sidebar-layout":"default","site-content-layout":"","ast-site-content-layout":"default","site-content-style":"default","site-sidebar-style":"default","ast-global-header-display":"","ast-banner-title-visibility":"","ast-main-header-display":"","ast-hfb-above-header-display":"","ast-hfb-below-header-display":"","ast-hfb-mobile-header-display":"","site-post-title":"","ast-breadcrumbs-content":"","ast-featured-img":"","footer-sml-layout":"","ast-disable-related-posts":"","theme-transparent-header-meta":"default","adv-header-id-meta":"","stick-header-meta":"","header-above-stick-meta":"","header-main-stick-meta":"","header-below-stick-meta":"","astra-migrate-meta-layouts":"set","ast-page-background-enabled":"default","ast-page-background-meta":{"desktop":{"background-color":"","background-image":"","background-repeat":"repeat","background-position":"center center","background-size":"auto","background-attachment":"scroll","background-type":"","background-media":"","overlay-type":"","overlay-color":"","overlay-opacity":"","overlay-gradient":""},"tablet":{"background-color":"","background-image":"","background-repeat":"repeat","background-position":"center center","background-size":"auto","background-attachment":"scroll","background-type":"","background-media":"","overlay-type":"","overlay-color":"","overlay-opacity":"","overlay-gradient":""},"mobile":{"background-color":"","background-image":"","background-repeat":"repeat","background-position":"center center","background-size":"auto","background-attachment":"scroll","background-type":"","background-media":"","overlay-type":"","overlay-color":"","overlay-opacity":"","overlay-gradient":""}},"ast-content-background-meta":{"desktop":{"background-color":"var(--ast-global-color-5)","background-image":"","background-repeat":"repeat","background-position":"center center","background-size":"auto","background-attachment":"scroll","background-type":"","background-media":"","overlay-type":"","overlay-color":"","overlay-opacity":"","overlay-gradient":""},"tablet":{"background-color":"var(--ast-global-color-5)","background-image":"","background-repeat":"repeat","background-position":"center center","background-size":"auto","background-attachment":"scroll","background-type":"","background-media":"","overlay-type":"","overlay-color":"","overlay-opacity":"","overlay-gradient":""},"mobile":{"background-color":"var(--ast-global-color-5)","background-image":"","background-repeat":"repeat","background-position":"center center","background-size":"auto","background-attachment":"scroll","background-type":"","background-media":"","overlay-type":"","overlay-color":"","overlay-opacity":"","overlay-gradient":""}}},"product_cat":[64],"product_tag":[],"class_list":{"0":"post-9885","1":"product","2":"type-product","3":"status-publish","4":"has-post-thumbnail","6":"product_cat-travel-adapter","7":"desktop-align-center","8":"tablet-align-center","9":"mobile-align-center","11":"first","12":"instock","13":"shipping-taxable","14":"product-type-simple"},"_links":{"self":[{"href":"https:\/\/imiapower.com\/fr\/wp-json\/wp\/v2\/product\/9885","targetHints":{"allow":["GET"]}}],"collection":[{"href":"https:\/\/imiapower.com\/fr\/wp-json\/wp\/v2\/product"}],"about":[{"href":"https:\/\/imiapower.com\/fr\/wp-json\/wp\/v2\/types\/product"}],"replies":[{"embeddable":true,"href":"https:\/\/imiapower.com\/fr\/wp-json\/wp\/v2\/comments?post=9885"}],"version-history":[{"count":3,"href":"https:\/\/imiapower.com\/fr\/wp-json\/wp\/v2\/product\/9885\/revisions"}],"predecessor-version":[{"id":9891,"href":"https:\/\/imiapower.com\/fr\/wp-json\/wp\/v2\/product\/9885\/revisions\/9891"}],"wp:featuredmedia":[{"embeddable":true,"href":"https:\/\/imiapower.com\/fr\/wp-json\/wp\/v2\/media\/9888"}],"wp:attachment":[{"href":"https:\/\/imiapower.com\/fr\/wp-json\/wp\/v2\/media?parent=9885"}],"wp:term":[{"taxonomy":"product_cat","embeddable":true,"href":"https:\/\/imiapower.com\/fr\/wp-json\/wp\/v2\/product_cat?post=9885"},{"taxonomy":"product_tag","embeddable":true,"href":"https:\/\/imiapower.com\/fr\/wp-json\/wp\/v2\/product_tag?post=9885"}],"curies":[{"name":"wp","href":"https:\/\/api.w.org\/{rel}","templated":true}]}}