{"id":9969,"date":"2026-02-05T09:19:40","date_gmt":"2026-02-05T09:19:40","guid":{"rendered":"https:\/\/imiapower.com\/?post_type=product&#038;p=9969"},"modified":"2026-02-05T09:19:40","modified_gmt":"2026-02-05T09:19:40","slug":"10w-qi-wireless-charger","status":"publish","type":"product","link":"https:\/\/imiapower.com\/fr\/products\/wireless-charger\/10w-qi-wireless-charger\/","title":{"rendered":"Chargeur sans fil Qi avec veilleuse, chargeur rapide 10 W pour iPhone et Android"},"content":{"rendered":"<ul>\n<li><strong>Chargeur sans fil Qi<\/strong><\/li>\n<li><strong>Saisir :<\/strong> Micro-USB 5V\/3A 9V\/2A<\/li>\n<li><strong>Sortir<\/strong> 5 W 7,5 W 10 W<\/li>\n<li><strong>Taille:<\/strong> 95,3 x 95,3 x 16,9 mm<\/li>\n<li><strong>Poids:<\/strong> 98 g<\/li>\n<li><strong>Dirig\u00e9:<\/strong> Un spectacle de lumi\u00e8re LED bleue s&#039;affiche pendant 5 secondes.<\/li>\n<\/ul>","protected":false},"excerpt":{"rendered":"<p data-path-to-node=\"14,0,0\"><b data-path-to-node=\"14,0,0\" data-index-in-node=\"0\">Conception 2 en 1\u00a0:<\/b> Une combinaison parfaite d&#039;un chargeur sans fil Qi de 10 W et d&#039;une veilleuse LED apaisante.<\/p>\n<p data-path-to-node=\"14,1,0\"><b data-path-to-node=\"14,1,0\" data-index-in-node=\"0\">Compatibilit\u00e9 universelle\u00a0:<\/b> Fonctionne parfaitement avec tous les smartphones compatibles Qi, y compris les iPhone s\u00e9ries 8 \u00e0 15, les Samsung Galaxy et bien d&#039;autres.<\/p>\n<p data-path-to-node=\"14,2,0\"><b data-path-to-node=\"14,2,0\" data-index-in-node=\"0\">Charge rapide intelligente\u00a0:<\/b> La puce intelligente int\u00e9gr\u00e9e ajuste automatiquement la puissance (5W\/7,5W\/10W) pour prot\u00e9ger la batterie de votre appareil.<\/p>\n<p data-path-to-node=\"14,3,0\"><b data-path-to-node=\"14,3,0\" data-index-in-node=\"0\">\u00c9l\u00e9gant et s\u00fbr :<\/b> Finition m\u00e9tallique haut de gamme avec d\u00e9tection de corps \u00e9trangers (FOD) et contr\u00f4le de la temp\u00e9rature pour une charge s\u00fbre du 100%.<\/p>","protected":false},"featured_media":9972,"comment_status":"open","ping_status":"closed","template":"","meta":{"rank_math_lock_modified_date":false,"site-sidebar-layout":"default","site-content-layout":"","ast-site-content-layout":"default","site-content-style":"default","site-sidebar-style":"default","ast-global-header-display":"","ast-banner-title-visibility":"","ast-main-header-display":"","ast-hfb-above-header-display":"","ast-hfb-below-header-display":"","ast-hfb-mobile-header-display":"","site-post-title":"","ast-breadcrumbs-content":"","ast-featured-img":"","footer-sml-layout":"","ast-disable-related-posts":"","theme-transparent-header-meta":"default","adv-header-id-meta":"","stick-header-meta":"","header-above-stick-meta":"","header-main-stick-meta":"","header-below-stick-meta":"","astra-migrate-meta-layouts":"set","ast-page-background-enabled":"default","ast-page-background-meta":{"desktop":{"background-color":"","background-image":"","background-repeat":"repeat","background-position":"center center","background-size":"auto","background-attachment":"scroll","background-type":"","background-media":"","overlay-type":"","overlay-color":"","overlay-opacity":"","overlay-gradient":""},"tablet":{"background-color":"","background-image":"","background-repeat":"repeat","background-position":"center center","background-size":"auto","background-attachment":"scroll","background-type":"","background-media":"","overlay-type":"","overlay-color":"","overlay-opacity":"","overlay-gradient":""},"mobile":{"background-color":"","background-image":"","background-repeat":"repeat","background-position":"center center","background-size":"auto","background-attachment":"scroll","background-type":"","background-media":"","overlay-type":"","overlay-color":"","overlay-opacity":"","overlay-gradient":""}},"ast-content-background-meta":{"desktop":{"background-color":"var(--ast-global-color-5)","background-image":"","background-repeat":"repeat","background-position":"center center","background-size":"auto","background-attachment":"scroll","background-type":"","background-media":"","overlay-type":"","overlay-color":"","overlay-opacity":"","overlay-gradient":""},"tablet":{"background-color":"var(--ast-global-color-5)","background-image":"","background-repeat":"repeat","background-position":"center center","background-size":"auto","background-attachment":"scroll","background-type":"","background-media":"","overlay-type":"","overlay-color":"","overlay-opacity":"","overlay-gradient":""},"mobile":{"background-color":"var(--ast-global-color-5)","background-image":"","background-repeat":"repeat","background-position":"center center","background-size":"auto","background-attachment":"scroll","background-type":"","background-media":"","overlay-type":"","overlay-color":"","overlay-opacity":"","overlay-gradient":""}}},"product_cat":[365],"product_tag":[],"class_list":{"0":"post-9969","1":"product","2":"type-product","3":"status-publish","4":"has-post-thumbnail","6":"product_cat-wireless-charger","7":"desktop-align-center","8":"tablet-align-center","9":"mobile-align-center","11":"first","12":"instock","13":"shipping-taxable","14":"product-type-simple"},"_links":{"self":[{"href":"https:\/\/imiapower.com\/fr\/wp-json\/wp\/v2\/product\/9969","targetHints":{"allow":["GET"]}}],"collection":[{"href":"https:\/\/imiapower.com\/fr\/wp-json\/wp\/v2\/product"}],"about":[{"href":"https:\/\/imiapower.com\/fr\/wp-json\/wp\/v2\/types\/product"}],"replies":[{"embeddable":true,"href":"https:\/\/imiapower.com\/fr\/wp-json\/wp\/v2\/comments?post=9969"}],"version-history":[{"count":1,"href":"https:\/\/imiapower.com\/fr\/wp-json\/wp\/v2\/product\/9969\/revisions"}],"predecessor-version":[{"id":9973,"href":"https:\/\/imiapower.com\/fr\/wp-json\/wp\/v2\/product\/9969\/revisions\/9973"}],"wp:featuredmedia":[{"embeddable":true,"href":"https:\/\/imiapower.com\/fr\/wp-json\/wp\/v2\/media\/9972"}],"wp:attachment":[{"href":"https:\/\/imiapower.com\/fr\/wp-json\/wp\/v2\/media?parent=9969"}],"wp:term":[{"taxonomy":"product_cat","embeddable":true,"href":"https:\/\/imiapower.com\/fr\/wp-json\/wp\/v2\/product_cat?post=9969"},{"taxonomy":"product_tag","embeddable":true,"href":"https:\/\/imiapower.com\/fr\/wp-json\/wp\/v2\/product_tag?post=9969"}],"curies":[{"name":"wp","href":"https:\/\/api.w.org\/{rel}","templated":true}]}}