{"id":4652,"date":"2023-03-04T00:24:05","date_gmt":"2023-03-04T00:24:05","guid":{"rendered":"https:\/\/imia.com.cn\/?post_type=product&#038;p=4652"},"modified":"2024-08-16T13:06:51","modified_gmt":"2024-08-16T13:06:51","slug":"20w-pd-wall-charger","status":"publish","type":"product","link":"https:\/\/imiapower.com\/it\/products\/wall-charger\/20w-pd-wall-charger\/","title":{"rendered":"Popolare produttore di caricabatterie da muro da 20 W"},"content":{"rendered":"<ul>\n<li><strong>Caricatore da muro da 20 W<\/strong><\/li>\n<li><strong>Produzione:<\/strong>5 V 2 A 10 W max<\/li>\n<li><strong>Tensione di ingresso:<\/strong>100-240 V<\/li>\n<li><strong>Frequenza di ingresso:<\/strong>50\/60Hz<\/li>\n<li><strong>Classe Energetica: <\/strong>VI<\/li>\n<li><strong>Certificazione di sicurezza:<\/strong>EN62368: FCC\/CE\/SAA\/CCC<\/li>\n<li><strong>Taglia USA\/CN\/JP:<\/strong>60*26*40mm<\/li>\n<li><strong>Taglia EU\/KR:<\/strong>80*27*40mm<\/li>\n<li><strong>Taglia UK:<\/strong>75*27*39,5 mm<\/li>\n<\/ul>","protected":false},"excerpt":{"rendered":"<p>Sebbene sul mercato siano disponibili caricabatterie PD di nuova concezione fino a 140 W e 200 W, anche un caricabatterie da parete PD da 20 W \u00e8 un dispositivo di ricarica molto comune e popolare, in grado di soddisfare i requisiti di ricarica rapida dei telefoni sul mercato.<\/p>\n<p>Alcuni marchi famosi hanno selezionato questo caricabatterie PD da 20 W, a questo caricabatterie pu\u00f2 essere aggiunto un design in cartone come copertura e piace a molti giovani, perch\u00e9 \u00e8 stato scelto da un marchio popolare, quindi la qualit\u00e0 \u00e8 assicurata, forniamo campioni gratuiti da testare, supporta anche un MOQ basso<\/p>\n<p>20 watt per caricare rapidamente smartphone, tablet e altri dispositivi alimentati tramite USB.<\/p>\n<p>Velocit\u00e0 di ricarica fino a 50% pi\u00f9 elevate grazie alle tecnologie avanzate USB Power Delivery (PD) e Qualcomm Quick Charge.<\/p>\n<p>&nbsp;<\/p>","protected":false},"featured_media":4584,"comment_status":"closed","ping_status":"closed","template":"","meta":{"rank_math_lock_modified_date":false,"site-sidebar-layout":"default","site-content-layout":"default","ast-site-content-layout":"default","site-content-style":"default","site-sidebar-style":"default","ast-global-header-display":"","ast-banner-title-visibility":"","ast-main-header-display":"","ast-hfb-above-header-display":"","ast-hfb-below-header-display":"","ast-hfb-mobile-header-display":"","site-post-title":"","ast-breadcrumbs-content":"","ast-featured-img":"","footer-sml-layout":"","ast-disable-related-posts":"","theme-transparent-header-meta":"default","adv-header-id-meta":"","stick-header-meta":"","header-above-stick-meta":"","header-main-stick-meta":"","header-below-stick-meta":"","astra-migrate-meta-layouts":"set","ast-page-background-enabled":"default","ast-page-background-meta":{"desktop":{"background-color":"","background-image":"","background-repeat":"repeat","background-position":"center center","background-size":"auto","background-attachment":"scroll","background-type":"","background-media":"","overlay-type":"","overlay-color":"","overlay-opacity":"","overlay-gradient":""},"tablet":{"background-color":"","background-image":"","background-repeat":"repeat","background-position":"center center","background-size":"auto","background-attachment":"scroll","background-type":"","background-media":"","overlay-type":"","overlay-color":"","overlay-opacity":"","overlay-gradient":""},"mobile":{"background-color":"","background-image":"","background-repeat":"repeat","background-position":"center center","background-size":"auto","background-attachment":"scroll","background-type":"","background-media":"","overlay-type":"","overlay-color":"","overlay-opacity":"","overlay-gradient":""}},"ast-content-background-meta":{"desktop":{"background-color":"var(--ast-global-color-5)","background-image":"","background-repeat":"repeat","background-position":"center center","background-size":"auto","background-attachment":"scroll","background-type":"","background-media":"","overlay-type":"","overlay-color":"","overlay-opacity":"","overlay-gradient":""},"tablet":{"background-color":"var(--ast-global-color-5)","background-image":"","background-repeat":"repeat","background-position":"center center","background-size":"auto","background-attachment":"scroll","background-type":"","background-media":"","overlay-type":"","overlay-color":"","overlay-opacity":"","overlay-gradient":""},"mobile":{"background-color":"var(--ast-global-color-5)","background-image":"","background-repeat":"repeat","background-position":"center center","background-size":"auto","background-attachment":"scroll","background-type":"","background-media":"","overlay-type":"","overlay-color":"","overlay-opacity":"","overlay-gradient":""}}},"product_cat":[43],"product_tag":[],"class_list":{"0":"post-4652","1":"product","2":"type-product","3":"status-publish","4":"has-post-thumbnail","6":"product_cat-wall-charger","7":"desktop-align-center","8":"tablet-align-center","9":"mobile-align-center","11":"first","12":"instock","13":"shipping-taxable","14":"purchasable","15":"product-type-simple"},"_links":{"self":[{"href":"https:\/\/imiapower.com\/it\/wp-json\/wp\/v2\/product\/4652","targetHints":{"allow":["GET"]}}],"collection":[{"href":"https:\/\/imiapower.com\/it\/wp-json\/wp\/v2\/product"}],"about":[{"href":"https:\/\/imiapower.com\/it\/wp-json\/wp\/v2\/types\/product"}],"replies":[{"embeddable":true,"href":"https:\/\/imiapower.com\/it\/wp-json\/wp\/v2\/comments?post=4652"}],"version-history":[{"count":4,"href":"https:\/\/imiapower.com\/it\/wp-json\/wp\/v2\/product\/4652\/revisions"}],"predecessor-version":[{"id":8288,"href":"https:\/\/imiapower.com\/it\/wp-json\/wp\/v2\/product\/4652\/revisions\/8288"}],"wp:featuredmedia":[{"embeddable":true,"href":"https:\/\/imiapower.com\/it\/wp-json\/wp\/v2\/media\/4584"}],"wp:attachment":[{"href":"https:\/\/imiapower.com\/it\/wp-json\/wp\/v2\/media?parent=4652"}],"wp:term":[{"taxonomy":"product_cat","embeddable":true,"href":"https:\/\/imiapower.com\/it\/wp-json\/wp\/v2\/product_cat?post=4652"},{"taxonomy":"product_tag","embeddable":true,"href":"https:\/\/imiapower.com\/it\/wp-json\/wp\/v2\/product_tag?post=4652"}],"curies":[{"name":"wp","href":"https:\/\/api.w.org\/{rel}","templated":true}]}}