{"id":4666,"date":"2023-03-04T00:24:06","date_gmt":"2023-03-04T00:24:06","guid":{"rendered":"https:\/\/imia.com.cn\/?post_type=product&#038;p=4666"},"modified":"2025-09-30T03:20:55","modified_gmt":"2025-09-30T03:20:55","slug":"12w-usb-power-adapter","status":"publish","type":"product","link":"https:\/\/imiapower.com\/it\/products\/power-adapter\/12w-usb-power-adapter\/","title":{"rendered":"Adattatore di alimentazione USB da 12 W in regalo"},"content":{"rendered":"<ul>\n<li><strong>Adattatore di alimentazione USB da 12 W<\/strong><\/li>\n<li><strong>Produzione:<\/strong> 5V1A\/5V2A\/ 5V2,4A 12W<\/li>\n<li><strong>Tensione di ingresso:<\/strong> 100-240 V<\/li>\n<li><strong>Frequenza di ingresso:<\/strong> 50\/60 Hz<\/li>\n<li><strong>Classe energetica:<\/strong> VI<\/li>\n<li><strong>Certificazione di sicurezza:<\/strong> EN62368: FCC\/CE\/SAA<\/li>\n<li><strong>Taglia USA\/CN\/JP:<\/strong> 60*26*40mm<\/li>\n<li><strong>Taglia EU\/KR:<\/strong> 80*27*40mm<\/li>\n<li><strong>Taglia UK:<\/strong> 75*27*39,5 mm<\/li>\n<\/ul>\n<div id=\"gtx-trans\" style=\"position: absolute; left: 296px; top: 283.625px;\">\n<div class=\"gtx-trans-icon\"><\/div>\n<\/div>","protected":false},"excerpt":{"rendered":"<p>Un adattatore di alimentazione da 12 W con un cavo adatto pu\u00f2 alimentare efficacemente una variet\u00e0 di piccoli elettrodomestici, migliorando praticit\u00e0 ed efficienza. Garantendo la compatibilit\u00e0 e utilizzando componenti di alta qualit\u00e0, gli utenti possono caricare e utilizzare i propri dispositivi in modo sicuro e affidabile.<\/p>","protected":false},"featured_media":4595,"comment_status":"closed","ping_status":"closed","template":"","meta":{"rank_math_lock_modified_date":false,"site-sidebar-layout":"default","site-content-layout":"default","ast-site-content-layout":"default","site-content-style":"default","site-sidebar-style":"default","ast-global-header-display":"","ast-banner-title-visibility":"","ast-main-header-display":"","ast-hfb-above-header-display":"","ast-hfb-below-header-display":"","ast-hfb-mobile-header-display":"","site-post-title":"","ast-breadcrumbs-content":"","ast-featured-img":"","footer-sml-layout":"","ast-disable-related-posts":"","theme-transparent-header-meta":"default","adv-header-id-meta":"","stick-header-meta":"","header-above-stick-meta":"","header-main-stick-meta":"","header-below-stick-meta":"","astra-migrate-meta-layouts":"set","ast-page-background-enabled":"default","ast-page-background-meta":{"desktop":{"background-color":"","background-image":"","background-repeat":"repeat","background-position":"center center","background-size":"auto","background-attachment":"scroll","background-type":"","background-media":"","overlay-type":"","overlay-color":"","overlay-opacity":"","overlay-gradient":""},"tablet":{"background-color":"","background-image":"","background-repeat":"repeat","background-position":"center center","background-size":"auto","background-attachment":"scroll","background-type":"","background-media":"","overlay-type":"","overlay-color":"","overlay-opacity":"","overlay-gradient":""},"mobile":{"background-color":"","background-image":"","background-repeat":"repeat","background-position":"center center","background-size":"auto","background-attachment":"scroll","background-type":"","background-media":"","overlay-type":"","overlay-color":"","overlay-opacity":"","overlay-gradient":""}},"ast-content-background-meta":{"desktop":{"background-color":"var(--ast-global-color-5)","background-image":"","background-repeat":"repeat","background-position":"center center","background-size":"auto","background-attachment":"scroll","background-type":"","background-media":"","overlay-type":"","overlay-color":"","overlay-opacity":"","overlay-gradient":""},"tablet":{"background-color":"var(--ast-global-color-5)","background-image":"","background-repeat":"repeat","background-position":"center center","background-size":"auto","background-attachment":"scroll","background-type":"","background-media":"","overlay-type":"","overlay-color":"","overlay-opacity":"","overlay-gradient":""},"mobile":{"background-color":"var(--ast-global-color-5)","background-image":"","background-repeat":"repeat","background-position":"center center","background-size":"auto","background-attachment":"scroll","background-type":"","background-media":"","overlay-type":"","overlay-color":"","overlay-opacity":"","overlay-gradient":""}}},"product_cat":[58],"product_tag":[],"class_list":{"0":"post-4666","1":"product","2":"type-product","3":"status-publish","4":"has-post-thumbnail","6":"product_cat-power-adapter","7":"desktop-align-center","8":"tablet-align-center","9":"mobile-align-center","11":"first","12":"instock","13":"shipping-taxable","14":"purchasable","15":"product-type-simple"},"_links":{"self":[{"href":"https:\/\/imiapower.com\/it\/wp-json\/wp\/v2\/product\/4666","targetHints":{"allow":["GET"]}}],"collection":[{"href":"https:\/\/imiapower.com\/it\/wp-json\/wp\/v2\/product"}],"about":[{"href":"https:\/\/imiapower.com\/it\/wp-json\/wp\/v2\/types\/product"}],"replies":[{"embeddable":true,"href":"https:\/\/imiapower.com\/it\/wp-json\/wp\/v2\/comments?post=4666"}],"version-history":[{"count":1,"href":"https:\/\/imiapower.com\/it\/wp-json\/wp\/v2\/product\/4666\/revisions"}],"predecessor-version":[{"id":8155,"href":"https:\/\/imiapower.com\/it\/wp-json\/wp\/v2\/product\/4666\/revisions\/8155"}],"wp:featuredmedia":[{"embeddable":true,"href":"https:\/\/imiapower.com\/it\/wp-json\/wp\/v2\/media\/4595"}],"wp:attachment":[{"href":"https:\/\/imiapower.com\/it\/wp-json\/wp\/v2\/media?parent=4666"}],"wp:term":[{"taxonomy":"product_cat","embeddable":true,"href":"https:\/\/imiapower.com\/it\/wp-json\/wp\/v2\/product_cat?post=4666"},{"taxonomy":"product_tag","embeddable":true,"href":"https:\/\/imiapower.com\/it\/wp-json\/wp\/v2\/product_tag?post=4666"}],"curies":[{"name":"wp","href":"https:\/\/api.w.org\/{rel}","templated":true}]}}