{"id":6456,"date":"2024-01-20T04:02:36","date_gmt":"2024-01-20T04:02:36","guid":{"rendered":"https:\/\/imia.com.cn\/?post_type=product&#038;p=6456"},"modified":"2025-07-08T12:41:05","modified_gmt":"2025-07-08T12:41:05","slug":"ce-travel-universal-adaptor","status":"publish","type":"product","link":"https:\/\/imiapower.com\/it\/products\/travel-adapter\/ce-travel-universal-adaptor\/","title":{"rendered":"Popolare adattatore universale da viaggio CE da 20 W USB\/PD"},"content":{"rendered":"<ul>\n<li><strong>Adattatore universale da viaggio CE<\/strong><\/li>\n<li><strong>Ingresso CA:<\/strong> 100-250 V\/CA 50-60 Hz<\/li>\n<li><strong>Uscita CA:<\/strong> 6 A massimo (660 W\/100 V o 1.330 W\/250 V)<\/li>\n<li><strong>Uscita USB-A:<\/strong> 5V3A, 9V2A, 12V 1,66A(OC 3,0 18W)<\/li>\n<li><strong>Tipo C:<\/strong> 5V3A\/9V2.22A12V1.67A(20W massimo)<\/li>\n<li><strong>Tappo:<\/strong> UE\/AUS\/Regno Unito\/USA<\/li>\n<li><strong>Misurare:<\/strong> 60*45*55 mm<\/li>\n<li><strong>Materiale:<\/strong> ABS + metallo rame + olio di gomma EU\/AU\/UK\/US<\/li>\n<li><strong>Nota: <\/strong>All in One pu\u00f2 essere utilizzato in pi\u00f9 di 170 paesi<\/li>\n<li><strong>Certificato:<\/strong> CE.Rohs<\/li>\n<\/ul>","protected":false},"excerpt":{"rendered":"<p>Questo \u00e8 un prodotto necessario per viaggiare in paesi diversi, poich\u00e9 paesi diversi, la spina di ricarica \u00e8 diversa, questo adattatore che include la spina UE, USA, AUS, Regno Unito pu\u00f2 soddisfare la richiesta di spina della maggior parte dei paesi, questo modello include 3 versioni<\/p>\n<p>USB A+TIPO C PD20W<\/p>\n<p>USB A+TIPO C 15,5W<\/p>\n<p>USB A+USB A 10,5 W<\/p>\n<p>PD20W con la migliore vendita<\/p>\n<p>&nbsp;<\/p>\n<div id=\"gtx-trans\" style=\"position: absolute; left: 3px; top: -3px;\">\n<div class=\"gtx-trans-icon\"><\/div>\n<\/div>","protected":false},"featured_media":7633,"comment_status":"closed","ping_status":"closed","template":"","meta":{"rank_math_lock_modified_date":false,"site-sidebar-layout":"default","site-content-layout":"","ast-site-content-layout":"default","site-content-style":"default","site-sidebar-style":"default","ast-global-header-display":"","ast-banner-title-visibility":"","ast-main-header-display":"","ast-hfb-above-header-display":"","ast-hfb-below-header-display":"","ast-hfb-mobile-header-display":"","site-post-title":"","ast-breadcrumbs-content":"","ast-featured-img":"","footer-sml-layout":"","ast-disable-related-posts":"","theme-transparent-header-meta":"default","adv-header-id-meta":"","stick-header-meta":"","header-above-stick-meta":"","header-main-stick-meta":"","header-below-stick-meta":"","astra-migrate-meta-layouts":"set","ast-page-background-enabled":"default","ast-page-background-meta":{"desktop":{"background-color":"","background-image":"","background-repeat":"repeat","background-position":"center center","background-size":"auto","background-attachment":"scroll","background-type":"","background-media":"","overlay-type":"","overlay-color":"","overlay-opacity":"","overlay-gradient":""},"tablet":{"background-color":"","background-image":"","background-repeat":"repeat","background-position":"center center","background-size":"auto","background-attachment":"scroll","background-type":"","background-media":"","overlay-type":"","overlay-color":"","overlay-opacity":"","overlay-gradient":""},"mobile":{"background-color":"","background-image":"","background-repeat":"repeat","background-position":"center center","background-size":"auto","background-attachment":"scroll","background-type":"","background-media":"","overlay-type":"","overlay-color":"","overlay-opacity":"","overlay-gradient":""}},"ast-content-background-meta":{"desktop":{"background-color":"var(--ast-global-color-5)","background-image":"","background-repeat":"repeat","background-position":"center center","background-size":"auto","background-attachment":"scroll","background-type":"","background-media":"","overlay-type":"","overlay-color":"","overlay-opacity":"","overlay-gradient":""},"tablet":{"background-color":"var(--ast-global-color-5)","background-image":"","background-repeat":"repeat","background-position":"center center","background-size":"auto","background-attachment":"scroll","background-type":"","background-media":"","overlay-type":"","overlay-color":"","overlay-opacity":"","overlay-gradient":""},"mobile":{"background-color":"var(--ast-global-color-5)","background-image":"","background-repeat":"repeat","background-position":"center center","background-size":"auto","background-attachment":"scroll","background-type":"","background-media":"","overlay-type":"","overlay-color":"","overlay-opacity":"","overlay-gradient":""}}},"product_cat":[64],"product_tag":[],"class_list":{"0":"post-6456","1":"product","2":"type-product","3":"status-publish","4":"has-post-thumbnail","6":"product_cat-travel-adapter","7":"desktop-align-center","8":"tablet-align-center","9":"mobile-align-center","11":"first","12":"instock","13":"shipping-taxable","14":"product-type-simple"},"_links":{"self":[{"href":"https:\/\/imiapower.com\/it\/wp-json\/wp\/v2\/product\/6456","targetHints":{"allow":["GET"]}}],"collection":[{"href":"https:\/\/imiapower.com\/it\/wp-json\/wp\/v2\/product"}],"about":[{"href":"https:\/\/imiapower.com\/it\/wp-json\/wp\/v2\/types\/product"}],"replies":[{"embeddable":true,"href":"https:\/\/imiapower.com\/it\/wp-json\/wp\/v2\/comments?post=6456"}],"version-history":[{"count":5,"href":"https:\/\/imiapower.com\/it\/wp-json\/wp\/v2\/product\/6456\/revisions"}],"predecessor-version":[{"id":9422,"href":"https:\/\/imiapower.com\/it\/wp-json\/wp\/v2\/product\/6456\/revisions\/9422"}],"wp:featuredmedia":[{"embeddable":true,"href":"https:\/\/imiapower.com\/it\/wp-json\/wp\/v2\/media\/7633"}],"wp:attachment":[{"href":"https:\/\/imiapower.com\/it\/wp-json\/wp\/v2\/media?parent=6456"}],"wp:term":[{"taxonomy":"product_cat","embeddable":true,"href":"https:\/\/imiapower.com\/it\/wp-json\/wp\/v2\/product_cat?post=6456"},{"taxonomy":"product_tag","embeddable":true,"href":"https:\/\/imiapower.com\/it\/wp-json\/wp\/v2\/product_tag?post=6456"}],"curies":[{"name":"wp","href":"https:\/\/api.w.org\/{rel}","templated":true}]}}