{"id":6477,"date":"2024-01-22T04:10:39","date_gmt":"2024-01-22T04:10:39","guid":{"rendered":"https:\/\/imia.com.cn\/?post_type=product&#038;p=6477"},"modified":"2024-11-12T09:56:59","modified_gmt":"2024-11-12T09:56:59","slug":"best-travel-power-adapter-converterter","status":"publish","type":"product","link":"https:\/\/imiapower.com\/it\/products\/travel-adapter\/best-travel-power-adapter-converterter\/","title":{"rendered":"La migliore fabbrica di convertitori di adattatori di alimentazione da viaggio in Cina"},"content":{"rendered":"<ul>\n<li><strong>Il miglior convertitore adattatore di alimentazione da viaggio<\/strong><\/li>\n<li><strong>Ingresso CA:<\/strong>100~250 V\/CA 50-60 Hz<\/li>\n<li><strong>Uscita CA:<\/strong> 6 A massimo (660 W\/110 V o 1440 W\/240 V)<\/li>\n<li><strong>Tappo:<\/strong> UE\/UA\/Regno Unito\/USA<\/li>\n<li><strong>Colore: <\/strong>Bianco nero<\/li>\n<li><strong>Misurare:<\/strong> 50*40*75 mm<\/li>\n<li><strong>Materiale:<\/strong> ABS+metallo ramato<\/li>\n<li><strong>Nota:<\/strong> All-in-one pu\u00f2 essere utilizzato in pi\u00f9 di 170 paesi<\/li>\n<li><strong>Certificato:<\/strong>\u00a0 CE, Rohs<\/li>\n<\/ul>\n<p>&nbsp;<\/p>","protected":false},"excerpt":{"rendered":"<p>Questo \u00e8 un prodotto necessario per viaggiare in diversi paesi, perch\u00e9 in altri paesi la spina di ricarica \u00e8 diversa, questo adattatore che include spine UE, USA, AUS e UK pu\u00f2 soddisfare le richieste di spina della maggior parte dei paesi<\/p>\n<p>Questo \u00e8 il miglior convertitore di adattatore di alimentazione da viaggio <span style=\"font-size: 16px;\">\u00e8 il modello pi\u00f9 vecchio e ha anche una versione aggiornata con una doppia porta di ricarica USB che pu\u00f2 caricare smartphone, laptop e altri gadget elettronici con comodit\u00e0<\/span><\/p>\n<p>Il miglior convertitore di tensione da viaggio per ferro arricciacapelli<\/p>\n<p>Qual \u00e8 il vantaggio del miglior convertitore di potenza da viaggio?<\/p>\n<p>Rendendolo compatibile con diverse prese internazionali. Gli adattatori integrati nelle porte USB consentono la ricarica simultanea di molti dispositivi. Un vero vantaggio per i viaggiatori esperti di tecnologia.<\/p>\n<p>Il miglior convertitore adattatore da viaggio dalla Cina<\/p>\n<p>Se stai cercando il miglior convertitore di adattatori da viaggio dalla Cina, l&#039;adattatore Imia \u00e8 il migliore. Noto per la sua qualit\u00e0 e versatilit\u00e0. Di giorno in giorno \u00e8 diventato molto popolare in Cina. Inoltre, Imia unisce funzionalit\u00e0 e durata. Anche rendendolo una scelta eccellente per le avventure internazionali.<\/p>\n<p>Alcuni svantaggi del miglior convertitore adattatore da viaggio per l&#039;Europa<\/p>\n<p>Sebbene gli adattatori e i convertitori da viaggio siano essenziali per i viaggi in Europa, gli adattatori e i convertitori da viaggio presentano alcuni problemi.<\/p>\n<p>Segnali del miglior convertitore di adattatore di alimentazione da viaggio<\/p>\n<p>Pertanto, \u00e8 molto importante scegliere il miglior adattatore convertitore da viaggio per l&#039;Europa. Un adattatore convertitore da viaggio di qualit\u00e0 pu\u00f2 ridurre i problemi durante le tue avventure europee.<\/p>\n<p>Alcune delle migliori aziende di convertitori di potenza pi\u00f9 popolari<\/p>\n<p>Diverse aziende rinomate sono note per la produzione di convertitori di potenza e adattatori da viaggio di alta qualit\u00e0:<\/p>\n<p>Tutti questi marchi sono diventati molto presto popolari per le loro prestazioni.<\/p>\n<p>&nbsp;<\/p>","protected":false},"featured_media":6480,"comment_status":"closed","ping_status":"closed","template":"","meta":{"rank_math_lock_modified_date":false,"site-sidebar-layout":"default","site-content-layout":"","ast-site-content-layout":"default","site-content-style":"default","site-sidebar-style":"default","ast-global-header-display":"","ast-banner-title-visibility":"","ast-main-header-display":"","ast-hfb-above-header-display":"","ast-hfb-below-header-display":"","ast-hfb-mobile-header-display":"","site-post-title":"","ast-breadcrumbs-content":"","ast-featured-img":"","footer-sml-layout":"","ast-disable-related-posts":"","theme-transparent-header-meta":"default","adv-header-id-meta":"","stick-header-meta":"","header-above-stick-meta":"","header-main-stick-meta":"","header-below-stick-meta":"","astra-migrate-meta-layouts":"set","ast-page-background-enabled":"default","ast-page-background-meta":{"desktop":{"background-color":"","background-image":"","background-repeat":"repeat","background-position":"center center","background-size":"auto","background-attachment":"scroll","background-type":"","background-media":"","overlay-type":"","overlay-color":"","overlay-opacity":"","overlay-gradient":""},"tablet":{"background-color":"","background-image":"","background-repeat":"repeat","background-position":"center center","background-size":"auto","background-attachment":"scroll","background-type":"","background-media":"","overlay-type":"","overlay-color":"","overlay-opacity":"","overlay-gradient":""},"mobile":{"background-color":"","background-image":"","background-repeat":"repeat","background-position":"center center","background-size":"auto","background-attachment":"scroll","background-type":"","background-media":"","overlay-type":"","overlay-color":"","overlay-opacity":"","overlay-gradient":""}},"ast-content-background-meta":{"desktop":{"background-color":"var(--ast-global-color-5)","background-image":"","background-repeat":"repeat","background-position":"center center","background-size":"auto","background-attachment":"scroll","background-type":"","background-media":"","overlay-type":"","overlay-color":"","overlay-opacity":"","overlay-gradient":""},"tablet":{"background-color":"var(--ast-global-color-5)","background-image":"","background-repeat":"repeat","background-position":"center center","background-size":"auto","background-attachment":"scroll","background-type":"","background-media":"","overlay-type":"","overlay-color":"","overlay-opacity":"","overlay-gradient":""},"mobile":{"background-color":"var(--ast-global-color-5)","background-image":"","background-repeat":"repeat","background-position":"center center","background-size":"auto","background-attachment":"scroll","background-type":"","background-media":"","overlay-type":"","overlay-color":"","overlay-opacity":"","overlay-gradient":""}}},"product_cat":[64],"product_tag":[],"class_list":{"0":"post-6477","1":"product","2":"type-product","3":"status-publish","4":"has-post-thumbnail","6":"product_cat-travel-adapter","7":"desktop-align-center","8":"tablet-align-center","9":"mobile-align-center","11":"first","12":"instock","13":"shipping-taxable","14":"product-type-simple"},"_links":{"self":[{"href":"https:\/\/imiapower.com\/it\/wp-json\/wp\/v2\/product\/6477","targetHints":{"allow":["GET"]}}],"collection":[{"href":"https:\/\/imiapower.com\/it\/wp-json\/wp\/v2\/product"}],"about":[{"href":"https:\/\/imiapower.com\/it\/wp-json\/wp\/v2\/types\/product"}],"replies":[{"embeddable":true,"href":"https:\/\/imiapower.com\/it\/wp-json\/wp\/v2\/comments?post=6477"}],"version-history":[{"count":14,"href":"https:\/\/imiapower.com\/it\/wp-json\/wp\/v2\/product\/6477\/revisions"}],"predecessor-version":[{"id":8676,"href":"https:\/\/imiapower.com\/it\/wp-json\/wp\/v2\/product\/6477\/revisions\/8676"}],"wp:featuredmedia":[{"embeddable":true,"href":"https:\/\/imiapower.com\/it\/wp-json\/wp\/v2\/media\/6480"}],"wp:attachment":[{"href":"https:\/\/imiapower.com\/it\/wp-json\/wp\/v2\/media?parent=6477"}],"wp:term":[{"taxonomy":"product_cat","embeddable":true,"href":"https:\/\/imiapower.com\/it\/wp-json\/wp\/v2\/product_cat?post=6477"},{"taxonomy":"product_tag","embeddable":true,"href":"https:\/\/imiapower.com\/it\/wp-json\/wp\/v2\/product_tag?post=6477"}],"curies":[{"name":"wp","href":"https:\/\/api.w.org\/{rel}","templated":true}]}}