{"id":7234,"date":"2024-03-23T01:39:56","date_gmt":"2024-03-23T01:39:56","guid":{"rendered":"https:\/\/imia.com.cn\/?post_type=product&#038;p=7234"},"modified":"2025-07-21T08:57:02","modified_gmt":"2025-07-21T08:57:02","slug":"usb-c-charger-65w","status":"publish","type":"product","link":"https:\/\/imiapower.com\/it\/products\/wall-charger\/usb-c-charger-65w\/","title":{"rendered":"caricabatterie USB C 65w con un prezzo economico"},"content":{"rendered":"<ul>\n<li><strong>Caricabatterie USB C da 65 W<\/strong><\/li>\n<li><strong>Ingresso:<\/strong> 110-240 V CA 50-60 HZ<\/li>\n<li><strong>Tipo C1\/C2:<\/strong> 5V3A\/9V3A\/12V3A\/15V3A\/20V3,25A<\/li>\n<li><strong>USB:<\/strong> 4,5 V 5 A\/3 V 4 A\/9 V 3 A\/12 V 2,5 A\/20 V 1,5 A<\/li>\n<li><strong>C1+C2:<\/strong> 45W+20W<\/li>\n<li><strong>C1+USB:<\/strong> 45W+18W<\/li>\n<li><strong>C2+USB:<\/strong> 5V3A(15W)<\/li>\n<li><strong>C1+C2\/USB:<\/strong> 45 W+15 W<\/li>\n<li><strong>Certificato:<\/strong> CE, KC<\/li>\n<li><strong>Tempi di produzione:<\/strong> 25-30 giorni<\/li>\n<\/ul>","protected":false},"excerpt":{"rendered":"<p>https:\/\/youtu.be\/N_ZkLYpTEQM<\/p>\n<p>Questo caricabatterie da 65 W pu\u00f2 caricare 3 dispositivi contemporaneamente con un&#039;elevata velocit\u00e0 di ricarica<\/p>\n<p>Il caricabatterie USB C da 65 W ora \u00e8 diventato pi\u00f9 popolare di prima, questo caricabatterie pu\u00f2 far risparmiare tempo di ricarica a telefoni cellulari, tablet, laptop, ecc.<\/p>\n<p>Questo <mark>caricatore 65w<\/mark> \u00e8 il caricabatterie da 65 W pi\u00f9 economico, offriamo un prezzo di $4.8 e anche il design personalizzato \u00e8 accettabile, possiamo anche fornire SKD (semi-abbattuto) a un prezzo inferiore per consentire ad alcuni clienti di soddisfare la loro richiesta<\/p>\n<p>Questo modello adotta una tensione singola (alta tensione) che pu\u00f2 essere utilizzata nella maggior parte dei paesi<\/p>\n<p>\u00c8 possibile fornire la certificazione<\/p>\n<p>Forniamo sempre campioni gratuiti ai nostri preziosi clienti per test e audit di fabbrica prima di effettuare un ordine<\/p>\n<p>\u00c8 possibile scegliere vari colori, bianco, nero, rosa, verde, giallo<\/p>\n<p><img fetchpriority=\"high\" decoding=\"async\" class=\"alignnone wp-image-9485 size-large\" src=\"https:\/\/imiapower.com\/wp-content\/uploads\/converted-8-1-1024x683.webp\" alt=\"Caricabatterie PD da 65 W\" width=\"1024\" height=\"683\" srcset=\"https:\/\/imiapower.com\/wp-content\/uploads\/converted-8-1-1024x683.webp 1024w, https:\/\/imiapower.com\/wp-content\/uploads\/converted-8-1-300x200.webp 300w, https:\/\/imiapower.com\/wp-content\/uploads\/converted-8-1-768x512.webp 768w, https:\/\/imiapower.com\/wp-content\/uploads\/converted-8-1-18x12.webp 18w, https:\/\/imiapower.com\/wp-content\/uploads\/converted-8-1-600x400.webp 600w, https:\/\/imiapower.com\/wp-content\/uploads\/converted-8-1-64x43.webp 64w, https:\/\/imiapower.com\/wp-content\/uploads\/converted-8-1.webp 1536w\" sizes=\"(max-width: 1024px) 100vw, 1024px\" \/><\/p>\n<p>&nbsp;<\/p>","protected":false},"featured_media":9481,"comment_status":"open","ping_status":"closed","template":"","meta":{"rank_math_lock_modified_date":false,"site-sidebar-layout":"default","site-content-layout":"","ast-site-content-layout":"default","site-content-style":"default","site-sidebar-style":"default","ast-global-header-display":"","ast-banner-title-visibility":"","ast-main-header-display":"","ast-hfb-above-header-display":"","ast-hfb-below-header-display":"","ast-hfb-mobile-header-display":"","site-post-title":"","ast-breadcrumbs-content":"","ast-featured-img":"","footer-sml-layout":"","ast-disable-related-posts":"","theme-transparent-header-meta":"default","adv-header-id-meta":"","stick-header-meta":"","header-above-stick-meta":"","header-main-stick-meta":"","header-below-stick-meta":"","astra-migrate-meta-layouts":"set","ast-page-background-enabled":"default","ast-page-background-meta":{"desktop":{"background-color":"","background-image":"","background-repeat":"repeat","background-position":"center center","background-size":"auto","background-attachment":"scroll","background-type":"","background-media":"","overlay-type":"","overlay-color":"","overlay-opacity":"","overlay-gradient":""},"tablet":{"background-color":"","background-image":"","background-repeat":"repeat","background-position":"center center","background-size":"auto","background-attachment":"scroll","background-type":"","background-media":"","overlay-type":"","overlay-color":"","overlay-opacity":"","overlay-gradient":""},"mobile":{"background-color":"","background-image":"","background-repeat":"repeat","background-position":"center center","background-size":"auto","background-attachment":"scroll","background-type":"","background-media":"","overlay-type":"","overlay-color":"","overlay-opacity":"","overlay-gradient":""}},"ast-content-background-meta":{"desktop":{"background-color":"var(--ast-global-color-5)","background-image":"","background-repeat":"repeat","background-position":"center center","background-size":"auto","background-attachment":"scroll","background-type":"","background-media":"","overlay-type":"","overlay-color":"","overlay-opacity":"","overlay-gradient":""},"tablet":{"background-color":"var(--ast-global-color-5)","background-image":"","background-repeat":"repeat","background-position":"center center","background-size":"auto","background-attachment":"scroll","background-type":"","background-media":"","overlay-type":"","overlay-color":"","overlay-opacity":"","overlay-gradient":""},"mobile":{"background-color":"var(--ast-global-color-5)","background-image":"","background-repeat":"repeat","background-position":"center center","background-size":"auto","background-attachment":"scroll","background-type":"","background-media":"","overlay-type":"","overlay-color":"","overlay-opacity":"","overlay-gradient":""}}},"product_cat":[43],"product_tag":[],"class_list":{"0":"post-7234","1":"product","2":"type-product","3":"status-publish","4":"has-post-thumbnail","6":"product_cat-wall-charger","7":"desktop-align-center","8":"tablet-align-center","9":"mobile-align-center","11":"first","12":"instock","13":"featured","14":"shipping-taxable","15":"product-type-simple"},"_links":{"self":[{"href":"https:\/\/imiapower.com\/it\/wp-json\/wp\/v2\/product\/7234","targetHints":{"allow":["GET"]}}],"collection":[{"href":"https:\/\/imiapower.com\/it\/wp-json\/wp\/v2\/product"}],"about":[{"href":"https:\/\/imiapower.com\/it\/wp-json\/wp\/v2\/types\/product"}],"replies":[{"embeddable":true,"href":"https:\/\/imiapower.com\/it\/wp-json\/wp\/v2\/comments?post=7234"}],"version-history":[{"count":9,"href":"https:\/\/imiapower.com\/it\/wp-json\/wp\/v2\/product\/7234\/revisions"}],"predecessor-version":[{"id":9522,"href":"https:\/\/imiapower.com\/it\/wp-json\/wp\/v2\/product\/7234\/revisions\/9522"}],"wp:featuredmedia":[{"embeddable":true,"href":"https:\/\/imiapower.com\/it\/wp-json\/wp\/v2\/media\/9481"}],"wp:attachment":[{"href":"https:\/\/imiapower.com\/it\/wp-json\/wp\/v2\/media?parent=7234"}],"wp:term":[{"taxonomy":"product_cat","embeddable":true,"href":"https:\/\/imiapower.com\/it\/wp-json\/wp\/v2\/product_cat?post=7234"},{"taxonomy":"product_tag","embeddable":true,"href":"https:\/\/imiapower.com\/it\/wp-json\/wp\/v2\/product_tag?post=7234"}],"curies":[{"name":"wp","href":"https:\/\/api.w.org\/{rel}","templated":true}]}}