{"id":7489,"date":"2024-04-26T03:02:32","date_gmt":"2024-04-26T03:02:32","guid":{"rendered":"https:\/\/imiapower.com\/?post_type=product&#038;p=7489"},"modified":"2025-05-26T06:34:09","modified_gmt":"2025-05-26T06:34:09","slug":"all-in-one-travel-adapter","status":"publish","type":"product","link":"https:\/\/imiapower.com\/it\/products\/travel-adapter\/all-in-one-travel-adapter\/","title":{"rendered":"L&#039;adattatore da viaggio tutto in uno pi\u00f9 venduto"},"content":{"rendered":"<ul>\n<li><strong>Adattatore da viaggio tutto in uno<\/strong><\/li>\n<li><strong>Ingresso CA:<\/strong>\u00a0 6A massimo 100-240 Vca<\/li>\n<li><strong>Uscita USB:<\/strong>5 V 3100 mA<\/li>\n<li><strong>Tappo:<\/strong> UE\/AU\/Regno Unito\/USA<\/li>\n<li><strong>Colore:<\/strong> Nero bianco<\/li>\n<li><strong>Misurare:<\/strong>60*45*55 mm<\/li>\n<li><strong>Materiale:<\/strong> ABS + metallo rame + olio di gomma<\/li>\n<li><strong>Nota:<\/strong> EU\/AU\/UK\/US tutto in uno pu\u00f2 essere utilizzato in pi\u00f9 di 170 paesi<\/li>\n<li><strong>Certificato:<\/strong> CE, Rohs<\/li>\n<\/ul>","protected":false},"excerpt":{"rendered":"<p>Questo \u00e8 un prodotto necessario per viaggiare in paesi diversi, perch\u00e9 paesi diversi, la spina di ricarica \u00e8 diversa, questo adattatore da viaggio tutto in uno che include prese UE, USA, AUS e Regno Unito pu\u00f2 soddisfare le richieste di spina della maggior parte dei paesi<\/p>\n<p>Questo prodotto \u00e8 dotato di 1 porta di ricarica USB A e 1 di tipo C in grado di soddisfare le richieste di ricarica da viaggio personali<\/p>\n<p>Questo modello \u00e8 un classico articolo da viaggio con il suo prezzo economico ed \u00e8 diventato un modello molto venduto nel mondo per molti anni<\/p>\n<p>Campioni gratuiti possono essere forniti ai nostri preziosi clienti<\/p>\n<p>&nbsp;<\/p>","protected":false},"featured_media":7490,"comment_status":"closed","ping_status":"closed","template":"","meta":{"rank_math_lock_modified_date":false,"site-sidebar-layout":"default","site-content-layout":"","ast-site-content-layout":"default","site-content-style":"default","site-sidebar-style":"default","ast-global-header-display":"","ast-banner-title-visibility":"","ast-main-header-display":"","ast-hfb-above-header-display":"","ast-hfb-below-header-display":"","ast-hfb-mobile-header-display":"","site-post-title":"","ast-breadcrumbs-content":"","ast-featured-img":"","footer-sml-layout":"","ast-disable-related-posts":"","theme-transparent-header-meta":"default","adv-header-id-meta":"","stick-header-meta":"","header-above-stick-meta":"","header-main-stick-meta":"","header-below-stick-meta":"","astra-migrate-meta-layouts":"set","ast-page-background-enabled":"default","ast-page-background-meta":{"desktop":{"background-color":"","background-image":"","background-repeat":"repeat","background-position":"center center","background-size":"auto","background-attachment":"scroll","background-type":"","background-media":"","overlay-type":"","overlay-color":"","overlay-opacity":"","overlay-gradient":""},"tablet":{"background-color":"","background-image":"","background-repeat":"repeat","background-position":"center center","background-size":"auto","background-attachment":"scroll","background-type":"","background-media":"","overlay-type":"","overlay-color":"","overlay-opacity":"","overlay-gradient":""},"mobile":{"background-color":"","background-image":"","background-repeat":"repeat","background-position":"center center","background-size":"auto","background-attachment":"scroll","background-type":"","background-media":"","overlay-type":"","overlay-color":"","overlay-opacity":"","overlay-gradient":""}},"ast-content-background-meta":{"desktop":{"background-color":"var(--ast-global-color-5)","background-image":"","background-repeat":"repeat","background-position":"center center","background-size":"auto","background-attachment":"scroll","background-type":"","background-media":"","overlay-type":"","overlay-color":"","overlay-opacity":"","overlay-gradient":""},"tablet":{"background-color":"var(--ast-global-color-5)","background-image":"","background-repeat":"repeat","background-position":"center center","background-size":"auto","background-attachment":"scroll","background-type":"","background-media":"","overlay-type":"","overlay-color":"","overlay-opacity":"","overlay-gradient":""},"mobile":{"background-color":"var(--ast-global-color-5)","background-image":"","background-repeat":"repeat","background-position":"center center","background-size":"auto","background-attachment":"scroll","background-type":"","background-media":"","overlay-type":"","overlay-color":"","overlay-opacity":"","overlay-gradient":""}}},"product_cat":[64],"product_tag":[],"class_list":{"0":"post-7489","1":"product","2":"type-product","3":"status-publish","4":"has-post-thumbnail","6":"product_cat-travel-adapter","7":"desktop-align-center","8":"tablet-align-center","9":"mobile-align-center","11":"first","12":"instock","13":"shipping-taxable","14":"product-type-simple"},"_links":{"self":[{"href":"https:\/\/imiapower.com\/it\/wp-json\/wp\/v2\/product\/7489","targetHints":{"allow":["GET"]}}],"collection":[{"href":"https:\/\/imiapower.com\/it\/wp-json\/wp\/v2\/product"}],"about":[{"href":"https:\/\/imiapower.com\/it\/wp-json\/wp\/v2\/types\/product"}],"replies":[{"embeddable":true,"href":"https:\/\/imiapower.com\/it\/wp-json\/wp\/v2\/comments?post=7489"}],"version-history":[{"count":2,"href":"https:\/\/imiapower.com\/it\/wp-json\/wp\/v2\/product\/7489\/revisions"}],"predecessor-version":[{"id":9197,"href":"https:\/\/imiapower.com\/it\/wp-json\/wp\/v2\/product\/7489\/revisions\/9197"}],"wp:featuredmedia":[{"embeddable":true,"href":"https:\/\/imiapower.com\/it\/wp-json\/wp\/v2\/media\/7490"}],"wp:attachment":[{"href":"https:\/\/imiapower.com\/it\/wp-json\/wp\/v2\/media?parent=7489"}],"wp:term":[{"taxonomy":"product_cat","embeddable":true,"href":"https:\/\/imiapower.com\/it\/wp-json\/wp\/v2\/product_cat?post=7489"},{"taxonomy":"product_tag","embeddable":true,"href":"https:\/\/imiapower.com\/it\/wp-json\/wp\/v2\/product_tag?post=7489"}],"curies":[{"name":"wp","href":"https:\/\/api.w.org\/{rel}","templated":true}]}}