{"id":7768,"date":"2024-05-12T07:28:02","date_gmt":"2024-05-12T07:28:02","guid":{"rendered":"https:\/\/imiapower.com\/?post_type=product&#038;p=7768"},"modified":"2025-05-26T09:15:58","modified_gmt":"2025-05-26T09:15:58","slug":"international-plugs-adapters","status":"publish","type":"product","link":"https:\/\/imiapower.com\/it\/products\/travel-adapter\/international-plugs-adapters\/","title":{"rendered":"Efficienti adattatori per prese internazionali da 20 W"},"content":{"rendered":"<ul>\n<li><strong>adattatori per prese internazionali<\/strong><\/li>\n<li><strong>Ingresso CA:<\/strong>100~250 V\/CA 50-60 Hz<\/li>\n<li><strong>Uscita CA:<\/strong>6 A massimo (660 W\/100 V o 1.330 W\/250 V)<\/li>\n<li><strong>Uscita USB1+USB2:<\/strong>5 V\/2400 mA<\/li>\n<li><strong>USB3:<\/strong> 5 V 3 A \/ 9 V 2 A \/ 12 V 1,5 A (Qc 3.0 18 W)<\/li>\n<li><strong>Uscita PD di tipo C:<\/strong> 5V3A\/9V2.22A\/12V1.67A (20W massimo)<\/li>\n<li><strong>Misurare:<\/strong>50x70x55mm<\/li>\n<li><strong>Materiale:<\/strong> PC licenziato + metallo rame<\/li>\n<li><strong>Nota:<\/strong> UE\/AU\/UK\/US tutto in uno, utilizzabile in pi\u00f9 di 170 paesi<\/li>\n<li><strong>Certificato:<\/strong> CE, Rohs<\/li>\n<\/ul>","protected":false},"excerpt":{"rendered":"<p>I produttori diretti forniscono adattatori da viaggio personalizzati in base all&#039;idea del cliente, in realt\u00e0 lo sviluppo dei plug da viaggio \u00e8 un processo lungo e abbiamo molti anni di esperienza su questo tipo di prodotto<\/p>\n<p>Gli adattatori per prese internazionali sono prodotti necessari per viaggiare in paesi diversi, perch\u00e9 paesi diversi, ma la spina di ricarica \u00e8 diversa, questo adattatore include prese UE, USA, AUS e Regno Unito e pu\u00f2 soddisfare le richieste di spine della maggior parte dei paesi, questo modello include 3 versioni<\/p>\n<p>3 USB + 1 tipo C da 20 W<\/p>\n<p>1 USB+1 tipo C 30 W<\/p>\n<p>2USB+2Tipo C 30W<\/p>\n<p>&nbsp;<\/p>","protected":false},"featured_media":7773,"comment_status":"open","ping_status":"closed","template":"","meta":{"rank_math_lock_modified_date":false,"site-sidebar-layout":"default","site-content-layout":"","ast-site-content-layout":"default","site-content-style":"default","site-sidebar-style":"default","ast-global-header-display":"","ast-banner-title-visibility":"","ast-main-header-display":"","ast-hfb-above-header-display":"","ast-hfb-below-header-display":"","ast-hfb-mobile-header-display":"","site-post-title":"","ast-breadcrumbs-content":"","ast-featured-img":"","footer-sml-layout":"","ast-disable-related-posts":"","theme-transparent-header-meta":"default","adv-header-id-meta":"","stick-header-meta":"","header-above-stick-meta":"","header-main-stick-meta":"","header-below-stick-meta":"","astra-migrate-meta-layouts":"set","ast-page-background-enabled":"default","ast-page-background-meta":{"desktop":{"background-color":"","background-image":"","background-repeat":"repeat","background-position":"center center","background-size":"auto","background-attachment":"scroll","background-type":"","background-media":"","overlay-type":"","overlay-color":"","overlay-opacity":"","overlay-gradient":""},"tablet":{"background-color":"","background-image":"","background-repeat":"repeat","background-position":"center center","background-size":"auto","background-attachment":"scroll","background-type":"","background-media":"","overlay-type":"","overlay-color":"","overlay-opacity":"","overlay-gradient":""},"mobile":{"background-color":"","background-image":"","background-repeat":"repeat","background-position":"center center","background-size":"auto","background-attachment":"scroll","background-type":"","background-media":"","overlay-type":"","overlay-color":"","overlay-opacity":"","overlay-gradient":""}},"ast-content-background-meta":{"desktop":{"background-color":"var(--ast-global-color-5)","background-image":"","background-repeat":"repeat","background-position":"center center","background-size":"auto","background-attachment":"scroll","background-type":"","background-media":"","overlay-type":"","overlay-color":"","overlay-opacity":"","overlay-gradient":""},"tablet":{"background-color":"var(--ast-global-color-5)","background-image":"","background-repeat":"repeat","background-position":"center center","background-size":"auto","background-attachment":"scroll","background-type":"","background-media":"","overlay-type":"","overlay-color":"","overlay-opacity":"","overlay-gradient":""},"mobile":{"background-color":"var(--ast-global-color-5)","background-image":"","background-repeat":"repeat","background-position":"center center","background-size":"auto","background-attachment":"scroll","background-type":"","background-media":"","overlay-type":"","overlay-color":"","overlay-opacity":"","overlay-gradient":""}}},"product_cat":[64],"product_tag":[],"class_list":{"0":"post-7768","1":"product","2":"type-product","3":"status-publish","4":"has-post-thumbnail","6":"product_cat-travel-adapter","7":"desktop-align-center","8":"tablet-align-center","9":"mobile-align-center","11":"first","12":"instock","13":"shipping-taxable","14":"product-type-simple"},"_links":{"self":[{"href":"https:\/\/imiapower.com\/it\/wp-json\/wp\/v2\/product\/7768","targetHints":{"allow":["GET"]}}],"collection":[{"href":"https:\/\/imiapower.com\/it\/wp-json\/wp\/v2\/product"}],"about":[{"href":"https:\/\/imiapower.com\/it\/wp-json\/wp\/v2\/types\/product"}],"replies":[{"embeddable":true,"href":"https:\/\/imiapower.com\/it\/wp-json\/wp\/v2\/comments?post=7768"}],"version-history":[{"count":6,"href":"https:\/\/imiapower.com\/it\/wp-json\/wp\/v2\/product\/7768\/revisions"}],"predecessor-version":[{"id":9199,"href":"https:\/\/imiapower.com\/it\/wp-json\/wp\/v2\/product\/7768\/revisions\/9199"}],"wp:featuredmedia":[{"embeddable":true,"href":"https:\/\/imiapower.com\/it\/wp-json\/wp\/v2\/media\/7773"}],"wp:attachment":[{"href":"https:\/\/imiapower.com\/it\/wp-json\/wp\/v2\/media?parent=7768"}],"wp:term":[{"taxonomy":"product_cat","embeddable":true,"href":"https:\/\/imiapower.com\/it\/wp-json\/wp\/v2\/product_cat?post=7768"},{"taxonomy":"product_tag","embeddable":true,"href":"https:\/\/imiapower.com\/it\/wp-json\/wp\/v2\/product_tag?post=7768"}],"curies":[{"name":"wp","href":"https:\/\/api.w.org\/{rel}","templated":true}]}}