{"id":7846,"date":"2024-06-04T03:17:08","date_gmt":"2024-06-04T03:17:08","guid":{"rendered":"https:\/\/imiapower.com\/?post_type=product&#038;p=7846"},"modified":"2024-12-09T08:09:28","modified_gmt":"2024-12-09T08:09:28","slug":"travel-adaptor-manufacturer","status":"publish","type":"product","link":"https:\/\/imiapower.com\/it\/products\/travel-adapter\/travel-adaptor-manufacturer\/","title":{"rendered":"Il miglior produttore di adattatori da viaggio"},"content":{"rendered":"<ul>\n<li><strong>produttore di adattatori da viaggio<\/strong><\/li>\n<li><strong>Ingresso:<\/strong> 100~250 V\/CA 50-60 Hz 0,8 A<\/li>\n<li><strong>Produzione :<\/strong> 10 A massimo (1000 W\/100 V o 2400 W\/240 V)<\/li>\n<li><strong>Uscita USB:<\/strong> 5 V\/2,4 A (MASSIMO 12 W)<\/li>\n<li><strong>Uscita tipo C2\/C3\/C4:<\/strong> 5 V\/2,4 A (MASSIMO 12 W)<\/li>\n<li><strong>Uscita tipo C1:<\/strong> 5 V, 3 A 9 V, 3 A 12 V, 2,91 A 15 V, 2,33 A 20 V, 1,75 A (MAX 35 W)<\/li>\n<li><strong>Misurare:<\/strong> 76*50,5*57 mm<\/li>\n<li><strong>Peso: <\/strong>170 g<\/li>\n<li><strong>Materiale:<\/strong> PC cotto + metallo ramato<\/li>\n<li><strong>Pacchetto:<\/strong> scatola di colore\/blister in base al riferimento del cliente<\/li>\n<\/ul>","protected":false},"excerpt":{"rendered":"<p>Siamo un produttore di adattatori da viaggio universali con sede nella citt\u00e0 di Dongguan, nella provincia del Guangdong, questo tipo di prodotto ha un processo di sviluppo lungo, quindi la maggior parte dei prodotti sono stampi privati, questo tipo di costruzione del prodotto \u00e8 molto complessa rispetto al normale caricatore USB, cliente se pianificato per vendere questo tipo di adattatore da viaggio con il loro marchio, contattaci per maggiori dettagli<\/p>\n<p>I principali produttori realizzano adattatori da viaggio compatibili con pi\u00f9 tipi di spina (ad esempio, tipo A, B, C, D, E, F, G, I, ecc.), che coprono gli standard delle prese elettriche utilizzati in tutto il mondo.<\/p>\n<p>In qualit\u00e0 di produttore diretto di adattatori da viaggio, utilizziamo sempre materie prime di buona qualit\u00e0 per garantire la funzionalit\u00e0 e la durata dell&#039;adattatore.<\/p>\n<p><img fetchpriority=\"high\" decoding=\"async\" class=\"alignnone wp-image-8794 size-large\" src=\"https:\/\/imiapower.com\/wp-content\/uploads\/Universal-travel-adapter-3-1024x1024.jpg\" alt=\"produttore di adattatori da viaggio\" width=\"1024\" height=\"1024\" srcset=\"https:\/\/imiapower.com\/wp-content\/uploads\/Universal-travel-adapter-3-1024x1024.jpg 1024w, https:\/\/imiapower.com\/wp-content\/uploads\/Universal-travel-adapter-3-300x300.jpg 300w, https:\/\/imiapower.com\/wp-content\/uploads\/Universal-travel-adapter-3-100x100.jpg 100w, https:\/\/imiapower.com\/wp-content\/uploads\/Universal-travel-adapter-3-600x600.jpg 600w, https:\/\/imiapower.com\/wp-content\/uploads\/Universal-travel-adapter-3-64x64.jpg 64w, https:\/\/imiapower.com\/wp-content\/uploads\/Universal-travel-adapter-3-150x150.jpg 150w, https:\/\/imiapower.com\/wp-content\/uploads\/Universal-travel-adapter-3-768x768.jpg 768w, https:\/\/imiapower.com\/wp-content\/uploads\/Universal-travel-adapter-3-12x12.jpg 12w, https:\/\/imiapower.com\/wp-content\/uploads\/Universal-travel-adapter-3.jpg 1500w\" sizes=\"(max-width: 1024px) 100vw, 1024px\" \/><\/p>\n<p>Forniamo sempre una garanzia di 1 anno per tutti i nostri prodotti e il tempo di produzione \u00e8 sempre di 25-30 giorni<\/p>\n<p>Forniamo servizi ODM per molte aziende di elettronica di marca<\/p>\n<p>Questo stampo con opzione 35w, 45w, 65w per il riferimento del cliente<\/p>\n<p>Il pulsante ha diversi colori che possono essere scelti<\/p>","protected":false},"featured_media":7847,"comment_status":"open","ping_status":"closed","template":"","meta":{"rank_math_lock_modified_date":false,"site-sidebar-layout":"default","site-content-layout":"","ast-site-content-layout":"default","site-content-style":"default","site-sidebar-style":"default","ast-global-header-display":"","ast-banner-title-visibility":"","ast-main-header-display":"","ast-hfb-above-header-display":"","ast-hfb-below-header-display":"","ast-hfb-mobile-header-display":"","site-post-title":"","ast-breadcrumbs-content":"","ast-featured-img":"","footer-sml-layout":"","ast-disable-related-posts":"","theme-transparent-header-meta":"default","adv-header-id-meta":"","stick-header-meta":"","header-above-stick-meta":"","header-main-stick-meta":"","header-below-stick-meta":"","astra-migrate-meta-layouts":"set","ast-page-background-enabled":"default","ast-page-background-meta":{"desktop":{"background-color":"","background-image":"","background-repeat":"repeat","background-position":"center center","background-size":"auto","background-attachment":"scroll","background-type":"","background-media":"","overlay-type":"","overlay-color":"","overlay-opacity":"","overlay-gradient":""},"tablet":{"background-color":"","background-image":"","background-repeat":"repeat","background-position":"center center","background-size":"auto","background-attachment":"scroll","background-type":"","background-media":"","overlay-type":"","overlay-color":"","overlay-opacity":"","overlay-gradient":""},"mobile":{"background-color":"","background-image":"","background-repeat":"repeat","background-position":"center center","background-size":"auto","background-attachment":"scroll","background-type":"","background-media":"","overlay-type":"","overlay-color":"","overlay-opacity":"","overlay-gradient":""}},"ast-content-background-meta":{"desktop":{"background-color":"var(--ast-global-color-5)","background-image":"","background-repeat":"repeat","background-position":"center center","background-size":"auto","background-attachment":"scroll","background-type":"","background-media":"","overlay-type":"","overlay-color":"","overlay-opacity":"","overlay-gradient":""},"tablet":{"background-color":"var(--ast-global-color-5)","background-image":"","background-repeat":"repeat","background-position":"center center","background-size":"auto","background-attachment":"scroll","background-type":"","background-media":"","overlay-type":"","overlay-color":"","overlay-opacity":"","overlay-gradient":""},"mobile":{"background-color":"var(--ast-global-color-5)","background-image":"","background-repeat":"repeat","background-position":"center center","background-size":"auto","background-attachment":"scroll","background-type":"","background-media":"","overlay-type":"","overlay-color":"","overlay-opacity":"","overlay-gradient":""}}},"product_cat":[64],"product_tag":[],"class_list":{"0":"post-7846","1":"product","2":"type-product","3":"status-publish","4":"has-post-thumbnail","6":"product_cat-travel-adapter","7":"desktop-align-center","8":"tablet-align-center","9":"mobile-align-center","11":"first","12":"instock","13":"shipping-taxable","14":"product-type-simple"},"_links":{"self":[{"href":"https:\/\/imiapower.com\/it\/wp-json\/wp\/v2\/product\/7846","targetHints":{"allow":["GET"]}}],"collection":[{"href":"https:\/\/imiapower.com\/it\/wp-json\/wp\/v2\/product"}],"about":[{"href":"https:\/\/imiapower.com\/it\/wp-json\/wp\/v2\/types\/product"}],"replies":[{"embeddable":true,"href":"https:\/\/imiapower.com\/it\/wp-json\/wp\/v2\/comments?post=7846"}],"version-history":[{"count":10,"href":"https:\/\/imiapower.com\/it\/wp-json\/wp\/v2\/product\/7846\/revisions"}],"predecessor-version":[{"id":8795,"href":"https:\/\/imiapower.com\/it\/wp-json\/wp\/v2\/product\/7846\/revisions\/8795"}],"wp:featuredmedia":[{"embeddable":true,"href":"https:\/\/imiapower.com\/it\/wp-json\/wp\/v2\/media\/7847"}],"wp:attachment":[{"href":"https:\/\/imiapower.com\/it\/wp-json\/wp\/v2\/media?parent=7846"}],"wp:term":[{"taxonomy":"product_cat","embeddable":true,"href":"https:\/\/imiapower.com\/it\/wp-json\/wp\/v2\/product_cat?post=7846"},{"taxonomy":"product_tag","embeddable":true,"href":"https:\/\/imiapower.com\/it\/wp-json\/wp\/v2\/product_tag?post=7846"}],"curies":[{"name":"wp","href":"https:\/\/api.w.org\/{rel}","templated":true}]}}