{"id":7869,"date":"2024-06-07T02:59:40","date_gmt":"2024-06-07T02:59:40","guid":{"rendered":"https:\/\/imiapower.com\/?post_type=product&#038;p=7869"},"modified":"2026-01-05T08:22:32","modified_gmt":"2026-01-05T08:22:32","slug":"power-adapter-for-laptop","status":"publish","type":"product","link":"https:\/\/imiapower.com\/it\/products\/wall-charger\/power-adapter-for-laptop\/","title":{"rendered":"miglior alimentatore da 45 W per laptop"},"content":{"rendered":"<ul>\n<li><strong>adattatore di alimentazione per laptop<\/strong><\/li>\n<li><strong>Dimensione:<\/strong>65*65*29MM<\/li>\n<li><strong>Caratteristica: <\/strong>Spina USA pieghevole, spina USA apribile, spina USA\/AUS\/UK\/EU intercambiabile<\/li>\n<li><strong>Produzione:<\/strong>5V3A, 9V3A, 12V3A, 15V3A, 20V2,25A (45W massimo)<\/li>\n<li><strong>Colore:<\/strong>Bianco e nero<\/li>\n<li><strong>Ingresso:<\/strong>100-240 V CA 50\/60 HZ 1,3 A<\/li>\n<li><strong>Certificato:<\/strong>UL\/FCC\/CE\/CB\/UKCA\/PSE<\/li>\n<li><strong>Extra: <\/strong>Cavo di tipo C da 1,5 m<\/li>\n<li><strong>Tempi di produzione:<\/strong> 25-30 giorni<\/li>\n<\/ul>","protected":false},"excerpt":{"rendered":"<p>Adattatore di alimentazione per laptop, disponiamo sempre delle prese USA\/UK\/EU\/AUS pi\u00f9 diffuse come riferimento per i clienti. Il caricabatterie da 45 W ha una velocit\u00e0 di ricarica elevata e un prezzo non cos\u00ec elevato per soddisfare le richieste di ricarica dei laptop del mercato.<\/p>\n<p>Forniamo sempre certificazione mondiale, poich\u00e9 offriamo adattatori ad alcuni marchi di laptop che vendono in tutto il mondo.<\/p>\n<p>Abbiamo due versioni di questo adattatore, una versione con cavo TYPE-C e una versione senza cavo, il cliente pu\u00f2 scegliere in base alla propria richiesta<\/p>\n<p>Cliente che cerca un alimentatore con certificazione mondiale, possiamo essere la tua scelta<\/p>\n<p><img decoding=\"async\" class=\"alignnone wp-image-7878 size-thumbnail\" src=\"https:\/\/imiapower.com\/wp-content\/uploads\/\u5fae\u4fe1\u56fe\u7247_20240607110326-150x150.jpg\" alt=\"certificazione dell&#039;adattatore di alimentazione\" width=\"150\" height=\"150\" srcset=\"https:\/\/imiapower.com\/wp-content\/uploads\/\u5fae\u4fe1\u56fe\u7247_20240607110326-150x150.jpg 150w, https:\/\/imiapower.com\/wp-content\/uploads\/\u5fae\u4fe1\u56fe\u7247_20240607110326-300x300.jpg 300w, https:\/\/imiapower.com\/wp-content\/uploads\/\u5fae\u4fe1\u56fe\u7247_20240607110326-100x100.jpg 100w\" sizes=\"(max-width: 150px) 100vw, 150px\" \/><img decoding=\"async\" class=\"alignnone wp-image-7877 size-thumbnail\" style=\"font-weight: inherit;\" src=\"https:\/\/imiapower.com\/wp-content\/uploads\/\u5fae\u4fe1\u56fe\u7247_20240607110208-150x150.jpg\" alt=\"certificazione dell&#039;adattatore di alimentazione\" width=\"150\" height=\"150\" srcset=\"https:\/\/imiapower.com\/wp-content\/uploads\/\u5fae\u4fe1\u56fe\u7247_20240607110208-150x150.jpg 150w, https:\/\/imiapower.com\/wp-content\/uploads\/\u5fae\u4fe1\u56fe\u7247_20240607110208-300x300.jpg 300w, https:\/\/imiapower.com\/wp-content\/uploads\/\u5fae\u4fe1\u56fe\u7247_20240607110208-100x100.jpg 100w\" sizes=\"(max-width: 150px) 100vw, 150px\" \/><img decoding=\"async\" class=\"alignnone wp-image-7879 size-thumbnail\" style=\"font-style: inherit; font-weight: inherit;\" src=\"https:\/\/imiapower.com\/wp-content\/uploads\/\u5fae\u4fe1\u56fe\u7247_20240607110628-150x150.jpg\" alt=\"certificazione dell&#039;adattatore di alimentazione\" width=\"150\" height=\"150\" srcset=\"https:\/\/imiapower.com\/wp-content\/uploads\/\u5fae\u4fe1\u56fe\u7247_20240607110628-150x150.jpg 150w, https:\/\/imiapower.com\/wp-content\/uploads\/\u5fae\u4fe1\u56fe\u7247_20240607110628-300x300.jpg 300w, https:\/\/imiapower.com\/wp-content\/uploads\/\u5fae\u4fe1\u56fe\u7247_20240607110628-100x100.jpg 100w\" sizes=\"(max-width: 150px) 100vw, 150px\" \/><\/p>","protected":false},"featured_media":7870,"comment_status":"open","ping_status":"closed","template":"","meta":{"rank_math_lock_modified_date":false,"site-sidebar-layout":"default","site-content-layout":"","ast-site-content-layout":"default","site-content-style":"default","site-sidebar-style":"default","ast-global-header-display":"","ast-banner-title-visibility":"","ast-main-header-display":"","ast-hfb-above-header-display":"","ast-hfb-below-header-display":"","ast-hfb-mobile-header-display":"","site-post-title":"","ast-breadcrumbs-content":"","ast-featured-img":"","footer-sml-layout":"","ast-disable-related-posts":"","theme-transparent-header-meta":"default","adv-header-id-meta":"","stick-header-meta":"","header-above-stick-meta":"","header-main-stick-meta":"","header-below-stick-meta":"","astra-migrate-meta-layouts":"set","ast-page-background-enabled":"default","ast-page-background-meta":{"desktop":{"background-color":"","background-image":"","background-repeat":"repeat","background-position":"center center","background-size":"auto","background-attachment":"scroll","background-type":"","background-media":"","overlay-type":"","overlay-color":"","overlay-opacity":"","overlay-gradient":""},"tablet":{"background-color":"","background-image":"","background-repeat":"repeat","background-position":"center center","background-size":"auto","background-attachment":"scroll","background-type":"","background-media":"","overlay-type":"","overlay-color":"","overlay-opacity":"","overlay-gradient":""},"mobile":{"background-color":"","background-image":"","background-repeat":"repeat","background-position":"center center","background-size":"auto","background-attachment":"scroll","background-type":"","background-media":"","overlay-type":"","overlay-color":"","overlay-opacity":"","overlay-gradient":""}},"ast-content-background-meta":{"desktop":{"background-color":"var(--ast-global-color-5)","background-image":"","background-repeat":"repeat","background-position":"center center","background-size":"auto","background-attachment":"scroll","background-type":"","background-media":"","overlay-type":"","overlay-color":"","overlay-opacity":"","overlay-gradient":""},"tablet":{"background-color":"var(--ast-global-color-5)","background-image":"","background-repeat":"repeat","background-position":"center center","background-size":"auto","background-attachment":"scroll","background-type":"","background-media":"","overlay-type":"","overlay-color":"","overlay-opacity":"","overlay-gradient":""},"mobile":{"background-color":"var(--ast-global-color-5)","background-image":"","background-repeat":"repeat","background-position":"center center","background-size":"auto","background-attachment":"scroll","background-type":"","background-media":"","overlay-type":"","overlay-color":"","overlay-opacity":"","overlay-gradient":""}}},"product_cat":[43],"product_tag":[],"class_list":{"0":"post-7869","1":"product","2":"type-product","3":"status-publish","4":"has-post-thumbnail","6":"product_cat-wall-charger","7":"desktop-align-center","8":"tablet-align-center","9":"mobile-align-center","11":"first","12":"instock","13":"shipping-taxable","14":"product-type-simple"},"_links":{"self":[{"href":"https:\/\/imiapower.com\/it\/wp-json\/wp\/v2\/product\/7869","targetHints":{"allow":["GET"]}}],"collection":[{"href":"https:\/\/imiapower.com\/it\/wp-json\/wp\/v2\/product"}],"about":[{"href":"https:\/\/imiapower.com\/it\/wp-json\/wp\/v2\/types\/product"}],"replies":[{"embeddable":true,"href":"https:\/\/imiapower.com\/it\/wp-json\/wp\/v2\/comments?post=7869"}],"version-history":[{"count":7,"href":"https:\/\/imiapower.com\/it\/wp-json\/wp\/v2\/product\/7869\/revisions"}],"predecessor-version":[{"id":7883,"href":"https:\/\/imiapower.com\/it\/wp-json\/wp\/v2\/product\/7869\/revisions\/7883"}],"wp:featuredmedia":[{"embeddable":true,"href":"https:\/\/imiapower.com\/it\/wp-json\/wp\/v2\/media\/7870"}],"wp:attachment":[{"href":"https:\/\/imiapower.com\/it\/wp-json\/wp\/v2\/media?parent=7869"}],"wp:term":[{"taxonomy":"product_cat","embeddable":true,"href":"https:\/\/imiapower.com\/it\/wp-json\/wp\/v2\/product_cat?post=7869"},{"taxonomy":"product_tag","embeddable":true,"href":"https:\/\/imiapower.com\/it\/wp-json\/wp\/v2\/product_tag?post=7869"}],"curies":[{"name":"wp","href":"https:\/\/api.w.org\/{rel}","templated":true}]}}