{"id":8212,"date":"2024-08-01T03:32:18","date_gmt":"2024-08-01T03:32:18","guid":{"rendered":"https:\/\/imiapower.com\/?post_type=product&#038;p=8212"},"modified":"2024-08-16T10:07:26","modified_gmt":"2024-08-16T10:07:26","slug":"travel-plug-adapters","status":"publish","type":"product","link":"https:\/\/imiapower.com\/it\/products\/travel-adapter\/travel-plug-adapters\/","title":{"rendered":"Potente fornitore di adattatori per prese da viaggio da 30 W in Cina"},"content":{"rendered":"<ul>\n<li><strong>adattatori per prese da viaggio<\/strong><\/li>\n<li><strong>Ingresso CA:<\/strong>100~250 V\/CA 50-60 Hz<\/li>\n<li><strong>Uscita CA:<\/strong>6 A massimo (660 W\/100 V o 1.330 W\/250 V)<\/li>\n<li><strong>Uscita PD:<\/strong> 5V3A\/9V3A\/12V2,5A\/15V2A\/20V1,5A (massimo 30 W)<\/li>\n<li><strong>Uscita QC3.0:<\/strong> 5V3A\/9V2A\/12V1,5A (massimo 18W)<\/li>\n<li><strong>PD+QC:<\/strong> 5 V 4 A (massimo 20 W\uff09<\/li>\n<li><strong>Misurare:<\/strong>50x70x55mm<\/li>\n<li><strong>Materiale:<\/strong> PC licenziato + metallo rame + olio di gomma<\/li>\n<li><strong>Nota:<\/strong> EU\/AU\/UK\/US tutto in uno pu\u00f2 essere utilizzato in pi\u00f9 di 170 paesi<\/li>\n<li><strong>Certificato:<\/strong> CE, Rohs<\/li>\n<\/ul>","protected":false},"excerpt":{"rendered":"<p>Di questo adattatore da viaggio da 30 W abbiamo due versioni, una versione con 1 porta USB-A e Type-C, poich\u00e9 alcuni clienti preferiscono 1 adattatore da viaggio universale USB-A e 1 USB-C a un prezzo pi\u00f9 economico, e un&#039;altra versione con una doppia porta USB-A e una doppia Type-C che pu\u00f2 caricare molti dispositivi contemporaneamente, progettiamo sempre il prodotto in base alle tendenze del mercato e alle abitudini dei consumatori.<\/p>\n<p>&nbsp;<\/p>","protected":false},"featured_media":8215,"comment_status":"open","ping_status":"closed","template":"","meta":{"rank_math_lock_modified_date":false,"site-sidebar-layout":"default","site-content-layout":"","ast-site-content-layout":"default","site-content-style":"default","site-sidebar-style":"default","ast-global-header-display":"","ast-banner-title-visibility":"","ast-main-header-display":"","ast-hfb-above-header-display":"","ast-hfb-below-header-display":"","ast-hfb-mobile-header-display":"","site-post-title":"","ast-breadcrumbs-content":"","ast-featured-img":"","footer-sml-layout":"","ast-disable-related-posts":"","theme-transparent-header-meta":"default","adv-header-id-meta":"","stick-header-meta":"","header-above-stick-meta":"","header-main-stick-meta":"","header-below-stick-meta":"","astra-migrate-meta-layouts":"set","ast-page-background-enabled":"default","ast-page-background-meta":{"desktop":{"background-color":"","background-image":"","background-repeat":"repeat","background-position":"center center","background-size":"auto","background-attachment":"scroll","background-type":"","background-media":"","overlay-type":"","overlay-color":"","overlay-opacity":"","overlay-gradient":""},"tablet":{"background-color":"","background-image":"","background-repeat":"repeat","background-position":"center center","background-size":"auto","background-attachment":"scroll","background-type":"","background-media":"","overlay-type":"","overlay-color":"","overlay-opacity":"","overlay-gradient":""},"mobile":{"background-color":"","background-image":"","background-repeat":"repeat","background-position":"center center","background-size":"auto","background-attachment":"scroll","background-type":"","background-media":"","overlay-type":"","overlay-color":"","overlay-opacity":"","overlay-gradient":""}},"ast-content-background-meta":{"desktop":{"background-color":"var(--ast-global-color-5)","background-image":"","background-repeat":"repeat","background-position":"center center","background-size":"auto","background-attachment":"scroll","background-type":"","background-media":"","overlay-type":"","overlay-color":"","overlay-opacity":"","overlay-gradient":""},"tablet":{"background-color":"var(--ast-global-color-5)","background-image":"","background-repeat":"repeat","background-position":"center center","background-size":"auto","background-attachment":"scroll","background-type":"","background-media":"","overlay-type":"","overlay-color":"","overlay-opacity":"","overlay-gradient":""},"mobile":{"background-color":"var(--ast-global-color-5)","background-image":"","background-repeat":"repeat","background-position":"center center","background-size":"auto","background-attachment":"scroll","background-type":"","background-media":"","overlay-type":"","overlay-color":"","overlay-opacity":"","overlay-gradient":""}}},"product_cat":[64],"product_tag":[],"class_list":{"0":"post-8212","1":"product","2":"type-product","3":"status-publish","4":"has-post-thumbnail","6":"product_cat-travel-adapter","7":"desktop-align-center","8":"tablet-align-center","9":"mobile-align-center","11":"first","12":"instock","13":"shipping-taxable","14":"product-type-simple"},"_links":{"self":[{"href":"https:\/\/imiapower.com\/it\/wp-json\/wp\/v2\/product\/8212","targetHints":{"allow":["GET"]}}],"collection":[{"href":"https:\/\/imiapower.com\/it\/wp-json\/wp\/v2\/product"}],"about":[{"href":"https:\/\/imiapower.com\/it\/wp-json\/wp\/v2\/types\/product"}],"replies":[{"embeddable":true,"href":"https:\/\/imiapower.com\/it\/wp-json\/wp\/v2\/comments?post=8212"}],"version-history":[{"count":3,"href":"https:\/\/imiapower.com\/it\/wp-json\/wp\/v2\/product\/8212\/revisions"}],"predecessor-version":[{"id":8284,"href":"https:\/\/imiapower.com\/it\/wp-json\/wp\/v2\/product\/8212\/revisions\/8284"}],"wp:featuredmedia":[{"embeddable":true,"href":"https:\/\/imiapower.com\/it\/wp-json\/wp\/v2\/media\/8215"}],"wp:attachment":[{"href":"https:\/\/imiapower.com\/it\/wp-json\/wp\/v2\/media?parent=8212"}],"wp:term":[{"taxonomy":"product_cat","embeddable":true,"href":"https:\/\/imiapower.com\/it\/wp-json\/wp\/v2\/product_cat?post=8212"},{"taxonomy":"product_tag","embeddable":true,"href":"https:\/\/imiapower.com\/it\/wp-json\/wp\/v2\/product_tag?post=8212"}],"curies":[{"name":"wp","href":"https:\/\/api.w.org\/{rel}","templated":true}]}}